{"id":10628,"date":"2025-10-17T10:23:14","date_gmt":"2025-10-17T10:23:14","guid":{"rendered":"https:\/\/destandisticaret.com\/?post_type=product&#038;p=10628"},"modified":"2025-11-20T05:34:05","modified_gmt":"2025-11-20T05:34:05","slug":"cig-ic-kabak-cekirdegi","status":"publish","type":"product","link":"https:\/\/destandisticaret.com\/tr\/urun\/cig-ic-kabak-cekirdegi\/","title":{"rendered":"\u00c7i\u011f \u0130\u00e7 Kabak \u00c7ekirde\u011fi"},"content":{"rendered":"<p>Y\u00fcksek kaliteli Kabak \u00c7ekirdeklerimizle mutfak kreasyonlar\u0131n\u0131z\u0131 zenginle\u015ftirin; f\u0131nd\u0131ks\u0131 lezzetleri ve tatmin edici \u00e7\u0131t\u0131rl\u0131klar\u0131yla \u00fcnl\u00fcd\u00fcrler. Profesyonel mutfaklar i\u00e7in ideal olan bu \u00e7ekirdekler, salatalardan unlu mamullere, kavrulmu\u015f sebzeler ve tah\u0131ll\u0131 kaseler gibi tuzlu ba\u015flang\u0131\u00e7 yemeklerine kadar \u00e7e\u015fitli yemeklere derinlik ve doku katar. \u015eefler \u00e7ok y\u00f6nl\u00fcl\u00fcklerine de\u011fer verir; ister kavrulmu\u015f, ister yemeklerin \u00fczerine serpilmi\u015f, ister soslara ve pestolara kar\u0131\u015ft\u0131r\u0131lm\u0131\u015f olsun,<strong> kabak \u00e7ekirde\u011fi<\/strong> hem tatl\u0131 hem de tuzlu lezzetleri tamamlayan benzersiz bir tatla tarifleri zenginle\u015ftirir.<\/p>\n<p>Toptan al\u0131c\u0131lar i\u00e7in Kabak \u00c7ekirdeklerimiz, y\u00fcksek hacimli operasyonlar i\u00e7in m\u00fckemmel olan tutarl\u0131 kalite ve uzun raf \u00f6mr\u00fc sunar. Standart boyutlar\u0131 ve tazelikleri, b\u00fcy\u00fck \u00f6l\u00e7ekli mutfak uygulamalar\u0131nda ve g\u0131da \u00fcretim s\u00fcre\u00e7lerinde kolayl\u0131k sa\u011flar. \u0130ster \u00f6zel ekmekler haz\u0131rl\u0131yor, ister sa\u011fl\u0131\u011fa duyarl\u0131 at\u0131\u015ft\u0131rmal\u0131klar \u00fcretiyor, ister tah\u0131llara ve granolalara dahil ediyor olun, Kabak \u00c7ekirdeklerimiz b\u00fcy\u00fck \u00f6l\u00e7ekli \u00fcretimin taleplerini kar\u015f\u0131layan g\u00fcvenilirli\u011fi ve m\u00fckemmelli\u011fi sunar.<\/p>\n","protected":false},"excerpt":{"rendered":"<p>Toptan al\u0131c\u0131lar i\u00e7in Kabak \u00c7ekirdeklerimiz, y\u00fcksek hacimli operasyonlar i\u00e7in m\u00fckemmel olan tutarl\u0131 kalite ve uzun raf \u00f6mr\u00fc sunar. Standart boyutlar\u0131 ve tazelikleri, b\u00fcy\u00fck \u00f6l\u00e7ekli mutfak uygulamalar\u0131nda ve g\u0131da \u00fcretim s\u00fcre\u00e7lerinde kolayl\u0131k sa\u011flar. \u0130ster \u00f6zel ekmekler haz\u0131rl\u0131yor, ister sa\u011fl\u0131\u011fa duyarl\u0131 at\u0131\u015ft\u0131rmal\u0131klar \u00fcretiyor, ister tah\u0131llara ve granolalara dahil ediyor olun, Kabak \u00c7ekirdeklerimiz b\u00fcy\u00fck \u00f6l\u00e7ekli \u00fcretimin taleplerini kar\u015f\u0131layan g\u00fcvenilirli\u011fi ve m\u00fckemmelli\u011fi sunar.<\/p>\n","protected":false},"featured_media":10627,"comment_status":"closed","ping_status":"closed","template":"","meta":[],"product_brand":[],"product_cat":[15],"product_tag":[78,86,77,79],"class_list":{"0":"post-10628","1":"product","2":"type-product","3":"status-publish","4":"has-post-thumbnail","6":"product_cat-kuruyemisler","7":"product_tag-cerez","8":"product_tag-kabak-cekirdegi","9":"product_tag-kuruyemis","10":"product_tag-saglikli-atistirmalik","12":"first","13":"instock","14":"shipping-taxable","15":"product-type-simple"},"_links":{"self":[{"href":"https:\/\/destandisticaret.com\/tr\/wp-json\/wp\/v2\/product\/10628","targetHints":{"allow":["GET"]}}],"collection":[{"href":"https:\/\/destandisticaret.com\/tr\/wp-json\/wp\/v2\/product"}],"about":[{"href":"https:\/\/destandisticaret.com\/tr\/wp-json\/wp\/v2\/types\/product"}],"replies":[{"embeddable":true,"href":"https:\/\/destandisticaret.com\/tr\/wp-json\/wp\/v2\/comments?post=10628"}],"wp:featuredmedia":[{"embeddable":true,"href":"https:\/\/destandisticaret.com\/tr\/wp-json\/wp\/v2\/media\/10627"}],"wp:attachment":[{"href":"https:\/\/destandisticaret.com\/tr\/wp-json\/wp\/v2\/media?parent=10628"}],"wp:term":[{"taxonomy":"product_brand","embeddable":true,"href":"https:\/\/destandisticaret.com\/tr\/wp-json\/wp\/v2\/product_brand?post=10628"},{"taxonomy":"product_cat","embeddable":true,"href":"https:\/\/destandisticaret.com\/tr\/wp-json\/wp\/v2\/product_cat?post=10628"},{"taxonomy":"product_tag","embeddable":true,"href":"https:\/\/destandisticaret.com\/tr\/wp-json\/wp\/v2\/product_tag?post=10628"}],"curies":[{"name":"wp","href":"https:\/\/api.w.org\/{rel}","templated":true}]}}