{"id":10490,"date":"2025-06-25T12:52:48","date_gmt":"2025-06-25T12:52:48","guid":{"rendered":"https:\/\/destandisticaret.com\/?post_type=product&#038;p=10490"},"modified":"2025-11-20T05:35:40","modified_gmt":"2025-11-20T05:35:40","slug":"findik","status":"publish","type":"product","link":"https:\/\/destandisticaret.com\/tr\/urun\/findik\/","title":{"rendered":"\u00c7i\u011f F\u0131nd\u0131k"},"content":{"rendered":"<p>Mutfaklar\u0131n\u0131z\u0131 y\u00fcksek kaliteli\u00a0<strong>f\u0131nd\u0131klar\u0131m\u0131zla<\/strong>\u00a0bir \u00fcst seviyeye ta\u015f\u0131y\u0131n. Zengin lezzetleri ve tatmin edici \u00e7\u0131t\u0131rl\u0131klar\u0131yla bu f\u0131nd\u0131klar, profesyonel mutfaklar i\u00e7in bi\u00e7ilmi\u015f kaftan. Salatalardan unlu mamullere, kavrulmu\u015f sebzelerden tah\u0131ll\u0131 kaselere kadar bir\u00e7ok yeme\u011fe derinlik ve doku katarlar. \u015eefler, f\u0131nd\u0131\u011f\u0131n \u00e7ok y\u00f6nl\u00fcl\u00fc\u011f\u00fcne hayran kal\u0131r; ister kavrulmu\u015f, ister yemeklerin \u00fczerine serpilmi\u015f, ister soslara ve pestolara kar\u0131\u015ft\u0131r\u0131lm\u0131\u015f olsun, hem tatl\u0131 hem de tuzlu tarifleri e\u015fsiz bir lezzetle tamamlar.<\/p>\n<p>Toptan al\u0131c\u0131lar i\u00e7in\u00a0<strong>f\u0131nd\u0131klar\u0131m\u0131z<\/strong>, y\u00fcksek hacimli operasyonlar i\u00e7in ideal olan tutarl\u0131 kalite ve uzun raf \u00f6mr\u00fc sunar. Standart boyutlar\u0131 ve tazelikleri sayesinde b\u00fcy\u00fck \u00f6l\u00e7ekli mutfak uygulamalar\u0131nda ve g\u0131da \u00fcretim s\u00fcre\u00e7lerinde kolayl\u0131k sa\u011flarlar. \u0130ster \u00f6zel ekmekler yap\u0131n, ister sa\u011fl\u0131kl\u0131 at\u0131\u015ft\u0131rmal\u0131klar \u00fcretin, ister tah\u0131llara ve granolalara ekleyin,\u00a0<strong>f\u0131nd\u0131klar\u0131m\u0131z<\/strong>\u00a0b\u00fcy\u00fck \u00f6l\u00e7ekli \u00fcretimin t\u00fcm taleplerini kar\u015f\u0131layan g\u00fcvenilirli\u011fi ve m\u00fckemmelli\u011fi sunar.<\/p>\n","protected":false},"excerpt":{"rendered":"<p>Toptan al\u0131c\u0131lar i\u00e7in\u00a0<strong>f\u0131nd\u0131klar\u0131m\u0131z<\/strong>, y\u00fcksek hacimli operasyonlar i\u00e7in ideal olan tutarl\u0131 kalite ve uzun raf \u00f6mr\u00fc sunar. Standart boyutlar\u0131 ve tazelikleri sayesinde b\u00fcy\u00fck \u00f6l\u00e7ekli mutfak uygulamalar\u0131nda ve g\u0131da \u00fcretim s\u00fcre\u00e7lerinde kolayl\u0131k sa\u011flarlar. \u0130ster \u00f6zel ekmekler yap\u0131n, ister sa\u011fl\u0131kl\u0131 at\u0131\u015ft\u0131rmal\u0131klar \u00fcretin, ister tah\u0131llara ve granolalara ekleyin,\u00a0<strong>f\u0131nd\u0131klar\u0131m\u0131z<\/strong>\u00a0b\u00fcy\u00fck \u00f6l\u00e7ekli \u00fcretimin t\u00fcm taleplerini kar\u015f\u0131layan g\u00fcvenilirli\u011fi ve m\u00fckemmelli\u011fi sunar.<\/p>\n","protected":false},"featured_media":10605,"comment_status":"closed","ping_status":"closed","template":"","meta":[],"product_brand":[],"product_cat":[15],"product_tag":[136,77,79],"class_list":{"0":"post-10490","1":"product","2":"type-product","3":"status-publish","4":"has-post-thumbnail","6":"product_cat-kuruyemisler","7":"product_tag-findik","8":"product_tag-kuruyemis","9":"product_tag-saglikli-atistirmalik","11":"first","12":"instock","13":"shipping-taxable","14":"product-type-simple"},"_links":{"self":[{"href":"https:\/\/destandisticaret.com\/tr\/wp-json\/wp\/v2\/product\/10490","targetHints":{"allow":["GET"]}}],"collection":[{"href":"https:\/\/destandisticaret.com\/tr\/wp-json\/wp\/v2\/product"}],"about":[{"href":"https:\/\/destandisticaret.com\/tr\/wp-json\/wp\/v2\/types\/product"}],"replies":[{"embeddable":true,"href":"https:\/\/destandisticaret.com\/tr\/wp-json\/wp\/v2\/comments?post=10490"}],"wp:featuredmedia":[{"embeddable":true,"href":"https:\/\/destandisticaret.com\/tr\/wp-json\/wp\/v2\/media\/10605"}],"wp:attachment":[{"href":"https:\/\/destandisticaret.com\/tr\/wp-json\/wp\/v2\/media?parent=10490"}],"wp:term":[{"taxonomy":"product_brand","embeddable":true,"href":"https:\/\/destandisticaret.com\/tr\/wp-json\/wp\/v2\/product_brand?post=10490"},{"taxonomy":"product_cat","embeddable":true,"href":"https:\/\/destandisticaret.com\/tr\/wp-json\/wp\/v2\/product_cat?post=10490"},{"taxonomy":"product_tag","embeddable":true,"href":"https:\/\/destandisticaret.com\/tr\/wp-json\/wp\/v2\/product_tag?post=10490"}],"curies":[{"name":"wp","href":"https:\/\/api.w.org\/{rel}","templated":true}]}}