{"id":10379,"date":"2025-04-16T07:50:24","date_gmt":"2025-04-16T07:50:24","guid":{"rendered":"https:\/\/destandisticaret.com\/?post_type=product&#038;p=10379"},"modified":"2025-11-20T05:34:22","modified_gmt":"2025-11-20T05:34:22","slug":"kurutulmus-erik","status":"publish","type":"product","link":"https:\/\/destandisticaret.com\/tr\/urun\/kurutulmus-erik\/","title":{"rendered":"Kurutulmu\u015f Erik"},"content":{"rendered":"<p>Erik antioksidan a\u00e7\u0131s\u0131ndan g\u00fc\u00e7l\u00fc bile\u015fenlere sahiptir. Bu \u00f6zelli\u011fi ile v\u00fccutta serbest radikaller nedeniyle olu\u015fabilecek hasarlar\u0131 onar\u0131r. Kanser ve kalp hastal\u0131klar\u0131na kar\u015f\u0131 koruyucu etkisi vard\u0131r. Kilo kontrol\u00fcn\u00fc sa\u011flamak i\u00e7in ara \u00f6\u011f\u00fcn olarak t\u00fcketilmesi \u00f6nerilir. Bol vitamin ve mineral i\u00e7eren <strong>kuru erik<\/strong>, \u015e\u00fck\u00fcr Kuruyemi\u015f g\u00fcvencesiyle sofralar\u0131n\u0131zda yerini almay\u0131 bekliyor.<\/p>\n","protected":false},"excerpt":{"rendered":"<p>Erik antioksidan a\u00e7\u0131s\u0131ndan g\u00fc\u00e7l\u00fc bile\u015fenlere sahiptir. Bu \u00f6zelli\u011fi ile v\u00fccutta serbest radikaller nedeniyle olu\u015fabilecek hasarlar\u0131 onar\u0131r. Kanser ve kalp hastal\u0131klar\u0131na kar\u015f\u0131 koruyucu etkisi vard\u0131r. Kilo kontrol\u00fcn\u00fc sa\u011flamak i\u00e7in ara \u00f6\u011f\u00fcn olarak t\u00fcketilmesi \u00f6nerilir. Bol vitamin ve mineral i\u00e7eren <strong>kuru erik<\/strong>, \u015e\u00fck\u00fcr Kuruyemi\u015f g\u00fcvencesiyle sofralar\u0131n\u0131zda yerini almay\u0131 bekliyor.<\/p>\n","protected":false},"featured_media":10383,"comment_status":"closed","ping_status":"closed","template":"","meta":[],"product_brand":[],"product_cat":[92],"product_tag":[93,94,79],"class_list":{"0":"post-10379","1":"product","2":"type-product","3":"status-publish","4":"has-post-thumbnail","6":"product_cat-ithalat-urunleri","7":"product_tag-erik","8":"product_tag-kuru-erik","9":"product_tag-saglikli-atistirmalik","11":"first","12":"instock","13":"shipping-taxable","14":"product-type-simple"},"_links":{"self":[{"href":"https:\/\/destandisticaret.com\/tr\/wp-json\/wp\/v2\/product\/10379","targetHints":{"allow":["GET"]}}],"collection":[{"href":"https:\/\/destandisticaret.com\/tr\/wp-json\/wp\/v2\/product"}],"about":[{"href":"https:\/\/destandisticaret.com\/tr\/wp-json\/wp\/v2\/types\/product"}],"replies":[{"embeddable":true,"href":"https:\/\/destandisticaret.com\/tr\/wp-json\/wp\/v2\/comments?post=10379"}],"wp:featuredmedia":[{"embeddable":true,"href":"https:\/\/destandisticaret.com\/tr\/wp-json\/wp\/v2\/media\/10383"}],"wp:attachment":[{"href":"https:\/\/destandisticaret.com\/tr\/wp-json\/wp\/v2\/media?parent=10379"}],"wp:term":[{"taxonomy":"product_brand","embeddable":true,"href":"https:\/\/destandisticaret.com\/tr\/wp-json\/wp\/v2\/product_brand?post=10379"},{"taxonomy":"product_cat","embeddable":true,"href":"https:\/\/destandisticaret.com\/tr\/wp-json\/wp\/v2\/product_cat?post=10379"},{"taxonomy":"product_tag","embeddable":true,"href":"https:\/\/destandisticaret.com\/tr\/wp-json\/wp\/v2\/product_tag?post=10379"}],"curies":[{"name":"wp","href":"https:\/\/api.w.org\/{rel}","templated":true}]}}