{"id":10373,"date":"2025-04-16T07:43:14","date_gmt":"2025-04-16T07:43:14","guid":{"rendered":"https:\/\/destandisticaret.com\/?post_type=product&#038;p=10373"},"modified":"2025-11-20T05:34:31","modified_gmt":"2025-11-20T05:34:31","slug":"kuru-uzum","status":"publish","type":"product","link":"https:\/\/destandisticaret.com\/tr\/urun\/kuru-uzum\/","title":{"rendered":"Kuru \u00dcz\u00fcm"},"content":{"rendered":"<p>Ege b\u00f6lgesinin bereketli topraklar\u0131nda b\u00fcy\u00fck emeklerle yeti\u015ftirilip hasad\u0131 yap\u0131lm\u0131\u015ft\u0131r. G\u00fcne\u015fin \u015fefkatli \u0131\u015f\u0131klar\u0131 alt\u0131nda kurutulmu\u015ftur. Bol miktarda \u00e7inko, demir ve kalsiyum a\u00e7\u0131s\u0131ndan tam bir vitamin deposu olan \u00fcz\u00fcm, ayn\u0131 zamanda ba\u011f\u0131\u015f\u0131kl\u0131k sistemini g\u00fc\u00e7lendiren g\u00fc\u00e7l\u00fc bir antioksidan yap\u0131ya sahiptir. G\u00fcn \u0131\u015f\u0131\u011f\u0131nda kurutuldu\u011funda cildinize faydal\u0131d\u0131r.<\/p>\n<p>\u0130steklerinize g\u00f6re size \u00f6zel a\u011f\u0131rl\u0131klarla paketlenebilir.<\/p>\n","protected":false},"excerpt":{"rendered":"<p>Ege b\u00f6lgesinin bereketli topraklar\u0131nda b\u00fcy\u00fck emeklerle yeti\u015ftirilip hasad\u0131 yap\u0131lm\u0131\u015ft\u0131r. G\u00fcne\u015fin \u015fefkatli \u0131\u015f\u0131klar\u0131 alt\u0131nda kurutulmu\u015ftur. Bol miktarda \u00e7inko, demir ve kalsiyum a\u00e7\u0131s\u0131ndan tam bir vitamin deposu olan \u00fcz\u00fcm, ayn\u0131 zamanda ba\u011f\u0131\u015f\u0131kl\u0131k sistemini g\u00fc\u00e7lendiren g\u00fc\u00e7l\u00fc bir antioksidan yap\u0131ya sahiptir. G\u00fcn \u0131\u015f\u0131\u011f\u0131nda kurutuldu\u011funda cildinize faydal\u0131d\u0131r.<\/p>\n","protected":false},"featured_media":10391,"comment_status":"closed","ping_status":"closed","template":"","meta":[],"product_brand":[],"product_cat":[91],"product_tag":[125,129,127,128,79,126,123,124],"class_list":{"0":"post-10373","1":"product","2":"type-product","3":"status-publish","4":"has-post-thumbnail","6":"product_cat-kurutulmus-meyveler","7":"product_tag-cekirdeksiz-kuru-uzum","8":"product_tag-dogal-kuru-uzum","9":"product_tag-izmir-uzumu-kurusu","10":"product_tag-kuru-uzum-cesitleri","11":"product_tag-saglikli-atistirmalik","12":"product_tag-sari-kuru-uzum","13":"product_tag-sultan-uzumu-kurusu","14":"product_tag-sultaniye-kuru-uzum","16":"first","17":"instock","18":"shipping-taxable","19":"product-type-simple"},"_links":{"self":[{"href":"https:\/\/destandisticaret.com\/tr\/wp-json\/wp\/v2\/product\/10373","targetHints":{"allow":["GET"]}}],"collection":[{"href":"https:\/\/destandisticaret.com\/tr\/wp-json\/wp\/v2\/product"}],"about":[{"href":"https:\/\/destandisticaret.com\/tr\/wp-json\/wp\/v2\/types\/product"}],"replies":[{"embeddable":true,"href":"https:\/\/destandisticaret.com\/tr\/wp-json\/wp\/v2\/comments?post=10373"}],"wp:featuredmedia":[{"embeddable":true,"href":"https:\/\/destandisticaret.com\/tr\/wp-json\/wp\/v2\/media\/10391"}],"wp:attachment":[{"href":"https:\/\/destandisticaret.com\/tr\/wp-json\/wp\/v2\/media?parent=10373"}],"wp:term":[{"taxonomy":"product_brand","embeddable":true,"href":"https:\/\/destandisticaret.com\/tr\/wp-json\/wp\/v2\/product_brand?post=10373"},{"taxonomy":"product_cat","embeddable":true,"href":"https:\/\/destandisticaret.com\/tr\/wp-json\/wp\/v2\/product_cat?post=10373"},{"taxonomy":"product_tag","embeddable":true,"href":"https:\/\/destandisticaret.com\/tr\/wp-json\/wp\/v2\/product_tag?post=10373"}],"curies":[{"name":"wp","href":"https:\/\/api.w.org\/{rel}","templated":true}]}}