{"id":10372,"date":"2025-04-16T07:42:51","date_gmt":"2025-04-16T07:42:51","guid":{"rendered":"https:\/\/destandisticaret.com\/?post_type=product&#038;p=10372"},"modified":"2025-11-20T05:34:35","modified_gmt":"2025-11-20T05:34:35","slug":"kurutulmus-incir","status":"publish","type":"product","link":"https:\/\/destandisticaret.com\/tr\/urun\/kurutulmus-incir\/","title":{"rendered":"Kurutulmu\u015f \u0130ncir"},"content":{"rendered":"<p>\u0130ncir, i\u00e7erdi\u011fi y\u00fcksek potasyum, protein, vitamin ve mineral oranlar\u0131yla h\u00fccrelerin yenilenmesini sa\u011flayan bir besindir. Di\u011fer meyvelere g\u00f6re \u00fcst\u00fcnl\u00fc\u011f\u00fc kalsiyum ve magnezyum i\u00e7eri\u011fi bak\u0131m\u0131ndan anne s\u00fct\u00fcne yak\u0131n olmas\u0131d\u0131r.<\/p>\n<p>B\u00fcy\u00fck emeklerle, sonsuz umutlarla \u00e7apalanm\u0131\u015f, sevgiyle toplanm\u0131\u015ft\u0131r. Ege g\u00fcne\u015finde sab\u0131rla kurutulmu\u015f, g\u00f6n\u00fclleri yumu\u015fatm\u0131\u015ft\u0131r. Zengin besin de\u011ferleri ve e\u015fsiz lezzetiyle damaklar\u0131n\u0131z\u0131 tatland\u0131rmaya haz\u0131rd\u0131r.<\/p>\n<p>Size \u00f6zel olarak 200 gr&#8217;dan 5 kg&#8217;a kadar istedi\u011finiz kalitede, kalibrasyonda ve ambalajlarda sunulmaktad\u0131r.<\/p>\n","protected":false},"excerpt":{"rendered":"<p>\u0130ncir, i\u00e7erdi\u011fi y\u00fcksek potasyum, protein, vitamin ve mineral oranlar\u0131yla h\u00fccrelerin yenilenmesini sa\u011flayan bir besindir. Di\u011fer meyvelere g\u00f6re \u00fcst\u00fcnl\u00fc\u011f\u00fc kalsiyum ve magnezyum i\u00e7eri\u011fi bak\u0131m\u0131ndan anne s\u00fct\u00fcne yak\u0131n olmas\u0131d\u0131r.<\/p>\n<p>B\u00fcy\u00fck emeklerle, sonsuz umutlarla \u00e7apalanm\u0131\u015f, sevgiyle toplanm\u0131\u015ft\u0131r. Ege g\u00fcne\u015finde sab\u0131rla kurutulmu\u015f, g\u00f6n\u00fclleri yumu\u015fatm\u0131\u015ft\u0131r. Zengin besin de\u011ferleri ve e\u015fsiz lezzetiyle damaklar\u0131n\u0131z\u0131 tatland\u0131rmaya haz\u0131rd\u0131r.<\/p>\n","protected":false},"featured_media":10412,"comment_status":"closed","ping_status":"closed","template":"","meta":[],"product_brand":[],"product_cat":[91],"product_tag":[113,114,110,107,109,111,112],"class_list":{"0":"post-10372","1":"product","2":"type-product","3":"status-publish","4":"has-post-thumbnail","6":"product_cat-kurutulmus-meyveler","7":"product_tag-dogal-kurutulmus-incir","8":"product_tag-incir-kurusu","9":"product_tag-kuru-incir","10":"product_tag-kuru-meyve","11":"product_tag-kurutulmus-incir","12":"product_tag-tatli-incir","13":"product_tag-yumusak-incir","15":"first","16":"instock","17":"shipping-taxable","18":"product-type-simple"},"_links":{"self":[{"href":"https:\/\/destandisticaret.com\/tr\/wp-json\/wp\/v2\/product\/10372","targetHints":{"allow":["GET"]}}],"collection":[{"href":"https:\/\/destandisticaret.com\/tr\/wp-json\/wp\/v2\/product"}],"about":[{"href":"https:\/\/destandisticaret.com\/tr\/wp-json\/wp\/v2\/types\/product"}],"replies":[{"embeddable":true,"href":"https:\/\/destandisticaret.com\/tr\/wp-json\/wp\/v2\/comments?post=10372"}],"wp:featuredmedia":[{"embeddable":true,"href":"https:\/\/destandisticaret.com\/tr\/wp-json\/wp\/v2\/media\/10412"}],"wp:attachment":[{"href":"https:\/\/destandisticaret.com\/tr\/wp-json\/wp\/v2\/media?parent=10372"}],"wp:term":[{"taxonomy":"product_brand","embeddable":true,"href":"https:\/\/destandisticaret.com\/tr\/wp-json\/wp\/v2\/product_brand?post=10372"},{"taxonomy":"product_cat","embeddable":true,"href":"https:\/\/destandisticaret.com\/tr\/wp-json\/wp\/v2\/product_cat?post=10372"},{"taxonomy":"product_tag","embeddable":true,"href":"https:\/\/destandisticaret.com\/tr\/wp-json\/wp\/v2\/product_tag?post=10372"}],"curies":[{"name":"wp","href":"https:\/\/api.w.org\/{rel}","templated":true}]}}