{"id":10371,"date":"2025-04-16T07:42:29","date_gmt":"2025-04-16T07:42:29","guid":{"rendered":"https:\/\/destandisticaret.com\/?post_type=product&#038;p=10371"},"modified":"2025-11-20T05:34:40","modified_gmt":"2025-11-20T05:34:40","slug":"dogal-kurutulmus-kayisi","status":"publish","type":"product","link":"https:\/\/destandisticaret.com\/tr\/urun\/dogal-kurutulmus-kayisi\/","title":{"rendered":"Do\u011fal Kurutulmu\u015f Kay\u0131s\u0131"},"content":{"rendered":"<p>\u0130\u00e7inde sa\u011fl\u0131k var&#8230;<\/p>\n<p>Lezzet yine Anadolu&#8217;dan. Malatya y\u00f6resinin se\u00e7kin ve kaliteli kay\u0131s\u0131lar\u0131, g\u00fcne\u015fin \u015fefkatli kollar\u0131 alt\u0131nda tamamen do\u011fal yollarla kurutuldu.<\/p>\n<p>Tesislerimizde \u00f6zenle se\u00e7ilip ay\u0131klan\u0131yor.<\/p>\n","protected":false},"excerpt":{"rendered":"<p>Malatya y\u00f6resinin se\u00e7kin ve kaliteli kay\u0131s\u0131lar\u0131, g\u00fcne\u015fin \u015fefkatli kollar\u0131 alt\u0131nda tamamen do\u011fal yollarla kurutuldu.<\/p>\n<p>Tesislerimizde \u00f6zenle se\u00e7ilip ay\u0131klan\u0131yor.<\/p>\n","protected":false},"featured_media":10384,"comment_status":"closed","ping_status":"closed","template":"","meta":[],"product_brand":[],"product_cat":[91],"product_tag":[102,101,104,108,103,107,79,106,105],"class_list":{"0":"post-10371","1":"product","2":"type-product","3":"status-publish","4":"has-post-thumbnail","6":"product_cat-kurutulmus-meyveler","7":"product_tag-dogal-kurutulmus-kayisi","8":"product_tag-gun-kurusu-kayisi","9":"product_tag-kahverengi-kayisi","10":"product_tag-kayisi-kurusu","11":"product_tag-kukurtsuz-kayisi","12":"product_tag-kuru-meyve","13":"product_tag-saglikli-atistirmalik","14":"product_tag-tatli-kayisi","15":"product_tag-yumusak-kayisi","17":"first","18":"instock","19":"shipping-taxable","20":"product-type-simple"},"_links":{"self":[{"href":"https:\/\/destandisticaret.com\/tr\/wp-json\/wp\/v2\/product\/10371","targetHints":{"allow":["GET"]}}],"collection":[{"href":"https:\/\/destandisticaret.com\/tr\/wp-json\/wp\/v2\/product"}],"about":[{"href":"https:\/\/destandisticaret.com\/tr\/wp-json\/wp\/v2\/types\/product"}],"replies":[{"embeddable":true,"href":"https:\/\/destandisticaret.com\/tr\/wp-json\/wp\/v2\/comments?post=10371"}],"wp:featuredmedia":[{"embeddable":true,"href":"https:\/\/destandisticaret.com\/tr\/wp-json\/wp\/v2\/media\/10384"}],"wp:attachment":[{"href":"https:\/\/destandisticaret.com\/tr\/wp-json\/wp\/v2\/media?parent=10371"}],"wp:term":[{"taxonomy":"product_brand","embeddable":true,"href":"https:\/\/destandisticaret.com\/tr\/wp-json\/wp\/v2\/product_brand?post=10371"},{"taxonomy":"product_cat","embeddable":true,"href":"https:\/\/destandisticaret.com\/tr\/wp-json\/wp\/v2\/product_cat?post=10371"},{"taxonomy":"product_tag","embeddable":true,"href":"https:\/\/destandisticaret.com\/tr\/wp-json\/wp\/v2\/product_tag?post=10371"}],"curies":[{"name":"wp","href":"https:\/\/api.w.org\/{rel}","templated":true}]}}