{"id":10063,"date":"2025-04-09T10:56:43","date_gmt":"2025-04-09T10:56:43","guid":{"rendered":"https:\/\/destandisticaret.com\/?post_type=product&#038;p=10063"},"modified":"2025-11-20T05:35:11","modified_gmt":"2025-11-20T05:35:11","slug":"ceviz","status":"publish","type":"product","link":"https:\/\/destandisticaret.com\/tr\/urun\/ceviz\/","title":{"rendered":"Ceviz"},"content":{"rendered":"<p>Y\u00fcksek kaliteli Cevizlerimizle mutfak kreasyonlar\u0131n\u0131z\u0131 zenginle\u015ftirin; zengin, tereya\u011fl\u0131 aromalar\u0131 ve tatmin edici \u00e7\u0131t\u0131rl\u0131klar\u0131yla \u00fcnl\u00fcd\u00fcrler. Profesyonel mutfaklar i\u00e7in ideal olup, salatalardan ve unlu mamullerden kabuklu etler veya kavrulmu\u015f sebzeler gibi tuzlu ana yemeklere kadar \u00e7e\u015fitli yemeklere derinlik ve doku katarlar. \u015eefler \u00e7ok y\u00f6nl\u00fcl\u00fcklerini takdir ederler; do\u011franm\u0131\u015f, kavrulmu\u015f veya ceviz unu haline getirilmi\u015f olsun, <strong>ceviz<\/strong> tarifleri bir tutam sofistike ve besin de\u011feriyle tercih sebebidir.<\/p>\n<p>Toptan al\u0131c\u0131lar i\u00e7in \u015e\u00fck\u00fcr Kuruyemi\u015f Cevizleri, tutarl\u0131 kalite ve uzun raf \u00f6mr\u00fc sunarak, y\u00fcksek hacimli operasyonlar i\u00e7in m\u00fckemmeldir. Standart boyutlar\u0131 ve tazelikleri, b\u00fcy\u00fck \u00f6l\u00e7ekli mutfak uygulamalar\u0131nda ve g\u0131da \u00fcretim s\u00fcre\u00e7lerinde kolayl\u0131k sa\u011flar. \u0130ster \u00f6zel ekmekler \u00fcretiyor, ister gurme \u00e7ikolatalar haz\u0131rl\u0131yor veya bunlar\u0131 at\u0131\u015ft\u0131rmal\u0131k kar\u0131\u015f\u0131mlar\u0131na ve granolalara dahil ediyor olun, \u015e\u00fck\u00fcr Kuruyemi\u015f Cevizleri, b\u00fcy\u00fck \u00f6l\u00e7ekli \u00fcretimin taleplerini kar\u015f\u0131layan g\u00fcvenilirli\u011fi ve m\u00fckemmelli\u011fi sa\u011flar.<\/p>\n","protected":false},"excerpt":{"rendered":"<p>Toptan al\u0131c\u0131lar i\u00e7in \u015e\u00fck\u00fcr Kuruyemi\u015f Cevizleri, tutarl\u0131 kalite ve uzun raf \u00f6mr\u00fc sunarak, y\u00fcksek hacimli operasyonlar i\u00e7in m\u00fckemmeldir. Standart boyutlar\u0131 ve tazelikleri, b\u00fcy\u00fck \u00f6l\u00e7ekli mutfak uygulamalar\u0131nda ve g\u0131da \u00fcretim s\u00fcre\u00e7lerinde kolayl\u0131k sa\u011flar. \u0130ster \u00f6zel ekmekler \u00fcretiyor, ister gurme \u00e7ikolatalar haz\u0131rl\u0131yor veya bunlar\u0131 at\u0131\u015ft\u0131rmal\u0131k kar\u0131\u015f\u0131mlar\u0131na ve granolalara dahil ediyor olun, \u015e\u00fck\u00fcr Kuruyemi\u015f Cevizleri, b\u00fcy\u00fck \u00f6l\u00e7ekli \u00fcretimin taleplerini kar\u015f\u0131layan g\u00fcvenilirli\u011fi ve m\u00fckemmelli\u011fi sa\u011flar.<\/p>\n","protected":false},"featured_media":10610,"comment_status":"closed","ping_status":"closed","template":"","meta":[],"product_brand":[],"product_cat":[92,15],"product_tag":[78,85,77,79],"class_list":{"0":"post-10063","1":"product","2":"type-product","3":"status-publish","4":"has-post-thumbnail","6":"product_cat-ithalat-urunleri","7":"product_cat-kuruyemisler","8":"product_tag-cerez","9":"product_tag-ceviz","10":"product_tag-kuruyemis","11":"product_tag-saglikli-atistirmalik","13":"first","14":"instock","15":"shipping-taxable","16":"product-type-simple"},"_links":{"self":[{"href":"https:\/\/destandisticaret.com\/tr\/wp-json\/wp\/v2\/product\/10063","targetHints":{"allow":["GET"]}}],"collection":[{"href":"https:\/\/destandisticaret.com\/tr\/wp-json\/wp\/v2\/product"}],"about":[{"href":"https:\/\/destandisticaret.com\/tr\/wp-json\/wp\/v2\/types\/product"}],"replies":[{"embeddable":true,"href":"https:\/\/destandisticaret.com\/tr\/wp-json\/wp\/v2\/comments?post=10063"}],"wp:featuredmedia":[{"embeddable":true,"href":"https:\/\/destandisticaret.com\/tr\/wp-json\/wp\/v2\/media\/10610"}],"wp:attachment":[{"href":"https:\/\/destandisticaret.com\/tr\/wp-json\/wp\/v2\/media?parent=10063"}],"wp:term":[{"taxonomy":"product_brand","embeddable":true,"href":"https:\/\/destandisticaret.com\/tr\/wp-json\/wp\/v2\/product_brand?post=10063"},{"taxonomy":"product_cat","embeddable":true,"href":"https:\/\/destandisticaret.com\/tr\/wp-json\/wp\/v2\/product_cat?post=10063"},{"taxonomy":"product_tag","embeddable":true,"href":"https:\/\/destandisticaret.com\/tr\/wp-json\/wp\/v2\/product_tag?post=10063"}],"curies":[{"name":"wp","href":"https:\/\/api.w.org\/{rel}","templated":true}]}}