{"id":10060,"date":"2025-04-09T10:22:02","date_gmt":"2025-04-09T10:22:02","guid":{"rendered":"https:\/\/destandisticaret.com\/?post_type=product&#038;p=10060"},"modified":"2025-11-20T05:35:21","modified_gmt":"2025-11-20T05:35:21","slug":"yer-fistigi","status":"publish","type":"product","link":"https:\/\/destandisticaret.com\/tr\/urun\/yer-fistigi\/","title":{"rendered":"Yer F\u0131st\u0131\u011f\u0131"},"content":{"rendered":"<p>Y\u00fcksek kaliteli Yer F\u0131st\u0131klar\u0131m\u0131zla mutfak kreasyonlar\u0131n\u0131z\u0131 zenginle\u015ftirin; zengin aromalar\u0131 ve tatmin edici \u00e7\u0131t\u0131rl\u0131klar\u0131yla profesyonel mutfaklarda sevilen \u00e7ok y\u00f6nl\u00fc bir malzemedir. Hem tatl\u0131 hem de tuzlu uygulamalar i\u00e7in ideal olup, soslara, sebzeli tavalara, unlu mamullere ve tatl\u0131lara dahil edilerek yemeklerinize derinlik ve doku katabilirler. \u015eefler, kavrulmu\u015f, \u00f6\u011f\u00fct\u00fclm\u00fc\u015f veya b\u00fct\u00fcn olarak kullan\u0131labilmelerini, men\u00fc geli\u015ftirmede esneklik sunmalar\u0131n\u0131 ve farkl\u0131 damak zevklerine hitap etme imkan\u0131 sa\u011flamalar\u0131n\u0131 takdir ederler.<\/p>\n<p>Toptan al\u0131c\u0131lar i\u00e7in <strong>Yer F\u0131st\u0131\u011f\u0131<\/strong>, tutarl\u0131 kalite ve uzun raf \u00f6mr\u00fc sunarak, y\u00fcksek hacimli operasyonlar i\u00e7in m\u00fckemmeldir. G\u00fcvenilir tedarikleri ve \u00fcniform boyutlar\u0131, b\u00fcy\u00fck \u00f6l\u00e7ekli mutfak uygulamalar\u0131nda ve g\u0131da \u00fcretim s\u00fcre\u00e7lerinde kolayl\u0131k sa\u011flar. \u0130ster f\u0131st\u0131k ezmesi \u00fcretiyor, ister at\u0131\u015ft\u0131rmal\u0131k kar\u0131\u015f\u0131mlar\u0131 haz\u0131rl\u0131yor veya bunlar\u0131 \u015fekerleme \u00fcr\u00fcnlerine dahil ediyor olun, Yer F\u0131st\u0131\u011f\u0131, b\u00fcy\u00fck \u00f6l\u00e7ekli \u00fcretimin taleplerini kar\u015f\u0131layan tutarl\u0131l\u0131\u011f\u0131 ve besin de\u011ferini sa\u011flar.<\/p>\n","protected":false},"excerpt":{"rendered":"<p>Toptan al\u0131c\u0131lar i\u00e7in <strong>Yer F\u0131st\u0131\u011f\u0131<\/strong>, tutarl\u0131 kalite ve uzun raf \u00f6mr\u00fc sunarak, y\u00fcksek hacimli operasyonlar i\u00e7in m\u00fckemmeldir. G\u00fcvenilir tedarikleri ve \u00fcniform boyutlar\u0131, b\u00fcy\u00fck \u00f6l\u00e7ekli mutfak uygulamalar\u0131nda ve g\u0131da \u00fcretim s\u00fcre\u00e7lerinde kolayl\u0131k sa\u011flar. \u0130ster f\u0131st\u0131k ezmesi \u00fcretiyor, ister at\u0131\u015ft\u0131rmal\u0131k kar\u0131\u015f\u0131mlar\u0131 haz\u0131rl\u0131yor veya bunlar\u0131 \u015fekerleme \u00fcr\u00fcnlerine dahil ediyor olun, Yer F\u0131st\u0131\u011f\u0131, b\u00fcy\u00fck \u00f6l\u00e7ekli \u00fcretimin taleplerini kar\u015f\u0131layan tutarl\u0131l\u0131\u011f\u0131 ve besin de\u011ferini sa\u011flar.<\/p>\n","protected":false},"featured_media":10617,"comment_status":"closed","ping_status":"closed","template":"","meta":[],"product_brand":[],"product_cat":[15],"product_tag":[78,77,79,82,81],"class_list":{"0":"post-10060","1":"product","2":"type-product","3":"status-publish","4":"has-post-thumbnail","6":"product_cat-kuruyemisler","7":"product_tag-cerez","8":"product_tag-kuruyemis","9":"product_tag-saglikli-atistirmalik","10":"product_tag-tuzlu-fistik","11":"product_tag-yer-fistigi","13":"first","14":"instock","15":"shipping-taxable","16":"product-type-simple"},"_links":{"self":[{"href":"https:\/\/destandisticaret.com\/tr\/wp-json\/wp\/v2\/product\/10060","targetHints":{"allow":["GET"]}}],"collection":[{"href":"https:\/\/destandisticaret.com\/tr\/wp-json\/wp\/v2\/product"}],"about":[{"href":"https:\/\/destandisticaret.com\/tr\/wp-json\/wp\/v2\/types\/product"}],"replies":[{"embeddable":true,"href":"https:\/\/destandisticaret.com\/tr\/wp-json\/wp\/v2\/comments?post=10060"}],"wp:featuredmedia":[{"embeddable":true,"href":"https:\/\/destandisticaret.com\/tr\/wp-json\/wp\/v2\/media\/10617"}],"wp:attachment":[{"href":"https:\/\/destandisticaret.com\/tr\/wp-json\/wp\/v2\/media?parent=10060"}],"wp:term":[{"taxonomy":"product_brand","embeddable":true,"href":"https:\/\/destandisticaret.com\/tr\/wp-json\/wp\/v2\/product_brand?post=10060"},{"taxonomy":"product_cat","embeddable":true,"href":"https:\/\/destandisticaret.com\/tr\/wp-json\/wp\/v2\/product_cat?post=10060"},{"taxonomy":"product_tag","embeddable":true,"href":"https:\/\/destandisticaret.com\/tr\/wp-json\/wp\/v2\/product_tag?post=10060"}],"curies":[{"name":"wp","href":"https:\/\/api.w.org\/{rel}","templated":true}]}}