{"id":10059,"date":"2025-04-09T10:14:13","date_gmt":"2025-04-09T10:14:13","guid":{"rendered":"https:\/\/destandisticaret.com\/?post_type=product&#038;p=10059"},"modified":"2025-11-20T05:35:26","modified_gmt":"2025-11-20T05:35:26","slug":"badem","status":"publish","type":"product","link":"https:\/\/destandisticaret.com\/tr\/urun\/badem\/","title":{"rendered":"Badem"},"content":{"rendered":"<p>Y\u00fcksek kaliteli Bademlerimizle mutfak kreasyonlar\u0131n\u0131z\u0131 zenginle\u015ftirin; zengin, cevizimsi aromalar\u0131 ve tatmin edici \u00e7\u0131t\u0131rl\u0131klar\u0131yla \u00fcnl\u00fcd\u00fcrler. Profesyonel mutfaklar i\u00e7in ideal olup, salatalardan ve unlu mamullerden kabuklu bal\u0131k veya kavrulmu\u015f sebzeler gibi tuzlu ana yemeklere kadar \u00e7e\u015fitli yemeklere derinlik ve doku katarlar. \u015eefler \u00e7ok y\u00f6nl\u00fcl\u00fcklerini takdir ederler; dilimlenmi\u015f, do\u011franm\u0131\u015f veya \u00f6\u011f\u00fct\u00fclerek un haline getirilmi\u015f olsun, bademler tarifleri bir tutam sofistike ve besin de\u011feriyle y\u00fckseltir.<\/p>\n<p>Badem, besleyici \u00f6zellikleri ve lezzetiyle bilinir. Hem tatl\u0131 hem de ac\u0131 t\u00fcrleri vard\u0131r. Tatl\u0131 <strong>badem<\/strong>, genellikle \u00e7erez olarak t\u00fcketilirken, ac\u0131 badem, daha \u00e7ok ya\u011f \u00fcretiminde ve baz\u0131 \u00f6zel tatlar i\u00e7in kullan\u0131l\u0131r.<\/p>\n<p><strong>Bademin ba\u015fl\u0131ca faydalar\u0131<\/strong> aras\u0131nda sa\u011fl\u0131kl\u0131 ya\u011flar, protein, lif, vitamin E ve mineraller bulunur. Kalp sa\u011fl\u0131\u011f\u0131n\u0131 destekledi\u011fi, kan \u015fekerini d\u00fczenlemeye yard\u0131mc\u0131 oldu\u011fu ve cilt sa\u011fl\u0131\u011f\u0131n\u0131 iyile\u015ftirdi\u011fi d\u00fc\u015f\u00fcn\u00fclmektedir.<\/p>\n<p>Badem ayr\u0131ca tatl\u0131larda, s\u00fctl\u00fc i\u00e7eceklerde, unlu mamullerde ve at\u0131\u015ft\u0131rmal\u0131klarda s\u0131kl\u0131kla kullan\u0131l\u0131r. Kabu\u011fundan \u00e7\u0131kar\u0131lan i\u00e7 k\u0131sm\u0131, do\u011frudan yenilebilece\u011fi gibi, i\u015flenmi\u015f olarak da t\u00fcketilebilir.<\/p>\n<p><strong>Toptan al\u0131c\u0131lar i\u00e7in \u015e\u00fck\u00fcr Kuruyemi\u015f Bademleri<\/strong>, tutarl\u0131 kalite ve uzun raf \u00f6mr\u00fc sunarak, y\u00fcksek hacimli operasyonlar i\u00e7in m\u00fckemmeldir. \u00dcniform boyutlar\u0131 ve tazelikleri, b\u00fcy\u00fck \u00f6l\u00e7ekli mutfak uygulamalar\u0131nda ve g\u0131da \u00fcretim s\u00fcre\u00e7lerinde kolayl\u0131k sa\u011flar. \u0130ster badem s\u00fct\u00fc \u00fcretiyor, ister gurme \u00e7ikolatalar haz\u0131rl\u0131yor veya bunlar\u0131 granolalara ve at\u0131\u015ft\u0131rmal\u0131k kar\u0131\u015f\u0131mlar\u0131na dahil ediyor olun, \u015e\u00fck\u00fcr Kuruyemi\u015f, b\u00fcy\u00fck \u00f6l\u00e7ekli \u00fcretimin taleplerini kar\u015f\u0131layan g\u00fcvenilirli\u011fi ve m\u00fckemmelli\u011fi sa\u011flar.<\/p>\n","protected":false},"excerpt":{"rendered":"<p><strong>Toptan al\u0131c\u0131lar i\u00e7in \u015e\u00fck\u00fcr Kuruyemi\u015f Bademleri<\/strong>, tutarl\u0131 kalite ve uzun raf \u00f6mr\u00fc sunarak, y\u00fcksek hacimli operasyonlar i\u00e7in m\u00fckemmeldir. \u00dcniform boyutlar\u0131 ve tazelikleri, b\u00fcy\u00fck \u00f6l\u00e7ekli mutfak uygulamalar\u0131nda ve g\u0131da \u00fcretim s\u00fcre\u00e7lerinde kolayl\u0131k sa\u011flar. \u0130ster badem s\u00fct\u00fc \u00fcretiyor, ister gurme \u00e7ikolatalar haz\u0131rl\u0131yor veya bunlar\u0131 granolalara ve at\u0131\u015ft\u0131rmal\u0131k kar\u0131\u015f\u0131mlar\u0131na dahil ediyor olun, \u015e\u00fck\u00fcr Kuruyemi\u015f, b\u00fcy\u00fck \u00f6l\u00e7ekli \u00fcretimin taleplerini kar\u015f\u0131layan g\u00fcvenilirli\u011fi ve m\u00fckemmelli\u011fi sa\u011flar.<\/p>\n","protected":false},"featured_media":10040,"comment_status":"closed","ping_status":"closed","template":"","meta":[],"product_brand":[],"product_cat":[92,15],"product_tag":[80,78,77,79],"class_list":{"0":"post-10059","1":"product","2":"type-product","3":"status-publish","4":"has-post-thumbnail","6":"product_cat-ithalat-urunleri","7":"product_cat-kuruyemisler","8":"product_tag-badem","9":"product_tag-cerez","10":"product_tag-kuruyemis","11":"product_tag-saglikli-atistirmalik","13":"first","14":"instock","15":"shipping-taxable","16":"product-type-simple"},"_links":{"self":[{"href":"https:\/\/destandisticaret.com\/tr\/wp-json\/wp\/v2\/product\/10059","targetHints":{"allow":["GET"]}}],"collection":[{"href":"https:\/\/destandisticaret.com\/tr\/wp-json\/wp\/v2\/product"}],"about":[{"href":"https:\/\/destandisticaret.com\/tr\/wp-json\/wp\/v2\/types\/product"}],"replies":[{"embeddable":true,"href":"https:\/\/destandisticaret.com\/tr\/wp-json\/wp\/v2\/comments?post=10059"}],"wp:featuredmedia":[{"embeddable":true,"href":"https:\/\/destandisticaret.com\/tr\/wp-json\/wp\/v2\/media\/10040"}],"wp:attachment":[{"href":"https:\/\/destandisticaret.com\/tr\/wp-json\/wp\/v2\/media?parent=10059"}],"wp:term":[{"taxonomy":"product_brand","embeddable":true,"href":"https:\/\/destandisticaret.com\/tr\/wp-json\/wp\/v2\/product_brand?post=10059"},{"taxonomy":"product_cat","embeddable":true,"href":"https:\/\/destandisticaret.com\/tr\/wp-json\/wp\/v2\/product_cat?post=10059"},{"taxonomy":"product_tag","embeddable":true,"href":"https:\/\/destandisticaret.com\/tr\/wp-json\/wp\/v2\/product_tag?post=10059"}],"curies":[{"name":"wp","href":"https:\/\/api.w.org\/{rel}","templated":true}]}}