{"id":10698,"date":"2025-11-27T11:48:33","date_gmt":"2025-11-27T11:48:33","guid":{"rendered":"https:\/\/destandisticaret.com\/?page_id=10698"},"modified":"2025-11-27T12:37:09","modified_gmt":"2025-11-27T12:37:09","slug":"bilgi-toplumu-hizmetleri","status":"publish","type":"page","link":"https:\/\/destandisticaret.com\/tr\/bilgi-toplumu-hizmetleri\/","title":{"rendered":"Bilgi Toplumu Hizmetleri"},"content":{"rendered":"<div class=\"wpb-content-wrapper\"><div class=\"vc_row wpb_row vc_row-fluid\"><div class=\"wpb_column vc_column_container vc_col-sm-12\"><div class=\"vc_column-inner\"><div class=\"wpb_wrapper\"><div class=\"vc_message_box vc_message_box-standard vc_message_box-rounded vc_color-sky vc_do_message\" ><div class=\"vc_message_box-icon\"><i class=\"fa fa-solid fa-magnifying-glass-chart\"><\/i><\/div><h5>\u015eirket Bilgileri<\/h5>\n<p><strong>Ticaret Unvan\u0131:<\/strong> DESTAN DI\u015e T\u0130CARET VE GIDA SANAY\u0130 L\u0130M\u0130TED \u015e\u0130RKET\u0130<\/p>\n<p><strong>MERS\u0130S No:<\/strong> 57685<\/p>\n<p><strong>Vergi Dairesi \/ No:<\/strong> S\u0130L\u0130VR\u0130 VERG\u0130 DA\u0130RES\u0130 \/ 293 041 94 29<\/p>\n<p><strong>Adres:<\/strong> KAVAKLI \u0130ST\u0130KLAL MAH. 5006. SK. EURONUT NO: 11 S\u0130L\u0130VR\u0130\/<br \/>\n\u0130STANBUL<\/p>\n<p><strong>Telefon:<\/strong> +90 212 723 70 70<\/p>\n<p><strong>E-posta:<\/strong> info@destandisticaret.com<\/p>\n<\/div><div class=\"vc_message_box vc_message_box-standard vc_message_box-rounded vc_color-sky vc_do_message\" ><div class=\"vc_message_box-icon\"><i class=\"fa fa-solid fa-magnifying-glass-chart\"><\/i><\/div><h5>Y\u00f6netim Bilgileri<\/h5>\n<p><strong>Yetkili Ki\u015fi:<\/strong> Ayg\u00fcl \u015e\u00fck\u00fcn<\/p>\n<\/div><div class=\"vc_message_box vc_message_box-standard vc_message_box-rounded vc_color-sky vc_do_message\" ><div class=\"vc_message_box-icon\"><i class=\"fa fa-solid fa-magnifying-glass-chart\"><\/i><\/div><h5>Ticaret Sicili Bilgileri<\/h5>\n<p><strong>Sicil No:<\/strong> 573438-0<\/p>\n<p><strong>Ticaret Sicil M\u00fcd\u00fcrl\u00fc\u011f\u00fc:<\/strong> \u0130stanbul Ticaret Sicili M\u00fcd\u00fcrl\u00fc\u011f\u00fc<\/p>\n<\/div><div class=\"vc_message_box vc_message_box-standard vc_message_box-rounded vc_color-sky vc_do_message\" ><div class=\"vc_message_box-icon\"><i class=\"fa fa-solid fa-magnifying-glass-chart\"><\/i><\/div><h5>Denet\u00e7i<\/h5>\n<p>Cengiz TURMAZ<\/p>\n<p><strong>Sicil No:<\/strong> BD\/2014\/05752<\/p>\n<p><strong>Adres:<\/strong> Maltepe Mah. Yedikule \u00c7\u0131rp\u0131c\u0131 Yolu Sok.Avrupa Kale Ofis 9.Blok No:2 Kat :5 Zeytinburnu-\u0130stanbul<\/p>\n<\/div><\/div><\/div><\/div><\/div>\n<\/div>","protected":false},"excerpt":{"rendered":"\u015eirket Bilgileri Ticaret Unvan\u0131: DESTAN DI\u015e T\u0130CARET VE GIDA SANAY\u0130 L\u0130M\u0130TED \u015e\u0130RKET\u0130 MERS\u0130S No: 57685 Vergi Dairesi \/ No: S\u0130L\u0130VR\u0130 VERG\u0130 DA\u0130RES\u0130 \/ 293 041 94 29 Adres: KAVAKLI \u0130ST\u0130KLAL MAH. 5006. SK. EURONUT NO: 11 S\u0130L\u0130VR\u0130\/ \u0130STANBUL Telefon: +90 212 723 70 70 E-posta: info@destandisticaret.com Y\u00f6netim Bilgileri Yetkili Ki\u015fi: Ayg\u00fcl \u015e\u00fck\u00fcn Ticaret Sicili Bilgileri [...]","protected":false},"author":1,"featured_media":0,"parent":0,"menu_order":0,"comment_status":"closed","ping_status":"closed","template":"","meta":{"footnotes":""},"class_list":["post-10698","page","type-page","status-publish","hentry"],"_links":{"self":[{"href":"https:\/\/destandisticaret.com\/tr\/wp-json\/wp\/v2\/pages\/10698","targetHints":{"allow":["GET"]}}],"collection":[{"href":"https:\/\/destandisticaret.com\/tr\/wp-json\/wp\/v2\/pages"}],"about":[{"href":"https:\/\/destandisticaret.com\/tr\/wp-json\/wp\/v2\/types\/page"}],"author":[{"embeddable":true,"href":"https:\/\/destandisticaret.com\/tr\/wp-json\/wp\/v2\/users\/1"}],"replies":[{"embeddable":true,"href":"https:\/\/destandisticaret.com\/tr\/wp-json\/wp\/v2\/comments?post=10698"}],"version-history":[{"count":19,"href":"https:\/\/destandisticaret.com\/tr\/wp-json\/wp\/v2\/pages\/10698\/revisions"}],"predecessor-version":[{"id":10718,"href":"https:\/\/destandisticaret.com\/tr\/wp-json\/wp\/v2\/pages\/10698\/revisions\/10718"}],"wp:attachment":[{"href":"https:\/\/destandisticaret.com\/tr\/wp-json\/wp\/v2\/media?parent=10698"}],"curies":[{"name":"wp","href":"https:\/\/api.w.org\/{rel}","templated":true}]}}