{"id":10265,"date":"2025-04-11T08:56:02","date_gmt":"2025-04-11T08:56:02","guid":{"rendered":"https:\/\/destandisticaret.com\/?page_id=10265"},"modified":"2025-04-11T09:42:23","modified_gmt":"2025-04-11T09:42:23","slug":"kalite-sertifikalarimiz","status":"publish","type":"page","link":"https:\/\/destandisticaret.com\/tr\/kalite-sertifikalarimiz\/","title":{"rendered":"Kalite Sertifikalar\u0131m\u0131z"},"content":{"rendered":"<div class=\"wpb-content-wrapper\"><div class=\"vc_row wpb_row vc_row-fluid\"><div class=\"wpb_column vc_column_container vc_col-sm-12\"><div class=\"vc_column-inner\"><div class=\"wpb_wrapper\">\n\t<div class=\"wpb_text_column wpb_content_element\" >\n\t\t<div class=\"wpb_wrapper\">\n\t\t\t<p style=\"text-align: left;\">M\u00fckemmelli\u011fe olan ba\u011fl\u0131l\u0131\u011f\u0131m\u0131z uluslararas\u0131 alanda tan\u0131nan kalite sertifikalar\u0131m\u0131zla do\u011frulanmaktad\u0131r.<\/p>\n<p style=\"text-align: left;\">Onayl\u0131 tedarik\u00e7ilerden olu\u015fan k\u00fcresel bir a\u011fdan en iyi ham maddeleri tedarik ediyoruz ve \u00fcr\u00fcnlerimizin g\u00fcvenli, s\u00fcrd\u00fcr\u00fclebilir ve etik bir \u015fekilde elde edilmesini sa\u011fl\u0131yoruz.<\/p>\n<p style=\"text-align: left;\">G\u00fc\u00e7l\u00fc tedarik\u00e7i ili\u015fkilerimiz, tekliflerimizde tutarl\u0131 kaliteyi korumam\u0131z\u0131 sa\u011flar.<\/p>\n<p style=\"text-align: left;\">Kalite kontrol kontrollerimiz ve dikkatlice uygulanan \u00f6rnekleme plan\u0131m\u0131z, bitmi\u015f \u00fcr\u00fcnlerimizin g\u00fcvenli\u011fini ve kalitesini garanti eder.<\/p>\n<p style=\"text-align: left;\">Kalite hedeflerimizin y\u0131ll\u0131k de\u011ferlendirmesi a\u015fa\u011f\u0131daki KPI&#8217;lara dayanmaktad\u0131r:<\/p>\n<p style=\"text-align: left;\">&#8211; Uygun olmayan \u00fcr\u00fcnlerin en aza indirilmesi.<\/p>\n<p style=\"text-align: left;\">&#8211; Tedarik\u00e7ilerimiz ad\u0131na performans\u0131n iyile\u015ftirilmesi.<\/p>\n<p style=\"text-align: left;\">&#8211; M\u00fc\u015fteri taban\u0131m\u0131z ad\u0131na \u015fikayetlerin en aza indirilmesi.<\/p>\n<p style=\"text-align: left;\">\n<p style=\"text-align: left;\"><strong>G\u00dcNCEL SERT\u0130F\u0130KALARIMIZI A\u015eA\u011eIDAK\u0130 \u0130LG\u0130L\u0130 LOGOYA TIKLAYARAK \u0130ND\u0130REB\u0130L\u0130RS\u0130N\u0130Z.<\/strong><\/p>\n<p style=\"text-align: left;\"><a href=\"https:\/\/destandisticaret.com\/wp-content\/uploads\/2025\/04\/Euronut-UAF-Sertifika-9001-R.4.pdf\" target=\"_blank\" rel=\"noopener\"><img loading=\"lazy\" decoding=\"async\" class=\"size-medium\" src=\"https:\/\/destandisticaret.com\/wp-content\/uploads\/2025\/04\/iso-9001-300x300.png\" alt=\"\" width=\"150\" height=\"150\" \/><\/a><a href=\"https:\/\/destandisticaret.com\/wp-content\/uploads\/2025\/04\/BRCGS-Food-Certificate-Euronut-Kuruyemis-Ve-Ticaret-AS-2025.pdf\" target=\"_blank\" rel=\"noopener\"><img loading=\"lazy\" decoding=\"async\" class=\"size-medium\" src=\"https:\/\/destandisticaret.com\/wp-content\/uploads\/2025\/04\/BRCGS-logo-1-300x300.webp\" alt=\"\" width=\"150\" height=\"150\" \/><\/a><a href=\"https:\/\/destandisticaret.com\/wp-content\/uploads\/2025\/04\/Euronut-UAF-Sertifika-22000-R.4.pdf\" target=\"_blank\" rel=\"noopener\"><img loading=\"lazy\" decoding=\"async\" class=\"size-medium\" src=\"https:\/\/destandisticaret.com\/wp-content\/uploads\/2025\/04\/iso-22000-300x300.jpg\" alt=\"\" width=\"150\" height=\"150\" \/><\/a><\/p>\n<p style=\"text-align: left;\">\n<p style=\"text-align: left;\">\n\n\t\t<\/div>\n\t<\/div>\n<\/div><\/div><\/div><\/div>\n<\/div>","protected":false},"excerpt":{"rendered":"M\u00fckemmelli\u011fe olan ba\u011fl\u0131l\u0131\u011f\u0131m\u0131z uluslararas\u0131 alanda tan\u0131nan kalite sertifikalar\u0131m\u0131zla do\u011frulanmaktad\u0131r. Onayl\u0131 tedarik\u00e7ilerden olu\u015fan k\u00fcresel bir a\u011fdan en iyi ham maddeleri tedarik ediyoruz ve \u00fcr\u00fcnlerimizin g\u00fcvenli, s\u00fcrd\u00fcr\u00fclebilir ve etik bir \u015fekilde elde edilmesini sa\u011fl\u0131yoruz. G\u00fc\u00e7l\u00fc tedarik\u00e7i ili\u015fkilerimiz, tekliflerimizde tutarl\u0131 kaliteyi korumam\u0131z\u0131 sa\u011flar. Kalite kontrol kontrollerimiz ve dikkatlice uygulanan \u00f6rnekleme plan\u0131m\u0131z, bitmi\u015f \u00fcr\u00fcnlerimizin g\u00fcvenli\u011fini ve kalitesini garanti eder. [...]","protected":false},"author":1,"featured_media":0,"parent":0,"menu_order":0,"comment_status":"closed","ping_status":"closed","template":"","meta":{"footnotes":""},"class_list":["post-10265","page","type-page","status-publish","hentry"],"_links":{"self":[{"href":"https:\/\/destandisticaret.com\/tr\/wp-json\/wp\/v2\/pages\/10265","targetHints":{"allow":["GET"]}}],"collection":[{"href":"https:\/\/destandisticaret.com\/tr\/wp-json\/wp\/v2\/pages"}],"about":[{"href":"https:\/\/destandisticaret.com\/tr\/wp-json\/wp\/v2\/types\/page"}],"author":[{"embeddable":true,"href":"https:\/\/destandisticaret.com\/tr\/wp-json\/wp\/v2\/users\/1"}],"replies":[{"embeddable":true,"href":"https:\/\/destandisticaret.com\/tr\/wp-json\/wp\/v2\/comments?post=10265"}],"version-history":[{"count":3,"href":"https:\/\/destandisticaret.com\/tr\/wp-json\/wp\/v2\/pages\/10265\/revisions"}],"predecessor-version":[{"id":10268,"href":"https:\/\/destandisticaret.com\/tr\/wp-json\/wp\/v2\/pages\/10265\/revisions\/10268"}],"wp:attachment":[{"href":"https:\/\/destandisticaret.com\/tr\/wp-json\/wp\/v2\/media?parent=10265"}],"curies":[{"name":"wp","href":"https:\/\/api.w.org\/{rel}","templated":true}]}}