{"id":10235,"date":"2025-04-11T07:25:12","date_gmt":"2025-04-11T07:25:12","guid":{"rendered":"https:\/\/destandisticaret.com\/?page_id=10235"},"modified":"2025-04-16T10:02:09","modified_gmt":"2025-04-16T10:02:09","slug":"uretim-tesislerimiz","status":"publish","type":"page","link":"https:\/\/destandisticaret.com\/tr\/uretim-tesislerimiz\/","title":{"rendered":"\u00dcretim Tesislerimiz"},"content":{"rendered":"<div class=\"wpb-content-wrapper\"><div class=\"vc_row wpb_row vc_row-fluid\"><div class=\"wpb_column vc_column_container vc_col-sm-6\"><div class=\"vc_column-inner\"><div class=\"wpb_wrapper\"><div class=\"lvca-heading lvca-style1 lvca-alignleft \" ><h3 class=\"lvca-title\">\u015e\u00fck\u00fcr Kuruyemi\u015f \u00dcretim Tesisleri<\/h3><\/div>\n\t<div class=\"wpb_text_column wpb_content_element\" >\n\t\t<div class=\"wpb_wrapper\">\n\t\t\t<p>Her g\u00fcn b\u00fcy\u00fcyen ekibimiz ve \u00fcr\u00fcn gam\u0131m\u0131zla, 15.000 metrekarelik alanda, y\u00fcksek teknolojik alt yap\u0131ya sahip tesislerimizde, g\u0131da g\u00fcvenli\u011fini \u00f6n planda tutan, kuruyemi\u015fin do\u011fal, sa\u011fl\u0131kl\u0131 yap\u0131s\u0131n\u0131 koruma bilincine ba\u011fl\u0131 kalarak, bilimsel bak\u0131\u015f a\u00e7\u0131s\u0131ndan \u00f6d\u00fcn vermeden, en lezzetli \u00fcr\u00fcnlerle sizi bulu\u015fturmak i\u00e7in, t\u00fcm s\u00fcre\u00e7lerimizde \u00f6zen ve hassasiyetle \u00e7al\u0131\u015f\u0131yoruz.<\/p>\n<p>\u0130novasyona, \u00fcretime, ulusal ve uluslararas\u0131 b\u00fcy\u00fcmeye yapt\u0131\u011f\u0131m\u0131z \u00f6nemli yat\u0131r\u0131mlar, kuruyemi\u015f sekt\u00f6r\u00fcnde bizi hep bir ad\u0131m ileriye ta\u015f\u0131d\u0131. Geldi\u011fimiz noktan\u0131n bizlere verdi\u011fi sorumluluk bilinciyle \u00e7al\u0131\u015fmaya devam ediyoruz, sekt\u00f6r\u00fcm\u00fcze ve \u00fclkemize fayda sa\u011flamak en \u00f6nemli hedefimiz.<\/p>\n<p>Tesisimiz \u0130stanbul havaliman\u0131na 50 km uzakl\u0131kta, Avrupa otoyoluna 10 km uzakl\u0131kta<\/p>\n<p>Binan\u0131n \u00f6zellikleri:8000 m2 kapal\u0131 alan, 15438 m2 a\u00e7\u0131k alan<\/p>\n<p>\u015e\u00fck\u00fcr Kuruyemi\u015f&#8217;te, gelene\u011fi modern uluslararas\u0131 ticaret uygulamalar\u0131yla harmanl\u0131yor, \u00fcr\u00fcn yelpazemizi s\u00fcrekli g\u00fcncelliyor ve geli\u015fmi\u015f i\u015fleme ve paketleme teknolojisine yat\u0131r\u0131m yap\u0131yoruz. Sekt\u00f6r uzmanl\u0131\u011f\u0131m\u0131z, kaliteye odaklanmam\u0131z, rekabet\u00e7i fiyatland\u0131rmam\u0131z ve temel de\u011ferlerimiz bizi g\u00fcvenilir bir k\u00fcresel ortak yap\u0131yor.<\/p>\n<p>Kuruyemi\u015f sekt\u00f6r\u00fcnde tercih edilen ortak olmaya \u00e7al\u0131\u015f\u0131yoruz ve kalite, inovasyon, katma de\u011ferli s\u00fcre\u00e7ler ve s\u00fcrd\u00fcr\u00fclebilir ortakl\u0131klar konusundaki de\u011ferlerimizi payla\u015fan ortaklarla uyum sa\u011fl\u0131yoruz. Sa\u011fl\u0131k ve zindeli\u011fe artan vurgu, de\u011fi\u015fen m\u00fc\u015fteri \u00f6nceliklerini yans\u0131t\u0131yor.<\/p>\n\n\t\t<\/div>\n\t<\/div>\n<\/div><\/div><\/div><div class=\"wpb_column vc_column_container vc_col-sm-6\"><div class=\"vc_column-inner\"><div class=\"wpb_wrapper\">\n\t<div  class=\"wpb_single_image wpb_content_element vc_align_left wpb_content_element\">\n\t\t\n\t\t<figure class=\"wpb_wrapper vc_figure\">\n\t\t\t<div class=\"vc_single_image-wrapper   vc_box_border_grey\"><img loading=\"lazy\" decoding=\"async\" width=\"600\" height=\"600\" src=\"https:\/\/destandisticaret.com\/wp-content\/uploads\/2017\/05\/euronut-uretim.jpg\" class=\"vc_single_image-img attachment-large\" alt=\"\" title=\"euronut-uretim\" srcset=\"https:\/\/destandisticaret.com\/wp-content\/uploads\/2017\/05\/euronut-uretim.jpg 600w, https:\/\/destandisticaret.com\/wp-content\/uploads\/2017\/05\/euronut-uretim-300x300.jpg 300w, https:\/\/destandisticaret.com\/wp-content\/uploads\/2017\/05\/euronut-uretim-150x150.jpg 150w, https:\/\/destandisticaret.com\/wp-content\/uploads\/2017\/05\/euronut-uretim-12x12.jpg 12w, https:\/\/destandisticaret.com\/wp-content\/uploads\/2017\/05\/euronut-uretim-350x350.jpg 350w, https:\/\/destandisticaret.com\/wp-content\/uploads\/2017\/05\/euronut-uretim-110x110.jpg 110w, https:\/\/destandisticaret.com\/wp-content\/uploads\/2017\/05\/euronut-uretim-400x400.jpg 400w, https:\/\/destandisticaret.com\/wp-content\/uploads\/2017\/05\/euronut-uretim-500x500.jpg 500w, https:\/\/destandisticaret.com\/wp-content\/uploads\/2017\/05\/euronut-uretim-70x70.jpg 70w, https:\/\/destandisticaret.com\/wp-content\/uploads\/2017\/05\/euronut-uretim-200x200.jpg 200w\" sizes=\"auto, (max-width: 600px) 100vw, 600px\" \/><\/div>\n\t\t<\/figure>\n\t<\/div>\n<\/div><\/div><\/div><\/div><div class=\"vc_row wpb_row vc_row-fluid\"><div class=\"wpb_column vc_column_container vc_col-sm-6\"><div class=\"vc_column-inner\"><div class=\"wpb_wrapper\">\n\t<div  class=\"wpb_single_image wpb_content_element vc_align_left wpb_content_element\">\n\t\t\n\t\t<figure class=\"wpb_wrapper vc_figure\">\n\t\t\t<div class=\"vc_single_image-wrapper   vc_box_border_grey\"><img loading=\"lazy\" decoding=\"async\" width=\"600\" height=\"600\" src=\"https:\/\/destandisticaret.com\/wp-content\/uploads\/2017\/05\/euronut-labaratuvar.jpg\" class=\"vc_single_image-img attachment-large\" alt=\"\" title=\"euronut-labaratuvar\" srcset=\"https:\/\/destandisticaret.com\/wp-content\/uploads\/2017\/05\/euronut-labaratuvar.jpg 600w, https:\/\/destandisticaret.com\/wp-content\/uploads\/2017\/05\/euronut-labaratuvar-300x300.jpg 300w, https:\/\/destandisticaret.com\/wp-content\/uploads\/2017\/05\/euronut-labaratuvar-150x150.jpg 150w, https:\/\/destandisticaret.com\/wp-content\/uploads\/2017\/05\/euronut-labaratuvar-12x12.jpg 12w, https:\/\/destandisticaret.com\/wp-content\/uploads\/2017\/05\/euronut-labaratuvar-350x350.jpg 350w, https:\/\/destandisticaret.com\/wp-content\/uploads\/2017\/05\/euronut-labaratuvar-110x110.jpg 110w, https:\/\/destandisticaret.com\/wp-content\/uploads\/2017\/05\/euronut-labaratuvar-400x400.jpg 400w, https:\/\/destandisticaret.com\/wp-content\/uploads\/2017\/05\/euronut-labaratuvar-500x500.jpg 500w, https:\/\/destandisticaret.com\/wp-content\/uploads\/2017\/05\/euronut-labaratuvar-70x70.jpg 70w, https:\/\/destandisticaret.com\/wp-content\/uploads\/2017\/05\/euronut-labaratuvar-200x200.jpg 200w\" sizes=\"auto, (max-width: 600px) 100vw, 600px\" \/><\/div>\n\t\t<\/figure>\n\t<\/div>\n<\/div><\/div><\/div><div class=\"wpb_column vc_column_container vc_col-sm-6\"><div class=\"vc_column-inner\"><div class=\"wpb_wrapper\"><div class=\"lvca-heading lvca-style1 lvca-alignleft \" ><h3 class=\"lvca-title\">Kalite Performans De\u011ferlendirmesi<\/h3><\/div>\n\t<div class=\"wpb_text_column wpb_content_element\" >\n\t\t<div class=\"wpb_wrapper\">\n\t\t\t<p>\u015e\u00fck\u00fcr Kuruyemi\u015f&#8217;te kalite bizim s\u00f6z\u00fcm\u00fcz ve gururumuzdur. BRCGS, FSSC 22000 ve ISO 22000:2018 dahil olmak \u00fczere en y\u00fcksek uluslararas\u0131 standartlar\u0131 kar\u015f\u0131layan \u00fcr\u00fcnler sunmaya kendimizi adad\u0131k.<\/p>\n<p>Uzman kalite kontrol ekibimiz her bitmi\u015f \u00fcr\u00fcn\u00fcn g\u00fcvenli\u011fini, kalitesini ve \u00f6zg\u00fcnl\u00fc\u011f\u00fcn\u00fc sa\u011flar. S\u0131k\u0131 kalite kontrolleri yapmak ve m\u00fc\u015fteri beklentilerini a\u015fmak i\u00e7in s\u00fcrekli olarak yenili\u011fe yat\u0131r\u0131m yapmak i\u00e7in en son teknolojiyi kullan\u0131r\u0131z.<\/p>\n<p>&#8211; G\u0131da G\u00fcvenli\u011fi Kalite S\u00fcre\u00e7leri<br \/>\n&#8211; \u015e\u00fck\u00fcr Kuruyemi\u015f Kalite Performans De\u011ferlendirmesi<br \/>\n&#8211; Kalite Performans De\u011ferlendirmesi<\/p>\n<p>\u00dcr\u00fcnlerimizin g\u00fcvenli, s\u00fcrd\u00fcr\u00fclebilir ve etik bir \u015fekilde elde edilmesini sa\u011flayarak onayl\u0131 tedarik\u00e7ilerden olu\u015fan k\u00fcresel bir a\u011fdan en iyi ham maddeleri temin ediyoruz.<\/p>\n<p>G\u00fc\u00e7l\u00fc tedarik\u00e7i ili\u015fkilerimiz, tekliflerimizde tutarl\u0131 kaliteyi korumam\u0131z\u0131 sa\u011flar. Kalite kontrol kontrollerimiz ve dikkatlice uygulanan \u00f6rnekleme plan\u0131m\u0131z, bitmi\u015f \u00fcr\u00fcnlerimizin g\u00fcvenli\u011fini ve kalitesini sa\u011flar.<\/p>\n<p>Kalite hedeflerimizin y\u0131ll\u0131k de\u011ferlendirmesi a\u015fa\u011f\u0131daki KPI&#8217;lara dayanmaktad\u0131r:<\/p>\n<p>Uygun olmayan \u00fcr\u00fcnlerin en aza indirilmesi.<br \/>\nTedarik\u00e7ilerimiz ad\u0131na geli\u015ftirilmi\u015f performans.<br \/>\nM\u00fc\u015fteri taban\u0131m\u0131z ad\u0131na \u015fikayetlerin en aza indirilmesi.<\/p>\n\n\t\t<\/div>\n\t<\/div>\n<\/div><\/div><\/div><\/div><div class=\"vc_row wpb_row vc_row-fluid\"><div class=\"wpb_column vc_column_container vc_col-sm-12\"><div class=\"vc_column-inner\"><div class=\"wpb_wrapper\"><div class=\"lvca-heading lvca-style1 lvca-aligncenter \" ><h3 class=\"lvca-title\">Kalite Sertifikalar\u0131m\u0131z<\/h3><\/div>\n\t<div class=\"wpb_text_column wpb_content_element\" >\n\t\t<div class=\"wpb_wrapper\">\n\t\t\t<p style=\"text-align: center;\">M\u00fckemmelli\u011fe olan ba\u011fl\u0131l\u0131\u011f\u0131m\u0131z uluslararas\u0131 alanda tan\u0131nan kalite sertifikalar\u0131m\u0131zla do\u011frulanmaktad\u0131r.<\/p>\n<p style=\"text-align: center;\"><a href=\"https:\/\/destandisticaret.com\/wp-content\/uploads\/2025\/04\/Euronut-UAF-Sertifika-9001-R.4.pdf\" target=\"_blank\" rel=\"noopener\"><img loading=\"lazy\" decoding=\"async\" class=\"size-medium\" src=\"https:\/\/destandisticaret.com\/wp-content\/uploads\/2025\/04\/iso-9001-300x300.png\" alt=\"\" width=\"150\" height=\"150\" \/><\/a><a href=\"https:\/\/destandisticaret.com\/wp-content\/uploads\/2025\/04\/BRCGS-Food-Certificate-Euronut-Kuruyemis-Ve-Ticaret-AS-2025.pdf\" target=\"_blank\" rel=\"noopener\"><img loading=\"lazy\" decoding=\"async\" class=\"size-medium\" src=\"https:\/\/destandisticaret.com\/wp-content\/uploads\/2025\/04\/BRCGS-logo-1-300x300.webp\" alt=\"\" width=\"150\" height=\"150\" \/><\/a><a href=\"https:\/\/destandisticaret.com\/wp-content\/uploads\/2025\/04\/Euronut-UAF-Sertifika-22000-R.4.pdf\" target=\"_blank\" rel=\"noopener\"><img loading=\"lazy\" decoding=\"async\" class=\"size-medium\" src=\"https:\/\/destandisticaret.com\/wp-content\/uploads\/2025\/04\/iso-22000-300x300.jpg\" alt=\"\" width=\"150\" height=\"150\" \/><\/a><\/p>\n\n\t\t<\/div>\n\t<\/div>\n<\/div><\/div><\/div><\/div>\n<\/div>","protected":false},"excerpt":{"rendered":"\u015e\u00fck\u00fcr Kuruyemi\u015f \u00dcretim Tesisleri Her g\u00fcn b\u00fcy\u00fcyen ekibimiz ve \u00fcr\u00fcn gam\u0131m\u0131zla, 15.000 metrekarelik alanda, y\u00fcksek teknolojik alt yap\u0131ya sahip tesislerimizde, g\u0131da g\u00fcvenli\u011fini \u00f6n planda tutan, kuruyemi\u015fin do\u011fal, sa\u011fl\u0131kl\u0131 yap\u0131s\u0131n\u0131 koruma bilincine ba\u011fl\u0131 kalarak, bilimsel bak\u0131\u015f a\u00e7\u0131s\u0131ndan \u00f6d\u00fcn vermeden, en lezzetli \u00fcr\u00fcnlerle sizi bulu\u015fturmak i\u00e7in, t\u00fcm s\u00fcre\u00e7lerimizde \u00f6zen ve hassasiyetle \u00e7al\u0131\u015f\u0131yoruz. \u0130novasyona, \u00fcretime, ulusal ve uluslararas\u0131 [...]","protected":false},"author":1,"featured_media":0,"parent":0,"menu_order":0,"comment_status":"closed","ping_status":"closed","template":"","meta":{"footnotes":""},"class_list":["post-10235","page","type-page","status-publish","hentry"],"_links":{"self":[{"href":"https:\/\/destandisticaret.com\/tr\/wp-json\/wp\/v2\/pages\/10235","targetHints":{"allow":["GET"]}}],"collection":[{"href":"https:\/\/destandisticaret.com\/tr\/wp-json\/wp\/v2\/pages"}],"about":[{"href":"https:\/\/destandisticaret.com\/tr\/wp-json\/wp\/v2\/types\/page"}],"author":[{"embeddable":true,"href":"https:\/\/destandisticaret.com\/tr\/wp-json\/wp\/v2\/users\/1"}],"replies":[{"embeddable":true,"href":"https:\/\/destandisticaret.com\/tr\/wp-json\/wp\/v2\/comments?post=10235"}],"version-history":[{"count":11,"href":"https:\/\/destandisticaret.com\/tr\/wp-json\/wp\/v2\/pages\/10235\/revisions"}],"predecessor-version":[{"id":10400,"href":"https:\/\/destandisticaret.com\/tr\/wp-json\/wp\/v2\/pages\/10235\/revisions\/10400"}],"wp:attachment":[{"href":"https:\/\/destandisticaret.com\/tr\/wp-json\/wp\/v2\/media?parent=10235"}],"curies":[{"name":"wp","href":"https:\/\/api.w.org\/{rel}","templated":true}]}}