{"id":10231,"date":"2025-04-11T06:08:37","date_gmt":"2025-04-11T06:08:37","guid":{"rendered":"https:\/\/destandisticaret.com\/?page_id=10231"},"modified":"2025-12-15T05:53:18","modified_gmt":"2025-12-15T05:53:18","slug":"toptan-satis","status":"publish","type":"page","link":"https:\/\/destandisticaret.com\/tr\/toptan-satis\/","title":{"rendered":"Toptan Kuruyemi\u015f Sipari\u015fi"},"content":{"rendered":"<div class=\"wpb-content-wrapper\"><div class=\"vc_row wpb_row vc_row-fluid\"><div class=\"wpb_column vc_column_container vc_col-sm-12\"><div class=\"vc_column-inner\"><div class=\"wpb_wrapper\">\n\t<div class=\"wpb_text_column wpb_content_element\" >\n\t\t<div class=\"wpb_wrapper\">\n\t\t\t<p><strong>En Uygun Fiyatl\u0131 Toptan Kuruyemi\u015f Sitesi Destan D\u0131\u015f Ticaret<\/strong><br \/>Her zaman taze, her zaman en kaliteli mahsulden kuruyemi\u015f \u00e7e\u015fitleri i\u00e7in en do\u011fru adres olan Destan D\u0131\u015f Ticaret\u2019e ho\u015f geldiniz! En uygun fiyata<strong> toptan kuruyemi\u015f<\/strong> i\u00e7in Destan D\u0131\u015f Ticaret\u2019i tercih ederek diledi\u011finiz kuruyemi\u015f \u00e7e\u015fitlerinin tek t\u0131k ile kap\u0131n\u0131za gelmesini sa\u011flayabilirsiniz.<\/p>\n<p><a class=\"dugme\" href=\"https:\/\/destandisticaret.com\/tr\/toptan-kuruyemis-siparisi\/\">TOPTAN S\u0130PAR\u0130\u015e FORMU \u0130\u00c7\u0130N TIKLAYINIZ&#8230;<\/a><\/p>\n<p><img loading=\"lazy\" decoding=\"async\" class=\"alignnone wp-image-10304 size-full\" src=\"https:\/\/destandisticaret.com\/wp-content\/uploads\/2025\/04\/banner-ince-kuruyemis.jpg\" alt=\"\" width=\"1600\" height=\"186\" srcset=\"https:\/\/destandisticaret.com\/wp-content\/uploads\/2025\/04\/banner-ince-kuruyemis.jpg 1600w, https:\/\/destandisticaret.com\/wp-content\/uploads\/2025\/04\/banner-ince-kuruyemis-300x35.jpg 300w, https:\/\/destandisticaret.com\/wp-content\/uploads\/2025\/04\/banner-ince-kuruyemis-1024x119.jpg 1024w, https:\/\/destandisticaret.com\/wp-content\/uploads\/2025\/04\/banner-ince-kuruyemis-768x89.jpg 768w, https:\/\/destandisticaret.com\/wp-content\/uploads\/2025\/04\/banner-ince-kuruyemis-1536x179.jpg 1536w, https:\/\/destandisticaret.com\/wp-content\/uploads\/2025\/04\/banner-ince-kuruyemis-18x2.jpg 18w, https:\/\/destandisticaret.com\/wp-content\/uploads\/2025\/04\/banner-ince-kuruyemis-600x70.jpg 600w\" sizes=\"auto, (max-width: 1600px) 100vw, 1600px\" \/><\/p>\n<p>Destan D\u0131\u015f Ticaret, onlarca toptan <strong>kuruyemi\u015f<\/strong> se\u00e7eneklerini adresinize en h\u0131zl\u0131 ve en g\u00fcvenli \u015fekilde ula\u015ft\u0131r\u0131yor. Geni\u015f \u00fcr\u00fcn yelpazesi i\u00e7inde \u00e7ay ve kahve \u00e7e\u015fitleri de bulunan Destan D\u0131\u015f Ticaret \u00fczerinden sipari\u015f vererek kuruyemi\u015f d\u00fckkan\u0131n\u0131zdaki \u00fcr\u00fcn \u00e7e\u015fitlili\u011fini art\u0131rabilir, m\u00fc\u015fterilerinize farkl\u0131 se\u00e7enekler sunabilirsiniz.<\/p>\n<p>Buna ek olarak toptan kuruyemi\u015fin adresi Destan D\u0131\u015f Ticaret \u00fczerinden verece\u011finiz sipari\u015flerle fuar, organizasyon ve \u00f6zel g\u00fcn etkinlikleri i\u00e7in en ideal ikraml\u0131k \u00fcr\u00fcnlere sahip olabilirsiniz. Ayr\u0131ca pastane i\u00e7in pastanelik \u00fcr\u00fcnler ya da evde t\u00fcketim i\u00e7in de Destan D\u0131\u015f Ticaret \u00fczerinden diledi\u011finiz at\u0131\u015ft\u0131rmal\u0131k kuruyemi\u015f \u00e7e\u015fitlerini sipari\u015f verebilirsiniz.<\/p>\n<p><strong>Destan D\u0131\u015f Ticaret\u2019in Geni\u015f Toptan Kuruyemi\u015f \u00c7e\u015fitlerini Ke\u015ffedin!<\/strong><\/p>\n<p>Destan D\u0131\u015f Ticaret, toptan kuruyemi\u015f alan\u0131nda en geni\u015f \u00fcr\u00fcn yelpazesine sahip markalardan biri olarak \u00f6n plana \u00e7\u0131kmaktad\u0131r. B\u00fct\u00fcn \u00fcr\u00fcnlerimiz taze ve y\u00fcksek kalitelidir.<\/p>\n<p>E\u011fer her \u00fcr\u00fcn i\u00e7in farkl\u0131 toptan kuruyemi\u015f\u00e7i ile \u00e7al\u0131\u015fmaktan yorulduysan\u0131z, \u201ckaliteli toptan kuruyemi\u015f nereden al\u0131n\u0131r?\u201d sorusuna g\u00fcvenilir bir yan\u0131t ar\u0131yorsan\u0131z, o halde en do\u011fru adrestesiniz! Peki Destan D\u0131\u015f Ticaret\u2019in toptan kuruyemi\u015f se\u00e7enekleri aras\u0131nda hangi \u00fcr\u00fcnler yer almaktad\u0131r?<\/p>\n<p><strong>Her G\u00fcn Bir Avu\u00e7 Kuruyemi\u015f<\/strong><\/p>\n<p>Destan D\u0131\u015f Ticaret, uygun fiyatl\u0131 toptan kuruyemi\u015f \u00e7e\u015fitleri ile ad\u0131ndan sekt\u00f6r\u00fcn \u00f6nde gelen markalar\u0131ndan biri olarak kar\u015f\u0131n\u0131za \u00e7\u0131kmaktad\u0131r. \u00c7\u00fcnk\u00fc Destan D\u0131\u015f Ticaret\u2019te m\u00fc\u015fterilerinizin en \u00e7ok tercih etti\u011fi t\u00fcm \u00fcr\u00fcn gruplar\u0131n\u0131 en kaliteli ve taze haliyle bulabilmeniz m\u00fcmk\u00fcn.<\/p>\n<p>Kabuklu veya kabuksuz, \u00e7i\u011f ya da \u00e7ifte kavrulmu\u015f, b\u00fct\u00fcn halinde ya da toz halinde toptan f\u0131nd\u0131k \u00e7e\u015fitlerimiz; do\u011fan\u0131n bu bereketli arma\u011fan\u0131n\u0131 mutfaklara ta\u015f\u0131yor. Benzersiz omega 3 kayna\u011f\u0131 ve enerji deposu toptan ceviz; kabuklu, ay\u0131klanm\u0131\u015f ve yemeklik olmak \u00fczere k\u00fc\u00e7\u00fclt\u00fclm\u00fc\u015f olarak sat\u0131\u015fa sunulmaktad\u0131r.<\/p>\n<p>Sofralar\u0131 an\u0131nda zenginle\u015ftiren, tatl\u0131lar\u0131 bir ad\u0131m \u00f6teye ta\u015f\u0131yan toptan Antep f\u0131st\u0131\u011f\u0131 ve \u00f6zel bir lezzet arayanlar i\u00e7in toptan Siirt f\u0131st\u0131\u011f\u0131 \u00e7e\u015fitlerimiz de bulunmaktad\u0131r. Ege mutfa\u011f\u0131n\u0131n incisi, her hali ile faydal\u0131 toptan bademt\u00fcrleri; talebe g\u00f6re file, \u00e7i\u011f, toz, soyulmu\u015f ya da kavrulmu\u015f olarak adresinize ula\u015ft\u0131r\u0131l\u0131r.<\/p>\n<p>Mutfaklar\u0131n nispeten yeni transferi toptan kaju da kavrulmu\u015f ve \u00e7i\u011f se\u00e7enekleri ile Destan D\u0131\u015f Ticaret\u2019te sizleri bekliyor. Bu klasik toptan kuruyemi\u015f se\u00e7eneklerinin yan\u0131 s\u0131ra, at\u0131\u015ft\u0131rmal\u0131k lezzetler arayanlar i\u00e7in de alternatiflerimiz var! Lezzetli bir at\u0131\u015ft\u0131rmal\u0131k \u00e7e\u015fidi olan toptan yer f\u0131st\u0131\u011f\u0131; tuzlu, kavrulmu\u015f, \u00e7i\u011f ve kabuklu olarak be\u011feninize sunulmaktad\u0131r.<\/p>\n<p>Keyifli sohbetlerin en g\u00fczel e\u015flik\u00e7isi toptan kabak \u00e7ekirde\u011fi ve toptan ay \u00e7ekirde\u011fi ise farkl\u0131 boyut, kavrulma ve tuzluluk oranlar\u0131 ile al\u0131c\u0131lar\u0131n\u0131 bekliyor. Yarat\u0131c\u0131l\u0131kta s\u0131n\u0131r tan\u0131mayan kuruyemi\u015f toptan leblebi ise; sar\u0131, beyaz, \u00e7ikolatal\u0131 ve gevrek gibi sizi \u015fa\u015f\u0131rtacak t\u00fcrlere sahip.<\/p>\n<p>E\u011flence mekanlar\u0131n\u0131n vazge\u00e7ilmezi toptan m\u0131s\u0131r \u00e7e\u015fitleri ve toptan soslu \u00fcr\u00fcnler, uygun toptan kuruyemi\u015f fiyatlar\u0131 aray\u0131\u015f\u0131ndaki i\u015fletmeciler i\u00e7in birebir. Destan D\u0131\u015f Ticaret\u2019in \u00e7erez fiyatlar\u0131, en yak\u0131n rakibininki ile k\u0131yaslanamayacak kadar uygundur.<\/p>\n<p><strong>Toptan kuruyemi\u015f nereden al\u0131n\u0131r?<\/strong><\/p>\n<p>Toptan kuruyemi\u015f ma\u011fazalar\u0131 ve toptan kuruyemi\u015f sat\u0131\u015f\u0131 yapan online platformlar\u0131 ziyaret ederek toptan kuruyemi\u015f alabilirsiniz. Ancak <strong>toptan kuruyemi\u015f<\/strong> almak i\u00e7in tercih edece\u011finiz i\u015fletmenin Destan D\u0131\u015f Ticaret gibi bu konuda deneyimli ve g\u00fcvenilir oldu\u011fundan, ayr\u0131ca kaliteli \u00fcr\u00fcnler sundu\u011fundan emin olman\u0131z\u0131 \u00f6neririz.<\/p>\n<p>\u00a0<\/p>\n\n\t\t<\/div>\n\t<\/div>\n<\/div><\/div><\/div><\/div>\n<\/div>","protected":false},"excerpt":{"rendered":"En Uygun Fiyatl\u0131 Toptan Kuruyemi\u015f Sitesi Destan D\u0131\u015f TicaretHer zaman taze, her zaman en kaliteli mahsulden kuruyemi\u015f \u00e7e\u015fitleri i\u00e7in en do\u011fru adres olan Destan D\u0131\u015f Ticaret\u2019e ho\u015f geldiniz! En uygun fiyata toptan kuruyemi\u015f i\u00e7in Destan D\u0131\u015f Ticaret\u2019i tercih ederek diledi\u011finiz kuruyemi\u015f \u00e7e\u015fitlerinin tek t\u0131k ile kap\u0131n\u0131za gelmesini sa\u011flayabilirsiniz. TOPTAN S\u0130PAR\u0130\u015e FORMU \u0130\u00c7\u0130N TIKLAYINIZ... Destan D\u0131\u015f [...]","protected":false},"author":1,"featured_media":0,"parent":0,"menu_order":0,"comment_status":"closed","ping_status":"closed","template":"","meta":{"footnotes":""},"class_list":["post-10231","page","type-page","status-publish","hentry"],"_links":{"self":[{"href":"https:\/\/destandisticaret.com\/tr\/wp-json\/wp\/v2\/pages\/10231","targetHints":{"allow":["GET"]}}],"collection":[{"href":"https:\/\/destandisticaret.com\/tr\/wp-json\/wp\/v2\/pages"}],"about":[{"href":"https:\/\/destandisticaret.com\/tr\/wp-json\/wp\/v2\/types\/page"}],"author":[{"embeddable":true,"href":"https:\/\/destandisticaret.com\/tr\/wp-json\/wp\/v2\/users\/1"}],"replies":[{"embeddable":true,"href":"https:\/\/destandisticaret.com\/tr\/wp-json\/wp\/v2\/comments?post=10231"}],"version-history":[{"count":6,"href":"https:\/\/destandisticaret.com\/tr\/wp-json\/wp\/v2\/pages\/10231\/revisions"}],"predecessor-version":[{"id":10723,"href":"https:\/\/destandisticaret.com\/tr\/wp-json\/wp\/v2\/pages\/10231\/revisions\/10723"}],"wp:attachment":[{"href":"https:\/\/destandisticaret.com\/tr\/wp-json\/wp\/v2\/media?parent=10231"}],"curies":[{"name":"wp","href":"https:\/\/api.w.org\/{rel}","templated":true}]}}