{"id":10218,"date":"2025-04-10T13:31:23","date_gmt":"2025-04-10T13:31:23","guid":{"rendered":"https:\/\/destandisticaret.com\/?page_id=10218"},"modified":"2025-10-21T12:29:09","modified_gmt":"2025-10-21T12:29:09","slug":"insan-kaynaklari","status":"publish","type":"page","link":"https:\/\/destandisticaret.com\/tr\/insan-kaynaklari\/","title":{"rendered":"\u0130nsan Kaynaklar\u0131"},"content":{"rendered":"<div class=\"wpb-content-wrapper\"><div class=\"vc_row wpb_row vc_row-fluid\"><div class=\"wpb_column vc_column_container vc_col-sm-12\"><div class=\"vc_column-inner\"><div class=\"wpb_wrapper\">\n\t<div class=\"wpb_text_column wpb_content_element\" >\n\t\t<div class=\"wpb_wrapper\">\n\t\t\t<h2>Ekibimize Kat\u0131l\u0131n<\/h2>\n<p>Her zaman ekibimize kat\u0131lmak i\u00e7in tutkulu, yetenekli bireyler ar\u0131yoruz.<\/p>\n<p>M\u00fckemmelli\u011fe kararl\u0131ysan\u0131z ve dinamik ve yenilik\u00e7i bir \u015firkette \u00f6d\u00fcllendirici bir kariyer ar\u0131yorsan\u0131z, sizi Destan D\u0131\u015f Ticaret firmam\u0131zdaki f\u0131rsatlar\u0131 ke\u015ffetmeye davet ediyoruz.<\/p>\n<p>Bize CV&#8217;nizi info@destandisticaret.com adresinden g\u00f6nderebilirsiniz.<\/p>\n<p><\/p>\n\n\t\t<\/div>\n\t<\/div>\n<div class=\"wpb_gallery wpb_content_element vc_clearfix vc_custom_1761049744631 wpb_content_element wpb_animate_when_almost_visible wpb_fadeIn fadeIn\" ><div class=\"wpb_wrapper\"><div class=\"wpb_gallery_slides wpb_image_grid\" data-interval=\"3\"><ul class=\"wpb_image_grid_ul\"><li class=\"isotope-item\"><a class=\"\" href=\"https:\/\/destandisticaret.com\/wp-content\/uploads\/2025\/04\/fabrika-resim-uzun-1024x263.jpg\" data-lightbox=\"lightbox[rel-10218-1914705175]\"><img loading=\"lazy\" decoding=\"async\" width=\"1920\" height=\"494\" src=\"https:\/\/destandisticaret.com\/wp-content\/uploads\/2025\/04\/fabrika-resim-uzun.jpg\" class=\"attachment-full\" alt=\"\" title=\"fabrika-resim-uzun\" srcset=\"https:\/\/destandisticaret.com\/wp-content\/uploads\/2025\/04\/fabrika-resim-uzun.jpg 1920w, https:\/\/destandisticaret.com\/wp-content\/uploads\/2025\/04\/fabrika-resim-uzun-300x77.jpg 300w, https:\/\/destandisticaret.com\/wp-content\/uploads\/2025\/04\/fabrika-resim-uzun-1024x263.jpg 1024w, https:\/\/destandisticaret.com\/wp-content\/uploads\/2025\/04\/fabrika-resim-uzun-768x198.jpg 768w, https:\/\/destandisticaret.com\/wp-content\/uploads\/2025\/04\/fabrika-resim-uzun-1536x395.jpg 1536w, https:\/\/destandisticaret.com\/wp-content\/uploads\/2025\/04\/fabrika-resim-uzun-18x5.jpg 18w, https:\/\/destandisticaret.com\/wp-content\/uploads\/2025\/04\/fabrika-resim-uzun-600x154.jpg 600w\" sizes=\"auto, (max-width: 1920px) 100vw, 1920px\" \/><\/a><\/li><li class=\"isotope-item\"><a class=\"\" href=\"https:\/\/destandisticaret.com\/wp-content\/uploads\/2025\/04\/euronut-labaratuvar-resim-1024x263.jpg\" data-lightbox=\"lightbox[rel-10218-1914705175]\"><img loading=\"lazy\" decoding=\"async\" width=\"1920\" height=\"494\" src=\"https:\/\/destandisticaret.com\/wp-content\/uploads\/2025\/04\/euronut-labaratuvar-resim.jpg\" class=\"attachment-full\" alt=\"\" title=\"euronut-labaratuvar-resim\" srcset=\"https:\/\/destandisticaret.com\/wp-content\/uploads\/2025\/04\/euronut-labaratuvar-resim.jpg 1920w, https:\/\/destandisticaret.com\/wp-content\/uploads\/2025\/04\/euronut-labaratuvar-resim-300x77.jpg 300w, https:\/\/destandisticaret.com\/wp-content\/uploads\/2025\/04\/euronut-labaratuvar-resim-1024x263.jpg 1024w, https:\/\/destandisticaret.com\/wp-content\/uploads\/2025\/04\/euronut-labaratuvar-resim-768x198.jpg 768w, https:\/\/destandisticaret.com\/wp-content\/uploads\/2025\/04\/euronut-labaratuvar-resim-1536x395.jpg 1536w, https:\/\/destandisticaret.com\/wp-content\/uploads\/2025\/04\/euronut-labaratuvar-resim-18x5.jpg 18w, https:\/\/destandisticaret.com\/wp-content\/uploads\/2025\/04\/euronut-labaratuvar-resim-600x154.jpg 600w\" sizes=\"auto, (max-width: 1920px) 100vw, 1920px\" \/><\/a><\/li><li class=\"isotope-item\"><a class=\"\" href=\"https:\/\/destandisticaret.com\/wp-content\/uploads\/2025\/04\/euronut-uretim-bandi-1024x263.jpg\" data-lightbox=\"lightbox[rel-10218-1914705175]\"><img loading=\"lazy\" decoding=\"async\" width=\"1920\" height=\"494\" src=\"https:\/\/destandisticaret.com\/wp-content\/uploads\/2025\/04\/euronut-uretim-bandi.jpg\" class=\"attachment-full\" alt=\"\" title=\"euronut-uretim-bandi\" srcset=\"https:\/\/destandisticaret.com\/wp-content\/uploads\/2025\/04\/euronut-uretim-bandi.jpg 1920w, https:\/\/destandisticaret.com\/wp-content\/uploads\/2025\/04\/euronut-uretim-bandi-300x77.jpg 300w, https:\/\/destandisticaret.com\/wp-content\/uploads\/2025\/04\/euronut-uretim-bandi-1024x263.jpg 1024w, https:\/\/destandisticaret.com\/wp-content\/uploads\/2025\/04\/euronut-uretim-bandi-768x198.jpg 768w, https:\/\/destandisticaret.com\/wp-content\/uploads\/2025\/04\/euronut-uretim-bandi-1536x395.jpg 1536w, https:\/\/destandisticaret.com\/wp-content\/uploads\/2025\/04\/euronut-uretim-bandi-18x5.jpg 18w, https:\/\/destandisticaret.com\/wp-content\/uploads\/2025\/04\/euronut-uretim-bandi-600x154.jpg 600w\" sizes=\"auto, (max-width: 1920px) 100vw, 1920px\" \/><\/a><\/li><\/ul><\/div><\/div><\/div><\/div><\/div><\/div><\/div>\r\n<\/div>","protected":false},"excerpt":{"rendered":"Ekibimize Kat\u0131l\u0131n Her zaman ekibimize kat\u0131lmak i\u00e7in tutkulu, yetenekli bireyler ar\u0131yoruz. M\u00fckemmelli\u011fe kararl\u0131ysan\u0131z ve dinamik ve yenilik\u00e7i bir \u015firkette \u00f6d\u00fcllendirici bir kariyer ar\u0131yorsan\u0131z, sizi Destan D\u0131\u015f Ticaret firmam\u0131zdaki f\u0131rsatlar\u0131 ke\u015ffetmeye davet ediyoruz. Bize CV'nizi info@destandisticaret.com adresinden g\u00f6nderebilirsiniz.","protected":false},"author":1,"featured_media":0,"parent":0,"menu_order":0,"comment_status":"closed","ping_status":"closed","template":"","meta":{"footnotes":""},"class_list":["post-10218","page","type-page","status-publish","hentry"],"_links":{"self":[{"href":"https:\/\/destandisticaret.com\/tr\/wp-json\/wp\/v2\/pages\/10218","targetHints":{"allow":["GET"]}}],"collection":[{"href":"https:\/\/destandisticaret.com\/tr\/wp-json\/wp\/v2\/pages"}],"about":[{"href":"https:\/\/destandisticaret.com\/tr\/wp-json\/wp\/v2\/types\/page"}],"author":[{"embeddable":true,"href":"https:\/\/destandisticaret.com\/tr\/wp-json\/wp\/v2\/users\/1"}],"replies":[{"embeddable":true,"href":"https:\/\/destandisticaret.com\/tr\/wp-json\/wp\/v2\/comments?post=10218"}],"version-history":[{"count":11,"href":"https:\/\/destandisticaret.com\/tr\/wp-json\/wp\/v2\/pages\/10218\/revisions"}],"predecessor-version":[{"id":10676,"href":"https:\/\/destandisticaret.com\/tr\/wp-json\/wp\/v2\/pages\/10218\/revisions\/10676"}],"wp:attachment":[{"href":"https:\/\/destandisticaret.com\/tr\/wp-json\/wp\/v2\/media?parent=10218"}],"curies":[{"name":"wp","href":"https:\/\/api.w.org\/{rel}","templated":true}]}}