{"id":10698,"date":"2025-11-27T11:48:33","date_gmt":"2025-11-27T11:48:33","guid":{"rendered":"https:\/\/destandisticaret.com\/?page_id=10698"},"modified":"2025-11-27T12:37:09","modified_gmt":"2025-11-27T12:37:09","slug":"%d1%83%d1%81%d0%bb%d1%83%d0%b3%d0%b8-%d0%b8%d0%bd%d1%84%d0%be%d1%80%d0%bc%d0%b0%d1%86%d0%b8%d0%be%d0%bd%d0%bd%d0%be%d0%b3%d0%be-%d0%be%d0%b1%d1%89%d0%b5%d1%81%d1%82%d0%b2%d0%b0","status":"publish","type":"page","link":"https:\/\/destandisticaret.com\/ru\/%d1%83%d1%81%d0%bb%d1%83%d0%b3%d0%b8-%d0%b8%d0%bd%d1%84%d0%be%d1%80%d0%bc%d0%b0%d1%86%d0%b8%d0%be%d0%bd%d0%bd%d0%be%d0%b3%d0%be-%d0%be%d0%b1%d1%89%d0%b5%d1%81%d1%82%d0%b2%d0%b0\/","title":{"rendered":"\u0423\u0441\u043b\u0443\u0433\u0438 \u0438\u043d\u0444\u043e\u0440\u043c\u0430\u0446\u0438\u043e\u043d\u043d\u043e\u0433\u043e \u043e\u0431\u0449\u0435\u0441\u0442\u0432\u0430"},"content":{"rendered":"<div class=\"wpb-content-wrapper\"><div class=\"vc_row wpb_row vc_row-fluid\"><div class=\"wpb_column vc_column_container vc_col-sm-12\"><div class=\"vc_column-inner\"><div class=\"wpb_wrapper\"><div class=\"vc_message_box vc_message_box-standard vc_message_box-rounded vc_color-sky vc_do_message\" ><div class=\"vc_message_box-icon\"><i class=\"fa fa-solid fa-magnifying-glass-chart\"><\/i><\/div><h5>\u0418\u043d\u0444\u043e\u0440\u043c\u0430\u0446\u0438\u044f \u043e \u043a\u043e\u043c\u043f\u0430\u043d\u0438\u0438<\/h5>\n<p><strong>\u0422\u043e\u0440\u0433\u043e\u0432\u043e\u0435 \u043d\u0430\u0437\u0432\u0430\u043d\u0438\u0435:<\/strong> DESTAN FOREIGN TRADE AND FOOD INDUSTRY LIMITED COMPANY<\/p>\n<p><strong>\u041d\u043e\u043c\u0435\u0440 \u041c\u0415\u0420\u0421\u0418\u0421:<\/strong> 57685<\/p>\n<p><strong>\u041d\u0430\u043b\u043e\u0433\u043e\u0432\u0430\u044f \u0438\u043d\u0441\u043f\u0435\u043a\u0446\u0438\u044f \/ \u041d\u043e\u043c\u0435\u0440:<\/strong> \u041d\u0410\u041b\u041e\u0413\u041e\u0412\u041e\u0415 \u0423\u041f\u0420\u0410\u0412\u041b\u0415\u041d\u0418\u0415 \u0421\u0418\u041b\u0418\u0412\u0420\u0418 \/ 293 041 94 29<\/p>\n<p><strong>\u0410\u0434\u0440\u0435\u0441:<\/strong> \u041a\u0410\u0412\u0410\u041a\u041b\u0418 \u0418\u0421\u0422\u0418\u041a\u041b\u0410\u041b \u041c\u0410\u0425. 5006. \u0423\u041b\u0418\u0426\u0410. \u0415\u0412\u0420\u041e\u041d\u041e\u0422 \u2116: 11 \u0421\u0418\u041b\u0418\u0412\u0420\u0418\/<br \/>\n\u0421\u0422\u0410\u041c\u0411\u0423\u041b<\/p>\n<p><strong>\u0422\u0435\u043b\u0435\u0444\u043e\u043d:<\/strong> +90 212 723 70 70<\/p>\n<p><strong>\u042d\u043b\u0435\u043a\u0442\u0440\u043e\u043d\u043d\u0430\u044f \u043f\u043e\u0447\u0442\u0430:<\/strong> info@destandisticaret.com<\/p>\n<\/div><div class=\"vc_message_box vc_message_box-standard vc_message_box-rounded vc_color-sky vc_do_message\" ><div class=\"vc_message_box-icon\"><i class=\"fa fa-solid fa-magnifying-glass-chart\"><\/i><\/div><h5>\u0423\u043f\u0440\u0430\u0432\u043b\u0435\u043d\u0447\u0435\u0441\u043a\u0430\u044f \u0438\u043d\u0444\u043e\u0440\u043c\u0430\u0446\u0438\u044f<\/h5>\n<p><strong>\u0423\u043f\u043e\u043b\u043d\u043e\u043c\u043e\u0447\u0435\u043d\u043d\u043e\u0435 \u043b\u0438\u0446\u043e:<\/strong> \u0410\u0439\u0433\u0443\u043b\u044c \u0421\u0443\u043a\u0443\u043d<\/p>\n<\/div><div class=\"vc_message_box vc_message_box-standard vc_message_box-rounded vc_color-sky vc_do_message\" ><div class=\"vc_message_box-icon\"><i class=\"fa fa-solid fa-magnifying-glass-chart\"><\/i><\/div><h5>\u0418\u043d\u0444\u043e\u0440\u043c\u0430\u0446\u0438\u044f \u0442\u043e\u0440\u0433\u043e\u0432\u043e\u0433\u043e \u0440\u0435\u0435\u0441\u0442\u0440\u0430<\/h5>\n<p><strong>\u0420\u0435\u0433\u0438\u0441\u0442\u0440\u0430\u0446\u0438\u043e\u043d\u043d\u044b\u0439 \u043d\u043e\u043c\u0435\u0440:<\/strong> 573438-0<\/p>\n<p><strong>\u0423\u043f\u0440\u0430\u0432\u043b\u0435\u043d\u0438\u0435 \u0442\u043e\u0440\u0433\u043e\u0432\u043e\u0433\u043e \u0440\u0435\u0435\u0441\u0442\u0440\u0430:<\/strong> \u0421\u0442\u0430\u043c\u0431\u0443\u043b\u044c\u0441\u043a\u043e\u0435 \u0443\u043f\u0440\u0430\u0432\u043b\u0435\u043d\u0438\u0435 \u0442\u043e\u0440\u0433\u043e\u0432\u043e\u0433\u043e \u0440\u0435\u0435\u0441\u0442\u0440\u0430<\/p>\n<\/div><div class=\"vc_message_box vc_message_box-standard vc_message_box-rounded vc_color-sky vc_do_message\" ><div class=\"vc_message_box-icon\"><i class=\"fa fa-solid fa-magnifying-glass-chart\"><\/i><\/div><h5>\u0410\u0443\u0434\u0438\u0442\u043e\u0440<\/h5>\n<p>\u0414\u0436\u0435\u043d\u0433\u0438\u0437 \u0422\u0443\u0440\u043c\u0430\u0437<\/p>\n<p><strong>\u0420\u0435\u0433\u0438\u0441\u0442\u0440\u0430\u0446\u0438\u043e\u043d\u043d\u044b\u0439 \u043d\u043e\u043c\u0435\u0440:<\/strong> \u0411\u0414\/2014\/05752<\/p>\n<p><strong>\u0410\u0434\u0440\u0435\u0441:<\/strong> \u0420\u0430\u0439\u043e\u043d \u041c\u0430\u043b\u0442\u0435\u043f\u0435, \u0443\u043b\u0438\u0446\u0430 \u0415\u0434\u0438\u043a\u0443\u043b\u0435 \u0427\u044b\u0440\u043f\u044b\u0434\u0436\u0438 \u0419\u043e\u043b\u0443, \u043e\u0444\u0438\u0441 \u0410\u0432\u0440\u0443\u043f\u0430 \u041a\u0430\u043b\u0435, \u0411\u043b\u043e\u043a 9, \u2116: 2, \u042d\u0442\u0430\u0436: 5, \u0417\u0435\u0439\u0442\u0438\u043d\u0431\u0443\u0440\u043d\u0443-\u0421\u0442\u0430\u043c\u0431\u0443\u043b<\/p>\n<\/div><\/div><\/div><\/div><\/div>\n<\/div>","protected":false},"excerpt":{"rendered":"\u015eirket Bilgileri Ticaret Unvan\u0131: DESTAN DI\u015e T\u0130CARET VE GIDA SANAY\u0130 L\u0130M\u0130TED \u015e\u0130RKET\u0130 MERS\u0130S No: 57685 Vergi Dairesi \/ No: S\u0130L\u0130VR\u0130 VERG\u0130 DA\u0130RES\u0130 \/ 293 041 94 29 Adres: KAVAKLI \u0130ST\u0130KLAL MAH. 5006. SK. EURONUT NO: 11 S\u0130L\u0130VR\u0130\/ \u0130STANBUL Telefon: +90 212 723 70 70 E-posta: info@destandisticaret.com Y\u00f6netim Bilgileri Yetkili Ki\u015fi: Ayg\u00fcl \u015e\u00fck\u00fcn Ticaret Sicili Bilgileri [...]","protected":false},"author":1,"featured_media":0,"parent":0,"menu_order":0,"comment_status":"closed","ping_status":"closed","template":"","meta":{"footnotes":""},"class_list":["post-10698","page","type-page","status-publish","hentry"],"_links":{"self":[{"href":"https:\/\/destandisticaret.com\/ru\/wp-json\/wp\/v2\/pages\/10698","targetHints":{"allow":["GET"]}}],"collection":[{"href":"https:\/\/destandisticaret.com\/ru\/wp-json\/wp\/v2\/pages"}],"about":[{"href":"https:\/\/destandisticaret.com\/ru\/wp-json\/wp\/v2\/types\/page"}],"author":[{"embeddable":true,"href":"https:\/\/destandisticaret.com\/ru\/wp-json\/wp\/v2\/users\/1"}],"replies":[{"embeddable":true,"href":"https:\/\/destandisticaret.com\/ru\/wp-json\/wp\/v2\/comments?post=10698"}],"version-history":[{"count":19,"href":"https:\/\/destandisticaret.com\/ru\/wp-json\/wp\/v2\/pages\/10698\/revisions"}],"predecessor-version":[{"id":10718,"href":"https:\/\/destandisticaret.com\/ru\/wp-json\/wp\/v2\/pages\/10698\/revisions\/10718"}],"wp:attachment":[{"href":"https:\/\/destandisticaret.com\/ru\/wp-json\/wp\/v2\/media?parent=10698"}],"curies":[{"name":"WP","href":"https:\/\/api.w.org\/{rel}","templated":true}]}}