{"id":10265,"date":"2025-04-11T08:56:02","date_gmt":"2025-04-11T08:56:02","guid":{"rendered":"https:\/\/destandisticaret.com\/?page_id=10265"},"modified":"2025-04-11T09:42:23","modified_gmt":"2025-04-11T09:42:23","slug":"%d0%bd%d0%b0%d1%88%d0%b8-%d1%81%d0%b5%d1%80%d1%82%d0%b8%d1%84%d0%b8%d0%ba%d0%b0%d1%82%d1%8b-%d0%ba%d0%b0%d1%87%d0%b5%d1%81%d1%82%d0%b2%d0%b0","status":"publish","type":"page","link":"https:\/\/destandisticaret.com\/ru\/%d0%bd%d0%b0%d1%88%d0%b8-%d1%81%d0%b5%d1%80%d1%82%d0%b8%d1%84%d0%b8%d0%ba%d0%b0%d1%82%d1%8b-%d0%ba%d0%b0%d1%87%d0%b5%d1%81%d1%82%d0%b2%d0%b0\/","title":{"rendered":"\u041d\u0430\u0448\u0438 \u0441\u0435\u0440\u0442\u0438\u0444\u0438\u043a\u0430\u0442\u044b \u043a\u0430\u0447\u0435\u0441\u0442\u0432\u0430"},"content":{"rendered":"<div class=\"wpb-content-wrapper\"><div class=\"vc_row wpb_row vc_row-fluid\"><div class=\"wpb_column vc_column_container vc_col-sm-12\"><div class=\"vc_column-inner\"><div class=\"wpb_wrapper\">\n\t<div class=\"wpb_text_column wpb_content_element\" >\n\t\t<div class=\"wpb_wrapper\">\n\t\t\t<p style=\"text-align: left;\">\u041d\u0430\u0448\u0435 \u0441\u0442\u0440\u0435\u043c\u043b\u0435\u043d\u0438\u0435 \u043a \u0441\u043e\u0432\u0435\u0440\u0448\u0435\u043d\u0441\u0442\u0432\u0443 \u043f\u043e\u0434\u0442\u0432\u0435\u0440\u0436\u0434\u0430\u0435\u0442\u0441\u044f \u043c\u0435\u0436\u0434\u0443\u043d\u0430\u0440\u043e\u0434\u043d\u043e \u043f\u0440\u0438\u0437\u043d\u0430\u043d\u043d\u044b\u043c\u0438 \u0441\u0435\u0440\u0442\u0438\u0444\u0438\u043a\u0430\u0442\u0430\u043c\u0438 \u043a\u0430\u0447\u0435\u0441\u0442\u0432\u0430.<\/p>\n<p style=\"text-align: left;\">\u041c\u044b \u0437\u0430\u043a\u0443\u043f\u0430\u0435\u043c \u043b\u0443\u0447\u0448\u0435\u0435 \u0441\u044b\u0440\u044c\u0435 \u0443 \u043f\u0440\u043e\u0432\u0435\u0440\u0435\u043d\u043d\u044b\u0445 \u043f\u043e\u0441\u0442\u0430\u0432\u0449\u0438\u043a\u043e\u0432 \u043f\u043e \u0432\u0441\u0435\u043c\u0443 \u043c\u0438\u0440\u0443 \u0438 \u0433\u0430\u0440\u0430\u043d\u0442\u0438\u0440\u0443\u0435\u043c, \u0447\u0442\u043e \u043d\u0430\u0448\u0430 \u043f\u0440\u043e\u0434\u0443\u043a\u0446\u0438\u044f \u043f\u043e\u0441\u0442\u0430\u0432\u043b\u044f\u0435\u0442\u0441\u044f \u0431\u0435\u0437\u043e\u043f\u0430\u0441\u043d\u043e, \u044d\u043a\u043e\u043b\u043e\u0433\u0438\u0447\u0435\u0441\u043a\u0438 \u0443\u0441\u0442\u043e\u0439\u0447\u0438\u0432\u043e \u0438 \u044d\u0442\u0438\u0447\u043d\u043e.<\/p>\n<p style=\"text-align: left;\">\u041d\u0430\u0448\u0438 \u043f\u0440\u043e\u0447\u043d\u044b\u0435 \u043e\u0442\u043d\u043e\u0448\u0435\u043d\u0438\u044f \u0441 \u043f\u043e\u0441\u0442\u0430\u0432\u0449\u0438\u043a\u0430\u043c\u0438 \u043f\u043e\u0437\u0432\u043e\u043b\u044f\u044e\u0442 \u043d\u0430\u043c \u043f\u043e\u0434\u0434\u0435\u0440\u0436\u0438\u0432\u0430\u0442\u044c \u0441\u0442\u0430\u0431\u0438\u043b\u044c\u043d\u043e\u0435 \u043a\u0430\u0447\u0435\u0441\u0442\u0432\u043e \u043d\u0430\u0448\u0438\u0445 \u043f\u0440\u0435\u0434\u043b\u043e\u0436\u0435\u043d\u0438\u0439.<\/p>\n<p style=\"text-align: left;\">\u041d\u0430\u0448\u0438 \u043f\u0440\u043e\u0432\u0435\u0440\u043a\u0438 \u043a\u0430\u0447\u0435\u0441\u0442\u0432\u0430 \u0438 \u0442\u0449\u0430\u0442\u0435\u043b\u044c\u043d\u043e \u0440\u0435\u0430\u043b\u0438\u0437\u0443\u0435\u043c\u044b\u0439 \u043f\u043b\u0430\u043d \u043e\u0442\u0431\u043e\u0440\u0430 \u043f\u0440\u043e\u0431 \u0433\u0430\u0440\u0430\u043d\u0442\u0438\u0440\u0443\u044e\u0442 \u0431\u0435\u0437\u043e\u043f\u0430\u0441\u043d\u043e\u0441\u0442\u044c \u0438 \u043a\u0430\u0447\u0435\u0441\u0442\u0432\u043e \u043d\u0430\u0448\u0435\u0439 \u0433\u043e\u0442\u043e\u0432\u043e\u0439 \u043f\u0440\u043e\u0434\u0443\u043a\u0446\u0438\u0438.<\/p>\n<p style=\"text-align: left;\">\u0415\u0436\u0435\u0433\u043e\u0434\u043d\u0430\u044f \u043e\u0446\u0435\u043d\u043a\u0430 \u043d\u0430\u0448\u0438\u0445 \u0446\u0435\u043b\u0435\u0439 \u0432 \u043e\u0431\u043b\u0430\u0441\u0442\u0438 \u043a\u0430\u0447\u0435\u0441\u0442\u0432\u0430 \u043e\u0441\u043d\u043e\u0432\u044b\u0432\u0430\u0435\u0442\u0441\u044f \u043d\u0430 \u0441\u043b\u0435\u0434\u0443\u044e\u0449\u0438\u0445 \u041a\u041f\u042d:<\/p>\n<p style=\"text-align: left;\">\u2013 \u041c\u0438\u043d\u0438\u043c\u0438\u0437\u0430\u0446\u0438\u044f \u043d\u0435\u0441\u043e\u043e\u0442\u0432\u0435\u0442\u0441\u0442\u0432\u0443\u044e\u0449\u0435\u0439 \u043f\u0440\u043e\u0434\u0443\u043a\u0446\u0438\u0438.<\/p>\n<p style=\"text-align: left;\">\u2013 \u041f\u043e\u0432\u044b\u0448\u0435\u043d\u0438\u0435 \u044d\u0444\u0444\u0435\u043a\u0442\u0438\u0432\u043d\u043e\u0441\u0442\u0438 \u0440\u0430\u0431\u043e\u0442\u044b \u043d\u0430\u0448\u0438\u0445 \u043f\u043e\u0441\u0442\u0430\u0432\u0449\u0438\u043a\u043e\u0432.<\/p>\n<p style=\"text-align: left;\">\u2013 \u041c\u0438\u043d\u0438\u043c\u0438\u0437\u0430\u0446\u0438\u044f \u0436\u0430\u043b\u043e\u0431 \u0441\u043e \u0441\u0442\u043e\u0440\u043e\u043d\u044b \u043d\u0430\u0448\u0435\u0439 \u043a\u043b\u0438\u0435\u043d\u0442\u0441\u043a\u043e\u0439 \u0431\u0430\u0437\u044b.<\/p>\n<p style=\"text-align: left;\">\n<p style=\"text-align: left;\"><strong>\u0412\u042b \u041c\u041e\u0416\u0415\u0422\u0415 \u0421\u041a\u0410\u0427\u0410\u0422\u042c \u041d\u0410\u0428\u0418 \u0422\u0415\u041a\u0423\u0429\u0418\u0415 \u0421\u0415\u0420\u0422\u0418\u0424\u0418\u041a\u0410\u0422\u042b, \u041d\u0410\u0416\u0410\u0412 \u041d\u0410 \u0421\u041e\u041e\u0422\u0412\u0415\u0422\u0421\u0422\u0412\u0423\u042e\u0429\u0418\u0419 \u041b\u041e\u0413\u041e\u0422\u0418\u041f \u041d\u0418\u0416\u0415.<\/strong><\/p>\n<p style=\"text-align: left;\"><a href=\"https:\/\/destandisticaret.com\/wp-content\/uploads\/2025\/04\/Euronut-UAF-Sertifika-9001-R.4.pdf\" target=\"_blank\" rel=\"noopener\"><img loading=\"lazy\" decoding=\"async\" class=\"size-medium\" src=\"https:\/\/destandisticaret.com\/wp-content\/uploads\/2025\/04\/iso-9001-300x300.png\" alt=\"\" width=\"150\" height=\"150\" \/><\/a><a href=\"https:\/\/destandisticaret.com\/wp-content\/uploads\/2025\/04\/BRCGS-Food-Certificate-Euronut-Kuruyemis-Ve-Ticaret-AS-2025.pdf\" target=\"_blank\" rel=\"noopener\"><img loading=\"lazy\" decoding=\"async\" class=\"size-medium\" src=\"https:\/\/destandisticaret.com\/wp-content\/uploads\/2025\/04\/BRCGS-logo-1-300x300.webp\" alt=\"\" width=\"150\" height=\"150\" \/><\/a><a href=\"https:\/\/destandisticaret.com\/wp-content\/uploads\/2025\/04\/Euronut-UAF-Sertifika-22000-R.4.pdf\" target=\"_blank\" rel=\"noopener\"><img loading=\"lazy\" decoding=\"async\" class=\"size-medium\" src=\"https:\/\/destandisticaret.com\/wp-content\/uploads\/2025\/04\/iso-22000-300x300.jpg\" alt=\"\" width=\"150\" height=\"150\" \/><\/a><\/p>\n<p style=\"text-align: left;\">\n<p style=\"text-align: left;\">\n\n\t\t<\/div>\n\t<\/div>\n<\/div><\/div><\/div><\/div>\n<\/div>","protected":false},"excerpt":{"rendered":"M\u00fckemmelli\u011fe olan ba\u011fl\u0131l\u0131\u011f\u0131m\u0131z uluslararas\u0131 alanda tan\u0131nan kalite sertifikalar\u0131m\u0131zla do\u011frulanmaktad\u0131r. Onayl\u0131 tedarik\u00e7ilerden olu\u015fan k\u00fcresel bir a\u011fdan en iyi ham maddeleri tedarik ediyoruz ve \u00fcr\u00fcnlerimizin g\u00fcvenli, s\u00fcrd\u00fcr\u00fclebilir ve etik bir \u015fekilde elde edilmesini sa\u011fl\u0131yoruz. G\u00fc\u00e7l\u00fc tedarik\u00e7i ili\u015fkilerimiz, tekliflerimizde tutarl\u0131 kaliteyi korumam\u0131z\u0131 sa\u011flar. Kalite kontrol kontrollerimiz ve dikkatlice uygulanan \u00f6rnekleme plan\u0131m\u0131z, bitmi\u015f \u00fcr\u00fcnlerimizin g\u00fcvenli\u011fini ve kalitesini garanti eder. [...]","protected":false},"author":1,"featured_media":0,"parent":0,"menu_order":0,"comment_status":"closed","ping_status":"closed","template":"","meta":{"footnotes":""},"class_list":["post-10265","page","type-page","status-publish","hentry"],"_links":{"self":[{"href":"https:\/\/destandisticaret.com\/ru\/wp-json\/wp\/v2\/pages\/10265","targetHints":{"allow":["GET"]}}],"collection":[{"href":"https:\/\/destandisticaret.com\/ru\/wp-json\/wp\/v2\/pages"}],"about":[{"href":"https:\/\/destandisticaret.com\/ru\/wp-json\/wp\/v2\/types\/page"}],"author":[{"embeddable":true,"href":"https:\/\/destandisticaret.com\/ru\/wp-json\/wp\/v2\/users\/1"}],"replies":[{"embeddable":true,"href":"https:\/\/destandisticaret.com\/ru\/wp-json\/wp\/v2\/comments?post=10265"}],"version-history":[{"count":3,"href":"https:\/\/destandisticaret.com\/ru\/wp-json\/wp\/v2\/pages\/10265\/revisions"}],"predecessor-version":[{"id":10268,"href":"https:\/\/destandisticaret.com\/ru\/wp-json\/wp\/v2\/pages\/10265\/revisions\/10268"}],"wp:attachment":[{"href":"https:\/\/destandisticaret.com\/ru\/wp-json\/wp\/v2\/media?parent=10265"}],"curies":[{"name":"WP","href":"https:\/\/api.w.org\/{rel}","templated":true}]}}