{"id":10235,"date":"2025-04-11T07:25:12","date_gmt":"2025-04-11T07:25:12","guid":{"rendered":"https:\/\/destandisticaret.com\/?page_id=10235"},"modified":"2025-04-16T10:02:09","modified_gmt":"2025-04-16T10:02:09","slug":"%d0%bf%d1%80%d0%be%d0%b8%d0%b7%d0%b2%d0%be%d0%b4%d1%81%d1%82%d0%b2%d0%b5%d0%bd%d0%bd%d1%8b%d0%b5-%d0%bc%d0%be%d1%89%d0%bd%d0%be%d1%81%d1%82%d0%b8","status":"publish","type":"page","link":"https:\/\/destandisticaret.com\/ru\/%d0%bf%d1%80%d0%be%d0%b8%d0%b7%d0%b2%d0%be%d0%b4%d1%81%d1%82%d0%b2%d0%b5%d0%bd%d0%bd%d1%8b%d0%b5-%d0%bc%d0%be%d1%89%d0%bd%d0%be%d1%81%d1%82%d0%b8\/","title":{"rendered":"\u041f\u0440\u043e\u0438\u0437\u0432\u043e\u0434\u0441\u0442\u0432\u0435\u043d\u043d\u044b\u0435 \u043c\u043e\u0449\u043d\u043e\u0441\u0442\u0438"},"content":{"rendered":"<div class=\"wpb-content-wrapper\"><div class=\"vc_row wpb_row vc_row-fluid\"><div class=\"wpb_column vc_column_container vc_col-sm-6\"><div class=\"vc_column-inner\"><div class=\"wpb_wrapper\"><div class=\"lvca-heading lvca-style1 lvca-alignleft\" ><h3 class=\"lvca-title\">\u041f\u0440\u043e\u0438\u0437\u0432\u043e\u0434\u0441\u0442\u0432\u0435\u043d\u043d\u044b\u0435 \u043c\u043e\u0449\u043d\u043e\u0441\u0442\u0438 \u043f\u043e \u0432\u044b\u043f\u0443\u0441\u043a\u0443 \u043e\u0440\u0435\u0445\u043e\u0432 \u0428\u0443\u043a\u0443\u0440<\/h3><\/div>\n\t<div class=\"wpb_text_column wpb_content_element\" >\n\t\t<div class=\"wpb_wrapper\">\n\t\t\t<p>\u0411\u043b\u0430\u0433\u043e\u0434\u0430\u0440\u044f \u043f\u043e\u0441\u0442\u043e\u044f\u043d\u043d\u043e \u0440\u0430\u0441\u0442\u0443\u0449\u0435\u043c\u0443 \u043a\u043e\u043b\u043b\u0435\u043a\u0442\u0438\u0432\u0443 \u0438 \u0430\u0441\u0441\u043e\u0440\u0442\u0438\u043c\u0435\u043d\u0442\u0443 \u043f\u0440\u043e\u0434\u0443\u043a\u0446\u0438\u0438 \u043c\u044b \u0442\u0449\u0430\u0442\u0435\u043b\u044c\u043d\u043e \u0438 \u0434\u0435\u043b\u0438\u043a\u0430\u0442\u043d\u043e \u0432\u044b\u043f\u043e\u043b\u043d\u044f\u0435\u043c \u0432\u0441\u0435 \u043f\u0440\u043e\u0446\u0435\u0441\u0441\u044b, \u0447\u0442\u043e\u0431\u044b \u043f\u0440\u0435\u0434\u043b\u043e\u0436\u0438\u0442\u044c \u0432\u0430\u043c \u0441\u0430\u043c\u044b\u0435 \u0432\u043a\u0443\u0441\u043d\u044b\u0435 \u043f\u0440\u043e\u0434\u0443\u043a\u0442\u044b \u043d\u0430 \u043d\u0430\u0448\u0438\u0445 \u043f\u0440\u0435\u0434\u043f\u0440\u0438\u044f\u0442\u0438\u044f\u0445 \u0441 \u0432\u044b\u0441\u043e\u043a\u043e\u0439 \u0442\u0435\u0445\u043d\u043e\u043b\u043e\u0433\u0438\u0447\u0435\u0441\u043a\u043e\u0439 \u0438\u043d\u0444\u0440\u0430\u0441\u0442\u0440\u0443\u043a\u0442\u0443\u0440\u043e\u0439 \u043d\u0430 \u043f\u043b\u043e\u0449\u0430\u0434\u0438 15 000 \u043a\u0432\u0430\u0434\u0440\u0430\u0442\u043d\u044b\u0445 \u043c\u0435\u0442\u0440\u043e\u0432, \u0443\u0434\u0435\u043b\u044f\u044f \u043f\u0435\u0440\u0432\u043e\u0441\u0442\u0435\u043f\u0435\u043d\u043d\u043e\u0435 \u0432\u043d\u0438\u043c\u0430\u043d\u0438\u0435 \u0431\u0435\u0437\u043e\u043f\u0430\u0441\u043d\u043e\u0441\u0442\u0438 \u043f\u0438\u0449\u0435\u0432\u044b\u0445 \u043f\u0440\u043e\u0434\u0443\u043a\u0442\u043e\u0432, \u043f\u0440\u0438\u0434\u0435\u0440\u0436\u0438\u0432\u0430\u044f\u0441\u044c \u0438\u0434\u0435\u0438 \u0437\u0430\u0449\u0438\u0442\u044b \u0435\u0441\u0442\u0435\u0441\u0442\u0432\u0435\u043d\u043d\u043e\u0439, \u0437\u0434\u043e\u0440\u043e\u0432\u043e\u0439 \u0441\u0442\u0440\u0443\u043a\u0442\u0443\u0440\u044b \u043e\u0440\u0435\u0445\u043e\u0432, \u043d\u0435 \u043d\u0430\u0440\u0443\u0448\u0430\u044f \u043f\u0440\u0438 \u044d\u0442\u043e\u043c \u043d\u0430\u0443\u0447\u043d\u0443\u044e \u0442\u043e\u0447\u043a\u0443 \u0437\u0440\u0435\u043d\u0438\u044f.<\/p>\n<p>\u041d\u0430\u0448\u0438 \u0437\u043d\u0430\u0447\u0438\u0442\u0435\u043b\u044c\u043d\u044b\u0435 \u0438\u043d\u0432\u0435\u0441\u0442\u0438\u0446\u0438\u0438 \u0432 \u0438\u043d\u043d\u043e\u0432\u0430\u0446\u0438\u0438, \u043f\u0440\u043e\u0438\u0437\u0432\u043e\u0434\u0441\u0442\u0432\u043e, \u043d\u0430\u0446\u0438\u043e\u043d\u0430\u043b\u044c\u043d\u044b\u0439 \u0438 \u043c\u0435\u0436\u0434\u0443\u043d\u0430\u0440\u043e\u0434\u043d\u044b\u0439 \u0440\u043e\u0441\u0442 \u0432\u0441\u0435\u0433\u0434\u0430 \u043f\u0440\u0438\u0432\u043e\u0434\u0438\u043b\u0438 \u043d\u0430\u0441 \u043d\u0430 \u0448\u0430\u0433 \u0432\u043f\u0435\u0440\u0435\u0434 \u0432 \u0441\u0435\u043a\u0442\u043e\u0440\u0435 \u0441\u0443\u0448\u0435\u043d\u044b\u0445 \u043e\u0440\u0435\u0445\u043e\u0432. \u041c\u044b \u043f\u0440\u043e\u0434\u043e\u043b\u0436\u0430\u0435\u043c \u0440\u0430\u0431\u043e\u0442\u0430\u0442\u044c \u0441 \u0447\u0443\u0432\u0441\u0442\u0432\u043e\u043c \u043e\u0442\u0432\u0435\u0442\u0441\u0442\u0432\u0435\u043d\u043d\u043e\u0441\u0442\u0438, \u043a\u043e\u0442\u043e\u0440\u043e\u0435 \u0434\u0430\u0435\u0442 \u043d\u0430\u043c \u0434\u043e\u0441\u0442\u0438\u0433\u043d\u0443\u0442\u044b\u0439 \u0443\u0440\u043e\u0432\u0435\u043d\u044c, \u0438 \u043d\u0430\u0448\u0430 \u0441\u0430\u043c\u0430\u044f \u0432\u0430\u0436\u043d\u0430\u044f \u0446\u0435\u043b\u044c - \u043f\u0440\u0438\u043d\u043e\u0441\u0438\u0442\u044c \u043f\u043e\u043b\u044c\u0437\u0443 \u043d\u0430\u0448\u0435\u043c\u0443 \u0441\u0435\u043a\u0442\u043e\u0440\u0443 \u0438 \u043d\u0430\u0448\u0435\u0439 \u0441\u0442\u0440\u0430\u043d\u0435.<\/p>\n<p>\u041d\u0430\u0448 \u043e\u0431\u044a\u0435\u043a\u0442 \u043d\u0430\u0445\u043e\u0434\u0438\u0442\u0441\u044f \u0432 50 \u043a\u043c \u043e\u0442 \u0430\u044d\u0440\u043e\u043f\u043e\u0440\u0442\u0430 \u0421\u0442\u0430\u043c\u0431\u0443\u043b\u0430, \u0432 10 \u043a\u043c \u043e\u0442 \u0435\u0432\u0440\u043e\u043f\u0435\u0439\u0441\u043a\u043e\u0439 \u0430\u0432\u0442\u043e\u043c\u0430\u0433\u0438\u0441\u0442\u0440\u0430\u043b\u0438<\/p>\n<p>\u0425\u0430\u0440\u0430\u043a\u0442\u0435\u0440\u0438\u0441\u0442\u0438\u043a\u0438 \u0437\u0434\u0430\u043d\u0438\u044f:8000 \u043c2 \u0437\u0430\u043a\u0440\u044b\u0442\u043e\u0439 \u043f\u043b\u043e\u0449\u0430\u0434\u0438, 15438 \u043c2 \u043e\u0442\u043a\u0440\u044b\u0442\u043e\u0439 \u043f\u043b\u043e\u0449\u0430\u0434\u0438<\/p>\n<p>\u0412 \u043a\u043e\u043c\u043f\u0430\u043d\u0438\u0438 \u015e\u00fck\u00fcr Kuruyemi\u015f \u043c\u044b \u0441\u043e\u0447\u0435\u0442\u0430\u0435\u043c \u0442\u0440\u0430\u0434\u0438\u0446\u0438\u0438 \u0441 \u0441\u043e\u0432\u0440\u0435\u043c\u0435\u043d\u043d\u043e\u0439 \u043c\u0435\u0436\u0434\u0443\u043d\u0430\u0440\u043e\u0434\u043d\u043e\u0439 \u043f\u0440\u0430\u043a\u0442\u0438\u043a\u043e\u0439 \u0442\u043e\u0440\u0433\u043e\u0432\u043b\u0438, \u043f\u043e\u0441\u0442\u043e\u044f\u043d\u043d\u043e \u043e\u0431\u043d\u043e\u0432\u043b\u044f\u044f \u0430\u0441\u0441\u043e\u0440\u0442\u0438\u043c\u0435\u043d\u0442 \u043f\u0440\u043e\u0434\u0443\u043a\u0446\u0438\u0438 \u0438 \u0438\u043d\u0432\u0435\u0441\u0442\u0438\u0440\u0443\u044f \u0432 \u043f\u0435\u0440\u0435\u0434\u043e\u0432\u044b\u0435 \u0442\u0435\u0445\u043d\u043e\u043b\u043e\u0433\u0438\u0438 \u043e\u0431\u0440\u0430\u0431\u043e\u0442\u043a\u0438 \u0438 \u0443\u043f\u0430\u043a\u043e\u0432\u043a\u0438. \u041d\u0430\u0448 \u043e\u043f\u044b\u0442 \u0440\u0430\u0431\u043e\u0442\u044b \u0432 \u043e\u0442\u0440\u0430\u0441\u043b\u0438, \u0432\u043d\u0438\u043c\u0430\u043d\u0438\u0435 \u043a \u043a\u0430\u0447\u0435\u0441\u0442\u0432\u0443, \u043a\u043e\u043d\u043a\u0443\u0440\u0435\u043d\u0442\u043e\u0441\u043f\u043e\u0441\u043e\u0431\u043d\u044b\u0435 \u0446\u0435\u043d\u044b \u0438 \u043e\u0441\u043d\u043e\u0432\u043d\u044b\u0435 \u0446\u0435\u043d\u043d\u043e\u0441\u0442\u0438 \u0434\u0435\u043b\u0430\u044e\u0442 \u043d\u0430\u0441 \u043d\u0430\u0434\u0435\u0436\u043d\u044b\u043c \u0433\u043b\u043e\u0431\u0430\u043b\u044c\u043d\u044b\u043c \u043f\u0430\u0440\u0442\u043d\u0435\u0440\u043e\u043c.<\/p>\n<p>\u041c\u044b \u0441\u0442\u0440\u0435\u043c\u0438\u043c\u0441\u044f \u0431\u044b\u0442\u044c \u043f\u0440\u0435\u0434\u043f\u043e\u0447\u0442\u0438\u0442\u0435\u043b\u044c\u043d\u044b\u043c \u043f\u0430\u0440\u0442\u043d\u0435\u0440\u043e\u043c \u0432 \u0441\u0435\u043a\u0442\u043e\u0440\u0435 \u043e\u0440\u0435\u0445\u043e\u0432 \u0438 \u0441\u043e\u0442\u0440\u0443\u0434\u043d\u0438\u0447\u0430\u0435\u043c \u0441 \u043f\u0430\u0440\u0442\u043d\u0435\u0440\u0430\u043c\u0438, \u043a\u043e\u0442\u043e\u0440\u044b\u0435 \u0440\u0430\u0437\u0434\u0435\u043b\u044f\u044e\u0442 \u043d\u0430\u0448\u0438 \u0446\u0435\u043d\u043d\u043e\u0441\u0442\u0438 \u0432 \u043e\u0431\u043b\u0430\u0441\u0442\u0438 \u043a\u0430\u0447\u0435\u0441\u0442\u0432\u0430, \u0438\u043d\u043d\u043e\u0432\u0430\u0446\u0438\u0439, \u043f\u0440\u043e\u0446\u0435\u0441\u0441\u043e\u0432 \u0441 \u0434\u043e\u0431\u0430\u0432\u043b\u0435\u043d\u043d\u043e\u0439 \u0441\u0442\u043e\u0438\u043c\u043e\u0441\u0442\u044c\u044e \u0438 \u0443\u0441\u0442\u043e\u0439\u0447\u0438\u0432\u043e\u0433\u043e \u043f\u0430\u0440\u0442\u043d\u0435\u0440\u0441\u0442\u0432\u0430. \u0412\u0441\u0435 \u0431\u043e\u043b\u044c\u0448\u0435\u0435 \u0432\u043d\u0438\u043c\u0430\u043d\u0438\u0435 \u043a \u0437\u0434\u043e\u0440\u043e\u0432\u044c\u044e \u0438 \u0431\u043b\u0430\u0433\u043e\u043f\u043e\u043b\u0443\u0447\u0438\u044e \u043e\u0442\u0440\u0430\u0436\u0430\u0435\u0442 \u043c\u0435\u043d\u044f\u044e\u0449\u0438\u0435\u0441\u044f \u043f\u0440\u0438\u043e\u0440\u0438\u0442\u0435\u0442\u044b \u043f\u043e\u0442\u0440\u0435\u0431\u0438\u0442\u0435\u043b\u0435\u0439.<\/p>\n\n\t\t<\/div>\n\t<\/div>\n<\/div><\/div><\/div><div class=\"wpb_column vc_column_container vc_col-sm-6\"><div class=\"vc_column-inner\"><div class=\"wpb_wrapper\">\n\t<div  class=\"wpb_single_image wpb_content_element vc_align_left wpb_content_element\">\n\t\t\n\t\t<figure class=\"wpb_wrapper vc_figure\">\n\t\t\t<div class=\"vc_single_image-wrapper   vc_box_border_grey\"><img loading=\"lazy\" decoding=\"async\" width=\"600\" height=\"600\" src=\"https:\/\/destandisticaret.com\/wp-content\/uploads\/2017\/05\/euronut-uretim.jpg\" class=\"vc_single_image-img attachment-large\" alt=\"\" title=\"\u043f\u0440\u043e\u0438\u0437\u0432\u043e\u0434\u0441\u0442\u0432\u043e \u0435\u0432\u0440\u043e\u043e\u0440\u0435\u0445\u043e\u0432\" srcset=\"https:\/\/destandisticaret.com\/wp-content\/uploads\/2017\/05\/euronut-uretim.jpg 600w, https:\/\/destandisticaret.com\/wp-content\/uploads\/2017\/05\/euronut-uretim-300x300.jpg 300w, https:\/\/destandisticaret.com\/wp-content\/uploads\/2017\/05\/euronut-uretim-150x150.jpg 150w, https:\/\/destandisticaret.com\/wp-content\/uploads\/2017\/05\/euronut-uretim-12x12.jpg 12w, https:\/\/destandisticaret.com\/wp-content\/uploads\/2017\/05\/euronut-uretim-350x350.jpg 350w, https:\/\/destandisticaret.com\/wp-content\/uploads\/2017\/05\/euronut-uretim-110x110.jpg 110w, https:\/\/destandisticaret.com\/wp-content\/uploads\/2017\/05\/euronut-uretim-400x400.jpg 400w, https:\/\/destandisticaret.com\/wp-content\/uploads\/2017\/05\/euronut-uretim-500x500.jpg 500w, https:\/\/destandisticaret.com\/wp-content\/uploads\/2017\/05\/euronut-uretim-70x70.jpg 70w, https:\/\/destandisticaret.com\/wp-content\/uploads\/2017\/05\/euronut-uretim-200x200.jpg 200w\" sizes=\"auto, (max-width: 600px) 100vw, 600px\" \/><\/div>\n\t\t<\/figure>\n\t<\/div>\n<\/div><\/div><\/div><\/div><div class=\"vc_row wpb_row vc_row-fluid\"><div class=\"wpb_column vc_column_container vc_col-sm-6\"><div class=\"vc_column-inner\"><div class=\"wpb_wrapper\">\n\t<div  class=\"wpb_single_image wpb_content_element vc_align_left wpb_content_element\">\n\t\t\n\t\t<figure class=\"wpb_wrapper vc_figure\">\n\t\t\t<div class=\"vc_single_image-wrapper   vc_box_border_grey\"><img loading=\"lazy\" decoding=\"async\" width=\"600\" height=\"600\" src=\"https:\/\/destandisticaret.com\/wp-content\/uploads\/2017\/05\/euronut-labaratuvar.jpg\" class=\"vc_single_image-img attachment-large\" alt=\"\" title=\"\u043b\u0430\u0431\u043e\u0440\u0430\u0442\u043e\u0440\u0438\u044f &quot;\u0435\u0432\u0440\u043e\u043d\u0443\u0442&quot;\" srcset=\"https:\/\/destandisticaret.com\/wp-content\/uploads\/2017\/05\/euronut-labaratuvar.jpg 600w, https:\/\/destandisticaret.com\/wp-content\/uploads\/2017\/05\/euronut-labaratuvar-300x300.jpg 300w, https:\/\/destandisticaret.com\/wp-content\/uploads\/2017\/05\/euronut-labaratuvar-150x150.jpg 150w, https:\/\/destandisticaret.com\/wp-content\/uploads\/2017\/05\/euronut-labaratuvar-12x12.jpg 12w, https:\/\/destandisticaret.com\/wp-content\/uploads\/2017\/05\/euronut-labaratuvar-350x350.jpg 350w, https:\/\/destandisticaret.com\/wp-content\/uploads\/2017\/05\/euronut-labaratuvar-110x110.jpg 110w, https:\/\/destandisticaret.com\/wp-content\/uploads\/2017\/05\/euronut-labaratuvar-400x400.jpg 400w, https:\/\/destandisticaret.com\/wp-content\/uploads\/2017\/05\/euronut-labaratuvar-500x500.jpg 500w, https:\/\/destandisticaret.com\/wp-content\/uploads\/2017\/05\/euronut-labaratuvar-70x70.jpg 70w, https:\/\/destandisticaret.com\/wp-content\/uploads\/2017\/05\/euronut-labaratuvar-200x200.jpg 200w\" sizes=\"auto, (max-width: 600px) 100vw, 600px\" \/><\/div>\n\t\t<\/figure>\n\t<\/div>\n<\/div><\/div><\/div><div class=\"wpb_column vc_column_container vc_col-sm-6\"><div class=\"vc_column-inner\"><div class=\"wpb_wrapper\"><div class=\"lvca-heading lvca-style1 lvca-alignleft\" ><h3 class=\"lvca-title\">\u041e\u0446\u0435\u043d\u043a\u0430 \u043a\u0430\u0447\u0435\u0441\u0442\u0432\u0430 \u0440\u0430\u0431\u043e\u0442\u044b<\/h3><\/div>\n\t<div class=\"wpb_text_column wpb_content_element\" >\n\t\t<div class=\"wpb_wrapper\">\n\t\t\t<p>\u0412 \u043a\u043e\u043c\u043f\u0430\u043d\u0438\u0438 \u015e\u00fck\u00fcr Kuruyemi\u015f \u043a\u0430\u0447\u0435\u0441\u0442\u0432\u043e - \u044d\u0442\u043e \u043d\u0430\u0448\u0435 \u043e\u0431\u0435\u0449\u0430\u043d\u0438\u0435 \u0438 \u043d\u0430\u0448\u0430 \u0433\u043e\u0440\u0434\u043e\u0441\u0442\u044c. \u041c\u044b \u0441\u0442\u0440\u0435\u043c\u0438\u043c\u0441\u044f \u043f\u043e\u0441\u0442\u0430\u0432\u043b\u044f\u0442\u044c \u043f\u0440\u043e\u0434\u0443\u043a\u0446\u0438\u044e, \u0441\u043e\u043e\u0442\u0432\u0435\u0442\u0441\u0442\u0432\u0443\u044e\u0449\u0443\u044e \u0441\u0430\u043c\u044b\u043c \u0432\u044b\u0441\u043e\u043a\u0438\u043c \u043c\u0435\u0436\u0434\u0443\u043d\u0430\u0440\u043e\u0434\u043d\u044b\u043c \u0441\u0442\u0430\u043d\u0434\u0430\u0440\u0442\u0430\u043c, \u0432\u043a\u043b\u044e\u0447\u0430\u044f BRCGS, FSSC 22000 \u0438 ISO 22000:2018.<\/p>\n<p>\u041d\u0430\u0448\u0430 \u043a\u043e\u043c\u0430\u043d\u0434\u0430 \u044d\u043a\u0441\u043f\u0435\u0440\u0442\u043e\u0432 \u043f\u043e \u043a\u043e\u043d\u0442\u0440\u043e\u043b\u044e \u043a\u0430\u0447\u0435\u0441\u0442\u0432\u0430 \u0433\u0430\u0440\u0430\u043d\u0442\u0438\u0440\u0443\u0435\u0442 \u0431\u0435\u0437\u043e\u043f\u0430\u0441\u043d\u043e\u0441\u0442\u044c, \u043a\u0430\u0447\u0435\u0441\u0442\u0432\u043e \u0438 \u043f\u043e\u0434\u043b\u0438\u043d\u043d\u043e\u0441\u0442\u044c \u043a\u0430\u0436\u0434\u043e\u0433\u043e \u0433\u043e\u0442\u043e\u0432\u043e\u0433\u043e \u043f\u0440\u043e\u0434\u0443\u043a\u0442\u0430. \u041c\u044b \u0438\u0441\u043f\u043e\u043b\u044c\u0437\u0443\u0435\u043c \u043d\u043e\u0432\u0435\u0439\u0448\u0438\u0435 \u0442\u0435\u0445\u043d\u043e\u043b\u043e\u0433\u0438\u0438 \u0434\u043b\u044f \u043e\u0441\u0443\u0449\u0435\u0441\u0442\u0432\u043b\u0435\u043d\u0438\u044f \u0441\u0442\u0440\u043e\u0433\u043e\u0433\u043e \u043a\u043e\u043d\u0442\u0440\u043e\u043b\u044f \u043a\u0430\u0447\u0435\u0441\u0442\u0432\u0430 \u0438 \u043f\u043e\u0441\u0442\u043e\u044f\u043d\u043d\u043e \u0438\u043d\u0432\u0435\u0441\u0442\u0438\u0440\u0443\u0435\u043c \u0432 \u0438\u043d\u043d\u043e\u0432\u0430\u0446\u0438\u0438, \u0447\u0442\u043e\u0431\u044b \u043f\u0440\u0435\u0432\u0437\u043e\u0439\u0442\u0438 \u043e\u0436\u0438\u0434\u0430\u043d\u0438\u044f \u043a\u043b\u0438\u0435\u043d\u0442\u043e\u0432.<\/p>\n<p>- \u0411\u0435\u0437\u043e\u043f\u0430\u0441\u043d\u043e\u0441\u0442\u044c \u043f\u0438\u0449\u0435\u0432\u044b\u0445 \u043f\u0440\u043e\u0434\u0443\u043a\u0442\u043e\u0432 \u041a\u0430\u0447\u0435\u0441\u0442\u0432\u043e \u043f\u0440\u043e\u0446\u0435\u0441\u0441\u043e\u0432<br \/>\n- \u015e\u00fck\u00fcr Kuruyemi\u015f \u041e\u0446\u0435\u043d\u043a\u0430 \u043a\u0430\u0447\u0435\u0441\u0442\u0432\u0430 \u0440\u0430\u0431\u043e\u0442\u044b<br \/>\n- \u041e\u0446\u0435\u043d\u043a\u0430 \u043a\u0430\u0447\u0435\u0441\u0442\u0432\u0430 \u0440\u0430\u0431\u043e\u0442\u044b<\/p>\n<p>\u041c\u044b \u0437\u0430\u043a\u0443\u043f\u0430\u0435\u043c \u043b\u0443\u0447\u0448\u0435\u0435 \u0441\u044b\u0440\u044c\u0435 \u0443 \u0433\u043b\u043e\u0431\u0430\u043b\u044c\u043d\u043e\u0439 \u0441\u0435\u0442\u0438 \u043f\u0440\u043e\u0432\u0435\u0440\u0435\u043d\u043d\u044b\u0445 \u043f\u043e\u0441\u0442\u0430\u0432\u0449\u0438\u043a\u043e\u0432, \u0447\u0442\u043e \u0433\u0430\u0440\u0430\u043d\u0442\u0438\u0440\u0443\u0435\u0442 \u0431\u0435\u0437\u043e\u043f\u0430\u0441\u043d\u043e\u0441\u0442\u044c, \u044d\u043a\u043e\u043b\u043e\u0433\u0438\u0447\u043d\u043e\u0441\u0442\u044c \u0438 \u044d\u0442\u0438\u0447\u043d\u043e\u0441\u0442\u044c \u043d\u0430\u0448\u0435\u0439 \u043f\u0440\u043e\u0434\u0443\u043a\u0446\u0438\u0438.<\/p>\n<p>\u041f\u0440\u043e\u0447\u043d\u044b\u0435 \u043e\u0442\u043d\u043e\u0448\u0435\u043d\u0438\u044f \u0441 \u043f\u043e\u0441\u0442\u0430\u0432\u0449\u0438\u043a\u0430\u043c\u0438 \u043f\u043e\u0437\u0432\u043e\u043b\u044f\u044e\u0442 \u043d\u0430\u043c \u043f\u043e\u0434\u0434\u0435\u0440\u0436\u0438\u0432\u0430\u0442\u044c \u0441\u0442\u0430\u0431\u0438\u043b\u044c\u043d\u043e\u0435 \u043a\u0430\u0447\u0435\u0441\u0442\u0432\u043e \u043f\u0440\u0435\u0434\u043b\u0430\u0433\u0430\u0435\u043c\u043e\u0439 \u043f\u0440\u043e\u0434\u0443\u043a\u0446\u0438\u0438. \u041d\u0430\u0448\u0438 \u043f\u0440\u043e\u0432\u0435\u0440\u043a\u0438 \u043a\u043e\u043d\u0442\u0440\u043e\u043b\u044f \u043a\u0430\u0447\u0435\u0441\u0442\u0432\u0430 \u0438 \u0442\u0449\u0430\u0442\u0435\u043b\u044c\u043d\u043e \u0440\u0430\u0437\u0440\u0430\u0431\u043e\u0442\u0430\u043d\u043d\u044b\u0439 \u043f\u043b\u0430\u043d \u043e\u0442\u0431\u043e\u0440\u0430 \u043f\u0440\u043e\u0431 \u0433\u0430\u0440\u0430\u043d\u0442\u0438\u0440\u0443\u044e\u0442 \u0431\u0435\u0437\u043e\u043f\u0430\u0441\u043d\u043e\u0441\u0442\u044c \u0438 \u043a\u0430\u0447\u0435\u0441\u0442\u0432\u043e \u0433\u043e\u0442\u043e\u0432\u043e\u0439 \u043f\u0440\u043e\u0434\u0443\u043a\u0446\u0438\u0438.<\/p>\n<p>\u0415\u0436\u0435\u0433\u043e\u0434\u043d\u0430\u044f \u043e\u0446\u0435\u043d\u043a\u0430 \u043d\u0430\u0448\u0438\u0445 \u0446\u0435\u043b\u0435\u0439 \u0432 \u043e\u0431\u043b\u0430\u0441\u0442\u0438 \u043a\u0430\u0447\u0435\u0441\u0442\u0432\u0430 \u043e\u0441\u043d\u043e\u0432\u044b\u0432\u0430\u0435\u0442\u0441\u044f \u043d\u0430 \u0441\u043b\u0435\u0434\u0443\u044e\u0449\u0438\u0445 \u041a\u041f\u042d:<\/p>\n<p>\u041c\u0438\u043d\u0438\u043c\u0438\u0437\u0430\u0446\u0438\u044f \u043d\u0435\u0441\u043e\u043e\u0442\u0432\u0435\u0442\u0441\u0442\u0432\u0443\u044e\u0449\u0435\u0439 \u043f\u0440\u043e\u0434\u0443\u043a\u0446\u0438\u0438.<br \/>\n\u041f\u043e\u0432\u044b\u0448\u0435\u043d\u0438\u0435 \u044d\u0444\u0444\u0435\u043a\u0442\u0438\u0432\u043d\u043e\u0441\u0442\u0438 \u0440\u0430\u0431\u043e\u0442\u044b \u043d\u0430\u0448\u0438\u0445 \u043f\u043e\u0441\u0442\u0430\u0432\u0449\u0438\u043a\u043e\u0432.<br \/>\n\u041c\u0438\u043d\u0438\u043c\u0438\u0437\u0430\u0446\u0438\u044f \u0436\u0430\u043b\u043e\u0431 \u043e\u0442 \u0438\u043c\u0435\u043d\u0438 \u043d\u0430\u0448\u0438\u0445 \u043a\u043b\u0438\u0435\u043d\u0442\u043e\u0432.<\/p>\n\n\t\t<\/div>\n\t<\/div>\n<\/div><\/div><\/div><\/div><div class=\"vc_row wpb_row vc_row-fluid\"><div class=\"wpb_column vc_column_container vc_col-sm-12\"><div class=\"vc_column-inner\"><div class=\"wpb_wrapper\"><div class=\"lvca-heading lvca-style1 lvca-aligncenter\" ><h3 class=\"lvca-title\">\u041d\u0430\u0448\u0438 \u0441\u0435\u0440\u0442\u0438\u0444\u0438\u043a\u0430\u0442\u044b \u043a\u0430\u0447\u0435\u0441\u0442\u0432\u0430<\/h3><\/div>\n\t<div class=\"wpb_text_column wpb_content_element\" >\n\t\t<div class=\"wpb_wrapper\">\n\t\t\t<p style=\"text-align: center;\">\u041d\u0430\u0448\u0435 \u0441\u0442\u0440\u0435\u043c\u043b\u0435\u043d\u0438\u0435 \u043a \u0441\u043e\u0432\u0435\u0440\u0448\u0435\u043d\u0441\u0442\u0432\u0443 \u043f\u043e\u0434\u0442\u0432\u0435\u0440\u0436\u0434\u0430\u0435\u0442\u0441\u044f \u043c\u0435\u0436\u0434\u0443\u043d\u0430\u0440\u043e\u0434\u043d\u043e \u043f\u0440\u0438\u0437\u043d\u0430\u043d\u043d\u044b\u043c\u0438 \u0441\u0435\u0440\u0442\u0438\u0444\u0438\u043a\u0430\u0442\u0430\u043c\u0438 \u043a\u0430\u0447\u0435\u0441\u0442\u0432\u0430.<\/p>\n<p style=\"text-align: center;\"><a href=\"https:\/\/destandisticaret.com\/wp-content\/uploads\/2025\/04\/Euronut-UAF-Sertifika-9001-R.4.pdf\" target=\"_blank\" rel=\"noopener\"><img loading=\"lazy\" decoding=\"async\" class=\"size-medium\" src=\"https:\/\/destandisticaret.com\/wp-content\/uploads\/2025\/04\/iso-9001-300x300.png\" alt=\"\" width=\"150\" height=\"150\" \/><\/a><a href=\"https:\/\/destandisticaret.com\/wp-content\/uploads\/2025\/04\/BRCGS-Food-Certificate-Euronut-Kuruyemis-Ve-Ticaret-AS-2025.pdf\" target=\"_blank\" rel=\"noopener\"><img loading=\"lazy\" decoding=\"async\" class=\"size-medium\" src=\"https:\/\/destandisticaret.com\/wp-content\/uploads\/2025\/04\/BRCGS-logo-1-300x300.webp\" alt=\"\" width=\"150\" height=\"150\" \/><\/a><a href=\"https:\/\/destandisticaret.com\/wp-content\/uploads\/2025\/04\/Euronut-UAF-Sertifika-22000-R.4.pdf\" target=\"_blank\" rel=\"noopener\"><img loading=\"lazy\" decoding=\"async\" class=\"size-medium\" src=\"https:\/\/destandisticaret.com\/wp-content\/uploads\/2025\/04\/iso-22000-300x300.jpg\" alt=\"\" width=\"150\" height=\"150\" \/><\/a><\/p>\n\n\t\t<\/div>\n\t<\/div>\n<\/div><\/div><\/div><\/div>\n<\/div>","protected":false},"excerpt":{"rendered":"\u015e\u00fck\u00fcr Kuruyemi\u015f \u00dcretim Tesisleri Her g\u00fcn b\u00fcy\u00fcyen ekibimiz ve \u00fcr\u00fcn gam\u0131m\u0131zla, 15.000 metrekarelik alanda, y\u00fcksek teknolojik alt yap\u0131ya sahip tesislerimizde, g\u0131da g\u00fcvenli\u011fini \u00f6n planda tutan, kuruyemi\u015fin do\u011fal, sa\u011fl\u0131kl\u0131 yap\u0131s\u0131n\u0131 koruma bilincine ba\u011fl\u0131 kalarak, bilimsel bak\u0131\u015f a\u00e7\u0131s\u0131ndan \u00f6d\u00fcn vermeden, en lezzetli \u00fcr\u00fcnlerle sizi bulu\u015fturmak i\u00e7in, t\u00fcm s\u00fcre\u00e7lerimizde \u00f6zen ve hassasiyetle \u00e7al\u0131\u015f\u0131yoruz. \u0130novasyona, \u00fcretime, ulusal ve uluslararas\u0131 [...]","protected":false},"author":1,"featured_media":0,"parent":0,"menu_order":0,"comment_status":"closed","ping_status":"closed","template":"","meta":{"footnotes":""},"class_list":["post-10235","page","type-page","status-publish","hentry"],"_links":{"self":[{"href":"https:\/\/destandisticaret.com\/ru\/wp-json\/wp\/v2\/pages\/10235","targetHints":{"allow":["GET"]}}],"collection":[{"href":"https:\/\/destandisticaret.com\/ru\/wp-json\/wp\/v2\/pages"}],"about":[{"href":"https:\/\/destandisticaret.com\/ru\/wp-json\/wp\/v2\/types\/page"}],"author":[{"embeddable":true,"href":"https:\/\/destandisticaret.com\/ru\/wp-json\/wp\/v2\/users\/1"}],"replies":[{"embeddable":true,"href":"https:\/\/destandisticaret.com\/ru\/wp-json\/wp\/v2\/comments?post=10235"}],"version-history":[{"count":11,"href":"https:\/\/destandisticaret.com\/ru\/wp-json\/wp\/v2\/pages\/10235\/revisions"}],"predecessor-version":[{"id":10400,"href":"https:\/\/destandisticaret.com\/ru\/wp-json\/wp\/v2\/pages\/10235\/revisions\/10400"}],"wp:attachment":[{"href":"https:\/\/destandisticaret.com\/ru\/wp-json\/wp\/v2\/media?parent=10235"}],"curies":[{"name":"WP","href":"https:\/\/api.w.org\/{rel}","templated":true}]}}