{"id":8530,"date":"2023-01-18T14:40:46","date_gmt":"2023-01-18T14:40:46","guid":{"rendered":"https:\/\/groffer.modeltheme.com\/?post_type=product&#038;p=8530"},"modified":"2025-11-20T05:35:30","modified_gmt":"2025-11-20T05:35:30","slug":"noix-de-cajou","status":"publish","type":"product","link":"https:\/\/destandisticaret.com\/fr\/produit\/noix-de-cajou\/","title":{"rendered":"Noix de cajou crues"},"content":{"rendered":"<p>Noix de cajou, <strong>Anacardium occidentale<\/strong> Il s&#039;agit de la graine en forme de rein de l&#039;arbre appel\u00e9 \u00ab\u00a0Anacardiac\u00e9es\u00a0\u00bb. Originaire du Br\u00e9sil, cette plante tropicale est aujourd&#039;hui cultiv\u00e9e dans de nombreuses r\u00e9gions au climat chaud. Elle appartient \u00e0 la famille des Anacardiac\u00e9es.<\/p>\n<p><strong>Valeur nutritionnelle (valeurs approximatives pour 100 grammes de noix de cajou crues) :<\/strong><\/p>\n<ul>\n<li><strong>Calorie:<\/strong> 553 kcal<\/li>\n<li><strong>Prot\u00e9ine:<\/strong> 18,2 grammes<\/li>\n<li><strong>Huile:<\/strong> 43,9 grammes (principalement des graisses insatur\u00e9es saines)<\/li>\n<li><strong>Glucides :<\/strong> 30,2 grammes<\/li>\n<li><strong>Fibre:<\/strong> 3,3 grammes<\/li>\n<li><strong>Vitamines:<\/strong> Vitamine E, vitamine K, vitamines B (B1, B6, etc.)<\/li>\n<li><strong>Min\u00e9raux :<\/strong> Magn\u00e9sium, mangan\u00e8se, cuivre, phosphore, zinc, fer, potassium, calcium, s\u00e9l\u00e9nium<\/li>\n<\/ul>\n<p><strong>Bienfaits des noix de cajou\u00a0:<\/strong><\/p>\n<p>Les noix de cajou offrent de nombreux bienfaits pour la sant\u00e9 gr\u00e2ce \u00e0 leur riche valeur nutritionnelle\u00a0:<\/p>\n<ul>\n<li><strong>Favorise la sant\u00e9 cardiaque\u00a0:<\/strong> Elle contient des acides gras mono-insatur\u00e9s et polyinsatur\u00e9s, qui peuvent contribuer \u00e0 r\u00e9duire le mauvais cholest\u00e9rol et \u00e0 augmenter le bon cholest\u00e9rol. Sa teneur en magn\u00e9sium peut \u00e9galement r\u00e9duire le risque de maladies cardiovasculaires.<\/li>\n<li><strong>R\u00e9gule la glyc\u00e9mie :<\/strong> Gr\u00e2ce \u00e0 sa teneur en fibres, elle peut contribuer \u00e0 \u00e9quilibrer la glyc\u00e9mie en ralentissant l&#039;absorption du glucose.<\/li>\n<li><strong>Peut aider \u00e0 la gestion du poids\u00a0:<\/strong> Sa teneur \u00e9lev\u00e9e en fibres et en prot\u00e9ines peut r\u00e9duire l&#039;envie de trop manger en procurant une sensation de sati\u00e9t\u00e9.<\/li>\n<li><strong>Renforce la sant\u00e9 osseuse :<\/strong> Sa teneur en magn\u00e9sium, en phosphore et en calcium peut contribuer \u00e0 augmenter la densit\u00e9 osseuse.<\/li>\n<li><strong>Peut \u00eatre b\u00e9n\u00e9fique pour la sant\u00e9 du cerveau\u00a0:<\/strong> Certains min\u00e9raux et graisses saines qu&#039;il contient peuvent favoriser les fonctions c\u00e9r\u00e9brales.<\/li>\n<li><strong>Renforce le syst\u00e8me immunitaire :<\/strong> Sa teneur en zinc, en cuivre et en antioxydants peut soutenir le syst\u00e8me immunitaire.<\/li>\n<li><strong>Peut soulager la d\u00e9pression :<\/strong> Des composants tels que le zinc et le tryptophane peuvent am\u00e9liorer l&#039;humeur en augmentant les niveaux de s\u00e9rotonine.<\/li>\n<li><strong>Il poss\u00e8de des propri\u00e9t\u00e9s antioxydantes\u00a0:<\/strong> Les antioxydants qu&#039;il contient peuvent prot\u00e9ger l&#039;organisme des effets n\u00e9fastes des radicaux libres.<\/li>\n<li><strong>Donne de l&#039;\u00e9nergie :<\/strong> Gr\u00e2ce \u00e0 sa teneur \u00e9lev\u00e9e en calories et en nutriments, il peut fournir de l&#039;\u00e9nergie.<\/li>\n<\/ul>\n<p>Bien que les noix de cajou soient g\u00e9n\u00e9ralement consomm\u00e9es grill\u00e9es et sal\u00e9es, elles sont \u00e9galement b\u00e9n\u00e9fiques crues. Cependant, leur coque peut contenir des substances allerg\u00e8nes\u00a0; il est donc g\u00e9n\u00e9ralement recommand\u00e9 de les consommer apr\u00e8s transformation. Compte tenu de leur teneur \u00e9lev\u00e9e en calories, il est important de contr\u00f4ler les portions.<\/p>","protected":false},"excerpt":{"rendered":"<p>Bien que les noix de cajou soient g\u00e9n\u00e9ralement consomm\u00e9es grill\u00e9es et sal\u00e9es, elles sont \u00e9galement b\u00e9n\u00e9fiques crues. Cependant, leur coque peut contenir des substances allerg\u00e8nes\u00a0; il est donc g\u00e9n\u00e9ralement recommand\u00e9 de les consommer apr\u00e8s transformation. Compte tenu de leur teneur \u00e9lev\u00e9e en calories, il est important de contr\u00f4ler les portions.<\/p>","protected":false},"featured_media":10678,"comment_status":"closed","ping_status":"closed","template":"","meta":[],"product_brand":[],"product_cat":[92,15],"product_tag":[78,75,76,77,79],"class_list":{"0":"post-8530","1":"product","2":"type-product","3":"status-publish","4":"has-post-thumbnail","6":"product_cat-ithalat-urunleri","7":"product_cat-kuruyemisler","8":"product_tag-cerez","9":"product_tag-kaju","10":"product_tag-kaju-fistigi","11":"product_tag-kuruyemis","12":"product_tag-saglikli-atistirmalik","14":"first","15":"instock","16":"shipping-taxable","17":"product-type-simple"},"_links":{"self":[{"href":"https:\/\/destandisticaret.com\/fr\/wp-json\/wp\/v2\/product\/8530","targetHints":{"allow":["GET"]}}],"collection":[{"href":"https:\/\/destandisticaret.com\/fr\/wp-json\/wp\/v2\/product"}],"about":[{"href":"https:\/\/destandisticaret.com\/fr\/wp-json\/wp\/v2\/types\/product"}],"replies":[{"embeddable":true,"href":"https:\/\/destandisticaret.com\/fr\/wp-json\/wp\/v2\/comments?post=8530"}],"wp:featuredmedia":[{"embeddable":true,"href":"https:\/\/destandisticaret.com\/fr\/wp-json\/wp\/v2\/media\/10678"}],"wp:attachment":[{"href":"https:\/\/destandisticaret.com\/fr\/wp-json\/wp\/v2\/media?parent=8530"}],"wp:term":[{"taxonomy":"product_brand","embeddable":true,"href":"https:\/\/destandisticaret.com\/fr\/wp-json\/wp\/v2\/product_brand?post=8530"},{"taxonomy":"product_cat","embeddable":true,"href":"https:\/\/destandisticaret.com\/fr\/wp-json\/wp\/v2\/product_cat?post=8530"},{"taxonomy":"product_tag","embeddable":true,"href":"https:\/\/destandisticaret.com\/fr\/wp-json\/wp\/v2\/product_tag?post=8530"}],"curies":[{"name":"wp","href":"https:\/\/api.w.org\/{rel}","templated":true}]}}