{"id":10630,"date":"2025-10-17T10:34:10","date_gmt":"2025-10-17T10:34:10","guid":{"rendered":"https:\/\/destandisticaret.com\/?post_type=product&#038;p=10630"},"modified":"2025-11-20T05:33:58","modified_gmt":"2025-11-20T05:33:58","slug":"noisettes-grillees","status":"publish","type":"product","link":"https:\/\/destandisticaret.com\/fr\/produit\/noisettes-grillees\/","title":{"rendered":"Noisettes grill\u00e9es"},"content":{"rendered":"<p>Vos cuisines sont de haute qualit\u00e9\u00a0<strong>avec nos noisettes<\/strong>\u00a0Passez \u00e0 la vitesse sup\u00e9rieure. Avec leur saveur riche et leur croquant savoureux, ces noisettes sont parfaites pour les cuisines professionnelles. Elles apportent profondeur et texture \u00e0 une vari\u00e9t\u00e9 de plats, des salades et p\u00e2tisseries aux l\u00e9gumes r\u00f4tis et aux bols de c\u00e9r\u00e9ales. Les chefs appr\u00e9cient la polyvalence des noisettes\u00a0; grill\u00e9es, saupoudr\u00e9es sur des plats ou m\u00e9lang\u00e9es \u00e0 des sauces et pestos, elles subliment les recettes sucr\u00e9es comme sal\u00e9es gr\u00e2ce \u00e0 leur saveur unique.<\/p>\n<p>Pour les acheteurs en gros\u00a0<strong>Nos noisettes<\/strong>, offrent une qualit\u00e9 constante et une longue conservation, id\u00e9ales pour les op\u00e9rations \u00e0 volume \u00e9lev\u00e9. Leur format standard et leur fra\u00eecheur les rendent faciles \u00e0 utiliser dans les cuisines \u00e0 grande \u00e9chelle et les processus de production alimentaire. Que vous pr\u00e9pariez des pains sp\u00e9ciaux, des en-cas sains ou que vous les ajoutiez \u00e0 vos c\u00e9r\u00e9ales et granolas,\u00a0<strong>Nos noisettes<\/strong>\u00a0Il offre une fiabilit\u00e9 et une excellence qui r\u00e9pondent \u00e0 toutes les exigences de la production \u00e0 grande \u00e9chelle.<\/p>","protected":false},"excerpt":{"rendered":"<p>Pour les acheteurs en gros\u00a0<strong>Nos noisettes<\/strong>, offrent une qualit\u00e9 constante et une longue conservation, id\u00e9ales pour les op\u00e9rations \u00e0 volume \u00e9lev\u00e9. Leur format standard et leur fra\u00eecheur les rendent faciles \u00e0 utiliser dans les cuisines \u00e0 grande \u00e9chelle et les processus de production alimentaire. Que vous pr\u00e9pariez des pains sp\u00e9ciaux, des en-cas sains ou que vous les ajoutiez \u00e0 vos c\u00e9r\u00e9ales et granolas,\u00a0<strong>Nos noisettes<\/strong>\u00a0Il offre une fiabilit\u00e9 et une excellence qui r\u00e9pondent \u00e0 toutes les exigences de la production \u00e0 grande \u00e9chelle.<\/p>","protected":false},"featured_media":10631,"comment_status":"closed","ping_status":"closed","template":"","meta":[],"product_brand":[],"product_cat":[15],"product_tag":[136,77,79],"class_list":{"0":"post-10630","1":"product","2":"type-product","3":"status-publish","4":"has-post-thumbnail","6":"product_cat-kuruyemisler","7":"product_tag-findik","8":"product_tag-kuruyemis","9":"product_tag-saglikli-atistirmalik","11":"first","12":"instock","13":"shipping-taxable","14":"product-type-simple"},"_links":{"self":[{"href":"https:\/\/destandisticaret.com\/fr\/wp-json\/wp\/v2\/product\/10630","targetHints":{"allow":["GET"]}}],"collection":[{"href":"https:\/\/destandisticaret.com\/fr\/wp-json\/wp\/v2\/product"}],"about":[{"href":"https:\/\/destandisticaret.com\/fr\/wp-json\/wp\/v2\/types\/product"}],"replies":[{"embeddable":true,"href":"https:\/\/destandisticaret.com\/fr\/wp-json\/wp\/v2\/comments?post=10630"}],"wp:featuredmedia":[{"embeddable":true,"href":"https:\/\/destandisticaret.com\/fr\/wp-json\/wp\/v2\/media\/10631"}],"wp:attachment":[{"href":"https:\/\/destandisticaret.com\/fr\/wp-json\/wp\/v2\/media?parent=10630"}],"wp:term":[{"taxonomy":"product_brand","embeddable":true,"href":"https:\/\/destandisticaret.com\/fr\/wp-json\/wp\/v2\/product_brand?post=10630"},{"taxonomy":"product_cat","embeddable":true,"href":"https:\/\/destandisticaret.com\/fr\/wp-json\/wp\/v2\/product_cat?post=10630"},{"taxonomy":"product_tag","embeddable":true,"href":"https:\/\/destandisticaret.com\/fr\/wp-json\/wp\/v2\/product_tag?post=10630"}],"curies":[{"name":"wp","href":"https:\/\/api.w.org\/{rel}","templated":true}]}}