{"id":10628,"date":"2025-10-17T10:23:14","date_gmt":"2025-10-17T10:23:14","guid":{"rendered":"https:\/\/destandisticaret.com\/?post_type=product&#038;p=10628"},"modified":"2025-11-20T05:34:05","modified_gmt":"2025-11-20T05:34:05","slug":"graines-de-citrouille-crues","status":"publish","type":"product","link":"https:\/\/destandisticaret.com\/fr\/produit\/graines-de-citrouille-crues\/","title":{"rendered":"Graines de citrouille crues"},"content":{"rendered":"<p>Sublimez vos cr\u00e9ations culinaires avec nos graines de courge de haute qualit\u00e9\u00a0; elles sont r\u00e9put\u00e9es pour leur saveur noiset\u00e9e et leur croquant savoureux. Id\u00e9ales pour les cuisines professionnelles, elles ajoutent de la profondeur et de la texture \u00e0 une vari\u00e9t\u00e9 de plats, des salades et p\u00e2tisseries aux plats sal\u00e9s comme les l\u00e9gumes r\u00f4tis et les bols de c\u00e9r\u00e9ales. Les chefs appr\u00e9cient leur polyvalence\u00a0: r\u00f4ties, saupoudr\u00e9es sur les plats ou m\u00e9lang\u00e9es \u00e0 des sauces et des pestos.<strong> graines de citrouille<\/strong> Il enrichit les recettes d&#039;une saveur unique qui compl\u00e8te aussi bien les saveurs sucr\u00e9es que sal\u00e9es.<\/p>\n<p>Pour les acheteurs en gros, nos graines de courge offrent une qualit\u00e9 constante et une longue dur\u00e9e de conservation, id\u00e9ales pour les productions \u00e0 grande \u00e9chelle. Leur taille standardis\u00e9e et leur fra\u00eecheur facilitent leur utilisation dans les cuisines et les processus de production alimentaire \u00e0 grande \u00e9chelle. Que vous pr\u00e9pariez des pains sp\u00e9ciaux, des en-cas sains ou que vous les int\u00e9griez \u00e0 vos c\u00e9r\u00e9ales et granolas, nos graines de courge offrent la fiabilit\u00e9 et l&#039;excellence n\u00e9cessaires pour r\u00e9pondre aux exigences de la production \u00e0 grande \u00e9chelle.<\/p>","protected":false},"excerpt":{"rendered":"<p>Pour les acheteurs en gros, nos graines de courge offrent une qualit\u00e9 constante et une longue dur\u00e9e de conservation, id\u00e9ales pour les productions \u00e0 grande \u00e9chelle. Leur taille standardis\u00e9e et leur fra\u00eecheur facilitent leur utilisation dans les cuisines et les processus de production alimentaire \u00e0 grande \u00e9chelle. Que vous pr\u00e9pariez des pains sp\u00e9ciaux, des en-cas sains ou que vous les int\u00e9griez \u00e0 vos c\u00e9r\u00e9ales et granolas, nos graines de courge offrent la fiabilit\u00e9 et l&#039;excellence n\u00e9cessaires pour r\u00e9pondre aux exigences de la production \u00e0 grande \u00e9chelle.<\/p>","protected":false},"featured_media":10627,"comment_status":"closed","ping_status":"closed","template":"","meta":[],"product_brand":[],"product_cat":[15],"product_tag":[78,86,77,79],"class_list":{"0":"post-10628","1":"product","2":"type-product","3":"status-publish","4":"has-post-thumbnail","6":"product_cat-kuruyemisler","7":"product_tag-cerez","8":"product_tag-kabak-cekirdegi","9":"product_tag-kuruyemis","10":"product_tag-saglikli-atistirmalik","12":"first","13":"instock","14":"shipping-taxable","15":"product-type-simple"},"_links":{"self":[{"href":"https:\/\/destandisticaret.com\/fr\/wp-json\/wp\/v2\/product\/10628","targetHints":{"allow":["GET"]}}],"collection":[{"href":"https:\/\/destandisticaret.com\/fr\/wp-json\/wp\/v2\/product"}],"about":[{"href":"https:\/\/destandisticaret.com\/fr\/wp-json\/wp\/v2\/types\/product"}],"replies":[{"embeddable":true,"href":"https:\/\/destandisticaret.com\/fr\/wp-json\/wp\/v2\/comments?post=10628"}],"wp:featuredmedia":[{"embeddable":true,"href":"https:\/\/destandisticaret.com\/fr\/wp-json\/wp\/v2\/media\/10627"}],"wp:attachment":[{"href":"https:\/\/destandisticaret.com\/fr\/wp-json\/wp\/v2\/media?parent=10628"}],"wp:term":[{"taxonomy":"product_brand","embeddable":true,"href":"https:\/\/destandisticaret.com\/fr\/wp-json\/wp\/v2\/product_brand?post=10628"},{"taxonomy":"product_cat","embeddable":true,"href":"https:\/\/destandisticaret.com\/fr\/wp-json\/wp\/v2\/product_cat?post=10628"},{"taxonomy":"product_tag","embeddable":true,"href":"https:\/\/destandisticaret.com\/fr\/wp-json\/wp\/v2\/product_tag?post=10628"}],"curies":[{"name":"wp","href":"https:\/\/api.w.org\/{rel}","templated":true}]}}