{"id":10379,"date":"2025-04-16T07:50:24","date_gmt":"2025-04-16T07:50:24","guid":{"rendered":"https:\/\/destandisticaret.com\/?post_type=product&#038;p=10379"},"modified":"2025-11-20T05:34:22","modified_gmt":"2025-11-20T05:34:22","slug":"prunes-sechees","status":"publish","type":"product","link":"https:\/\/destandisticaret.com\/fr\/produit\/prunes-sechees\/","title":{"rendered":"Prunes s\u00e9ch\u00e9es"},"content":{"rendered":"<p>Les prunes contiennent de puissants antioxydants. Cette propri\u00e9t\u00e9 aide \u00e0 r\u00e9parer les dommages caus\u00e9s par les radicaux libres dans l&#039;organisme. Elles ont un effet protecteur contre le cancer et les maladies cardiaques. Elles sont recommand\u00e9es comme collation pour faciliter la gestion du poids. Elles sont riches en vitamines et min\u00e9raux. <strong>\u00e9laguer<\/strong>, attend de prendre place sur vos tables avec l&#039;assurance de \u015e\u00fck\u00fcr Kuruyemi\u015f.<\/p>","protected":false},"excerpt":{"rendered":"<p>Les prunes contiennent de puissants antioxydants. Cette propri\u00e9t\u00e9 aide \u00e0 r\u00e9parer les dommages caus\u00e9s par les radicaux libres dans l&#039;organisme. Elles ont un effet protecteur contre le cancer et les maladies cardiaques. Elles sont recommand\u00e9es comme collation pour faciliter la gestion du poids. Elles sont riches en vitamines et min\u00e9raux. <strong>\u00e9laguer<\/strong>, attend de prendre place sur vos tables avec l&#039;assurance de \u015e\u00fck\u00fcr Kuruyemi\u015f.<\/p>","protected":false},"featured_media":10383,"comment_status":"closed","ping_status":"closed","template":"","meta":[],"product_brand":[],"product_cat":[92],"product_tag":[93,94,79],"class_list":{"0":"post-10379","1":"product","2":"type-product","3":"status-publish","4":"has-post-thumbnail","6":"product_cat-ithalat-urunleri","7":"product_tag-erik","8":"product_tag-kuru-erik","9":"product_tag-saglikli-atistirmalik","11":"first","12":"instock","13":"shipping-taxable","14":"product-type-simple"},"_links":{"self":[{"href":"https:\/\/destandisticaret.com\/fr\/wp-json\/wp\/v2\/product\/10379","targetHints":{"allow":["GET"]}}],"collection":[{"href":"https:\/\/destandisticaret.com\/fr\/wp-json\/wp\/v2\/product"}],"about":[{"href":"https:\/\/destandisticaret.com\/fr\/wp-json\/wp\/v2\/types\/product"}],"replies":[{"embeddable":true,"href":"https:\/\/destandisticaret.com\/fr\/wp-json\/wp\/v2\/comments?post=10379"}],"wp:featuredmedia":[{"embeddable":true,"href":"https:\/\/destandisticaret.com\/fr\/wp-json\/wp\/v2\/media\/10383"}],"wp:attachment":[{"href":"https:\/\/destandisticaret.com\/fr\/wp-json\/wp\/v2\/media?parent=10379"}],"wp:term":[{"taxonomy":"product_brand","embeddable":true,"href":"https:\/\/destandisticaret.com\/fr\/wp-json\/wp\/v2\/product_brand?post=10379"},{"taxonomy":"product_cat","embeddable":true,"href":"https:\/\/destandisticaret.com\/fr\/wp-json\/wp\/v2\/product_cat?post=10379"},{"taxonomy":"product_tag","embeddable":true,"href":"https:\/\/destandisticaret.com\/fr\/wp-json\/wp\/v2\/product_tag?post=10379"}],"curies":[{"name":"wp","href":"https:\/\/api.w.org\/{rel}","templated":true}]}}