{"id":10378,"date":"2025-04-16T07:48:19","date_gmt":"2025-04-16T07:48:19","guid":{"rendered":"https:\/\/destandisticaret.com\/?post_type=product&#038;p=10378"},"modified":"2025-12-30T10:52:45","modified_gmt":"2025-12-30T10:52:45","slug":"canneberge-2","status":"publish","type":"product","link":"https:\/\/destandisticaret.com\/fr\/produit\/canneberge-2\/","title":{"rendered":"Canneberge"},"content":{"rendered":"<p>\u00c9galement connue sous le nom de \u201c canneberge \u201d dans l&#039;industrie alimentaire. <strong>canneberge<\/strong>, Avec son go\u00fbt acidul\u00e9 unique, sa couleur rouge et sa haute valeur nutritive, il est devenu l&#039;un des fruits secs les plus populaires ces derni\u00e8res ann\u00e9es. Ce produit offre une grande vari\u00e9t\u00e9 d&#039;utilisations, de la p\u00e2tisserie et la fabrication de chocolat au conditionnement des noix et \u00e0 la restauration h\u00f4teli\u00e8re., <strong>canneberges en gros<\/strong> Cela offre de formidables opportunit\u00e9s aux entreprises en mati\u00e8re d&#039;approvisionnement.<\/p>\n<p>Si vous recherchez des canneberges en vrac de haute qualit\u00e9, fra\u00eeches et abordables pour votre entreprise, un processus d&#039;approvisionnement ad\u00e9quat aura un impact direct sur la qualit\u00e9 de votre activit\u00e9.<\/p>\n<hr \/>\n<h2>Pourquoi choisir des canneberges en gros ?<\/h2>\n<p>Au lieu d&#039;emballages de vente au d\u00e9tail pour les entreprises <strong>taille industrielle (en vrac)<\/strong> L&#039;achat group\u00e9 est le moyen le plus efficace de r\u00e9duire les co\u00fbts et d&#039;uniformiser la qualit\u00e9 des produits.<\/p>\n<ul>\n<li><strong>Avantage en termes de co\u00fbts\u00a0:<\/strong> Les achats en gros permettent de r\u00e9duire consid\u00e9rablement le prix unitaire au kilogramme.<\/li>\n<li><strong>Actions durables :<\/strong> La gestion des stocks est essentielle pour \u00e9viter les interruptions de production ou de distribution sur votre cha\u00eene de production ou en rayon.<\/li>\n<li><strong>Diversit\u00e9:<\/strong> L&#039;achat en gros permet d&#039;acc\u00e9der plus facilement \u00e0 diff\u00e9rentes variantes, comme les pommes enti\u00e8res, tranch\u00e9es, sucr\u00e9es avec du sucre ajout\u00e9 ou sucr\u00e9es au jus de pomme.<\/li>\n<\/ul>\n<hr \/>\n<h2>Applications sectorielles des canneberges<\/h2>\n<p><strong>canneberges en gros<\/strong> La demande ne se limite pas aux seuls magasins de fruits secs. Voici les secteurs o\u00f9 ce produit est le plus consomm\u00e9 et son mode d&#039;utilisation\u00a0:<\/p>\n<h3>1. P\u00e2tisserie et boulangerie<\/h3>\n<p>Les canneberges constituent une alternative moderne et raffin\u00e9e aux raisins secs pour la confection de g\u00e2teaux, biscuits, pains et muffins. Gr\u00e2ce \u00e0 leur r\u00e9sistance \u00e0 la chaleur, elles conservent leur forme et leur saveur \u00e0 la cuisson.<\/p>\n<h3>2. Conditionnement des noix et des collations<\/h3>\n<p>Les amandes, les noix de cajou, les noisettes et les noix crues sont des ingr\u00e9dients indispensables des m\u00e9langes pour cocktails de luxe. Elles apportent couleur et acidit\u00e9 aux m\u00e9langes de noix, \u00e9quilibrant ainsi les saveurs.<\/p>\n<h3>3. Industrie du chocolat et de la confiserie<\/h3>\n<p>Elle est utilis\u00e9e dans la fabrication des drag\u00e9es ou comme fourrage dans les barres chocolat\u00e9es. Son go\u00fbt aigre-doux rend les canneberges attrayantes pour les fabricants de chocolat.<\/p>\n<h3>4. HoReCa (h\u00f4tel, restaurant, caf\u00e9)<\/h3>\n<p>C&#039;est un ingr\u00e9dient de pr\u00e9dilection des chefs pour les petits d\u00e9jeuners buffet, les bars \u00e0 granola\/muesli, les buffets de salades et la confection de sauces sp\u00e9ciales.<\/p>\n<hr \/>\n<h2>Comment identifier les canneberges de haute qualit\u00e9 ?<\/h2>\n<p>Voici les crit\u00e8res de qualit\u00e9 \u00e0 prendre en compte lors d&#039;achats en gros\u00a0:<\/p>\n<blockquote><p><strong>Niveau d&#039;humidit\u00e9 :<\/strong> Les canneberges, avec leur taux d&#039;humidit\u00e9 id\u00e9al, ne doivent \u00eatre ni trop dures ni trop molles. Elles doivent avoir une texture ferme et moelleuse, avec une l\u00e9g\u00e8re r\u00e9sistance sous la dent.<\/p><\/blockquote>\n<blockquote><p><strong>Couleur et taille :<\/strong> Elle doit \u00eatre d&#039;un rouge bordeaux \u00e9clatant et non ternie. Selon l&#039;utilisation pr\u00e9vue, vous pouvez choisir l&#039;option \u201c\u00a0enti\u00e8re\u00a0\u201d ou \u201c\u00a0tranch\u00e9e\u00a0\u201d.<\/p><\/blockquote>\n<blockquote><p><strong>Origine:<\/strong> Les produits en provenance des \u00c9tats-Unis, du Canada ou du Chili dominent g\u00e9n\u00e9ralement le march\u00e9. L&#039;origine et l&#039;ann\u00e9e de r\u00e9colte sont les principaux facteurs d\u00e9terminant la fra\u00eecheur du produit.<\/p><\/blockquote>\n<hr \/>\n<h2>Un outil marketing performant pour votre entreprise<\/h2>\n<p>L&#039;utilisation de canneberges dans vos produits renforce l&#039;image de \u201c produits sains \u201d. Vous pouvez mettre en avant les avantages suivants aupr\u00e8s de vos clients\u00a0:<\/p>\n<ul>\n<li>Une forte <strong>antioxydant<\/strong> C&#039;est la source.<\/li>\n<li>Il est riche en vitamine C et en fibres.<\/li>\n<li>C&#039;est une source d&#039;\u00e9nergie naturelle.<\/li>\n<\/ul>\n<h3>Commandes et tarifs en gros<\/h3>\n<p><strong>Prix de gros des canneberges<\/strong>; Les prix varient en fonction du taux de change, de l&#039;origine du produit, du calibre et de la quantit\u00e9 command\u00e9e (paquets\/palettes). Pour d\u00e9terminer le produit le mieux adapt\u00e9 \u00e0 vos besoins (tranch\u00e9 ou entier) et obtenir un devis actualis\u00e9, nous vous recommandons de nous contacter.<\/p>","protected":false},"excerpt":{"rendered":"<p>Les canneberges contiennent des vitamines A et C, des sucres b\u00e9n\u00e9fiques, des acides organiques, des tanins et de la pectine. Elles sont r\u00e9colt\u00e9es en juillet et s\u00e9ch\u00e9es au soleil.<\/p>\n<p>Les canneberges s\u00e9ch\u00e9es, \u00e9valu\u00e9es par les experts chevronn\u00e9s de \u015e\u00fck\u00fcr Kuruyemi\u015f, sont conditionn\u00e9es dans nos installations et distribu\u00e9es dans toute la Turquie.<\/p>","protected":false},"featured_media":10619,"comment_status":"closed","ping_status":"closed","template":"","meta":[],"product_brand":[],"product_cat":[92,15],"product_tag":[99,174,98,97,95,100,173],"class_list":{"0":"post-10378","1":"product","2":"type-product","3":"status-publish","4":"has-post-thumbnail","6":"product_cat-ithalat-urunleri","7":"product_cat-kuruyemisler","8":"product_tag-buruk-meyve","9":"product_tag-cranberry-2","10":"product_tag-eksi-meyve","11":"product_tag-kirmizi-meyve","12":"product_tag-kizilcik","13":"product_tag-orman-meyvesi","14":"product_tag-turna-yemisi","16":"first","17":"instock","18":"shipping-taxable","19":"product-type-simple"},"_links":{"self":[{"href":"https:\/\/destandisticaret.com\/fr\/wp-json\/wp\/v2\/product\/10378","targetHints":{"allow":["GET"]}}],"collection":[{"href":"https:\/\/destandisticaret.com\/fr\/wp-json\/wp\/v2\/product"}],"about":[{"href":"https:\/\/destandisticaret.com\/fr\/wp-json\/wp\/v2\/types\/product"}],"replies":[{"embeddable":true,"href":"https:\/\/destandisticaret.com\/fr\/wp-json\/wp\/v2\/comments?post=10378"}],"wp:featuredmedia":[{"embeddable":true,"href":"https:\/\/destandisticaret.com\/fr\/wp-json\/wp\/v2\/media\/10619"}],"wp:attachment":[{"href":"https:\/\/destandisticaret.com\/fr\/wp-json\/wp\/v2\/media?parent=10378"}],"wp:term":[{"taxonomy":"product_brand","embeddable":true,"href":"https:\/\/destandisticaret.com\/fr\/wp-json\/wp\/v2\/product_brand?post=10378"},{"taxonomy":"product_cat","embeddable":true,"href":"https:\/\/destandisticaret.com\/fr\/wp-json\/wp\/v2\/product_cat?post=10378"},{"taxonomy":"product_tag","embeddable":true,"href":"https:\/\/destandisticaret.com\/fr\/wp-json\/wp\/v2\/product_tag?post=10378"}],"curies":[{"name":"wp","href":"https:\/\/api.w.org\/{rel}","templated":true}]}}