{"id":10373,"date":"2025-04-16T07:43:14","date_gmt":"2025-04-16T07:43:14","guid":{"rendered":"https:\/\/destandisticaret.com\/?post_type=product&#038;p=10373"},"modified":"2025-11-20T05:34:31","modified_gmt":"2025-11-20T05:34:31","slug":"raisins","status":"publish","type":"product","link":"https:\/\/destandisticaret.com\/fr\/produit\/raisins\/","title":{"rendered":"Raisins"},"content":{"rendered":"<p>Cultiv\u00e9s et r\u00e9colt\u00e9s avec soin sur les terres fertiles de la mer \u00c9g\u00e9e, les raisins \u00e9taient ensuite s\u00e9ch\u00e9s au soleil. Riches en vitamines et min\u00e9raux, notamment en zinc, en fer et en calcium, ils poss\u00e8dent \u00e9galement de puissantes propri\u00e9t\u00e9s antioxydantes qui renforcent le syst\u00e8me immunitaire. Le s\u00e9chage au soleil est b\u00e9n\u00e9fique pour la peau.<\/p>\n<p>Il peut \u00eatre conditionn\u00e9 dans des poids sp\u00e9ciaux selon vos souhaits.<\/p>","protected":false},"excerpt":{"rendered":"<p>Cultiv\u00e9s et r\u00e9colt\u00e9s avec soin sur les terres fertiles de la mer \u00c9g\u00e9e, les raisins \u00e9taient ensuite s\u00e9ch\u00e9s au soleil. Riches en vitamines et min\u00e9raux, notamment en zinc, en fer et en calcium, ils poss\u00e8dent \u00e9galement de puissantes propri\u00e9t\u00e9s antioxydantes qui renforcent le syst\u00e8me immunitaire. Le s\u00e9chage au soleil est b\u00e9n\u00e9fique pour la peau.<\/p>","protected":false},"featured_media":10391,"comment_status":"closed","ping_status":"closed","template":"","meta":[],"product_brand":[],"product_cat":[91],"product_tag":[125,129,127,128,79,126,123,124],"class_list":{"0":"post-10373","1":"product","2":"type-product","3":"status-publish","4":"has-post-thumbnail","6":"product_cat-kurutulmus-meyveler","7":"product_tag-cekirdeksiz-kuru-uzum","8":"product_tag-dogal-kuru-uzum","9":"product_tag-izmir-uzumu-kurusu","10":"product_tag-kuru-uzum-cesitleri","11":"product_tag-saglikli-atistirmalik","12":"product_tag-sari-kuru-uzum","13":"product_tag-sultan-uzumu-kurusu","14":"product_tag-sultaniye-kuru-uzum","16":"first","17":"instock","18":"shipping-taxable","19":"product-type-simple"},"_links":{"self":[{"href":"https:\/\/destandisticaret.com\/fr\/wp-json\/wp\/v2\/product\/10373","targetHints":{"allow":["GET"]}}],"collection":[{"href":"https:\/\/destandisticaret.com\/fr\/wp-json\/wp\/v2\/product"}],"about":[{"href":"https:\/\/destandisticaret.com\/fr\/wp-json\/wp\/v2\/types\/product"}],"replies":[{"embeddable":true,"href":"https:\/\/destandisticaret.com\/fr\/wp-json\/wp\/v2\/comments?post=10373"}],"wp:featuredmedia":[{"embeddable":true,"href":"https:\/\/destandisticaret.com\/fr\/wp-json\/wp\/v2\/media\/10391"}],"wp:attachment":[{"href":"https:\/\/destandisticaret.com\/fr\/wp-json\/wp\/v2\/media?parent=10373"}],"wp:term":[{"taxonomy":"product_brand","embeddable":true,"href":"https:\/\/destandisticaret.com\/fr\/wp-json\/wp\/v2\/product_brand?post=10373"},{"taxonomy":"product_cat","embeddable":true,"href":"https:\/\/destandisticaret.com\/fr\/wp-json\/wp\/v2\/product_cat?post=10373"},{"taxonomy":"product_tag","embeddable":true,"href":"https:\/\/destandisticaret.com\/fr\/wp-json\/wp\/v2\/product_tag?post=10373"}],"curies":[{"name":"wp","href":"https:\/\/api.w.org\/{rel}","templated":true}]}}