{"id":10372,"date":"2025-04-16T07:42:51","date_gmt":"2025-04-16T07:42:51","guid":{"rendered":"https:\/\/destandisticaret.com\/?post_type=product&#038;p=10372"},"modified":"2025-11-20T05:34:35","modified_gmt":"2025-11-20T05:34:35","slug":"figues-sechees-2","status":"publish","type":"product","link":"https:\/\/destandisticaret.com\/fr\/produit\/figues-sechees-2\/","title":{"rendered":"Figues s\u00e9ch\u00e9es"},"content":{"rendered":"<p>Les figues sont un aliment qui favorise le renouvellement cellulaire gr\u00e2ce \u00e0 leur richesse en potassium, prot\u00e9ines, vitamines et min\u00e9raux. Leur avantage par rapport aux autres fruits r\u00e9side dans leur teneur en calcium et magn\u00e9sium, similaire \u00e0 celle du lait maternel.<\/p>\n<p>Cultiv\u00e9e avec passion et un espoir in\u00e9branlable, elle a \u00e9t\u00e9 r\u00e9colt\u00e9e avec amour. S\u00e9ch\u00e9e patiemment au soleil de la mer \u00c9g\u00e9e, elle a su toucher les c\u0153urs. Elle est pr\u00eate \u00e0 ravir vos papilles par sa richesse nutritionnelle et sa saveur unique.<\/p>\n<p>Il vous est propos\u00e9 dans la qualit\u00e9, le calibrage et l&#039;emballage que vous souhaitez, de 200 g \u00e0 5 kg.<\/p>","protected":false},"excerpt":{"rendered":"<p>Les figues sont un aliment qui favorise le renouvellement cellulaire gr\u00e2ce \u00e0 leur richesse en potassium, prot\u00e9ines, vitamines et min\u00e9raux. Leur avantage par rapport aux autres fruits r\u00e9side dans leur teneur en calcium et magn\u00e9sium, similaire \u00e0 celle du lait maternel.<\/p>\n<p>Cultiv\u00e9e avec passion et un espoir in\u00e9branlable, elle a \u00e9t\u00e9 r\u00e9colt\u00e9e avec amour. S\u00e9ch\u00e9e patiemment au soleil de la mer \u00c9g\u00e9e, elle a su toucher les c\u0153urs. Elle est pr\u00eate \u00e0 ravir vos papilles par sa richesse nutritionnelle et sa saveur unique.<\/p>","protected":false},"featured_media":10412,"comment_status":"closed","ping_status":"closed","template":"","meta":[],"product_brand":[],"product_cat":[91],"product_tag":[113,114,110,107,109,111,112],"class_list":{"0":"post-10372","1":"product","2":"type-product","3":"status-publish","4":"has-post-thumbnail","6":"product_cat-kurutulmus-meyveler","7":"product_tag-dogal-kurutulmus-incir","8":"product_tag-incir-kurusu","9":"product_tag-kuru-incir","10":"product_tag-kuru-meyve","11":"product_tag-kurutulmus-incir","12":"product_tag-tatli-incir","13":"product_tag-yumusak-incir","15":"first","16":"instock","17":"shipping-taxable","18":"product-type-simple"},"_links":{"self":[{"href":"https:\/\/destandisticaret.com\/fr\/wp-json\/wp\/v2\/product\/10372","targetHints":{"allow":["GET"]}}],"collection":[{"href":"https:\/\/destandisticaret.com\/fr\/wp-json\/wp\/v2\/product"}],"about":[{"href":"https:\/\/destandisticaret.com\/fr\/wp-json\/wp\/v2\/types\/product"}],"replies":[{"embeddable":true,"href":"https:\/\/destandisticaret.com\/fr\/wp-json\/wp\/v2\/comments?post=10372"}],"wp:featuredmedia":[{"embeddable":true,"href":"https:\/\/destandisticaret.com\/fr\/wp-json\/wp\/v2\/media\/10412"}],"wp:attachment":[{"href":"https:\/\/destandisticaret.com\/fr\/wp-json\/wp\/v2\/media?parent=10372"}],"wp:term":[{"taxonomy":"product_brand","embeddable":true,"href":"https:\/\/destandisticaret.com\/fr\/wp-json\/wp\/v2\/product_brand?post=10372"},{"taxonomy":"product_cat","embeddable":true,"href":"https:\/\/destandisticaret.com\/fr\/wp-json\/wp\/v2\/product_cat?post=10372"},{"taxonomy":"product_tag","embeddable":true,"href":"https:\/\/destandisticaret.com\/fr\/wp-json\/wp\/v2\/product_tag?post=10372"}],"curies":[{"name":"wp","href":"https:\/\/api.w.org\/{rel}","templated":true}]}}