{"id":10370,"date":"2025-04-16T07:41:17","date_gmt":"2025-04-16T07:41:17","guid":{"rendered":"https:\/\/destandisticaret.com\/?post_type=product&#038;p=10370"},"modified":"2025-11-20T05:34:46","modified_gmt":"2025-11-20T05:34:46","slug":"abricots-secs","status":"publish","type":"product","link":"https:\/\/destandisticaret.com\/fr\/produit\/abricots-secs\/","title":{"rendered":"Abricots secs"},"content":{"rendered":"<p>Les abricots secs sont des fruits secs sucr\u00e9s et nutritifs obtenus en extrayant le jus des abricots frais. Ils sont g\u00e9n\u00e9ralement s\u00e9ch\u00e9s au soleil ou au four. Leur couleur varie selon la m\u00e9thode de s\u00e9chage et la vari\u00e9t\u00e9 d&#039;abricot (de l&#039;orange clair au brun fonc\u00e9).<\/p>\n<p><strong>Valeurs nutritionnelles des abricots secs (pour environ 30 grammes)\u00a0:<\/strong><\/p>\n<ul>\n<li><strong>Calorie:<\/strong> 70-80 kcal<\/li>\n<li><strong>Glucides :<\/strong> 18 \u00e0 20 grammes (principalement du sucre naturel)<\/li>\n<li><strong>Fibre:<\/strong> 2 \u00e0 3 grammes<\/li>\n<li><strong>Prot\u00e9ine:<\/strong> 1 gramme<\/li>\n<li><strong>Huile:<\/strong> 0,3 gramme<\/li>\n<li><strong>Vitamine A (b\u00eata-carot\u00e8ne) :<\/strong> quantit\u00e9 \u00e9lev\u00e9e<\/li>\n<li><strong>Potassium:<\/strong> quantit\u00e9 \u00e9lev\u00e9e<\/li>\n<li><strong>Fer:<\/strong> Quantit\u00e9 mod\u00e9r\u00e9e<\/li>\n<li><strong>Vitamine E :<\/strong> Un petit peu<\/li>\n<\/ul>\n<p><strong>Bienfaits des abricots secs\u00a0:<\/strong><\/p>\n<ul>\n<li><strong>Sant\u00e9 du syst\u00e8me digestif :<\/strong> Gr\u00e2ce \u00e0 sa teneur \u00e9lev\u00e9e en fibres, elle pr\u00e9vient la constipation et r\u00e9gule le transit intestinal.<\/li>\n<li><strong>Sant\u00e9 oculaire :<\/strong> La teneur en b\u00eata-carot\u00e8ne (pr\u00e9curseur de la vitamine A) prot\u00e8ge la sant\u00e9 des yeux et contribue \u00e0 pr\u00e9venir la c\u00e9cit\u00e9 nocturne.<\/li>\n<li><strong>Sant\u00e9 cardiaque :<\/strong> Sa teneur en potassium contribue \u00e0 \u00e9quilibrer la tension art\u00e9rielle. Sa teneur en fibres peut faire baisser le taux de cholest\u00e9rol.<\/li>\n<li><strong>Sant\u00e9 osseuse :<\/strong> Certains des min\u00e9raux qu&#039;il contient contribuent \u00e0 la sant\u00e9 osseuse.<\/li>\n<li><strong>Source d&#039;antioxydants :<\/strong> Les antioxydants qu&#039;il contient prot\u00e8gent les cellules des effets n\u00e9fastes des radicaux libres.<\/li>\n<li><strong>Donne de l&#039;\u00e9nergie :<\/strong> Sa teneur naturelle en sucre constitue une source d&#039;\u00e9nergie rapide.<\/li>\n<li><strong>Peut \u00eatre b\u00e9n\u00e9fique en cas de carence en fer\u00a0:<\/strong> La teneur en fer peut contribuer \u00e0 lutter contre l&#039;an\u00e9mie.<\/li>\n<\/ul>\n<p><strong>Comment consommer les abricots secs ?<\/strong><\/p>\n<ul>\n<li><strong>Directement comme en-cas.<\/strong><\/li>\n<li><strong>Il peut \u00eatre ajout\u00e9 aux aliments du petit-d\u00e9jeuner (gruau, yogourt, etc.).<\/strong><\/li>\n<li><strong>On peut l&#039;ajouter aux salades.<\/strong><\/li>\n<li><strong>Il peut \u00eatre utilis\u00e9 dans les desserts (compote, g\u00e2teau, biscuits, etc.).<\/strong><\/li>\n<li><strong>Elle peut \u00eatre utilis\u00e9e comme sauce pour accompagner les plats de viande.<\/strong><\/li>\n<li><strong>Il peut \u00eatre ramolli en le faisant tremper dans l&#039;eau et consomm\u00e9 ensuite.<\/strong><\/li>\n<\/ul>\n<p><strong>\u00c9l\u00e9ments \u00e0 prendre en compte\u00a0:<\/strong><\/p>\n<ul>\n<li><strong>Teneur en sucre :<\/strong> Comme il contient du sucre naturel, les diab\u00e9tiques doivent faire attention aux portions.<\/li>\n<li><strong>Dioxyde de soufre :<\/strong> On utilise parfois du dioxyde de soufre dans certains abricots secs pour pr\u00e9server leur couleur et prolonger leur dur\u00e9e de conservation. Les personnes sensibles au soufre devraient privil\u00e9gier les abricots fonc\u00e9s non sulfur\u00e9s, \u00e9galement appel\u00e9s \u201c\u00a0abricots s\u00e9ch\u00e9s au soleil\u00a0\u201d.<\/li>\n<li><strong>Calorie:<\/strong> Il convient de tenir compte des portions, car la quantit\u00e9 de sucre et de calories augmente avec le processus de s\u00e9chage.<\/li>\n<\/ul>\n<p><strong>En r\u00e9sum\u00e9, les abricots secs sont une collation d\u00e9licieuse et nutritive, riche en fibres, vitamines et min\u00e9raux. Toutefois, il est important de faire attention aux portions consomm\u00e9es.<\/strong><\/p>","protected":false},"excerpt":{"rendered":"<p>Les abricots secs sont des fruits secs sucr\u00e9s et nutritifs obtenus en extrayant le jus des abricots frais. Ils sont g\u00e9n\u00e9ralement s\u00e9ch\u00e9s au soleil ou au four. Leur couleur varie selon la m\u00e9thode de s\u00e9chage et la vari\u00e9t\u00e9 d&#039;abricot (de l&#039;orange clair au brun fonc\u00e9).<\/p>","protected":false},"featured_media":10393,"comment_status":"closed","ping_status":"closed","template":"","meta":[],"product_brand":[],"product_cat":[91],"product_tag":[133,101,108,134,135,130,107,79,131,132],"class_list":{"0":"post-10370","1":"product","2":"type-product","3":"status-publish","4":"has-post-thumbnail","6":"product_cat-kurutulmus-meyveler","7":"product_tag-dogal-kuru-kayisi","8":"product_tag-gun-kurusu-kayisi","9":"product_tag-kayisi-kurusu","10":"product_tag-kukurtlu-kuru-kayisi","11":"product_tag-kukurtsuz-kuru-kayisi","12":"product_tag-kuru-kayisi","13":"product_tag-kuru-meyve","14":"product_tag-saglikli-atistirmalik","15":"product_tag-tatli-kuru-kayisi","16":"product_tag-yumusak-kuru-kayisi","18":"first","19":"instock","20":"shipping-taxable","21":"product-type-simple"},"_links":{"self":[{"href":"https:\/\/destandisticaret.com\/fr\/wp-json\/wp\/v2\/product\/10370","targetHints":{"allow":["GET"]}}],"collection":[{"href":"https:\/\/destandisticaret.com\/fr\/wp-json\/wp\/v2\/product"}],"about":[{"href":"https:\/\/destandisticaret.com\/fr\/wp-json\/wp\/v2\/types\/product"}],"replies":[{"embeddable":true,"href":"https:\/\/destandisticaret.com\/fr\/wp-json\/wp\/v2\/comments?post=10370"}],"wp:featuredmedia":[{"embeddable":true,"href":"https:\/\/destandisticaret.com\/fr\/wp-json\/wp\/v2\/media\/10393"}],"wp:attachment":[{"href":"https:\/\/destandisticaret.com\/fr\/wp-json\/wp\/v2\/media?parent=10370"}],"wp:term":[{"taxonomy":"product_brand","embeddable":true,"href":"https:\/\/destandisticaret.com\/fr\/wp-json\/wp\/v2\/product_brand?post=10370"},{"taxonomy":"product_cat","embeddable":true,"href":"https:\/\/destandisticaret.com\/fr\/wp-json\/wp\/v2\/product_cat?post=10370"},{"taxonomy":"product_tag","embeddable":true,"href":"https:\/\/destandisticaret.com\/fr\/wp-json\/wp\/v2\/product_tag?post=10370"}],"curies":[{"name":"wp","href":"https:\/\/api.w.org\/{rel}","templated":true}]}}