{"id":10070,"date":"2025-04-09T13:36:44","date_gmt":"2025-04-09T13:36:44","guid":{"rendered":"https:\/\/destandisticaret.com\/?post_type=product&#038;p=10070"},"modified":"2025-11-20T05:34:58","modified_gmt":"2025-11-20T05:34:58","slug":"graines-de-tournesol","status":"publish","type":"product","link":"https:\/\/destandisticaret.com\/fr\/produit\/graines-de-tournesol\/","title":{"rendered":"Graine de Tournesol"},"content":{"rendered":"<p>Nos ventes en gros de graines de tournesol ont \u00e9t\u00e9 soigneusement pr\u00e9par\u00e9es pour r\u00e9pondre aux besoins d&#039;une client\u00e8le vari\u00e9e, allant des d\u00e9taillants aux grands fabricants de produits alimentaires.<\/p>\n<p><strong>Pourquoi choisir nos graines de tournesol ?<\/strong><\/p>\n<ul>\n<li><strong>Haute qualit\u00e9:<\/strong> Nos graines de tournesol, soigneusement r\u00e9colt\u00e9es dans des champs de premi\u00e8re qualit\u00e9, sont charnues, grosses et d\u00e9licieuses. Elles sont nettoy\u00e9es et transform\u00e9es avec le plus grand soin avant d&#039;arriver sur votre table dans leur \u00e9tat le plus naturel.<\/li>\n<li><strong>Large gamme de produits :<\/strong>\n<ul>\n<li><strong>Graines de tournesol crues :<\/strong> Gr\u00e2ce \u00e0 sa structure naturelle et nutritive, il est id\u00e9al pour vos en-cas ou recettes saines.<\/li>\n<li><strong>Graines de tournesol grill\u00e9es :<\/strong> Disponible en diff\u00e9rents niveaux de torr\u00e9faction et de sel, il offre une vari\u00e9t\u00e9 adapt\u00e9e aux go\u00fbts de vos clients.<\/li>\n<li><strong>Graines de tournesol sal\u00e9es :<\/strong> C&#039;est toujours un en-cas de choix gr\u00e2ce \u00e0 son go\u00fbt classique.<\/li>\n<li><strong>M\u00e9lange de graines de citrouille :<\/strong> Nous proposons des m\u00e9langes sp\u00e9ciaux o\u00f9 les amateurs de graines de tournesol peuvent trouver diff\u00e9rentes saveurs r\u00e9unies.<\/li>\n<li><strong>Ar\u00f4mes et proc\u00e9d\u00e9s de fabrication personnalis\u00e9s\u00a0:<\/strong> Pour les achats en gros volumes, nous pouvons prendre en compte vos demandes sp\u00e9cifiques en mati\u00e8re de saveur et de traitement.<\/li>\n<\/ul>\n<\/li>\n<li><strong>Prix comp\u00e9titifs :<\/strong> Nous vous aidons \u00e0 r\u00e9duire vos co\u00fbts et \u00e0 augmenter votre marge b\u00e9n\u00e9ficiaire gr\u00e2ce aux prix avantageux que nous proposons pour vos achats en gros.<\/li>\n<li><strong>Cha\u00eene d&#039;approvisionnement fiable :<\/strong> Gr\u00e2ce \u00e0 notre r\u00e9seau d&#039;approvisionnement performant et \u00e0 notre importante capacit\u00e9 de stockage, nous livrons vos commandes \u00e0 temps et en int\u00e9gralit\u00e9. Nous sommes fiers d&#039;\u00eatre un partenaire d&#039;approvisionnement fiable et constant.<\/li>\n<li><strong>Longue dur\u00e9e de conservation\u00a0:<\/strong> Gr\u00e2ce \u00e0 notre emballage de qualit\u00e9, nos graines de tournesol conservent leur fra\u00eecheur longtemps, ce qui simplifie la gestion de vos stocks et minimise les pertes de produit.<\/li>\n<li><strong>Approche ax\u00e9e sur la satisfaction du client\u00a0:<\/strong> La satisfaction de nos clients est notre priorit\u00e9 absolue. Notre \u00e9quipe exp\u00e9riment\u00e9e et professionnelle est \u00e0 votre disposition pour r\u00e9pondre \u00e0 toutes vos questions et demandes, et vous offrir le meilleur service possible.<\/li>\n<\/ul>\n<p><strong>\u00c0 quelles entreprises nos graines de tournesol conviennent-elles\u00a0?<\/strong><\/p>\n<ul>\n<li><strong>Magasins de noix et \u00e9piceries fines\u00a0:<\/strong> Vous pouvez augmenter vos ventes en proposant \u00e0 vos clients une vari\u00e9t\u00e9 de graines de tournesol de qualit\u00e9.<\/li>\n<li><strong>March\u00e9s et supermarch\u00e9s\u00a0:<\/strong> Nos graines de tournesol deviendront un \u00e9l\u00e9ment indispensable de vos rayons de collations si vous les proposez.<\/li>\n<li><strong>Fabricants d&#039;aliments emball\u00e9s\u00a0:<\/strong> Les sachets de noix m\u00e9lang\u00e9es sont un ingr\u00e9dient de haute qualit\u00e9 que vous pouvez utiliser dans des produits tels que le granola et le muesli.<\/li>\n<li><strong>Boulangeries et p\u00e2tisseries :<\/strong> Id\u00e9al pour ajouter de la saveur et de la texture \u00e0 votre pain, vos p\u00e2tisseries et autres produits.<\/li>\n<li><strong>Fabricants d&#039;aliments pour animaux\u00a0:<\/strong> C&#039;est une ressource de qualit\u00e9 qui peut \u00eatre utilis\u00e9e dans la production d&#039;aliments pour animaux.<\/li>\n<li><strong>Fournisseurs alimentaires en gros :<\/strong> C&#039;est un produit fiable que vous pouvez proposer \u00e0 votre vaste r\u00e9seau de clients.<\/li>\n<\/ul>\n<p><strong>Pour les commandes en gros et les informations d\u00e9taill\u00e9es\u00a0:<\/strong><\/p>\n<p>N&#039;h\u00e9sitez pas \u00e0 nous contacter pour obtenir nos tarifs de gros et des informations d\u00e9taill\u00e9es adapt\u00e9es \u00e0 vos besoins sp\u00e9cifiques. Notre \u00e9quipe commerciale est \u00e0 votre disposition pour vous proposer les meilleures solutions.<\/p>\n<p><strong>Gagnons ensemble !<\/strong><\/p>\n<p>Nous sommes convaincus que notre partenariat commercial sera fructueux et durable gr\u00e2ce \u00e0 la qualit\u00e9 de nos graines de tournesol et aux avantages que nous offrons.<\/p>","protected":false},"excerpt":{"rendered":"<p>N&#039;h\u00e9sitez pas \u00e0 nous contacter pour conna\u00eetre nos tarifs de gros et obtenir des informations d\u00e9taill\u00e9es sur vos besoins en graines de tournesol et autres noix. Notre \u00e9quipe commerciale est \u00e0 votre disposition pour vous proposer les meilleures solutions.<\/p>","protected":false},"featured_media":10646,"comment_status":"closed","ping_status":"closed","template":"","meta":[],"product_brand":[],"product_cat":[15],"product_tag":[88,78,77,79],"class_list":{"0":"post-10070","1":"product","2":"type-product","3":"status-publish","4":"has-post-thumbnail","6":"product_cat-kuruyemisler","7":"product_tag-ay-cekirdegi","8":"product_tag-cerez","9":"product_tag-kuruyemis","10":"product_tag-saglikli-atistirmalik","12":"first","13":"instock","14":"shipping-taxable","15":"product-type-simple"},"_links":{"self":[{"href":"https:\/\/destandisticaret.com\/fr\/wp-json\/wp\/v2\/product\/10070","targetHints":{"allow":["GET"]}}],"collection":[{"href":"https:\/\/destandisticaret.com\/fr\/wp-json\/wp\/v2\/product"}],"about":[{"href":"https:\/\/destandisticaret.com\/fr\/wp-json\/wp\/v2\/types\/product"}],"replies":[{"embeddable":true,"href":"https:\/\/destandisticaret.com\/fr\/wp-json\/wp\/v2\/comments?post=10070"}],"wp:featuredmedia":[{"embeddable":true,"href":"https:\/\/destandisticaret.com\/fr\/wp-json\/wp\/v2\/media\/10646"}],"wp:attachment":[{"href":"https:\/\/destandisticaret.com\/fr\/wp-json\/wp\/v2\/media?parent=10070"}],"wp:term":[{"taxonomy":"product_brand","embeddable":true,"href":"https:\/\/destandisticaret.com\/fr\/wp-json\/wp\/v2\/product_brand?post=10070"},{"taxonomy":"product_cat","embeddable":true,"href":"https:\/\/destandisticaret.com\/fr\/wp-json\/wp\/v2\/product_cat?post=10070"},{"taxonomy":"product_tag","embeddable":true,"href":"https:\/\/destandisticaret.com\/fr\/wp-json\/wp\/v2\/product_tag?post=10070"}],"curies":[{"name":"wp","href":"https:\/\/api.w.org\/{rel}","templated":true}]}}