{"id":10069,"date":"2025-04-09T13:33:17","date_gmt":"2025-04-09T13:33:17","guid":{"rendered":"https:\/\/destandisticaret.com\/?post_type=product&#038;p=10069"},"modified":"2025-11-20T05:35:04","modified_gmt":"2025-11-20T05:35:04","slug":"pois-chiches-rotis","status":"publish","type":"product","link":"https:\/\/destandisticaret.com\/fr\/produit\/pois-chiches-rotis\/","title":{"rendered":"Pois chiches"},"content":{"rendered":"<p>Nos ventes en gros de pois chiches grill\u00e9s sont con\u00e7ues pour r\u00e9pondre aux besoins d&#039;une large gamme d&#039;entreprises, des d\u00e9taillants aux clients institutionnels.<\/p>\n<p><strong>Pourquoi choisir nos pois chiches ?<\/strong><\/p>\n<ul>\n<li><strong>Supr\u00e9matie :<\/strong> Pr\u00e9par\u00e9s \u00e0 partir de pois chiches frais et soigneusement s\u00e9lectionn\u00e9s, nos pois chiches grill\u00e9s offrent une saveur et un croquant uniques. Transform\u00e9s selon des m\u00e9thodes traditionnelles, ils conservent leur saveur naturelle et leurs qualit\u00e9s nutritionnelles.<\/li>\n<li><strong>Large gamme de produits :<\/strong> Nous proposons une large gamme de pois chiches grill\u00e9s aux saveurs vari\u00e9es\u00a0: nature, sal\u00e9s, sucr\u00e9s, \u00e9pic\u00e9s, et bien d\u2019autres. Nous offrons un vaste choix pour satisfaire les go\u00fbts divers de vos clients. Nous proposons \u00e9galement des options de production et d\u2019emballage personnalis\u00e9es.<\/li>\n<li><strong>Prix comp\u00e9titifs :<\/strong> Nous vous aidons \u00e0 r\u00e9duire vos co\u00fbts et \u00e0 augmenter votre marge b\u00e9n\u00e9ficiaire gr\u00e2ce aux prix avantageux que nous proposons pour vos achats en gros.<\/li>\n<li><strong>Approvisionnement fiable :<\/strong> Gr\u00e2ce \u00e0 notre capacit\u00e9 de production \u00e9lev\u00e9e et \u00e0 notre r\u00e9seau logistique performant, nous livrons vos commandes dans les d\u00e9lais et en int\u00e9gralit\u00e9. Nous assurons la continuit\u00e9 de votre activit\u00e9 en vous fournissant une cha\u00eene d&#039;approvisionnement fiable et continue.<\/li>\n<li><strong>Longue dur\u00e9e de conservation\u00a0:<\/strong> Gr\u00e2ce \u00e0 notre emballage sp\u00e9cial, nos pois chiches grill\u00e9s conservent leur fra\u00eecheur longtemps, ce qui facilite la gestion de vos stocks et r\u00e9duit le gaspillage.<\/li>\n<li><strong>Approche ax\u00e9e sur la satisfaction du client\u00a0:<\/strong> La satisfaction de nos clients est notre priorit\u00e9 absolue. Notre \u00e9quipe professionnelle et exp\u00e9riment\u00e9e apporte des solutions rapides et efficaces \u00e0 toutes vos questions et demandes.<\/li>\n<\/ul>\n<p><strong>Pour quels types d&#039;entreprises nos pois chiches sont-ils id\u00e9aux ?<\/strong><\/p>\n<ul>\n<li><strong>Magasins de noix et \u00e9piceries fines\u00a0:<\/strong> Vous pouvez augmenter vos ventes en proposant \u00e0 vos clients une vari\u00e9t\u00e9 de pois chiches grill\u00e9s de qualit\u00e9.<\/li>\n<li><strong>March\u00e9s et supermarch\u00e9s\u00a0:<\/strong> Nos pois chiches grill\u00e9s, que vous proposerez dans vos rayons, constitueront une option attrayante pour les consommateurs \u00e0 la recherche d&#039;en-cas sains.<\/li>\n<li><strong>H\u00f4tels, restaurants et traiteurs\u00a0:<\/strong> C&#039;est une alternative d\u00e9licieuse et satisfaisante que vous pouvez proposer comme une petite attention \u00e0 vos invit\u00e9s et clients.<\/li>\n<li><strong>Cantines et buffets scolaires\u00a0:<\/strong> C&#039;est une collation saine et pratique pour les \u00e9tudiants et les travailleurs.<\/li>\n<li><strong>Commerces vendant des souvenirs et des produits locaux\u00a0:<\/strong> Nos pois chiches grill\u00e9s peuvent \u00eatre pr\u00e9sent\u00e9s comme une sp\u00e9cialit\u00e9 locale gr\u00e2ce \u00e0 notre emballage sp\u00e9cial.<\/li>\n<li><strong>Fabricants de produits alimentaires\u00a0:<\/strong> C&#039;est un ingr\u00e9dient de haute qualit\u00e9 que vous pouvez utiliser dans vos produits (par exemple, des m\u00e9langes de noix, des barres de c\u00e9r\u00e9ales, etc.).<\/li>\n<\/ul>\n<p><strong>Pour les commandes en gros et les informations d\u00e9taill\u00e9es\u00a0:<\/strong><\/p>\n<p>N&#039;h\u00e9sitez pas \u00e0 nous contacter pour obtenir nos tarifs de gros et des informations d\u00e9taill\u00e9es adapt\u00e9es \u00e0 vos besoins. Notre \u00e9quipe commerciale est \u00e0 votre disposition pour vous proposer les meilleures solutions.<\/p>\n<p><strong>Marchons ensemble vers le succ\u00e8s !<\/strong><\/p>\n<p>Nous serions ravis de contribuer \u00e0 la croissance de votre entreprise gr\u00e2ce \u00e0 la qualit\u00e9 de nos pois chiches grill\u00e9s et aux avantages que nous offrons.<\/p>","protected":false},"excerpt":{"rendered":"<p>N&#039;h\u00e9sitez pas \u00e0 nous contacter pour obtenir nos tarifs de gros et des informations d\u00e9taill\u00e9es adapt\u00e9es \u00e0 vos besoins. Notre \u00e9quipe commerciale est \u00e0 votre disposition pour vous proposer les meilleures solutions.<\/p>","protected":false},"featured_media":10618,"comment_status":"closed","ping_status":"closed","template":"","meta":[],"product_brand":[],"product_cat":[15],"product_tag":[78,77,87,79],"class_list":{"0":"post-10069","1":"product","2":"type-product","3":"status-publish","4":"has-post-thumbnail","6":"product_cat-kuruyemisler","7":"product_tag-cerez","8":"product_tag-kuruyemis","9":"product_tag-leblebi","10":"product_tag-saglikli-atistirmalik","12":"first","13":"instock","14":"shipping-taxable","15":"product-type-simple"},"_links":{"self":[{"href":"https:\/\/destandisticaret.com\/fr\/wp-json\/wp\/v2\/product\/10069","targetHints":{"allow":["GET"]}}],"collection":[{"href":"https:\/\/destandisticaret.com\/fr\/wp-json\/wp\/v2\/product"}],"about":[{"href":"https:\/\/destandisticaret.com\/fr\/wp-json\/wp\/v2\/types\/product"}],"replies":[{"embeddable":true,"href":"https:\/\/destandisticaret.com\/fr\/wp-json\/wp\/v2\/comments?post=10069"}],"wp:featuredmedia":[{"embeddable":true,"href":"https:\/\/destandisticaret.com\/fr\/wp-json\/wp\/v2\/media\/10618"}],"wp:attachment":[{"href":"https:\/\/destandisticaret.com\/fr\/wp-json\/wp\/v2\/media?parent=10069"}],"wp:term":[{"taxonomy":"product_brand","embeddable":true,"href":"https:\/\/destandisticaret.com\/fr\/wp-json\/wp\/v2\/product_brand?post=10069"},{"taxonomy":"product_cat","embeddable":true,"href":"https:\/\/destandisticaret.com\/fr\/wp-json\/wp\/v2\/product_cat?post=10069"},{"taxonomy":"product_tag","embeddable":true,"href":"https:\/\/destandisticaret.com\/fr\/wp-json\/wp\/v2\/product_tag?post=10069"}],"curies":[{"name":"wp","href":"https:\/\/api.w.org\/{rel}","templated":true}]}}