{"id":10063,"date":"2025-04-09T10:56:43","date_gmt":"2025-04-09T10:56:43","guid":{"rendered":"https:\/\/destandisticaret.com\/?post_type=product&#038;p=10063"},"modified":"2025-11-20T05:35:11","modified_gmt":"2025-11-20T05:35:11","slug":"noyer","status":"publish","type":"product","link":"https:\/\/destandisticaret.com\/fr\/produit\/noyer\/","title":{"rendered":"Noyer"},"content":{"rendered":"<p>Sublimez vos cr\u00e9ations culinaires avec nos noix de qualit\u00e9 sup\u00e9rieure\u00a0; r\u00e9put\u00e9es pour leur ar\u00f4me riche et beurr\u00e9 et leur croquant irr\u00e9sistible, elles sont id\u00e9ales pour les cuisines professionnelles. Elles apportent profondeur et texture \u00e0 une grande vari\u00e9t\u00e9 de plats, des salades et p\u00e2tisseries aux plats principaux sal\u00e9s comme les crustac\u00e9s ou les l\u00e9gumes r\u00f4tis. Les chefs appr\u00e9cient leur polyvalence\u00a0: hach\u00e9es, grill\u00e9es ou moulues en farine de noix, <strong>noyer<\/strong> Leurs recettes sont pris\u00e9es pour leur raffinement et leur valeur nutritionnelle.<\/p>\n<p>Pour les acheteurs en gros, les noix de Kuruyemi\u015f de \u015e\u00fck\u00fcr offrent une qualit\u00e9 constante et une longue dur\u00e9e de conservation, ce qui les rend id\u00e9ales pour les productions \u00e0 grande \u00e9chelle. Leur calibre standardis\u00e9 et leur fra\u00eecheur facilitent leur utilisation dans les cuisines professionnelles et les processus de production alimentaire. Que vous pr\u00e9pariez des pains sp\u00e9ciaux, cr\u00e9iez des chocolats gourmands ou les incorporiez \u00e0 des m\u00e9langes ap\u00e9ritifs et des granolas, les noix de Kuruyemi\u015f de \u015e\u00fck\u00fcr vous garantissent la fiabilit\u00e9 et l&#039;excellence n\u00e9cessaires \u00e0 une production \u00e0 grande \u00e9chelle.<\/p>","protected":false},"excerpt":{"rendered":"<p>Pour les acheteurs en gros, les noix de Kuruyemi\u015f de \u015e\u00fck\u00fcr offrent une qualit\u00e9 constante et une longue dur\u00e9e de conservation, ce qui les rend id\u00e9ales pour les productions \u00e0 grande \u00e9chelle. Leur calibre standardis\u00e9 et leur fra\u00eecheur facilitent leur utilisation dans les cuisines professionnelles et les processus de production alimentaire. Que vous pr\u00e9pariez des pains sp\u00e9ciaux, cr\u00e9iez des chocolats gourmands ou les incorporiez \u00e0 des m\u00e9langes ap\u00e9ritifs et des granolas, les noix de Kuruyemi\u015f de \u015e\u00fck\u00fcr vous garantissent la fiabilit\u00e9 et l&#039;excellence n\u00e9cessaires \u00e0 une production \u00e0 grande \u00e9chelle.<\/p>","protected":false},"featured_media":10610,"comment_status":"closed","ping_status":"closed","template":"","meta":[],"product_brand":[],"product_cat":[92,15],"product_tag":[78,85,77,79],"class_list":{"0":"post-10063","1":"product","2":"type-product","3":"status-publish","4":"has-post-thumbnail","6":"product_cat-ithalat-urunleri","7":"product_cat-kuruyemisler","8":"product_tag-cerez","9":"product_tag-ceviz","10":"product_tag-kuruyemis","11":"product_tag-saglikli-atistirmalik","13":"first","14":"instock","15":"shipping-taxable","16":"product-type-simple"},"_links":{"self":[{"href":"https:\/\/destandisticaret.com\/fr\/wp-json\/wp\/v2\/product\/10063","targetHints":{"allow":["GET"]}}],"collection":[{"href":"https:\/\/destandisticaret.com\/fr\/wp-json\/wp\/v2\/product"}],"about":[{"href":"https:\/\/destandisticaret.com\/fr\/wp-json\/wp\/v2\/types\/product"}],"replies":[{"embeddable":true,"href":"https:\/\/destandisticaret.com\/fr\/wp-json\/wp\/v2\/comments?post=10063"}],"wp:featuredmedia":[{"embeddable":true,"href":"https:\/\/destandisticaret.com\/fr\/wp-json\/wp\/v2\/media\/10610"}],"wp:attachment":[{"href":"https:\/\/destandisticaret.com\/fr\/wp-json\/wp\/v2\/media?parent=10063"}],"wp:term":[{"taxonomy":"product_brand","embeddable":true,"href":"https:\/\/destandisticaret.com\/fr\/wp-json\/wp\/v2\/product_brand?post=10063"},{"taxonomy":"product_cat","embeddable":true,"href":"https:\/\/destandisticaret.com\/fr\/wp-json\/wp\/v2\/product_cat?post=10063"},{"taxonomy":"product_tag","embeddable":true,"href":"https:\/\/destandisticaret.com\/fr\/wp-json\/wp\/v2\/product_tag?post=10063"}],"curies":[{"name":"wp","href":"https:\/\/api.w.org\/{rel}","templated":true}]}}