{"id":10061,"date":"2025-04-09T10:30:16","date_gmt":"2025-04-09T10:30:16","guid":{"rendered":"https:\/\/destandisticaret.com\/?post_type=product&#038;p=10061"},"modified":"2025-11-20T05:35:15","modified_gmt":"2025-11-20T05:35:15","slug":"pistaches","status":"publish","type":"product","link":"https:\/\/destandisticaret.com\/fr\/produit\/pistaches\/","title":{"rendered":"Pistache"},"content":{"rendered":"<p>Enrichissez vos cr\u00e9ations culinaires avec nos pistaches de haute qualit\u00e9 ; un ingr\u00e9dient sophistiqu\u00e9 et polyvalent qui est appr\u00e9ci\u00e9 dans les cuisines professionnelles pour ses ar\u00f4mes exquis, ses couleurs vibrantes et son croquant satisfaisant. Les chefs appr\u00e9cient le fait qu'elles puissent \u00eatre utilis\u00e9es enti\u00e8res, hach\u00e9es, r\u00f4ties ou sous forme de p\u00e2te cr\u00e9meuse, ce qui offre des possibilit\u00e9s infinies de d\u00e9veloppement de menus cr\u00e9atifs et de restauration pour les palais les plus exigeants.<\/p>\n<p>Noix de \u015e\u00fck\u00fcr pour les acheteurs en gros <strong>Pistache<\/strong>, Offrant une qualit\u00e9 constante et une longue dur\u00e9e de conservation, les pistaches \u015e\u00fck\u00fcr Kuruyemi\u015f sont id\u00e9ales pour les productions \u00e0 grande \u00e9chelle. Leur approvisionnement fiable, leur taille uniforme et leur qualit\u00e9 sup\u00e9rieure facilitent leur utilisation dans les cuisines professionnelles et les processus de production alimentaire. Que vous pr\u00e9pariez des p\u00e2tes \u00e0 tartiner \u00e0 base de pistaches, des m\u00e9langes ap\u00e9ritifs ou que vous les incorporiez dans des cr\u00e8mes glac\u00e9es, les pistaches \u015e\u00fck\u00fcr Kuruyemi\u015f sont un excellent choix. <strong>Pistache<\/strong>offre la consistance et la valeur nutritionnelle qui r\u00e9pondent aux exigences de la production haut de gamme et \u00e0 grande \u00e9chelle.<\/p>","protected":false},"excerpt":{"rendered":"<p>Pour les acheteurs en gros, les pistaches \u015e\u00fck\u00fcr Kuruyemi\u015f Antep offrent une qualit\u00e9 constante et une longue dur\u00e9e de conservation, ce qui les rend id\u00e9ales pour les productions \u00e0 grande \u00e9chelle. Leur approvisionnement fiable, leur calibre uniforme et leur qualit\u00e9 sup\u00e9rieure garantissent une utilisation ais\u00e9e dans les cuisines professionnelles et les processus de production alimentaire. Que vous pr\u00e9pariez des p\u00e2tes \u00e0 tartiner, des m\u00e9langes ap\u00e9ritifs ou que vous les incorporiez \u00e0 des cr\u00e8mes glac\u00e9es, les pistaches \u015e\u00fck\u00fcr Kuruyemi\u015f Antep offrent la r\u00e9gularit\u00e9 et la valeur nutritionnelle n\u00e9cessaires pour r\u00e9pondre aux exigences d&#039;une production haut de gamme \u00e0 grande \u00e9chelle.<\/p>","protected":false},"featured_media":10674,"comment_status":"closed","ping_status":"closed","template":"","meta":[],"product_brand":[],"product_cat":[15],"product_tag":[83,78,77,79,84],"class_list":{"0":"post-10061","1":"product","2":"type-product","3":"status-publish","4":"has-post-thumbnail","6":"product_cat-kuruyemisler","7":"product_tag-antep-fistigi","8":"product_tag-cerez","9":"product_tag-kuruyemis","10":"product_tag-saglikli-atistirmalik","11":"product_tag-sam-fistik","13":"first","14":"instock","15":"shipping-taxable","16":"product-type-simple"},"_links":{"self":[{"href":"https:\/\/destandisticaret.com\/fr\/wp-json\/wp\/v2\/product\/10061","targetHints":{"allow":["GET"]}}],"collection":[{"href":"https:\/\/destandisticaret.com\/fr\/wp-json\/wp\/v2\/product"}],"about":[{"href":"https:\/\/destandisticaret.com\/fr\/wp-json\/wp\/v2\/types\/product"}],"replies":[{"embeddable":true,"href":"https:\/\/destandisticaret.com\/fr\/wp-json\/wp\/v2\/comments?post=10061"}],"wp:featuredmedia":[{"embeddable":true,"href":"https:\/\/destandisticaret.com\/fr\/wp-json\/wp\/v2\/media\/10674"}],"wp:attachment":[{"href":"https:\/\/destandisticaret.com\/fr\/wp-json\/wp\/v2\/media?parent=10061"}],"wp:term":[{"taxonomy":"product_brand","embeddable":true,"href":"https:\/\/destandisticaret.com\/fr\/wp-json\/wp\/v2\/product_brand?post=10061"},{"taxonomy":"product_cat","embeddable":true,"href":"https:\/\/destandisticaret.com\/fr\/wp-json\/wp\/v2\/product_cat?post=10061"},{"taxonomy":"product_tag","embeddable":true,"href":"https:\/\/destandisticaret.com\/fr\/wp-json\/wp\/v2\/product_tag?post=10061"}],"curies":[{"name":"wp","href":"https:\/\/api.w.org\/{rel}","templated":true}]}}