{"id":10060,"date":"2025-04-09T10:22:02","date_gmt":"2025-04-09T10:22:02","guid":{"rendered":"https:\/\/destandisticaret.com\/?post_type=product&#038;p=10060"},"modified":"2025-11-20T05:35:21","modified_gmt":"2025-11-20T05:35:21","slug":"cacahuete","status":"publish","type":"product","link":"https:\/\/destandisticaret.com\/fr\/produit\/cacahuete\/","title":{"rendered":"Cacahu\u00e8te"},"content":{"rendered":"<p>Enrichissez vos cr\u00e9ations culinaires avec nos cacahu\u00e8tes de haute qualit\u00e9 ; un ingr\u00e9dient polyvalent appr\u00e9ci\u00e9 dans les cuisines professionnelles pour ses saveurs riches et son croquant satisfaisant. Id\u00e9ales pour les applications sucr\u00e9es et sal\u00e9es, elles peuvent \u00eatre incorpor\u00e9es dans les sauces, les saut\u00e9s de l\u00e9gumes, les produits de boulangerie et les desserts pour ajouter de la profondeur et de la texture \u00e0 vos plats. Les chefs appr\u00e9cient le fait qu'elles puissent \u00eatre utilis\u00e9es r\u00f4ties, moulues ou enti\u00e8res, ce qui offre une grande souplesse dans l'\u00e9laboration des menus et la possibilit\u00e9 de satisfaire diff\u00e9rents palais.<\/p>\n<p>Pour les acheteurs en gros <strong>Cacahu\u00e8te<\/strong>, Offrant une qualit\u00e9 constante et une longue dur\u00e9e de conservation, les cacahu\u00e8tes sont id\u00e9ales pour les productions \u00e0 grande \u00e9chelle. Leur approvisionnement fiable et leur calibre uniforme facilitent leur utilisation dans les cuisines professionnelles et les processus de production alimentaire. Que vous pr\u00e9pariez du beurre de cacahu\u00e8te, des m\u00e9langes ap\u00e9ritifs ou que vous incorporiez des cacahu\u00e8tes dans des confiseries, elles offrent la consistance et la valeur nutritionnelle n\u00e9cessaires pour r\u00e9pondre aux exigences de la production \u00e0 grande \u00e9chelle.<\/p>","protected":false},"excerpt":{"rendered":"<p>Pour les acheteurs en gros <strong>Cacahu\u00e8te<\/strong>, Offrant une qualit\u00e9 constante et une longue dur\u00e9e de conservation, les cacahu\u00e8tes sont id\u00e9ales pour les productions \u00e0 grande \u00e9chelle. Leur approvisionnement fiable et leur calibre uniforme facilitent leur utilisation dans les cuisines professionnelles et les processus de production alimentaire. Que vous pr\u00e9pariez du beurre de cacahu\u00e8te, des m\u00e9langes ap\u00e9ritifs ou que vous incorporiez des cacahu\u00e8tes dans des confiseries, elles offrent la consistance et la valeur nutritionnelle n\u00e9cessaires pour r\u00e9pondre aux exigences de la production \u00e0 grande \u00e9chelle.<\/p>","protected":false},"featured_media":10617,"comment_status":"closed","ping_status":"closed","template":"","meta":[],"product_brand":[],"product_cat":[15],"product_tag":[78,77,79,82,81],"class_list":{"0":"post-10060","1":"product","2":"type-product","3":"status-publish","4":"has-post-thumbnail","6":"product_cat-kuruyemisler","7":"product_tag-cerez","8":"product_tag-kuruyemis","9":"product_tag-saglikli-atistirmalik","10":"product_tag-tuzlu-fistik","11":"product_tag-yer-fistigi","13":"first","14":"instock","15":"shipping-taxable","16":"product-type-simple"},"_links":{"self":[{"href":"https:\/\/destandisticaret.com\/fr\/wp-json\/wp\/v2\/product\/10060","targetHints":{"allow":["GET"]}}],"collection":[{"href":"https:\/\/destandisticaret.com\/fr\/wp-json\/wp\/v2\/product"}],"about":[{"href":"https:\/\/destandisticaret.com\/fr\/wp-json\/wp\/v2\/types\/product"}],"replies":[{"embeddable":true,"href":"https:\/\/destandisticaret.com\/fr\/wp-json\/wp\/v2\/comments?post=10060"}],"wp:featuredmedia":[{"embeddable":true,"href":"https:\/\/destandisticaret.com\/fr\/wp-json\/wp\/v2\/media\/10617"}],"wp:attachment":[{"href":"https:\/\/destandisticaret.com\/fr\/wp-json\/wp\/v2\/media?parent=10060"}],"wp:term":[{"taxonomy":"product_brand","embeddable":true,"href":"https:\/\/destandisticaret.com\/fr\/wp-json\/wp\/v2\/product_brand?post=10060"},{"taxonomy":"product_cat","embeddable":true,"href":"https:\/\/destandisticaret.com\/fr\/wp-json\/wp\/v2\/product_cat?post=10060"},{"taxonomy":"product_tag","embeddable":true,"href":"https:\/\/destandisticaret.com\/fr\/wp-json\/wp\/v2\/product_tag?post=10060"}],"curies":[{"name":"wp","href":"https:\/\/api.w.org\/{rel}","templated":true}]}}