{"id":4986,"date":"2019-08-12T12:40:15","date_gmt":"2019-08-12T12:40:15","guid":{"rendered":"https:\/\/groffer.modeltheme.com\/?page_id=4986"},"modified":"2025-06-26T11:43:54","modified_gmt":"2025-06-26T11:43:54","slug":"a-propos","status":"publish","type":"page","link":"https:\/\/destandisticaret.com\/fr\/a-propos\/","title":{"rendered":"\u00c0 propos de nous"},"content":{"rendered":"<div class=\"wpb-content-wrapper\"><div class=\"vc_row wpb_row vc_row-fluid vc_custom_1605185470066\"><div class=\"wpb_animate_when_almost_visible wpb_bounceInLeft bounceInLeft wpb_column vc_column_container vc_col-sm-6\"><div class=\"vc_column-inner\"><div class=\"wpb_wrapper\">\n\t<div class=\"wpb_text_column wpb_content_element\" >\n\t\t<div class=\"wpb_wrapper\">\n\t\t\t<h3>\u00c0 propos de nous<\/h3>\n\n\t\t<\/div>\n\t<\/div>\n<div class=\"vc_empty_space\"   style=\"height: 30px\"><span class=\"vc_empty_space_inner\"><\/span><\/div>\n\t<div class=\"wpb_text_column wpb_content_element\" >\n\t\t<div class=\"wpb_wrapper\">\n\t\t\t<p>\u015e\u00fck\u00fcr Kuruyemi\u015f s&#039;est implant\u00e9 dans le secteur des noix et des fruits secs \u00e0 Denizli en 1973, en produisant des pois chiches grill\u00e9s. Sa croissance rapide lui a permis d&#039;asseoir sa position dominante dans ce secteur. Apr\u00e8s le d\u00e9but des exportations en 1996, l&#039;entreprise a transf\u00e9r\u00e9 son si\u00e8ge social \u00e0 Istanbul. \u015e\u00fck\u00fcr Kuruyemi\u015f continue d&#039;\u00e9largir sa client\u00e8le internationale et poursuit sa croissance sous l&#039;\u00e9gide de Destan D\u0131\u015f Ticaret ve G\u0131da Sanayi Limited \u015eirketi, qui a d\u00e9but\u00e9 ses activit\u00e9s commerciales internationales en 2005.<\/p>\n<p>Aujourd&#039;hui, Destan Foreign Trade and Food Industry Limited poursuit sa croissance constante sur le march\u00e9 ext\u00e9rieur en \u00e9largissant sa gamme de produits. La confiance acquise gr\u00e2ce \u00e0 une approche commerciale simple et honn\u00eate lui a permis de conserver une client\u00e8le solide. Nous op\u00e9rons sous les marques \u015e\u00fck\u00fcr Kuruyemi\u015f et Cipso Turka\u00ae dans le secteur des fruits secs, ainsi que sous la marque Trusty\u00ae. Nos produits sont soigneusement s\u00e9lectionn\u00e9s par des experts et conditionn\u00e9s dans des installations modernes, dans des conditions d&#039;hygi\u00e8ne optimales, pr\u00e9servant ainsi leur int\u00e9grit\u00e9 naturelle.<\/p>\n\n\t\t<\/div>\n\t<\/div>\n<div class=\"vc_empty_space\"   style=\"height: 30px\"><span class=\"vc_empty_space_inner\"><\/span><\/div>\n\t<div class=\"wpb_text_column wpb_content_element\" >\n\t\t<div class=\"wpb_wrapper\">\n\t\t\t<p><img loading=\"lazy\" decoding=\"async\" class=\"alignnone wp-image-10476 size-full\" src=\"https:\/\/destandisticaret.com\/wp-content\/uploads\/2025\/06\/hakkimizda-01.webp\" alt=\"\" width=\"800\" height=\"800\" srcset=\"https:\/\/destandisticaret.com\/wp-content\/uploads\/2025\/06\/hakkimizda-01.webp 800w, https:\/\/destandisticaret.com\/wp-content\/uploads\/2025\/06\/hakkimizda-01-300x300.webp 300w, https:\/\/destandisticaret.com\/wp-content\/uploads\/2025\/06\/hakkimizda-01-150x150.webp 150w, https:\/\/destandisticaret.com\/wp-content\/uploads\/2025\/06\/hakkimizda-01-768x768.webp 768w, https:\/\/destandisticaret.com\/wp-content\/uploads\/2025\/06\/hakkimizda-01-12x12.webp 12w, https:\/\/destandisticaret.com\/wp-content\/uploads\/2025\/06\/hakkimizda-01-350x350.webp 350w, https:\/\/destandisticaret.com\/wp-content\/uploads\/2025\/06\/hakkimizda-01-110x110.webp 110w, https:\/\/destandisticaret.com\/wp-content\/uploads\/2025\/06\/hakkimizda-01-400x400.webp 400w, https:\/\/destandisticaret.com\/wp-content\/uploads\/2025\/06\/hakkimizda-01-500x500.webp 500w, https:\/\/destandisticaret.com\/wp-content\/uploads\/2025\/06\/hakkimizda-01-70x70.webp 70w, https:\/\/destandisticaret.com\/wp-content\/uploads\/2025\/06\/hakkimizda-01-600x600.webp 600w, https:\/\/destandisticaret.com\/wp-content\/uploads\/2025\/06\/hakkimizda-01-200x200.webp 200w\" sizes=\"auto, (max-width: 800px) 100vw, 800px\" \/><\/p>\n<p>&nbsp;<\/p>\n\n\t\t<\/div>\n\t<\/div>\n<div class=\"vc_empty_space\"   style=\"height: 40px\"><span class=\"vc_empty_space_inner\"><\/span><\/div><\/div><\/div><\/div><div class=\"ab2-right wpb_animate_when_almost_visible wpb_fadeInRight fadeInRight wpb_column vc_column_container vc_col-sm-6\"><div class=\"vc_column-inner vc_custom_1675069537419\"><div class=\"wpb_wrapper\">\n\t<div class=\"wpb_text_column wpb_content_element\" >\n\t\t<div class=\"wpb_wrapper\">\n\t\t\t<p><img loading=\"lazy\" decoding=\"async\" class=\"alignnone wp-image-10475 size-full\" src=\"https:\/\/destandisticaret.com\/wp-content\/uploads\/2025\/06\/hakkimizda-02.webp\" alt=\"\u00e0 propos de nous 02\" width=\"800\" height=\"800\" srcset=\"https:\/\/destandisticaret.com\/wp-content\/uploads\/2025\/06\/hakkimizda-02.webp 800w, https:\/\/destandisticaret.com\/wp-content\/uploads\/2025\/06\/hakkimizda-02-300x300.webp 300w, https:\/\/destandisticaret.com\/wp-content\/uploads\/2025\/06\/hakkimizda-02-150x150.webp 150w, https:\/\/destandisticaret.com\/wp-content\/uploads\/2025\/06\/hakkimizda-02-768x768.webp 768w, https:\/\/destandisticaret.com\/wp-content\/uploads\/2025\/06\/hakkimizda-02-12x12.webp 12w, https:\/\/destandisticaret.com\/wp-content\/uploads\/2025\/06\/hakkimizda-02-350x350.webp 350w, https:\/\/destandisticaret.com\/wp-content\/uploads\/2025\/06\/hakkimizda-02-110x110.webp 110w, https:\/\/destandisticaret.com\/wp-content\/uploads\/2025\/06\/hakkimizda-02-400x400.webp 400w, https:\/\/destandisticaret.com\/wp-content\/uploads\/2025\/06\/hakkimizda-02-500x500.webp 500w, https:\/\/destandisticaret.com\/wp-content\/uploads\/2025\/06\/hakkimizda-02-70x70.webp 70w, https:\/\/destandisticaret.com\/wp-content\/uploads\/2025\/06\/hakkimizda-02-600x600.webp 600w, https:\/\/destandisticaret.com\/wp-content\/uploads\/2025\/06\/hakkimizda-02-200x200.webp 200w\" sizes=\"auto, (max-width: 800px) 100vw, 800px\" \/><\/p>\n\n\t\t<\/div>\n\t<\/div>\n\n\t<div class=\"wpb_text_column wpb_content_element\" >\n\t\t<div class=\"wpb_wrapper\">\n\t\t\t<p>&nbsp;<\/p>\n<p>Nos principaux produits sont les pois chiches grill\u00e9s de Denizli, les noisettes d&#039;Ordu et de Giresun, les abricots secs de Malatya, les figues s\u00e8ches d&#039;Ayd\u0131n et le raisin de Manisa. Nous proposons \u00e9galement de nombreux autres produits agricoles, notamment des pois chiches, des lentilles, des haricots, des graines de pavot et des graines de s\u00e9same.<\/p>\n<p>Nous exportons nos produits vers de nombreux pays, notamment l&#039;Am\u00e9rique, l&#039;Allemagne, la France, l&#039;Autriche, le Canada, l&#039;Australie, la Russie, la Gr\u00e8ce, la Mac\u00e9doine, la Bulgarie, la Serbie, l&#039;\u00c9gypte, la Tunisie, la Jordanie, l&#039;Alg\u00e9rie, l&#039;Inde, le Vietnam, la Chine, l&#039;Ouganda, la Tanzanie, l&#039;Ouzb\u00e9kistan et le Turkm\u00e9nistan.<\/p>\n<p>Notre entreprise figure parmi les dix premiers exportateurs de noisettes. Elle poursuit son d\u00e9veloppement international en important des amandes des \u00c9tats-Unis, des noix de cajou et des noix d&#039;Inde, des graines de courge d&#039;Ukraine, des graines de s\u00e9same d&#039;Afrique et des arachides de Chine.<\/p>\n<p>Notre soci\u00e9t\u00e9 se repr\u00e9sente avec succ\u00e8s dans de nombreuses foires et organisations promotionnelles nationales et internationales (Anuga, Sial, etc.) et d\u00e9veloppe de nouveaux march\u00e9s.<\/p>\n<p>Notre objectif est un commerce honn\u00eate et une satisfaction continue du client.<\/p>\n<p>Cordialement.<\/p>\n\n\t\t<\/div>\n\t<\/div>\n<\/div><\/div><\/div><\/div><div data-vc-full-width=\"true\" data-vc-full-width-init=\"false\" class=\"vc_row wpb_row vc_row-fluid missing-member vc_custom_1675071500891 vc_row-has-fill\"><div class=\"wpb_animate_when_almost_visible wpb_fadeInUp fadeInUp wpb_column vc_column_container vc_col-sm-12 vc_hidden-sm vc_hidden-xs\"><div class=\"vc_column-inner\"><div class=\"wpb_wrapper\">\n\t<div  class=\"wpb_single_image wpb_content_element vc_align_center wpb_content_element\">\n\t\t\n\t\t<figure class=\"wpb_wrapper vc_figure\">\n\t\t\t<div class=\"vc_single_image-wrapper   vc_box_border_grey\"><img loading=\"lazy\" decoding=\"async\" width=\"1920\" height=\"987\" src=\"https:\/\/destandisticaret.com\/wp-content\/uploads\/2025\/06\/sukur-kuruyemis-destan-dis-ticaret-fabrika-1.webp\" class=\"vc_single_image-img attachment-full\" alt=\"Sukur-fruits-secs-epic-usine-de-commerce-\u00e9tranger\" title=\"Sukur-fruits-secs-epic-usine-de-commerce-\u00e9tranger\" srcset=\"https:\/\/destandisticaret.com\/wp-content\/uploads\/2025\/06\/sukur-kuruyemis-destan-dis-ticaret-fabrika-1.webp 1920w, https:\/\/destandisticaret.com\/wp-content\/uploads\/2025\/06\/sukur-kuruyemis-destan-dis-ticaret-fabrika-1-300x154.webp 300w, https:\/\/destandisticaret.com\/wp-content\/uploads\/2025\/06\/sukur-kuruyemis-destan-dis-ticaret-fabrika-1-1024x526.webp 1024w, https:\/\/destandisticaret.com\/wp-content\/uploads\/2025\/06\/sukur-kuruyemis-destan-dis-ticaret-fabrika-1-768x395.webp 768w, https:\/\/destandisticaret.com\/wp-content\/uploads\/2025\/06\/sukur-kuruyemis-destan-dis-ticaret-fabrika-1-1536x790.webp 1536w, https:\/\/destandisticaret.com\/wp-content\/uploads\/2025\/06\/sukur-kuruyemis-destan-dis-ticaret-fabrika-1-18x9.webp 18w, https:\/\/destandisticaret.com\/wp-content\/uploads\/2025\/06\/sukur-kuruyemis-destan-dis-ticaret-fabrika-1-600x308.webp 600w\" sizes=\"auto, (max-width: 1920px) 100vw, 1920px\" \/><\/div>\n\t\t<\/figure>\n\t<\/div>\n<\/div><\/div><\/div><\/div><div class=\"vc_row-full-width vc_clearfix\"><\/div>\n<\/div>","protected":false},"excerpt":{"rendered":"Hakk\u0131m\u0131zda \u015e\u00fck\u00fcr Kuruyemi\u015f, 1973 y\u0131l\u0131nda Denizli'de leblebi \u00fcretimi ile kuruyemi\u015f ve kuru meyve sekt\u00f6r\u00fcne ad\u0131m\u0131n\u0131 atm\u0131\u015ft\u0131r. \u015eirketimiz, h\u0131zl\u0131 ilerlemesiyle bu alanda hakimiyet kazanm\u0131\u015ft\u0131r. 1996 y\u0131l\u0131nda ihracata ba\u015flamas\u0131yla birlikte, \u015firket merkezini \u0130stanbul'a ta\u015f\u0131m\u0131\u015ft\u0131r. \u015e\u00fck\u00fcr Kuruyemi\u015f, her ge\u00e7en g\u00fcn yabanc\u0131 m\u00fc\u015fteri portf\u00f6y\u00fcn\u00fc geli\u015ftirirken, 2005 y\u0131l\u0131nda uluslararas\u0131 ticaret faaliyetlerine ba\u015flayan Destan D\u0131\u015f Ticaret ve G\u0131da Sanayi Limited \u015eirketi [...]","protected":false},"author":1,"featured_media":0,"parent":0,"menu_order":0,"comment_status":"closed","ping_status":"closed","template":"","meta":{"footnotes":""},"class_list":["post-4986","page","type-page","status-publish","hentry"],"_links":{"self":[{"href":"https:\/\/destandisticaret.com\/fr\/wp-json\/wp\/v2\/pages\/4986","targetHints":{"allow":["GET"]}}],"collection":[{"href":"https:\/\/destandisticaret.com\/fr\/wp-json\/wp\/v2\/pages"}],"about":[{"href":"https:\/\/destandisticaret.com\/fr\/wp-json\/wp\/v2\/types\/page"}],"author":[{"embeddable":true,"href":"https:\/\/destandisticaret.com\/fr\/wp-json\/wp\/v2\/users\/1"}],"replies":[{"embeddable":true,"href":"https:\/\/destandisticaret.com\/fr\/wp-json\/wp\/v2\/comments?post=4986"}],"version-history":[{"count":14,"href":"https:\/\/destandisticaret.com\/fr\/wp-json\/wp\/v2\/pages\/4986\/revisions"}],"predecessor-version":[{"id":10591,"href":"https:\/\/destandisticaret.com\/fr\/wp-json\/wp\/v2\/pages\/4986\/revisions\/10591"}],"wp:attachment":[{"href":"https:\/\/destandisticaret.com\/fr\/wp-json\/wp\/v2\/media?parent=4986"}],"curies":[{"name":"wp","href":"https:\/\/api.w.org\/{rel}","templated":true}]}}