{"id":10698,"date":"2025-11-27T11:48:33","date_gmt":"2025-11-27T11:48:33","guid":{"rendered":"https:\/\/destandisticaret.com\/?page_id=10698"},"modified":"2025-11-27T12:37:09","modified_gmt":"2025-11-27T12:37:09","slug":"services-de-la-societe-de-linformation","status":"publish","type":"page","link":"https:\/\/destandisticaret.com\/fr\/services-de-la-societe-de-linformation\/","title":{"rendered":"Services de la soci\u00e9t\u00e9 de l&#039;information"},"content":{"rendered":"<div class=\"wpb-content-wrapper\"><div class=\"vc_row wpb_row vc_row-fluid\"><div class=\"wpb_column vc_column_container vc_col-sm-12\"><div class=\"vc_column-inner\"><div class=\"wpb_wrapper\"><div class=\"vc_message_box vc_message_box-standard vc_message_box-rounded vc_color-sky vc_do_message\" ><div class=\"vc_message_box-icon\"><i class=\"fa fa-solid fa-magnifying-glass-chart\"><\/i><\/div><h5>Informations sur l&#039;entreprise<\/h5>\n<p><strong>Nom commercial :<\/strong> DESTAN FOREIGN TRADE AND FOOD INDUSTRY LIMITED COMPANY<\/p>\n<p><strong>Num\u00e9ro MERSIS :<\/strong> 57685<\/p>\n<p><strong>Bureau des imp\u00f4ts \/ Num\u00e9ro :<\/strong> BUREAU DES IMP\u00d4TS DE SILIVRI \/ 293 041 94 29<\/p>\n<p><strong>Adresse:<\/strong> KAVAKLI \u0130ST\u0130KLAL MAH. 5006. RUE. EURONUT NO: 11 S\u0130L\u0130VR\u0130\/<br \/>\nISTANBUL<\/p>\n<p><strong>T\u00e9l\u00e9phone:<\/strong> +90 212 723 70 70<\/p>\n<p><strong>E-mail:<\/strong> info@destandisticaret.com<\/p>\n<\/div><div class=\"vc_message_box vc_message_box-standard vc_message_box-rounded vc_color-sky vc_do_message\" ><div class=\"vc_message_box-icon\"><i class=\"fa fa-solid fa-magnifying-glass-chart\"><\/i><\/div><h5>Gestion de l&#039;information<\/h5>\n<p><strong>Personne autoris\u00e9e :<\/strong> Aygul Sukun<\/p>\n<\/div><div class=\"vc_message_box vc_message_box-standard vc_message_box-rounded vc_color-sky vc_do_message\" ><div class=\"vc_message_box-icon\"><i class=\"fa fa-solid fa-magnifying-glass-chart\"><\/i><\/div><h5>Informations du registre du commerce<\/h5>\n<p><strong>Num\u00e9ro d&#039;immatriculation :<\/strong> 573438-0<\/p>\n<p><strong>Direction du registre du commerce :<\/strong> Direction du registre du commerce d&#039;Istanbul<\/p>\n<\/div><div class=\"vc_message_box vc_message_box-standard vc_message_box-rounded vc_color-sky vc_do_message\" ><div class=\"vc_message_box-icon\"><i class=\"fa fa-solid fa-magnifying-glass-chart\"><\/i><\/div><h5>Auditeur<\/h5>\n<p>Cengiz TURMAZ<\/p>\n<p><strong>Num\u00e9ro d&#039;immatriculation :<\/strong> BD\/2014\/05752<\/p>\n<p><strong>Adresse:<\/strong> Quartier Maltepe, rue Yedikule \u00c7\u0131rp\u0131c\u0131 Yolu, bureau Avrupa Kale, bloc 9, n\u00b0\u00a02, \u00e9tage\u00a0: 5, Zeytinburnu-Istanbul<\/p>\n<\/div><\/div><\/div><\/div><\/div>\n<\/div>","protected":false},"excerpt":{"rendered":"\u015eirket Bilgileri Ticaret Unvan\u0131: DESTAN DI\u015e T\u0130CARET VE GIDA SANAY\u0130 L\u0130M\u0130TED \u015e\u0130RKET\u0130 MERS\u0130S No: 57685 Vergi Dairesi \/ No: S\u0130L\u0130VR\u0130 VERG\u0130 DA\u0130RES\u0130 \/ 293 041 94 29 Adres: KAVAKLI \u0130ST\u0130KLAL MAH. 5006. SK. EURONUT NO: 11 S\u0130L\u0130VR\u0130\/ \u0130STANBUL Telefon: +90 212 723 70 70 E-posta: info@destandisticaret.com Y\u00f6netim Bilgileri Yetkili Ki\u015fi: Ayg\u00fcl \u015e\u00fck\u00fcn Ticaret Sicili Bilgileri [...]","protected":false},"author":1,"featured_media":0,"parent":0,"menu_order":0,"comment_status":"closed","ping_status":"closed","template":"","meta":{"footnotes":""},"class_list":["post-10698","page","type-page","status-publish","hentry"],"_links":{"self":[{"href":"https:\/\/destandisticaret.com\/fr\/wp-json\/wp\/v2\/pages\/10698","targetHints":{"allow":["GET"]}}],"collection":[{"href":"https:\/\/destandisticaret.com\/fr\/wp-json\/wp\/v2\/pages"}],"about":[{"href":"https:\/\/destandisticaret.com\/fr\/wp-json\/wp\/v2\/types\/page"}],"author":[{"embeddable":true,"href":"https:\/\/destandisticaret.com\/fr\/wp-json\/wp\/v2\/users\/1"}],"replies":[{"embeddable":true,"href":"https:\/\/destandisticaret.com\/fr\/wp-json\/wp\/v2\/comments?post=10698"}],"version-history":[{"count":19,"href":"https:\/\/destandisticaret.com\/fr\/wp-json\/wp\/v2\/pages\/10698\/revisions"}],"predecessor-version":[{"id":10718,"href":"https:\/\/destandisticaret.com\/fr\/wp-json\/wp\/v2\/pages\/10698\/revisions\/10718"}],"wp:attachment":[{"href":"https:\/\/destandisticaret.com\/fr\/wp-json\/wp\/v2\/media?parent=10698"}],"curies":[{"name":"wp","href":"https:\/\/api.w.org\/{rel}","templated":true}]}}