{"id":10352,"date":"2025-04-14T11:28:04","date_gmt":"2025-04-14T11:28:04","guid":{"rendered":"https:\/\/destandisticaret.com\/?page_id=10352"},"modified":"2025-11-27T13:23:30","modified_gmt":"2025-11-27T13:23:30","slug":"protection-des-donnees-personnelles","status":"publish","type":"page","link":"https:\/\/destandisticaret.com\/fr\/protection-des-donnees-personnelles\/","title":{"rendered":"Protection des donn\u00e9es personnelles"},"content":{"rendered":"<div class=\"wpb-content-wrapper\"><div class=\"vc_row wpb_row vc_row-fluid\"><div class=\"wpb_column vc_column_container vc_col-sm-12\"><div class=\"vc_column-inner\"><div class=\"wpb_wrapper\"><div class=\"vc_message_box vc_message_box-standard vc_message_box-rounded vc_color-sky vc_do_message\" ><div class=\"vc_message_box-icon\"><i class=\"fa fa-solid fa-magnifying-glass-chart\"><\/i><\/div><p><strong>Informations sur la protection des donn\u00e9es personnelles\u00a0;<\/strong><\/p>\n<p>&nbsp;<\/p>\n<ol class=\"wp-block-list\">\n<li>\n<ol class=\"wp-block-list\">\n<li><strong>M\u00e9thodes de collecte de donn\u00e9es personnelles<\/strong><\/li>\n<\/ol>\n<\/li>\n<\/ol>\n<p>En tant que destandisticaret.com, et conform\u00e9ment \u00e0 nos obligations l\u00e9gales d\u00e9coulant de la l\u00e9gislation, nous collectons vos donn\u00e9es personnelles verbalement, par \u00e9crit ou par voie \u00e9lectronique via notre site web, nos r\u00e9seaux sociaux, nos applications mobiles et autres moyens similaires afin de vous permettre de b\u00e9n\u00e9ficier des services de nos marques, de vous informer de nos campagnes avec votre consentement, d&#039;enregistrer vos suggestions et r\u00e9clamations, d&#039;am\u00e9liorer nos standards de service et de d\u00e9finir et mettre en \u0153uvre les strat\u00e9gies commerciales de destandisticaret.com.<\/p>\n<p>&nbsp;<\/p>\n<ol class=\"wp-block-list\" start=\"2\">\n<li>\n<ol class=\"wp-block-list\" start=\"2\">\n<li><strong>Traitement des donn\u00e9es personnelles et finalit\u00e9s du traitement<\/strong><\/li>\n<\/ol>\n<\/li>\n<\/ol>\n<p>En tant que responsable du traitement des donn\u00e9es, destandisticaret.com, par le biais de ses centres d&#039;appels, de ses canaux de communication \u00e9crite, de ses pages sur les r\u00e9seaux sociaux, de ses canaux de communication mobile, de ses canaux de communication en magasin et\/ou de tout autre canal, y compris, mais sans s&#039;y limiter, vos donn\u00e9es personnelles et\/ou sensibles que nous obtenons avec votre consentement peuvent \u00eatre collect\u00e9es, enregistr\u00e9es, conserv\u00e9es, stock\u00e9es, modifi\u00e9es, mises \u00e0 jour, v\u00e9rifi\u00e9es p\u00e9riodiquement, r\u00e9organis\u00e9es, class\u00e9es et conserv\u00e9es pendant la dur\u00e9e n\u00e9cessaire \u00e0 la finalit\u00e9 de leur traitement ou stipul\u00e9e par la loi applicable. En cas d&#039;exigences l\u00e9gales ou li\u00e9es au service, ces donn\u00e9es peuvent \u00eatre partag\u00e9es\/transf\u00e9r\u00e9es avec les personnes physiques et morales avec lesquelles destandisticaret.com collabore, avec les institutions et organisations publiques auxquelles elle est l\u00e9galement tenue, et\/ou avec les tiers concern\u00e9s, personnes physiques ou morales, r\u00e9sidant en Turquie ou \u00e0 l&#039;\u00e9tranger. Elles peuvent \u00e9galement \u00eatre transf\u00e9r\u00e9es \u00e0 l&#039;\u00e9tranger en cas d&#039;exigences l\u00e9gales ou li\u00e9es au service.<\/p>\n<p>Nous souhaitons vous informer que nous pouvons traiter vos donn\u00e9es personnelles \u00e0 des fins telles que permettre aux clients de destandisticaret.com de b\u00e9n\u00e9ficier des services de nos marques, vous informer de nos campagnes avec votre accord, enregistrer vos suggestions et r\u00e9clamations, cr\u00e9er de meilleures normes de service pour vous, d\u00e9terminer et mettre en \u0153uvre les strat\u00e9gies commerciales et d&#039;affaires de destandisticaret.com, et en tout \u00e9tat de cause conform\u00e9ment \u00e0 la loi n\u00b0 6698 sur la protection des donn\u00e9es personnelles et \u00e0 la l\u00e9gislation applicable.<\/p>\n<p>&nbsp;<\/p>\n<ol class=\"wp-block-list\" start=\"3\">\n<li>\n<ol class=\"wp-block-list\" start=\"3\">\n<li><strong>Transfert de donn\u00e9es personnelles<\/strong><\/li>\n<\/ol>\n<\/li>\n<\/ol>\n<p>destandisticaret.com ne peut partager vos donn\u00e9es personnelles en question qu&#039;avec les soci\u00e9t\u00e9s de notre groupe, nos partenaires commerciaux, nos clients avec lesquels nous avons des accords et que nous servons dans le cadre de nos activit\u00e9s, nos fournisseurs, les soci\u00e9t\u00e9s d&#039;audit ou les institutions ou organisations publiques autoris\u00e9es \u00e0 demander ces donn\u00e9es en vertu d&#039;une obligation l\u00e9gale, y compris, mais sans s&#039;y limiter, d&#039;autres autorit\u00e9s comp\u00e9tentes, aux fins de la conduite des activit\u00e9s de la soci\u00e9t\u00e9, de la garantie de la relation commerciale entre les d\u00e9tenteurs de donn\u00e9es et nos clients et\/ou de la tenue de r\u00e9unions \u00e0 cette fin, de la fourniture de services, d&#039;opportunit\u00e9s et d&#039;installations, et de l&#039;am\u00e9lioration de la qualit\u00e9 du service, \u00e0 condition que des mesures ad\u00e9quates soient prises dans le pays sur la base de votre consentement explicite ou dans le cadre des principes de s\u00e9curit\u00e9 et de confidentialit\u00e9 sp\u00e9cifi\u00e9s dans la loi, et \u00e0 l&#039;\u00e9tranger \u00e0 condition que les mesures de s\u00e9curit\u00e9 n\u00e9cessaires soient prises.<\/p>\n<p>&nbsp;<\/p>\n<ol class=\"wp-block-list\" start=\"4\">\n<li>\n<ol class=\"wp-block-list\" start=\"4\">\n<li><strong>Droits du propri\u00e9taire des donn\u00e9es personnelles \u00e9num\u00e9r\u00e9s \u00e0 l&#039;article 11 de la loi sur la protection des donn\u00e9es personnelles (\u201c Loi \u201d)<\/strong><\/li>\n<\/ol>\n<\/li>\n<\/ol>\n<p>destandisticaret.com r\u00e9pondra aux demandes suivantes des parties int\u00e9ress\u00e9es\u00a0:<\/p>\n<p>a) Savoir si destandisticaret.com traite des donn\u00e9es personnelles les concernant et quelles donn\u00e9es personnelles il traite,<\/p>\n<p>b) Obtenir des informations concernant les finalit\u00e9s de l\u2019activit\u00e9 de traitement,<\/p>\n<p>c) Conna\u00eetre les tiers auxquels destandisticaret.com transf\u00e8re des donn\u00e9es personnelles, que ce soit au niveau national ou international,<\/p>\n<p>d) Demander la rectification des donn\u00e9es personnelles si elles sont trait\u00e9es de mani\u00e8re incompl\u00e8te ou incorrecte,<\/p>\n<p>e) Demander la suppression ou la destruction des donn\u00e9es personnelles conform\u00e9ment \u00e0 la loi,<\/p>\n<p>f) En cas de demande de rectification, d\u2019effacement ou de destruction de donn\u00e9es personnelles, demander que les mesures prises soient notifi\u00e9es aux tiers auxquels les donn\u00e9es personnelles ont \u00e9t\u00e9 transf\u00e9r\u00e9es,<\/p>\n<p>g) S\u2019opposer \u00e0 ce qu\u2019un r\u00e9sultat soit obtenu au d\u00e9triment de la personne elle-m\u00eame par l\u2019analyse des donn\u00e9es trait\u00e9es exclusivement par des syst\u00e8mes automatis\u00e9s, et<\/p>\n<p>h) Recevoir une copie des donn\u00e9es personnelles.<\/p>\n<p>Vous pouvez nous contacter pour nous faire part de vos opinions et questions.<\/p>\n<p>Courriel : info@destandisticaret.com<\/p>\n<p><strong>Confidentialit\u00e9 et s\u00e9curit\u00e9<\/strong><br \/>Afin de mieux servir ses clients, la boutique en ligne destandisticaret.com demande certaines informations personnelles (nom, \u00e2ge, centres d&#039;int\u00e9r\u00eat, adresse e-mail, etc.). Ces informations, collect\u00e9es sur les serveurs de destandisticaret.com, sont utilis\u00e9es exclusivement en interne pour des campagnes p\u00e9riodiques, des offres promotionnelles personnalis\u00e9es en fonction du profil de chaque client et pour la cat\u00e9gorisation des clients afin d&#039;\u00e9viter l&#039;envoi de courriels non sollicit\u00e9s. La boutique en ligne destandisticaret.com ne partage pas les informations recueillies via les formulaires d&#039;inscription avec des tiers sans le consentement explicite du membre concern\u00e9 et ne les utilise ni ne les vend \u00e0 des fins commerciales en dehors de son activit\u00e9.<\/p>\n<p>Les informations relatives aux clients ne peuvent \u00eatre divulgu\u00e9es aux autorit\u00e9s officielles que si ces derni\u00e8res en font la demande et dans les cas o\u00f9 cette divulgation est requise conform\u00e9ment aux dispositions de la l\u00e9gislation applicable.<\/p>\n<p>Toutes les informations saisies dans le syst\u00e8me par le client sont accessibles uniquement \u00e0 ce dernier et ne peuvent \u00eatre modifi\u00e9es que par lui. Personne d&#039;autre ne peut y acc\u00e9der ni les modifier. Afin de garantir une s\u00e9curit\u00e9 optimale \u00e0 nos pr\u00e9cieux clients, les informations de carte bancaire demand\u00e9es sur la page de paiement ne sont pas stock\u00e9es sur les serveurs de la boutique en ligne destandisticaret.com ni sur ceux des soci\u00e9t\u00e9s qui la g\u00e8rent. Ainsi, toutes les transactions de paiement sont effectu\u00e9es directement entre votre banque et votre ordinateur via l&#039;interface de la boutique en ligne destandisticaret.com.<\/p>\n<p><strong>Utilisation des cookies<\/strong><br \/>Les cookies sont de petits fichiers texte ou des \u00e9l\u00e9ments d&#039;information qui sont enregistr\u00e9s sur votre ordinateur ou appareil mobile (tel qu&#039;un smartphone ou une tablette) lorsque vous visitez notre site.<\/p>\n<p>Nous utilisons des cookies pour faciliter l&#039;utilisation de nos sites et les adapter \u00e0 vos centres d&#039;int\u00e9r\u00eat et \u00e0 vos besoins. Les sites web peuvent lire et \u00e9crire ces fichiers de cookies, ce qui leur permet de m\u00e9moriser des informations importantes vous concernant (comme vos pr\u00e9f\u00e9rences) afin de vous reconna\u00eetre et de vous proposer un site plus pertinent.<\/p>\n<p>Les cookies contribuent \u00e9galement \u00e0 acc\u00e9l\u00e9rer votre navigation ult\u00e9rieure sur nos sites. De plus, nous pouvons utiliser des cookies pour recueillir des informations statistiques sur l&#039;utilisation de nos sites afin de comprendre comment les visiteurs les utilisent et d&#039;am\u00e9liorer leur conception et leur ergonomie.<\/p>\n<p>\u00a0<\/p>\n<\/div><\/div><\/div><\/div><\/div><\/div>","protected":false},"excerpt":{"rendered":"Ki\u015fisel Verilerin Korunmas\u0131na \u0130li\u015fkin Bilgilendirme; &nbsp; Ki\u015fisel verilerin toplanmas\u0131na ili\u015fkin y\u00f6ntemler destandisticaret.com olarak, veri sorumlusu s\u0131fat\u0131yla, mevzuattan kaynaklanan yasal yu\u0308ku\u0308mlu\u0308lu\u0308klerimiz \u00e7er\u00e7evesinde; markalar\u0131m\u0131z\u0131n hizmetlerinden faydalanabilmeniz, onay\u0131n\u0131z halinde kampanyalar\u0131m\u0131z hakk\u0131nda sizleri bilgilendirmek, \u00f6neri ve \u015fikayetlerinizi kay\u0131t alt\u0131na alabilmek, sizlere daha iyi hizmet standartlar\u0131 olu\u015fturabilmek, destandisticaret.com ticari ve i\u015f stratejilerinin belirlenmesi ve uygulanmas\u0131 gibi ama\u00e7larla ki\u015fisel verilerinizi s\u00f6zlu\u0308, [...]","protected":false},"author":1,"featured_media":0,"parent":0,"menu_order":0,"comment_status":"closed","ping_status":"closed","template":"","meta":{"footnotes":""},"class_list":["post-10352","page","type-page","status-publish","hentry"],"_links":{"self":[{"href":"https:\/\/destandisticaret.com\/fr\/wp-json\/wp\/v2\/pages\/10352","targetHints":{"allow":["GET"]}}],"collection":[{"href":"https:\/\/destandisticaret.com\/fr\/wp-json\/wp\/v2\/pages"}],"about":[{"href":"https:\/\/destandisticaret.com\/fr\/wp-json\/wp\/v2\/types\/page"}],"author":[{"embeddable":true,"href":"https:\/\/destandisticaret.com\/fr\/wp-json\/wp\/v2\/users\/1"}],"replies":[{"embeddable":true,"href":"https:\/\/destandisticaret.com\/fr\/wp-json\/wp\/v2\/comments?post=10352"}],"version-history":[{"count":5,"href":"https:\/\/destandisticaret.com\/fr\/wp-json\/wp\/v2\/pages\/10352\/revisions"}],"predecessor-version":[{"id":10721,"href":"https:\/\/destandisticaret.com\/fr\/wp-json\/wp\/v2\/pages\/10352\/revisions\/10721"}],"wp:attachment":[{"href":"https:\/\/destandisticaret.com\/fr\/wp-json\/wp\/v2\/media?parent=10352"}],"curies":[{"name":"wp","href":"https:\/\/api.w.org\/{rel}","templated":true}]}}