{"id":10235,"date":"2025-04-11T07:25:12","date_gmt":"2025-04-11T07:25:12","guid":{"rendered":"https:\/\/destandisticaret.com\/?page_id=10235"},"modified":"2025-04-16T10:02:09","modified_gmt":"2025-04-16T10:02:09","slug":"nos-installations-de-production","status":"publish","type":"page","link":"https:\/\/destandisticaret.com\/fr\/nos-installations-de-production\/","title":{"rendered":"Installations de production"},"content":{"rendered":"<div class=\"wpb-content-wrapper\"><div class=\"vc_row wpb_row vc_row-fluid\"><div class=\"wpb_column vc_column_container vc_col-sm-6\"><div class=\"vc_column-inner\"><div class=\"wpb_wrapper\"><div class=\"lvca-heading lvca-style1 lvca-alignleft\" ><h3 class=\"lvca-title\">Installations de production de noix de Shukur<\/h3><\/div>\n\t<div class=\"wpb_text_column wpb_content_element\" >\n\t\t<div class=\"wpb_wrapper\">\n\t\t\t<p>Avec une \u00e9quipe et une gamme de produits en constante augmentation, nous travaillons avec soin et sensibilit\u00e9 dans tous nos processus pour vous offrir les produits les plus d\u00e9licieux dans nos installations dot\u00e9es d'une infrastructure de haute technologie sur une superficie de 15 000 m\u00e8tres carr\u00e9s, en donnant la priorit\u00e9 \u00e0 la s\u00e9curit\u00e9 alimentaire, en adh\u00e9rant \u00e0 la conscience de prot\u00e9ger la structure naturelle et saine des fruits \u00e0 coque, sans compromettre le point de vue scientifique.<\/p>\n<p>Nos investissements importants dans l'innovation, la production et la croissance nationale et internationale nous ont toujours permis de faire un pas en avant dans le secteur des fruits secs. Nous continuons \u00e0 travailler avec le sens des responsabilit\u00e9s que nous conf\u00e8re le point que nous avons atteint, et notre objectif le plus important est de profiter \u00e0 notre secteur et \u00e0 notre pays.<\/p>\n<p>Nos installations sont situ\u00e9es \u00e0 50 km de l'a\u00e9roport d'Istanbul et \u00e0 10 km de l'autoroute europ\u00e9enne.<\/p>\n<p>Caract\u00e9ristiques du b\u00e2timent : 8000 m2 de surface ferm\u00e9e, 15438 m2 de surface ouverte<\/p>\n<p>Chez \u015e\u00fck\u00fcr Kuruyemi\u015f, nous allions la tradition aux pratiques modernes du commerce international, en actualisant constamment notre gamme de produits et en investissant dans des technologies de traitement et d'emballage de pointe. Notre expertise industrielle, notre souci de la qualit\u00e9, nos prix comp\u00e9titifs et nos valeurs fondamentales font de nous un partenaire mondial de confiance.<\/p>\n<p>Nous nous effor\u00e7ons d'\u00eatre le partenaire de choix dans le secteur des fruits \u00e0 coque et de nous aligner sur des partenaires qui partagent nos valeurs en mati\u00e8re de qualit\u00e9, d'innovation, de processus \u00e0 valeur ajout\u00e9e et de partenariats durables. L'importance croissante accord\u00e9e \u00e0 la sant\u00e9 et au bien-\u00eatre refl\u00e8te l'\u00e9volution des priorit\u00e9s des clients.<\/p>\n\n\t\t<\/div>\n\t<\/div>\n<\/div><\/div><\/div><div class=\"wpb_column vc_column_container vc_col-sm-6\"><div class=\"vc_column-inner\"><div class=\"wpb_wrapper\">\n\t<div  class=\"wpb_single_image wpb_content_element vc_align_left wpb_content_element\">\n\t\t\n\t\t<figure class=\"wpb_wrapper vc_figure\">\n\t\t\t<div class=\"vc_single_image-wrapper   vc_box_border_grey\"><img loading=\"lazy\" decoding=\"async\" width=\"600\" height=\"600\" src=\"https:\/\/destandisticaret.com\/wp-content\/uploads\/2017\/05\/euronut-uretim.jpg\" class=\"vc_single_image-img attachment-large\" alt=\"\" title=\"euronut-production\" srcset=\"https:\/\/destandisticaret.com\/wp-content\/uploads\/2017\/05\/euronut-uretim.jpg 600w, https:\/\/destandisticaret.com\/wp-content\/uploads\/2017\/05\/euronut-uretim-300x300.jpg 300w, https:\/\/destandisticaret.com\/wp-content\/uploads\/2017\/05\/euronut-uretim-150x150.jpg 150w, https:\/\/destandisticaret.com\/wp-content\/uploads\/2017\/05\/euronut-uretim-12x12.jpg 12w, https:\/\/destandisticaret.com\/wp-content\/uploads\/2017\/05\/euronut-uretim-350x350.jpg 350w, https:\/\/destandisticaret.com\/wp-content\/uploads\/2017\/05\/euronut-uretim-110x110.jpg 110w, https:\/\/destandisticaret.com\/wp-content\/uploads\/2017\/05\/euronut-uretim-400x400.jpg 400w, https:\/\/destandisticaret.com\/wp-content\/uploads\/2017\/05\/euronut-uretim-500x500.jpg 500w, https:\/\/destandisticaret.com\/wp-content\/uploads\/2017\/05\/euronut-uretim-70x70.jpg 70w, https:\/\/destandisticaret.com\/wp-content\/uploads\/2017\/05\/euronut-uretim-200x200.jpg 200w\" sizes=\"auto, (max-width: 600px) 100vw, 600px\" \/><\/div>\n\t\t<\/figure>\n\t<\/div>\n<\/div><\/div><\/div><\/div><div class=\"vc_row wpb_row vc_row-fluid\"><div class=\"wpb_column vc_column_container vc_col-sm-6\"><div class=\"vc_column-inner\"><div class=\"wpb_wrapper\">\n\t<div  class=\"wpb_single_image wpb_content_element vc_align_left wpb_content_element\">\n\t\t\n\t\t<figure class=\"wpb_wrapper vc_figure\">\n\t\t\t<div class=\"vc_single_image-wrapper   vc_box_border_grey\"><img loading=\"lazy\" decoding=\"async\" width=\"600\" height=\"600\" src=\"https:\/\/destandisticaret.com\/wp-content\/uploads\/2017\/05\/euronut-labaratuvar.jpg\" class=\"vc_single_image-img attachment-large\" alt=\"\" title=\"euronut-laboratoire\" srcset=\"https:\/\/destandisticaret.com\/wp-content\/uploads\/2017\/05\/euronut-labaratuvar.jpg 600w, https:\/\/destandisticaret.com\/wp-content\/uploads\/2017\/05\/euronut-labaratuvar-300x300.jpg 300w, https:\/\/destandisticaret.com\/wp-content\/uploads\/2017\/05\/euronut-labaratuvar-150x150.jpg 150w, https:\/\/destandisticaret.com\/wp-content\/uploads\/2017\/05\/euronut-labaratuvar-12x12.jpg 12w, https:\/\/destandisticaret.com\/wp-content\/uploads\/2017\/05\/euronut-labaratuvar-350x350.jpg 350w, https:\/\/destandisticaret.com\/wp-content\/uploads\/2017\/05\/euronut-labaratuvar-110x110.jpg 110w, https:\/\/destandisticaret.com\/wp-content\/uploads\/2017\/05\/euronut-labaratuvar-400x400.jpg 400w, https:\/\/destandisticaret.com\/wp-content\/uploads\/2017\/05\/euronut-labaratuvar-500x500.jpg 500w, https:\/\/destandisticaret.com\/wp-content\/uploads\/2017\/05\/euronut-labaratuvar-70x70.jpg 70w, https:\/\/destandisticaret.com\/wp-content\/uploads\/2017\/05\/euronut-labaratuvar-200x200.jpg 200w\" sizes=\"auto, (max-width: 600px) 100vw, 600px\" \/><\/div>\n\t\t<\/figure>\n\t<\/div>\n<\/div><\/div><\/div><div class=\"wpb_column vc_column_container vc_col-sm-6\"><div class=\"vc_column-inner\"><div class=\"wpb_wrapper\"><div class=\"lvca-heading lvca-style1 lvca-alignleft\" ><h3 class=\"lvca-title\">\u00c9valuation des performances en mati\u00e8re de qualit\u00e9<\/h3><\/div>\n\t<div class=\"wpb_text_column wpb_content_element\" >\n\t\t<div class=\"wpb_wrapper\">\n\t\t\t<p>Chez \u015e\u00fck\u00fcr Kuruyemi\u015f, la qualit\u00e9 est notre promesse et notre fiert\u00e9. Nous nous engageons \u00e0 fournir des produits conformes aux normes internationales les plus strictes, notamment BRCGS, FSSC 22000 et ISO 22000:2018.<\/p>\n<p>Notre \u00e9quipe d'experts en contr\u00f4le de qualit\u00e9 garantit la s\u00e9curit\u00e9, la qualit\u00e9 et l'authenticit\u00e9 de chaque produit fini. Nous utilisons les technologies les plus r\u00e9centes pour effectuer des contr\u00f4les de qualit\u00e9 rigoureux et nous investissons continuellement dans l'innovation pour d\u00e9passer les attentes de nos clients.<\/p>\n<p>- S\u00e9curit\u00e9 alimentaire Qualit\u00e9 Processus<br \/>\n- \u015e\u00fck\u00fcr Kuruyemi\u015f \u00c9valuation de la performance en mati\u00e8re de qualit\u00e9<br \/>\n- \u00c9valuation des performances en mati\u00e8re de qualit\u00e9<\/p>\n<p>Nous nous procurons les meilleures mati\u00e8res premi\u00e8res aupr\u00e8s d'un r\u00e9seau mondial de fournisseurs agr\u00e9\u00e9s, ce qui garantit que nos produits proviennent d'une source s\u00fbre, durable et \u00e9thique.<\/p>\n<p>Nos relations \u00e9troites avec nos fournisseurs nous permettent de maintenir une qualit\u00e9 constante dans nos offres. Nos contr\u00f4les de qualit\u00e9 et notre plan d'\u00e9chantillonnage soigneusement mis en \u0153uvre garantissent la s\u00e9curit\u00e9 et la qualit\u00e9 de nos produits finis.<\/p>\n<p>L'\u00e9valuation annuelle de nos objectifs de qualit\u00e9 est bas\u00e9e sur les indicateurs de performance cl\u00e9s suivants :<\/p>\n<p>Minimisation des produits non conformes.<br \/>\nAm\u00e9lioration des performances de nos fournisseurs.<br \/>\nMinimiser les r\u00e9clamations au nom de notre client\u00e8le.<\/p>\n\n\t\t<\/div>\n\t<\/div>\n<\/div><\/div><\/div><\/div><div class=\"vc_row wpb_row vc_row-fluid\"><div class=\"wpb_column vc_column_container vc_col-sm-12\"><div class=\"vc_column-inner\"><div class=\"wpb_wrapper\"><div class=\"lvca-heading lvca-style1 lvca-aligncenter\" ><h3 class=\"lvca-title\">Nos certificats de qualit\u00e9<\/h3><\/div>\n\t<div class=\"wpb_text_column wpb_content_element\" >\n\t\t<div class=\"wpb_wrapper\">\n\t\t\t<p style=\"text-align: center;\">Notre engagement en faveur de l'excellence est confirm\u00e9 par nos certificats de qualit\u00e9 internationalement reconnus.<\/p>\n<p style=\"text-align: center;\"><a href=\"https:\/\/destandisticaret.com\/wp-content\/uploads\/2025\/04\/Euronut-UAF-Sertifika-9001-R.4.pdf\" target=\"_blank\" rel=\"noopener\"><img loading=\"lazy\" decoding=\"async\" class=\"size-medium\" src=\"https:\/\/destandisticaret.com\/wp-content\/uploads\/2025\/04\/iso-9001-300x300.png\" alt=\"\" width=\"150\" height=\"150\" \/><\/a><a href=\"https:\/\/destandisticaret.com\/wp-content\/uploads\/2025\/04\/BRCGS-Food-Certificate-Euronut-Kuruyemis-Ve-Ticaret-AS-2025.pdf\" target=\"_blank\" rel=\"noopener\"><img loading=\"lazy\" decoding=\"async\" class=\"size-medium\" src=\"https:\/\/destandisticaret.com\/wp-content\/uploads\/2025\/04\/BRCGS-logo-1-300x300.webp\" alt=\"\" width=\"150\" height=\"150\" \/><\/a><a href=\"https:\/\/destandisticaret.com\/wp-content\/uploads\/2025\/04\/Euronut-UAF-Sertifika-22000-R.4.pdf\" target=\"_blank\" rel=\"noopener\"><img loading=\"lazy\" decoding=\"async\" class=\"size-medium\" src=\"https:\/\/destandisticaret.com\/wp-content\/uploads\/2025\/04\/iso-22000-300x300.jpg\" alt=\"\" width=\"150\" height=\"150\" \/><\/a><\/p>\n\n\t\t<\/div>\n\t<\/div>\n<\/div><\/div><\/div><\/div>\n<\/div>","protected":false},"excerpt":{"rendered":"\u015e\u00fck\u00fcr Kuruyemi\u015f \u00dcretim Tesisleri Her g\u00fcn b\u00fcy\u00fcyen ekibimiz ve \u00fcr\u00fcn gam\u0131m\u0131zla, 15.000 metrekarelik alanda, y\u00fcksek teknolojik alt yap\u0131ya sahip tesislerimizde, g\u0131da g\u00fcvenli\u011fini \u00f6n planda tutan, kuruyemi\u015fin do\u011fal, sa\u011fl\u0131kl\u0131 yap\u0131s\u0131n\u0131 koruma bilincine ba\u011fl\u0131 kalarak, bilimsel bak\u0131\u015f a\u00e7\u0131s\u0131ndan \u00f6d\u00fcn vermeden, en lezzetli \u00fcr\u00fcnlerle sizi bulu\u015fturmak i\u00e7in, t\u00fcm s\u00fcre\u00e7lerimizde \u00f6zen ve hassasiyetle \u00e7al\u0131\u015f\u0131yoruz. \u0130novasyona, \u00fcretime, ulusal ve uluslararas\u0131 [...]","protected":false},"author":1,"featured_media":0,"parent":0,"menu_order":0,"comment_status":"closed","ping_status":"closed","template":"","meta":{"footnotes":""},"class_list":["post-10235","page","type-page","status-publish","hentry"],"_links":{"self":[{"href":"https:\/\/destandisticaret.com\/fr\/wp-json\/wp\/v2\/pages\/10235","targetHints":{"allow":["GET"]}}],"collection":[{"href":"https:\/\/destandisticaret.com\/fr\/wp-json\/wp\/v2\/pages"}],"about":[{"href":"https:\/\/destandisticaret.com\/fr\/wp-json\/wp\/v2\/types\/page"}],"author":[{"embeddable":true,"href":"https:\/\/destandisticaret.com\/fr\/wp-json\/wp\/v2\/users\/1"}],"replies":[{"embeddable":true,"href":"https:\/\/destandisticaret.com\/fr\/wp-json\/wp\/v2\/comments?post=10235"}],"version-history":[{"count":11,"href":"https:\/\/destandisticaret.com\/fr\/wp-json\/wp\/v2\/pages\/10235\/revisions"}],"predecessor-version":[{"id":10400,"href":"https:\/\/destandisticaret.com\/fr\/wp-json\/wp\/v2\/pages\/10235\/revisions\/10400"}],"wp:attachment":[{"href":"https:\/\/destandisticaret.com\/fr\/wp-json\/wp\/v2\/media?parent=10235"}],"curies":[{"name":"wp","href":"https:\/\/api.w.org\/{rel}","templated":true}]}}