{"id":10231,"date":"2025-04-11T06:08:37","date_gmt":"2025-04-11T06:08:37","guid":{"rendered":"https:\/\/destandisticaret.com\/?page_id=10231"},"modified":"2025-12-15T05:53:18","modified_gmt":"2025-12-15T05:53:18","slug":"de-gros","status":"publish","type":"page","link":"https:\/\/destandisticaret.com\/fr\/de-gros\/","title":{"rendered":"Commande en gros de noix et de fruits secs"},"content":{"rendered":"<div class=\"wpb-content-wrapper\"><div class=\"vc_row wpb_row vc_row-fluid\"><div class=\"wpb_column vc_column_container vc_col-sm-12\"><div class=\"vc_column-inner\"><div class=\"wpb_wrapper\">\n\t<div class=\"wpb_text_column wpb_content_element\" >\n\t\t<div class=\"wpb_wrapper\">\n\t\t\t<p><strong>Le site de vente en gros de noix le plus abordable\u00a0: Destan Foreign Trade<\/strong><br \/>Bienvenue chez Destan D\u0131\u015f Ticaret, l&#039;adresse id\u00e9ale pour un large choix de fruits secs, toujours frais et issus de producteurs de premi\u00e8re qualit\u00e9 ! Au meilleur prix.<strong> noix en gros<\/strong> En choisissant Destan D\u0131\u015f Ticaret, vous pouvez vous faire livrer \u00e0 domicile les noix s\u00e9ch\u00e9es que vous souhaitez en un seul clic.<\/p>\n<p><a class=\"dugme\" href=\"https:\/\/destandisticaret.com\/fr\/commande-de-noix-en-gros\/\">CLIQUEZ ICI POUR OBTENIR LE FORMULAIRE DE COMMANDE EN GROS...<\/a><\/p>\n<p><img loading=\"lazy\" decoding=\"async\" class=\"alignnone wp-image-10304 size-full\" src=\"https:\/\/destandisticaret.com\/wp-content\/uploads\/2025\/04\/banner-ince-kuruyemis.jpg\" alt=\"\" width=\"1600\" height=\"186\" srcset=\"https:\/\/destandisticaret.com\/wp-content\/uploads\/2025\/04\/banner-ince-kuruyemis.jpg 1600w, https:\/\/destandisticaret.com\/wp-content\/uploads\/2025\/04\/banner-ince-kuruyemis-300x35.jpg 300w, https:\/\/destandisticaret.com\/wp-content\/uploads\/2025\/04\/banner-ince-kuruyemis-1024x119.jpg 1024w, https:\/\/destandisticaret.com\/wp-content\/uploads\/2025\/04\/banner-ince-kuruyemis-768x89.jpg 768w, https:\/\/destandisticaret.com\/wp-content\/uploads\/2025\/04\/banner-ince-kuruyemis-1536x179.jpg 1536w, https:\/\/destandisticaret.com\/wp-content\/uploads\/2025\/04\/banner-ince-kuruyemis-18x2.jpg 18w, https:\/\/destandisticaret.com\/wp-content\/uploads\/2025\/04\/banner-ince-kuruyemis-600x70.jpg 600w\" sizes=\"auto, (max-width: 1600px) 100vw, 1600px\" \/><\/p>\n<p>Destan Foreign Trade, des dizaines de grossistes <strong>Noix<\/strong> Nous livrons votre s\u00e9lection \u00e0 votre domicile rapidement et en toute s\u00e9curit\u00e9. En commandant chez Destan D\u0131\u015f Ticaret, qui propose \u00e9galement un large choix de th\u00e9s et de caf\u00e9s, vous pouvez \u00e9largir la gamme de produits de votre boutique de fruits secs et de noix et offrir \u00e0 vos clients un choix vari\u00e9.<\/p>\n<p>De plus, vous pouvez commander chez Destan D\u0131\u015f Ticaret, votre fournisseur privil\u00e9gi\u00e9 de fruits secs et de noix en gros, pour obtenir des gourmandises parfaites pour les salons, les \u00e9v\u00e9nements et les occasions sp\u00e9ciales. Vous pouvez \u00e9galement commander des produits de p\u00e2tisserie pour votre boulangerie ou des noix \u00e0 grignoter pour votre consommation personnelle via Destan D\u0131\u015f Ticaret.<\/p>\n<p><strong>D\u00e9couvrez la vaste gamme de noix et de fruits secs en gros de Destan D\u0131\u015f Ticaret !<\/strong><\/p>\n<p>Destan D\u0131\u015f Ticaret se distingue comme l&#039;une des marques proposant la plus vaste gamme de fruits secs en gros. Tous nos produits sont frais et de haute qualit\u00e9.<\/p>\n<p>Si vous en avez assez de jongler avec diff\u00e9rents fournisseurs de noix et de graines en gros pour chaque produit, et que vous cherchez une r\u00e9ponse fiable \u00e0 la question\u00a0: \u201c\u00a0O\u00f9 puis-je acheter des noix de qualit\u00e9 en gros\u00a0?\u00a0\u201d, alors vous \u00eates au bon endroit\u00a0! Quels produits sont inclus dans la s\u00e9lection de noix en gros de Destan D\u0131\u015f Ticaret\u00a0?<\/p>\n<p><strong>Une poign\u00e9e de fruits \u00e0 coque chaque jour<\/strong><\/p>\n<p>Destan D\u0131\u015f Ticaret se distingue comme l&#039;une des marques leaders du secteur, proposant une large gamme de noix et de graines en gros \u00e0 des prix abordables. Chez Destan D\u0131\u015f Ticaret, vous trouverez tous les produits pr\u00e9f\u00e9r\u00e9s de vos clients, d&#039;une fra\u00eecheur et d&#039;une qualit\u00e9 exceptionnelles.<\/p>\n<p>D\u00e9cortiqu\u00e9es ou non, crues ou doublement torr\u00e9fi\u00e9es, enti\u00e8res ou en poudre, les vari\u00e9t\u00e9s de noisettes en gros transportent ce don abondant de la nature dans les cuisines. Source unique d'om\u00e9ga 3 et r\u00e9serve d'\u00e9nergie, la noix de Grenoble est propos\u00e9e \u00e0 la vente d\u00e9cortiqu\u00e9e, tri\u00e9e et r\u00e9duite pour la cuisson.<\/p>\n<p>Nous avons \u00e9galement des pistaches en gros qui enrichissent instantan\u00e9ment les tables et font progresser les desserts, et des vari\u00e9t\u00e9s de pistaches en gros Siirt pour ceux qui recherchent une saveur particuli\u00e8re. La perle de la cuisine \u00e9g\u00e9enne, l'amande en gros utile sous toutes ses formes ; elle est livr\u00e9e \u00e0 votre adresse en filet, crue, en poudre, pel\u00e9e ou torr\u00e9fi\u00e9e selon la demande.<\/p>\n<p>Les noix de cajou en gros, un ingr\u00e9dient relativement r\u00e9cent dans le paysage culinaire, sont disponibles grill\u00e9es et crues chez Destan D\u0131\u015f Ticaret. Outre ces noix classiques, nous proposons \u00e9galement des options pour ceux qui recherchent une collation savoureuse\u00a0! Les cacahu\u00e8tes en gros, un d\u00e9licieux en-cas, sont disponibles sal\u00e9es, grill\u00e9es, crues et d\u00e9cortiqu\u00e9es.<\/p>\n<p>Les graines de courge en gros et les graines de tournesol en gros, qui accompagnent le mieux les conversations agr\u00e9ables, attendent leurs acheteurs avec des tailles, des taux de torr\u00e9faction et de salinit\u00e9 diff\u00e9rents. Des fruits \u00e0 coque qui ne connaissent pas de limites dans la cr\u00e9ativit\u00e9. Les pois chiches en gros ; ils ont des types qui vous surprendront comme le jaune, le blanc, le chocolat et le croustillant.<\/p>\n<p>Les vari\u00e9t\u00e9s de ma\u00efs et les sauces en gros, indispensables pour les lieux de divertissement, sont id\u00e9ales pour les entreprises \u00e0 la recherche de noix \u00e0 prix de gros avantageux. Les prix des noix chez Destan D\u0131\u015f Ticaret sont incomparablement plus abordables que ceux de son principal concurrent.<\/p>\n<p><strong>O\u00f9 acheter des noix en gros ?<\/strong><\/p>\n<p>Vous pouvez acheter des noix en gros en visitant les magasins de noix en gros et les plateformes en ligne qui vendent des noix en gros. Cependant, les <strong>noix en gros<\/strong> Nous vous recommandons de vous assurer que l&#039;entreprise aupr\u00e8s de laquelle vous choisissez d&#039;acheter est exp\u00e9riment\u00e9e et fiable dans ce domaine, comme Destan D\u0131\u015f Ticaret, et qu&#039;elle propose \u00e9galement des produits de qualit\u00e9.<\/p>\n<p>\u00a0<\/p>\n\n\t\t<\/div>\n\t<\/div>\n<\/div><\/div><\/div><\/div>\n<\/div>","protected":false},"excerpt":{"rendered":"En Uygun Fiyatl\u0131 Toptan Kuruyemi\u015f Sitesi Destan D\u0131\u015f TicaretHer zaman taze, her zaman en kaliteli mahsulden kuruyemi\u015f \u00e7e\u015fitleri i\u00e7in en do\u011fru adres olan Destan D\u0131\u015f Ticaret\u2019e ho\u015f geldiniz! En uygun fiyata toptan kuruyemi\u015f i\u00e7in Destan D\u0131\u015f Ticaret\u2019i tercih ederek diledi\u011finiz kuruyemi\u015f \u00e7e\u015fitlerinin tek t\u0131k ile kap\u0131n\u0131za gelmesini sa\u011flayabilirsiniz. TOPTAN S\u0130PAR\u0130\u015e FORMU \u0130\u00c7\u0130N TIKLAYINIZ... Destan D\u0131\u015f [...]","protected":false},"author":1,"featured_media":0,"parent":0,"menu_order":0,"comment_status":"closed","ping_status":"closed","template":"","meta":{"footnotes":""},"class_list":["post-10231","page","type-page","status-publish","hentry"],"_links":{"self":[{"href":"https:\/\/destandisticaret.com\/fr\/wp-json\/wp\/v2\/pages\/10231","targetHints":{"allow":["GET"]}}],"collection":[{"href":"https:\/\/destandisticaret.com\/fr\/wp-json\/wp\/v2\/pages"}],"about":[{"href":"https:\/\/destandisticaret.com\/fr\/wp-json\/wp\/v2\/types\/page"}],"author":[{"embeddable":true,"href":"https:\/\/destandisticaret.com\/fr\/wp-json\/wp\/v2\/users\/1"}],"replies":[{"embeddable":true,"href":"https:\/\/destandisticaret.com\/fr\/wp-json\/wp\/v2\/comments?post=10231"}],"version-history":[{"count":6,"href":"https:\/\/destandisticaret.com\/fr\/wp-json\/wp\/v2\/pages\/10231\/revisions"}],"predecessor-version":[{"id":10723,"href":"https:\/\/destandisticaret.com\/fr\/wp-json\/wp\/v2\/pages\/10231\/revisions\/10723"}],"wp:attachment":[{"href":"https:\/\/destandisticaret.com\/fr\/wp-json\/wp\/v2\/media?parent=10231"}],"curies":[{"name":"wp","href":"https:\/\/api.w.org\/{rel}","templated":true}]}}