{"id":10374,"date":"2025-04-16T07:43:42","date_gmt":"2025-04-16T07:43:42","guid":{"rendered":"https:\/\/destandisticaret.com\/?post_type=product&#038;p=10374"},"modified":"2025-11-20T05:34:26","modified_gmt":"2025-11-20T05:34:26","slug":"mulberry","status":"publish","type":"product","link":"https:\/\/destandisticaret.com\/en\/product-2\/mulberry\/","title":{"rendered":"Dried Mulberry"},"content":{"rendered":"<p>Mulberries are a true iron powerhouse. They regulate blood flow and are a natural treatment for anemia. They also contain calcium and are rich in vitamins B1 and B2.<\/p>\n<p>Dried mulberries, a richly nourishing plant from Anatolian soil, are carefully selected by \u015e\u00fck\u00fcr Kuruyemi\u015f experts and presented to the world.<\/p>","protected":false},"excerpt":{"rendered":"<p>Mulberries are a true iron powerhouse. They regulate blood flow and are a natural treatment for anemia. They also contain calcium and are rich in vitamins B1 and B2.<\/p>\n<p>Dried mulberries, a richly nourishing plant from Anatolian soil, are carefully selected by \u015e\u00fck\u00fcr Kuruyemi\u015f experts and presented to the world.<\/p>","protected":false},"featured_media":10389,"comment_status":"closed","ping_status":"closed","template":"","meta":[],"product_brand":[],"product_cat":[91],"product_tag":[117,121,122,118,119,115,107,116,79,120],"class_list":{"0":"post-10374","1":"product","2":"type-product","3":"status-publish","4":"has-post-thumbnail","6":"product_cat-kurutulmus-meyveler","7":"product_tag-beyaz-kuru-dut","8":"product_tag-dogal-kuru-dut","9":"product_tag-dut-kurusu","10":"product_tag-kara-kuru-dut","11":"product_tag-kirmizi-kuru-dut","12":"product_tag-kuru-dut","13":"product_tag-kuru-meyve","14":"product_tag-kurutulmus-dut","15":"product_tag-saglikli-atistirmalik","16":"product_tag-tatli-kuru-dut","18":"first","19":"instock","20":"shipping-taxable","21":"product-type-simple"},"_links":{"self":[{"href":"https:\/\/destandisticaret.com\/en\/wp-json\/wp\/v2\/product\/10374","targetHints":{"allow":["GET"]}}],"collection":[{"href":"https:\/\/destandisticaret.com\/en\/wp-json\/wp\/v2\/product"}],"about":[{"href":"https:\/\/destandisticaret.com\/en\/wp-json\/wp\/v2\/types\/product"}],"replies":[{"embeddable":true,"href":"https:\/\/destandisticaret.com\/en\/wp-json\/wp\/v2\/comments?post=10374"}],"wp:featuredmedia":[{"embeddable":true,"href":"https:\/\/destandisticaret.com\/en\/wp-json\/wp\/v2\/media\/10389"}],"wp:attachment":[{"href":"https:\/\/destandisticaret.com\/en\/wp-json\/wp\/v2\/media?parent=10374"}],"wp:term":[{"taxonomy":"product_brand","embeddable":true,"href":"https:\/\/destandisticaret.com\/en\/wp-json\/wp\/v2\/product_brand?post=10374"},{"taxonomy":"product_cat","embeddable":true,"href":"https:\/\/destandisticaret.com\/en\/wp-json\/wp\/v2\/product_cat?post=10374"},{"taxonomy":"product_tag","embeddable":true,"href":"https:\/\/destandisticaret.com\/en\/wp-json\/wp\/v2\/product_tag?post=10374"}],"curies":[{"name":"wp","href":"https:\/\/api.w.org\/{rel}","templated":true}]}}