{"id":10061,"date":"2025-04-09T10:30:16","date_gmt":"2025-04-09T10:30:16","guid":{"rendered":"https:\/\/destandisticaret.com\/?post_type=product&#038;p=10061"},"modified":"2025-11-20T05:35:15","modified_gmt":"2025-11-20T05:35:15","slug":"pistachio","status":"publish","type":"product","link":"https:\/\/destandisticaret.com\/en\/product-2\/pistachio\/","title":{"rendered":"Pistachio"},"content":{"rendered":"<p>Enrich your culinary creations with our high quality Pistachios; a sophisticated and versatile ingredient loved in professional kitchens for their exquisite aromas, vibrant colors and satisfying crunch. Chefs appreciate that they can be used whole, chopped, roasted or as a creamy paste, offering endless possibilities for creative menu development and catering to discerning palates.<\/p>\n<p>\u015e\u00fck\u00fcr Nuts for wholesale buyers <strong>Pistachio<\/strong>, offering consistent quality and long shelf life, making them perfect for high-volume operations. Their reliable supply, uniform size, and premium quality make them easy to use in large-scale kitchen applications and food production processes. Whether you&#039;re creating pistachio-based spreads, snack mixes, or incorporating them into ice cream, \u015e\u00fck\u00fcr Kuruyemi\u015f <strong>Pistachio<\/strong>provides the consistency and nutritional value that meets the demands of high-end and large-scale production.<\/p>","protected":false},"excerpt":{"rendered":"<p>For wholesale buyers, \u015e\u00fck\u00fcr Kuruyemi\u015f Antep Pistachios offer consistent quality and a long shelf life, making them perfect for high-volume operations. Their reliable supply, uniform size, and premium quality ensure ease of use in large-scale kitchen applications and food production processes. Whether you&#039;re creating pistachio-based spreads, snack mixes, or incorporating them into ice cream, \u015e\u00fck\u00fcr Kuruyemi\u015f Antep Pistachios provide the consistency and nutritional value to meet the demands of high-end, large-scale production.<\/p>","protected":false},"featured_media":10674,"comment_status":"closed","ping_status":"closed","template":"","meta":[],"product_brand":[],"product_cat":[15],"product_tag":[83,78,77,79,84],"class_list":{"0":"post-10061","1":"product","2":"type-product","3":"status-publish","4":"has-post-thumbnail","6":"product_cat-kuruyemisler","7":"product_tag-antep-fistigi","8":"product_tag-cerez","9":"product_tag-kuruyemis","10":"product_tag-saglikli-atistirmalik","11":"product_tag-sam-fistik","13":"first","14":"instock","15":"shipping-taxable","16":"product-type-simple"},"_links":{"self":[{"href":"https:\/\/destandisticaret.com\/en\/wp-json\/wp\/v2\/product\/10061","targetHints":{"allow":["GET"]}}],"collection":[{"href":"https:\/\/destandisticaret.com\/en\/wp-json\/wp\/v2\/product"}],"about":[{"href":"https:\/\/destandisticaret.com\/en\/wp-json\/wp\/v2\/types\/product"}],"replies":[{"embeddable":true,"href":"https:\/\/destandisticaret.com\/en\/wp-json\/wp\/v2\/comments?post=10061"}],"wp:featuredmedia":[{"embeddable":true,"href":"https:\/\/destandisticaret.com\/en\/wp-json\/wp\/v2\/media\/10674"}],"wp:attachment":[{"href":"https:\/\/destandisticaret.com\/en\/wp-json\/wp\/v2\/media?parent=10061"}],"wp:term":[{"taxonomy":"product_brand","embeddable":true,"href":"https:\/\/destandisticaret.com\/en\/wp-json\/wp\/v2\/product_brand?post=10061"},{"taxonomy":"product_cat","embeddable":true,"href":"https:\/\/destandisticaret.com\/en\/wp-json\/wp\/v2\/product_cat?post=10061"},{"taxonomy":"product_tag","embeddable":true,"href":"https:\/\/destandisticaret.com\/en\/wp-json\/wp\/v2\/product_tag?post=10061"}],"curies":[{"name":"wp","href":"https:\/\/api.w.org\/{rel}","templated":true}]}}