{"id":4986,"date":"2019-08-12T12:40:15","date_gmt":"2019-08-12T12:40:15","guid":{"rendered":"https:\/\/groffer.modeltheme.com\/?page_id=4986"},"modified":"2025-06-26T11:43:54","modified_gmt":"2025-06-26T11:43:54","slug":"about","status":"publish","type":"page","link":"https:\/\/destandisticaret.com\/en\/about\/","title":{"rendered":"About Us"},"content":{"rendered":"<div class=\"wpb-content-wrapper\"><div class=\"vc_row wpb_row vc_row-fluid vc_custom_1605185470066\"><div class=\"wpb_animate_when_almost_visible wpb_bounceInLeft bounceInLeft wpb_column vc_column_container vc_col-sm-6\"><div class=\"vc_column-inner\"><div class=\"wpb_wrapper\">\n\t<div class=\"wpb_text_column wpb_content_element\" >\n\t\t<div class=\"wpb_wrapper\">\n\t\t\t<h3>About Us<\/h3>\n\n\t\t<\/div>\n\t<\/div>\n<div class=\"vc_empty_space\"   style=\"height: 30px\"><span class=\"vc_empty_space_inner\"><\/span><\/div>\n\t<div class=\"wpb_text_column wpb_content_element\" >\n\t\t<div class=\"wpb_wrapper\">\n\t\t\t<p>\u015e\u00fck\u00fcr Kuruyemi\u015f entered the dried nuts and dried fruit sector with the production of chickpeas in Denizli in 1973. Our company has gained dominance in this field with its rapid progress. In 1996, with the start of exports, the company moved its headquarters to Istanbul. \u015e\u00fck\u00fcr Kuruyemi\u015f, while developing its foreign customer portfolio day by day, continued to progress within Destan D\u0131\u015f Ticaret ve G\u0131da Sanayi Limited \u015eirketi, which started international trade activities in 2005.<\/p>\n<p>Today, Destan Foreign Trade and Food Industry Limited Company continues to grow confidently in foreign trade by expanding its product range. The trust gained through the right and honest commercial approach has ensured that the company has never lost any of its customers. We operate in the field of dried nuts with \u015e\u00fck\u00fcr Kuruyemi\u015f and Cipso Turka\u00ae brands and in the field of dried fruits with Trusty\u00ae brand. Our products, carefully selected by experts, are packaged in hygienic conditions and modern facilities, preserving their naturalness.<\/p>\n\n\t\t<\/div>\n\t<\/div>\n<div class=\"vc_empty_space\"   style=\"height: 30px\"><span class=\"vc_empty_space_inner\"><\/span><\/div>\n\t<div class=\"wpb_text_column wpb_content_element\" >\n\t\t<div class=\"wpb_wrapper\">\n\t\t\t<p><img loading=\"lazy\" decoding=\"async\" class=\"alignnone wp-image-10476 size-full\" src=\"https:\/\/destandisticaret.com\/wp-content\/uploads\/2025\/06\/hakkimizda-01.webp\" alt=\"\" width=\"800\" height=\"800\" srcset=\"https:\/\/destandisticaret.com\/wp-content\/uploads\/2025\/06\/hakkimizda-01.webp 800w, https:\/\/destandisticaret.com\/wp-content\/uploads\/2025\/06\/hakkimizda-01-300x300.webp 300w, https:\/\/destandisticaret.com\/wp-content\/uploads\/2025\/06\/hakkimizda-01-150x150.webp 150w, https:\/\/destandisticaret.com\/wp-content\/uploads\/2025\/06\/hakkimizda-01-768x768.webp 768w, https:\/\/destandisticaret.com\/wp-content\/uploads\/2025\/06\/hakkimizda-01-12x12.webp 12w, https:\/\/destandisticaret.com\/wp-content\/uploads\/2025\/06\/hakkimizda-01-350x350.webp 350w, https:\/\/destandisticaret.com\/wp-content\/uploads\/2025\/06\/hakkimizda-01-110x110.webp 110w, https:\/\/destandisticaret.com\/wp-content\/uploads\/2025\/06\/hakkimizda-01-400x400.webp 400w, https:\/\/destandisticaret.com\/wp-content\/uploads\/2025\/06\/hakkimizda-01-500x500.webp 500w, https:\/\/destandisticaret.com\/wp-content\/uploads\/2025\/06\/hakkimizda-01-70x70.webp 70w, https:\/\/destandisticaret.com\/wp-content\/uploads\/2025\/06\/hakkimizda-01-600x600.webp 600w, https:\/\/destandisticaret.com\/wp-content\/uploads\/2025\/06\/hakkimizda-01-200x200.webp 200w\" sizes=\"auto, (max-width: 800px) 100vw, 800px\" \/><\/p>\n<p>&nbsp;<\/p>\n\n\t\t<\/div>\n\t<\/div>\n<div class=\"vc_empty_space\"   style=\"height: 40px\"><span class=\"vc_empty_space_inner\"><\/span><\/div><\/div><\/div><\/div><div class=\"ab2-right wpb_animate_when_almost_visible wpb_fadeInRight fadeInRight wpb_column vc_column_container vc_col-sm-6\"><div class=\"vc_column-inner vc_custom_1675069537419\"><div class=\"wpb_wrapper\">\n\t<div class=\"wpb_text_column wpb_content_element\" >\n\t\t<div class=\"wpb_wrapper\">\n\t\t\t<p><img loading=\"lazy\" decoding=\"async\" class=\"alignnone wp-image-10475 size-full\" src=\"https:\/\/destandisticaret.com\/wp-content\/uploads\/2025\/06\/hakkimizda-02.webp\" alt=\"about us 02\" width=\"800\" height=\"800\" srcset=\"https:\/\/destandisticaret.com\/wp-content\/uploads\/2025\/06\/hakkimizda-02.webp 800w, https:\/\/destandisticaret.com\/wp-content\/uploads\/2025\/06\/hakkimizda-02-300x300.webp 300w, https:\/\/destandisticaret.com\/wp-content\/uploads\/2025\/06\/hakkimizda-02-150x150.webp 150w, https:\/\/destandisticaret.com\/wp-content\/uploads\/2025\/06\/hakkimizda-02-768x768.webp 768w, https:\/\/destandisticaret.com\/wp-content\/uploads\/2025\/06\/hakkimizda-02-12x12.webp 12w, https:\/\/destandisticaret.com\/wp-content\/uploads\/2025\/06\/hakkimizda-02-350x350.webp 350w, https:\/\/destandisticaret.com\/wp-content\/uploads\/2025\/06\/hakkimizda-02-110x110.webp 110w, https:\/\/destandisticaret.com\/wp-content\/uploads\/2025\/06\/hakkimizda-02-400x400.webp 400w, https:\/\/destandisticaret.com\/wp-content\/uploads\/2025\/06\/hakkimizda-02-500x500.webp 500w, https:\/\/destandisticaret.com\/wp-content\/uploads\/2025\/06\/hakkimizda-02-70x70.webp 70w, https:\/\/destandisticaret.com\/wp-content\/uploads\/2025\/06\/hakkimizda-02-600x600.webp 600w, https:\/\/destandisticaret.com\/wp-content\/uploads\/2025\/06\/hakkimizda-02-200x200.webp 200w\" sizes=\"auto, (max-width: 800px) 100vw, 800px\" \/><\/p>\n\n\t\t<\/div>\n\t<\/div>\n\n\t<div class=\"wpb_text_column wpb_content_element\" >\n\t\t<div class=\"wpb_wrapper\">\n\t\t\t<p>&nbsp;<\/p>\n<p>Our main products include Denizli chickpeas, Ordu and Giresun hazelnuts, Malatya dried apricots, Ayd\u0131n dried figs and Manisa grapes. There are also many agricultural products such as chickpeas, lentils, beans, poppy and sesame seeds.<\/p>\n<p>We export our products to many countries, especially America, Germany, France, Austria, Canada, Australia, Russia, Greece, Macedonia, Bulgaria, Serbia, Egypt, Tunisia, Jordan, Algeria, India, Vietnam, China, Uganda, Tanzania, Uzbekistan, Turkmenistan.<\/p>\n<p>Our company is among the top ten leading companies in hazelnut exports. It continues to increase its success in international trade by importing almonds from America, cashews and walnuts from India, pumpkin seeds from Ukraine, sesame seeds from Africa and peanuts from China.<\/p>\n<p>Our company successfully represents itself in many national and international fairs and promotional organizations (Anuga, Sial etc.) and develops new markets.<\/p>\n<p>Our aim is honest trade and continuous customer satisfaction.<\/p>\n<p>Sincerely.<\/p>\n\n\t\t<\/div>\n\t<\/div>\n<\/div><\/div><\/div><\/div><div data-vc-full-width=\"true\" data-vc-full-width-init=\"false\" class=\"vc_row wpb_row vc_row-fluid missing-member vc_custom_1675071500891 vc_row-has-fill\"><div class=\"wpb_animate_when_almost_visible wpb_fadeInUp fadeInUp wpb_column vc_column_container vc_col-sm-12 vc_hidden-sm vc_hidden-xs\"><div class=\"vc_column-inner\"><div class=\"wpb_wrapper\">\n\t<div  class=\"wpb_single_image wpb_content_element vc_align_center wpb_content_element\">\n\t\t\n\t\t<figure class=\"wpb_wrapper vc_figure\">\n\t\t\t<div class=\"vc_single_image-wrapper   vc_box_border_grey\"><img loading=\"lazy\" decoding=\"async\" width=\"1920\" height=\"987\" src=\"https:\/\/destandisticaret.com\/wp-content\/uploads\/2025\/06\/sukur-kuruyemis-destan-dis-ticaret-fabrika-1.webp\" class=\"vc_single_image-img attachment-full\" alt=\"Sukur-dried-fruits-epic-foreign-trade-factory\" title=\"Sukur-dried-fruits-epic-foreign-trade-factory\" srcset=\"https:\/\/destandisticaret.com\/wp-content\/uploads\/2025\/06\/sukur-kuruyemis-destan-dis-ticaret-fabrika-1.webp 1920w, https:\/\/destandisticaret.com\/wp-content\/uploads\/2025\/06\/sukur-kuruyemis-destan-dis-ticaret-fabrika-1-300x154.webp 300w, https:\/\/destandisticaret.com\/wp-content\/uploads\/2025\/06\/sukur-kuruyemis-destan-dis-ticaret-fabrika-1-1024x526.webp 1024w, https:\/\/destandisticaret.com\/wp-content\/uploads\/2025\/06\/sukur-kuruyemis-destan-dis-ticaret-fabrika-1-768x395.webp 768w, https:\/\/destandisticaret.com\/wp-content\/uploads\/2025\/06\/sukur-kuruyemis-destan-dis-ticaret-fabrika-1-1536x790.webp 1536w, https:\/\/destandisticaret.com\/wp-content\/uploads\/2025\/06\/sukur-kuruyemis-destan-dis-ticaret-fabrika-1-18x9.webp 18w, https:\/\/destandisticaret.com\/wp-content\/uploads\/2025\/06\/sukur-kuruyemis-destan-dis-ticaret-fabrika-1-600x308.webp 600w\" sizes=\"auto, (max-width: 1920px) 100vw, 1920px\" \/><\/div>\n\t\t<\/figure>\n\t<\/div>\n<\/div><\/div><\/div><\/div><div class=\"vc_row-full-width vc_clearfix\"><\/div>\n<\/div>","protected":false},"excerpt":{"rendered":"Hakk\u0131m\u0131zda \u015e\u00fck\u00fcr Kuruyemi\u015f, 1973 y\u0131l\u0131nda Denizli'de leblebi \u00fcretimi ile kuruyemi\u015f ve kuru meyve sekt\u00f6r\u00fcne ad\u0131m\u0131n\u0131 atm\u0131\u015ft\u0131r. \u015eirketimiz, h\u0131zl\u0131 ilerlemesiyle bu alanda hakimiyet kazanm\u0131\u015ft\u0131r. 1996 y\u0131l\u0131nda ihracata ba\u015flamas\u0131yla birlikte, \u015firket merkezini \u0130stanbul'a ta\u015f\u0131m\u0131\u015ft\u0131r. \u015e\u00fck\u00fcr Kuruyemi\u015f, her ge\u00e7en g\u00fcn yabanc\u0131 m\u00fc\u015fteri portf\u00f6y\u00fcn\u00fc geli\u015ftirirken, 2005 y\u0131l\u0131nda uluslararas\u0131 ticaret faaliyetlerine ba\u015flayan Destan D\u0131\u015f Ticaret ve G\u0131da Sanayi Limited \u015eirketi [...]","protected":false},"author":1,"featured_media":0,"parent":0,"menu_order":0,"comment_status":"closed","ping_status":"closed","template":"","meta":{"footnotes":""},"class_list":["post-4986","page","type-page","status-publish","hentry"],"_links":{"self":[{"href":"https:\/\/destandisticaret.com\/en\/wp-json\/wp\/v2\/pages\/4986","targetHints":{"allow":["GET"]}}],"collection":[{"href":"https:\/\/destandisticaret.com\/en\/wp-json\/wp\/v2\/pages"}],"about":[{"href":"https:\/\/destandisticaret.com\/en\/wp-json\/wp\/v2\/types\/page"}],"author":[{"embeddable":true,"href":"https:\/\/destandisticaret.com\/en\/wp-json\/wp\/v2\/users\/1"}],"replies":[{"embeddable":true,"href":"https:\/\/destandisticaret.com\/en\/wp-json\/wp\/v2\/comments?post=4986"}],"version-history":[{"count":14,"href":"https:\/\/destandisticaret.com\/en\/wp-json\/wp\/v2\/pages\/4986\/revisions"}],"predecessor-version":[{"id":10591,"href":"https:\/\/destandisticaret.com\/en\/wp-json\/wp\/v2\/pages\/4986\/revisions\/10591"}],"wp:attachment":[{"href":"https:\/\/destandisticaret.com\/en\/wp-json\/wp\/v2\/media?parent=4986"}],"curies":[{"name":"wp","href":"https:\/\/api.w.org\/{rel}","templated":true}]}}