{"id":10298,"date":"2025-04-14T06:25:23","date_gmt":"2025-04-14T06:25:23","guid":{"rendered":"https:\/\/destandisticaret.com\/?page_id=10298"},"modified":"2025-04-16T09:58:55","modified_gmt":"2025-04-16T09:58:55","slug":"wholesale-nuts-order","status":"publish","type":"page","link":"https:\/\/destandisticaret.com\/en\/wholesale-nuts-order\/","title":{"rendered":"Wholesale Nuts Order Form"},"content":{"rendered":"<div class=\"wpb-content-wrapper\"><div class=\"vc_row wpb_row vc_row-fluid\"><div class=\"wpb_column vc_column_container vc_col-sm-12\"><div class=\"vc_column-inner\"><div class=\"wpb_wrapper\">\n\t<div  class=\"wpb_single_image wpb_content_element vc_align_left wpb_content_element\">\n\t\t\n\t\t<figure class=\"wpb_wrapper vc_figure\">\n\t\t\t<div class=\"vc_single_image-wrapper   vc_box_border_grey\"><img loading=\"lazy\" decoding=\"async\" width=\"1600\" height=\"186\" src=\"https:\/\/destandisticaret.com\/wp-content\/uploads\/2025\/04\/banner-ince-kuruyemis.jpg\" class=\"vc_single_image-img attachment-full\" alt=\"\" title=\"banner-thin-nuts\" srcset=\"https:\/\/destandisticaret.com\/wp-content\/uploads\/2025\/04\/banner-ince-kuruyemis.jpg 1600w, https:\/\/destandisticaret.com\/wp-content\/uploads\/2025\/04\/banner-ince-kuruyemis-300x35.jpg 300w, https:\/\/destandisticaret.com\/wp-content\/uploads\/2025\/04\/banner-ince-kuruyemis-1024x119.jpg 1024w, https:\/\/destandisticaret.com\/wp-content\/uploads\/2025\/04\/banner-ince-kuruyemis-768x89.jpg 768w, https:\/\/destandisticaret.com\/wp-content\/uploads\/2025\/04\/banner-ince-kuruyemis-1536x179.jpg 1536w, https:\/\/destandisticaret.com\/wp-content\/uploads\/2025\/04\/banner-ince-kuruyemis-18x2.jpg 18w, https:\/\/destandisticaret.com\/wp-content\/uploads\/2025\/04\/banner-ince-kuruyemis-600x70.jpg 600w\" sizes=\"auto, (max-width: 1600px) 100vw, 1600px\" \/><\/div>\n\t\t<\/figure>\n\t<\/div>\n\n\t<div class=\"wpb_text_column wpb_content_element\" >\n\t\t<div class=\"wpb_wrapper\">\n\t\t\t<p><b class=\"elementor-heading-title elementor-size-default\">For your special or wholesale nut orders, please contact us using the form below. We will review your order and get back to you as soon as possible.<\/b><\/p>\n\n\t\t<\/div>\n\t<\/div>\n<div class=\"vc_separator wpb_content_element vc_separator_align_center vc_sep_width_100 vc_sep_pos_align_center vc_separator_no_text vc_sep_color_grey wpb_content_element  wpb_content_element\" ><span class=\"vc_sep_holder vc_sep_holder_l\"><span class=\"vc_sep_line\"><\/span><\/span><span class=\"vc_sep_holder vc_sep_holder_r\"><span class=\"vc_sep_line\"><\/span><\/span>\n<\/div>\n<div class=\"wpcf7 no-js\" id=\"wpcf7-f10297-o1\" lang=\"en-US\" dir=\"ltr\" data-wpcf7-id=\"10297\">\n<div class=\"screen-reader-response\"><p role=\"status\" aria-live=\"polite\" aria-atomic=\"true\"><\/p> <ul><\/ul><\/div>\n<form action=\"\/en\/wp-json\/wp\/v2\/pages\/10298#wpcf7-f10297-o1\" method=\"post\" class=\"wpcf7-form init\" aria-label=\"Contact form\" novalidate=\"novalidate\" data-status=\"init\" data-trp-original-action=\"\/en\/wp-json\/wp\/v2\/pages\/10298#wpcf7-f10297-o1\">\n<fieldset class=\"hidden-fields-container\"><input type=\"hidden\" name=\"_wpcf7\" value=\"10297\" \/><input type=\"hidden\" name=\"_wpcf7_version\" value=\"6.1.3\" \/><input type=\"hidden\" name=\"_wpcf7_locale\" value=\"en_US\" \/><input type=\"hidden\" name=\"_wpcf7_unit_tag\" value=\"wpcf7-f10297-o1\" \/><input type=\"hidden\" name=\"_wpcf7_container_post\" value=\"0\" \/><input type=\"hidden\" name=\"_wpcf7_posted_data_hash\" value=\"\" \/>\n<\/fieldset>\n<div class=\"groffer-contact-form\">\n\t<div class=\"col-md-6\">\n\t\t<p><label>Your Name <span class=\"wpcf7-form-control-wrap\" data-name=\"first-name\"><input size=\"40\" maxlength=\"400\" class=\"wpcf7-form-control wpcf7-text wpcf7-validates-as-required\" aria-required=\"true\" aria-invalid=\"false\" placeholder=\"Your name.\" value=\"\" type=\"text\" name=\"first-name\" \/><\/span><\/label>\n\t\t<\/p>\n\t<\/div>\n\t<div class=\"col-md-6\">\n\t\t<p><label>Email <span class=\"wpcf7-form-control-wrap\" data-name=\"email\"><input size=\"40\" maxlength=\"400\" class=\"wpcf7-form-control wpcf7-email wpcf7-validates-as-required wpcf7-text wpcf7-validates-as-email\" aria-required=\"true\" aria-invalid=\"false\" placeholder=\"Email\" value=\"\" type=\"email\" name=\"email\" \/><\/span><\/label>\n\t\t<\/p>\n\t<\/div>\n\t<div class=\"col-md-6\">\n\t\t<p><label>Telephone <span class=\"wpcf7-form-control-wrap\" data-name=\"phone\"><input size=\"40\" maxlength=\"400\" class=\"wpcf7-form-control wpcf7-text wpcf7-validates-as-required\" aria-required=\"true\" aria-invalid=\"false\" placeholder=\"Phone...\" value=\"\" type=\"text\" name=\"phone\" \/><\/span><\/label>\n\t\t<\/p>\n\t<\/div>\n\t<div class=\"col-md-6\">\n\t\t<p><label>Company Name<span class=\"wpcf7-form-control-wrap\" data-name=\"firma\"><input size=\"40\" maxlength=\"400\" class=\"wpcf7-form-control wpcf7-text wpcf7-validates-as-required\" aria-required=\"true\" aria-invalid=\"false\" placeholder=\"Company Name...\" value=\"\" type=\"text\" name=\"firma\" \/><\/span><\/label>\n\t\t<\/p>\n\t<\/div>\n\t<div class=\"col-md-6\">\n\t\t<p><label>Subject <span class=\"wpcf7-form-control-wrap\" data-name=\"subject\"><input size=\"40\" maxlength=\"400\" class=\"wpcf7-form-control wpcf7-text wpcf7-validates-as-required\" aria-required=\"true\" aria-invalid=\"false\" placeholder=\"Subject.\" value=\"\" type=\"text\" name=\"subject\" \/><\/span><\/label>\n\t\t<\/p>\n\t<\/div>\n\t<div class=\"col-md-12\">\n\t\t<p><label>Products You Are Interested In<span class=\"wpcf7-form-control-wrap\" data-name=\"your-message\"><textarea cols=\"40\" rows=\"10\" maxlength=\"2000\" class=\"wpcf7-form-control wpcf7-textarea\" aria-invalid=\"false\" placeholder=\"Your message...\" name=\"your-message\"><\/textarea><\/span><\/label>\n\t\t<\/p>\n\t<\/div>\n\t<div class=\"col-md-12\">\n\t\t<p><button type=\"submit\" class=\"wpcf7-form-control wpcf7-submit\">Send<\/button>\n\t\t<\/p>\n\t<\/div>\n<\/div><div class=\"wpcf7-response-output\" aria-hidden=\"true\"><\/div>\n<input type=\"hidden\" name=\"trp-form-language\" value=\"en\"\/><\/form>\n<\/div>\n<\/div><\/div><\/div><\/div>\n<\/div>","protected":false},"excerpt":{"rendered":"\u00d6zel veya toptan kuruyemi\u015f sipari\u015fleriniz i\u00e7in a\u015fa\u011f\u0131daki form \u00fczerinden bizlere ula\u015fabilirsiniz. \u200bEn k\u0131sa s\u00fcrede de\u011ferlendirip size geri d\u00f6nece\u011fiz. Ad\u0131n\u0131z Email Telefon Firma Ad\u0131 Konu \u0130lgilendi\u011finiz \u00dcr\u00fcnler G\u00f6nder","protected":false},"author":1,"featured_media":0,"parent":0,"menu_order":0,"comment_status":"closed","ping_status":"closed","template":"","meta":{"footnotes":""},"class_list":["post-10298","page","type-page","status-publish","hentry"],"_links":{"self":[{"href":"https:\/\/destandisticaret.com\/en\/wp-json\/wp\/v2\/pages\/10298","targetHints":{"allow":["GET"]}}],"collection":[{"href":"https:\/\/destandisticaret.com\/en\/wp-json\/wp\/v2\/pages"}],"about":[{"href":"https:\/\/destandisticaret.com\/en\/wp-json\/wp\/v2\/types\/page"}],"author":[{"embeddable":true,"href":"https:\/\/destandisticaret.com\/en\/wp-json\/wp\/v2\/users\/1"}],"replies":[{"embeddable":true,"href":"https:\/\/destandisticaret.com\/en\/wp-json\/wp\/v2\/comments?post=10298"}],"version-history":[{"count":8,"href":"https:\/\/destandisticaret.com\/en\/wp-json\/wp\/v2\/pages\/10298\/revisions"}],"predecessor-version":[{"id":10399,"href":"https:\/\/destandisticaret.com\/en\/wp-json\/wp\/v2\/pages\/10298\/revisions\/10399"}],"wp:attachment":[{"href":"https:\/\/destandisticaret.com\/en\/wp-json\/wp\/v2\/media?parent=10298"}],"curies":[{"name":"wp","href":"https:\/\/api.w.org\/{rel}","templated":true}]}}