{"id":10235,"date":"2025-04-11T07:25:12","date_gmt":"2025-04-11T07:25:12","guid":{"rendered":"https:\/\/destandisticaret.com\/?page_id=10235"},"modified":"2025-04-16T10:02:09","modified_gmt":"2025-04-16T10:02:09","slug":"production-facilities","status":"publish","type":"page","link":"https:\/\/destandisticaret.com\/en\/production-facilities\/","title":{"rendered":"Production Facilities"},"content":{"rendered":"<div class=\"wpb-content-wrapper\"><div class=\"vc_row wpb_row vc_row-fluid\"><div class=\"wpb_column vc_column_container vc_col-sm-6\"><div class=\"vc_column-inner\"><div class=\"wpb_wrapper\"><div class=\"lvca-heading lvca-style1 lvca-alignleft\" ><h3 class=\"lvca-title\">\u015e\u00fck\u00fcr Nuts Production Facilities<\/h3><\/div>\n\t<div class=\"wpb_text_column wpb_content_element\" >\n\t\t<div class=\"wpb_wrapper\">\n\t\t\t<p>With our ever-growing team and product range, we work with care and sensitivity in all our processes to bring you the most delicious products in our facilities with high technological infrastructure on an area of 15,000 square meters, prioritizing food safety, adhering to the awareness of protecting the natural, healthy structure of nuts, without compromising the scientific point of view.<\/p>\n<p>Our significant investments in innovation, production, national and international growth have always taken us one step forward in the dried nuts sector. We continue to work with the sense of responsibility that the point we have reached gives us, and our most important goal is to benefit our industry and our country.<\/p>\n<p>Our facility is 50 km from Istanbul airport, 10 km from the European highway<\/p>\n<p>Features of the building: 8000 m2 closed area, 15438 m2 open area<\/p>\n<p>At \u015e\u00fck\u00fcr Kuruyemi\u015f, we blend tradition with modern international trade practices, constantly updating our product range and investing in advanced processing and packaging technology. Our industry expertise, focus on quality, competitive pricing and core values make us a trusted global partner.<\/p>\n<p>We strive to be the partner of choice in the nuts sector and align with partners who share our values around quality, innovation, value-added processes and sustainable partnerships. The growing emphasis on health and wellness reflects changing customer priorities.<\/p>\n\n\t\t<\/div>\n\t<\/div>\n<\/div><\/div><\/div><div class=\"wpb_column vc_column_container vc_col-sm-6\"><div class=\"vc_column-inner\"><div class=\"wpb_wrapper\">\n\t<div  class=\"wpb_single_image wpb_content_element vc_align_left wpb_content_element\">\n\t\t\n\t\t<figure class=\"wpb_wrapper vc_figure\">\n\t\t\t<div class=\"vc_single_image-wrapper   vc_box_border_grey\"><img loading=\"lazy\" decoding=\"async\" width=\"600\" height=\"600\" src=\"https:\/\/destandisticaret.com\/wp-content\/uploads\/2017\/05\/euronut-uretim.jpg\" class=\"vc_single_image-img attachment-large\" alt=\"\" title=\"euronut-production\" srcset=\"https:\/\/destandisticaret.com\/wp-content\/uploads\/2017\/05\/euronut-uretim.jpg 600w, https:\/\/destandisticaret.com\/wp-content\/uploads\/2017\/05\/euronut-uretim-300x300.jpg 300w, https:\/\/destandisticaret.com\/wp-content\/uploads\/2017\/05\/euronut-uretim-150x150.jpg 150w, https:\/\/destandisticaret.com\/wp-content\/uploads\/2017\/05\/euronut-uretim-12x12.jpg 12w, https:\/\/destandisticaret.com\/wp-content\/uploads\/2017\/05\/euronut-uretim-350x350.jpg 350w, https:\/\/destandisticaret.com\/wp-content\/uploads\/2017\/05\/euronut-uretim-110x110.jpg 110w, https:\/\/destandisticaret.com\/wp-content\/uploads\/2017\/05\/euronut-uretim-400x400.jpg 400w, https:\/\/destandisticaret.com\/wp-content\/uploads\/2017\/05\/euronut-uretim-500x500.jpg 500w, https:\/\/destandisticaret.com\/wp-content\/uploads\/2017\/05\/euronut-uretim-70x70.jpg 70w, https:\/\/destandisticaret.com\/wp-content\/uploads\/2017\/05\/euronut-uretim-200x200.jpg 200w\" sizes=\"auto, (max-width: 600px) 100vw, 600px\" \/><\/div>\n\t\t<\/figure>\n\t<\/div>\n<\/div><\/div><\/div><\/div><div class=\"vc_row wpb_row vc_row-fluid\"><div class=\"wpb_column vc_column_container vc_col-sm-6\"><div class=\"vc_column-inner\"><div class=\"wpb_wrapper\">\n\t<div  class=\"wpb_single_image wpb_content_element vc_align_left wpb_content_element\">\n\t\t\n\t\t<figure class=\"wpb_wrapper vc_figure\">\n\t\t\t<div class=\"vc_single_image-wrapper   vc_box_border_grey\"><img loading=\"lazy\" decoding=\"async\" width=\"600\" height=\"600\" src=\"https:\/\/destandisticaret.com\/wp-content\/uploads\/2017\/05\/euronut-labaratuvar.jpg\" class=\"vc_single_image-img attachment-large\" alt=\"\" title=\"euronut-laboratory\" srcset=\"https:\/\/destandisticaret.com\/wp-content\/uploads\/2017\/05\/euronut-labaratuvar.jpg 600w, https:\/\/destandisticaret.com\/wp-content\/uploads\/2017\/05\/euronut-labaratuvar-300x300.jpg 300w, https:\/\/destandisticaret.com\/wp-content\/uploads\/2017\/05\/euronut-labaratuvar-150x150.jpg 150w, https:\/\/destandisticaret.com\/wp-content\/uploads\/2017\/05\/euronut-labaratuvar-12x12.jpg 12w, https:\/\/destandisticaret.com\/wp-content\/uploads\/2017\/05\/euronut-labaratuvar-350x350.jpg 350w, https:\/\/destandisticaret.com\/wp-content\/uploads\/2017\/05\/euronut-labaratuvar-110x110.jpg 110w, https:\/\/destandisticaret.com\/wp-content\/uploads\/2017\/05\/euronut-labaratuvar-400x400.jpg 400w, https:\/\/destandisticaret.com\/wp-content\/uploads\/2017\/05\/euronut-labaratuvar-500x500.jpg 500w, https:\/\/destandisticaret.com\/wp-content\/uploads\/2017\/05\/euronut-labaratuvar-70x70.jpg 70w, https:\/\/destandisticaret.com\/wp-content\/uploads\/2017\/05\/euronut-labaratuvar-200x200.jpg 200w\" sizes=\"auto, (max-width: 600px) 100vw, 600px\" \/><\/div>\n\t\t<\/figure>\n\t<\/div>\n<\/div><\/div><\/div><div class=\"wpb_column vc_column_container vc_col-sm-6\"><div class=\"vc_column-inner\"><div class=\"wpb_wrapper\"><div class=\"lvca-heading lvca-style1 lvca-alignleft\" ><h3 class=\"lvca-title\">Quality Performance Assessment<\/h3><\/div>\n\t<div class=\"wpb_text_column wpb_content_element\" >\n\t\t<div class=\"wpb_wrapper\">\n\t\t\t<p>At \u015e\u00fck\u00fcr Kuruyemi\u015f, quality is our promise and our pride. We are dedicated to providing products that meet the highest international standards, including BRCGS, FSSC 22000 and ISO 22000:2018.<\/p>\n<p>Our expert quality control team ensures the safety, quality and authenticity of every finished product. We utilize the latest technology to conduct stringent quality checks and continually invest in innovation to exceed customer expectations.<\/p>\n<p>- Food Safety Quality Processes<br \/>\n- \u015e\u00fck\u00fcr Kuruyemi\u015f Quality Performance Evaluation<br \/>\n- Quality Performance Assessment<\/p>\n<p>We source the best raw materials from a global network of approved suppliers, ensuring that our products are sourced safely, sustainably and ethically.<\/p>\n<p>Our strong supplier relationships enable us to maintain consistent quality in our offerings. Our quality control checks and carefully implemented sampling plan ensure the safety and quality of our finished products.<\/p>\n<p>The annual assessment of our quality objectives is based on the following KPIs:<\/p>\n<p>Minimization of non-conforming products.<br \/>\nImproved performance on behalf of our suppliers.<br \/>\nMinimizing complaints on behalf of our customer base.<\/p>\n\n\t\t<\/div>\n\t<\/div>\n<\/div><\/div><\/div><\/div><div class=\"vc_row wpb_row vc_row-fluid\"><div class=\"wpb_column vc_column_container vc_col-sm-12\"><div class=\"vc_column-inner\"><div class=\"wpb_wrapper\"><div class=\"lvca-heading lvca-style1 lvca-aligncenter\" ><h3 class=\"lvca-title\">Quality Certificates<\/h3><\/div>\n\t<div class=\"wpb_text_column wpb_content_element\" >\n\t\t<div class=\"wpb_wrapper\">\n\t\t\t<p style=\"text-align: center;\">Our commitment to excellence is confirmed by our internationally recognized quality certificates.<\/p>\n<p style=\"text-align: center;\"><a href=\"https:\/\/destandisticaret.com\/wp-content\/uploads\/2025\/04\/Euronut-UAF-Sertifika-9001-R.4.pdf\" target=\"_blank\" rel=\"noopener\"><img loading=\"lazy\" decoding=\"async\" class=\"size-medium\" src=\"https:\/\/destandisticaret.com\/wp-content\/uploads\/2025\/04\/iso-9001-300x300.png\" alt=\"\" width=\"150\" height=\"150\" \/><\/a><a href=\"https:\/\/destandisticaret.com\/wp-content\/uploads\/2025\/04\/BRCGS-Food-Certificate-Euronut-Kuruyemis-Ve-Ticaret-AS-2025.pdf\" target=\"_blank\" rel=\"noopener\"><img loading=\"lazy\" decoding=\"async\" class=\"size-medium\" src=\"https:\/\/destandisticaret.com\/wp-content\/uploads\/2025\/04\/BRCGS-logo-1-300x300.webp\" alt=\"\" width=\"150\" height=\"150\" \/><\/a><a href=\"https:\/\/destandisticaret.com\/wp-content\/uploads\/2025\/04\/Euronut-UAF-Sertifika-22000-R.4.pdf\" target=\"_blank\" rel=\"noopener\"><img loading=\"lazy\" decoding=\"async\" class=\"size-medium\" src=\"https:\/\/destandisticaret.com\/wp-content\/uploads\/2025\/04\/iso-22000-300x300.jpg\" alt=\"\" width=\"150\" height=\"150\" \/><\/a><\/p>\n\n\t\t<\/div>\n\t<\/div>\n<\/div><\/div><\/div><\/div>\n<\/div>","protected":false},"excerpt":{"rendered":"\u015e\u00fck\u00fcr Kuruyemi\u015f \u00dcretim Tesisleri Her g\u00fcn b\u00fcy\u00fcyen ekibimiz ve \u00fcr\u00fcn gam\u0131m\u0131zla, 15.000 metrekarelik alanda, y\u00fcksek teknolojik alt yap\u0131ya sahip tesislerimizde, g\u0131da g\u00fcvenli\u011fini \u00f6n planda tutan, kuruyemi\u015fin do\u011fal, sa\u011fl\u0131kl\u0131 yap\u0131s\u0131n\u0131 koruma bilincine ba\u011fl\u0131 kalarak, bilimsel bak\u0131\u015f a\u00e7\u0131s\u0131ndan \u00f6d\u00fcn vermeden, en lezzetli \u00fcr\u00fcnlerle sizi bulu\u015fturmak i\u00e7in, t\u00fcm s\u00fcre\u00e7lerimizde \u00f6zen ve hassasiyetle \u00e7al\u0131\u015f\u0131yoruz. \u0130novasyona, \u00fcretime, ulusal ve uluslararas\u0131 [...]","protected":false},"author":1,"featured_media":0,"parent":0,"menu_order":0,"comment_status":"closed","ping_status":"closed","template":"","meta":{"footnotes":""},"class_list":["post-10235","page","type-page","status-publish","hentry"],"_links":{"self":[{"href":"https:\/\/destandisticaret.com\/en\/wp-json\/wp\/v2\/pages\/10235","targetHints":{"allow":["GET"]}}],"collection":[{"href":"https:\/\/destandisticaret.com\/en\/wp-json\/wp\/v2\/pages"}],"about":[{"href":"https:\/\/destandisticaret.com\/en\/wp-json\/wp\/v2\/types\/page"}],"author":[{"embeddable":true,"href":"https:\/\/destandisticaret.com\/en\/wp-json\/wp\/v2\/users\/1"}],"replies":[{"embeddable":true,"href":"https:\/\/destandisticaret.com\/en\/wp-json\/wp\/v2\/comments?post=10235"}],"version-history":[{"count":11,"href":"https:\/\/destandisticaret.com\/en\/wp-json\/wp\/v2\/pages\/10235\/revisions"}],"predecessor-version":[{"id":10400,"href":"https:\/\/destandisticaret.com\/en\/wp-json\/wp\/v2\/pages\/10235\/revisions\/10400"}],"wp:attachment":[{"href":"https:\/\/destandisticaret.com\/en\/wp-json\/wp\/v2\/media?parent=10235"}],"curies":[{"name":"wp","href":"https:\/\/api.w.org\/{rel}","templated":true}]}}