{"id":10490,"date":"2025-06-25T12:52:48","date_gmt":"2025-06-25T12:52:48","guid":{"rendered":"https:\/\/destandisticaret.com\/?post_type=product&#038;p=10490"},"modified":"2025-11-20T05:35:40","modified_gmt":"2025-11-20T05:35:40","slug":"haselnuss","status":"publish","type":"product","link":"https:\/\/destandisticaret.com\/de\/produkt\/haselnuss\/","title":{"rendered":"Rohe Haseln\u00fcsse"},"content":{"rendered":"<p>Ihre K\u00fcchen sind von hoher Qualit\u00e4t.\u00a0<strong>mit unseren Haseln\u00fcssen<\/strong>\u00a0Verleihen Sie Ihren Gerichten das gewisse Etwas. Mit ihrem vollen Aroma und dem knackigen Biss sind diese Haseln\u00fcsse ideal f\u00fcr Profik\u00fcchen. Sie geben einer Vielzahl von Gerichten \u2013 von Salaten und Backwaren bis hin zu ger\u00f6stetem Gem\u00fcse und Bowls \u2013 Tiefe und Textur. K\u00f6che sch\u00e4tzen die Vielseitigkeit von Haseln\u00fcssen: Ob ger\u00f6stet, \u00fcber Gerichte gestreut oder in Saucen und Pestos verarbeitet, sie erg\u00e4nzen s\u00fc\u00dfe wie herzhafte Rezepte mit ihrem einzigartigen Geschmack.<\/p>\n<p>F\u00fcr Gro\u00dfh\u00e4ndler\u00a0<strong>Unsere Haseln\u00fcsse<\/strong>, Sie bieten gleichbleibende Qualit\u00e4t und lange Haltbarkeit und sind daher ideal f\u00fcr den Einsatz in Gro\u00dfk\u00fcchen und Lebensmittelproduktionsprozessen. Dank ihrer Standardgr\u00f6\u00dfe und Frische lassen sie sich problemlos in Gro\u00dfk\u00fcchen und Lebensmittelproduktionsprozessen verwenden. Ob Sie Spezialbrote backen, gesunde Snacks zubereiten oder sie M\u00fcsli und Granola hinzuf\u00fcgen,\u00a0<strong>Unsere Haseln\u00fcsse<\/strong>\u00a0Es bietet Zuverl\u00e4ssigkeit und Exzellenz, die allen Anforderungen der Gro\u00dfproduktion gerecht werden.<\/p>","protected":false},"excerpt":{"rendered":"<p>F\u00fcr Gro\u00dfh\u00e4ndler\u00a0<strong>Unsere Haseln\u00fcsse<\/strong>, Sie bieten gleichbleibende Qualit\u00e4t und lange Haltbarkeit und sind daher ideal f\u00fcr den Einsatz in Gro\u00dfk\u00fcchen und Lebensmittelproduktionsprozessen. Dank ihrer Standardgr\u00f6\u00dfe und Frische lassen sie sich problemlos in Gro\u00dfk\u00fcchen und Lebensmittelproduktionsprozessen verwenden. Ob Sie Spezialbrote backen, gesunde Snacks zubereiten oder sie M\u00fcsli und Granola hinzuf\u00fcgen,\u00a0<strong>Unsere Haseln\u00fcsse<\/strong>\u00a0Es bietet Zuverl\u00e4ssigkeit und Exzellenz, die allen Anforderungen der Gro\u00dfproduktion gerecht werden.<\/p>","protected":false},"featured_media":10605,"comment_status":"closed","ping_status":"closed","template":"","meta":[],"product_brand":[],"product_cat":[15],"product_tag":[136,77,79],"class_list":{"0":"post-10490","1":"product","2":"type-product","3":"status-publish","4":"has-post-thumbnail","6":"product_cat-kuruyemisler","7":"product_tag-findik","8":"product_tag-kuruyemis","9":"product_tag-saglikli-atistirmalik","11":"first","12":"instock","13":"shipping-taxable","14":"product-type-simple"},"_links":{"self":[{"href":"https:\/\/destandisticaret.com\/de\/wp-json\/wp\/v2\/product\/10490","targetHints":{"allow":["GET"]}}],"collection":[{"href":"https:\/\/destandisticaret.com\/de\/wp-json\/wp\/v2\/product"}],"about":[{"href":"https:\/\/destandisticaret.com\/de\/wp-json\/wp\/v2\/types\/product"}],"replies":[{"embeddable":true,"href":"https:\/\/destandisticaret.com\/de\/wp-json\/wp\/v2\/comments?post=10490"}],"wp:featuredmedia":[{"embeddable":true,"href":"https:\/\/destandisticaret.com\/de\/wp-json\/wp\/v2\/media\/10605"}],"wp:attachment":[{"href":"https:\/\/destandisticaret.com\/de\/wp-json\/wp\/v2\/media?parent=10490"}],"wp:term":[{"taxonomy":"product_brand","embeddable":true,"href":"https:\/\/destandisticaret.com\/de\/wp-json\/wp\/v2\/product_brand?post=10490"},{"taxonomy":"product_cat","embeddable":true,"href":"https:\/\/destandisticaret.com\/de\/wp-json\/wp\/v2\/product_cat?post=10490"},{"taxonomy":"product_tag","embeddable":true,"href":"https:\/\/destandisticaret.com\/de\/wp-json\/wp\/v2\/product_tag?post=10490"}],"curies":[{"name":"wp","href":"https:\/\/api.w.org\/{rel}","templated":true}]}}