{"id":10379,"date":"2025-04-16T07:50:24","date_gmt":"2025-04-16T07:50:24","guid":{"rendered":"https:\/\/destandisticaret.com\/?post_type=product&#038;p=10379"},"modified":"2025-11-20T05:34:22","modified_gmt":"2025-11-20T05:34:22","slug":"getrocknete-pflaumen","status":"publish","type":"product","link":"https:\/\/destandisticaret.com\/de\/produkt\/getrocknete-pflaumen\/","title":{"rendered":"Getrocknete Pflaumen"},"content":{"rendered":"<p>Pflaumen enthalten starke Antioxidantien. Diese Eigenschaften helfen, Sch\u00e4den durch freie Radikale im K\u00f6rper zu reparieren. Sie wirken sch\u00fctzend gegen Krebs und Herzkrankheiten. Sie werden als Snack zur Gewichtskontrolle empfohlen. Sie sind reich an Vitaminen und Mineralstoffen. <strong>prune<\/strong>, wartet darauf, mit der Gewissheit von \u015e\u00fck\u00fcr Kuruyemi\u015f, seinen Platz auf Ihren Tischen einzunehmen.<\/p>","protected":false},"excerpt":{"rendered":"<p>Pflaumen enthalten starke Antioxidantien. Diese Eigenschaften helfen, Sch\u00e4den durch freie Radikale im K\u00f6rper zu reparieren. Sie wirken sch\u00fctzend gegen Krebs und Herzkrankheiten. Sie werden als Snack zur Gewichtskontrolle empfohlen. Sie sind reich an Vitaminen und Mineralstoffen. <strong>prune<\/strong>, wartet darauf, mit der Gewissheit von \u015e\u00fck\u00fcr Kuruyemi\u015f, seinen Platz auf Ihren Tischen einzunehmen.<\/p>","protected":false},"featured_media":10383,"comment_status":"closed","ping_status":"closed","template":"","meta":[],"product_brand":[],"product_cat":[92],"product_tag":[93,94,79],"class_list":{"0":"post-10379","1":"product","2":"type-product","3":"status-publish","4":"has-post-thumbnail","6":"product_cat-ithalat-urunleri","7":"product_tag-erik","8":"product_tag-kuru-erik","9":"product_tag-saglikli-atistirmalik","11":"first","12":"instock","13":"shipping-taxable","14":"product-type-simple"},"_links":{"self":[{"href":"https:\/\/destandisticaret.com\/de\/wp-json\/wp\/v2\/product\/10379","targetHints":{"allow":["GET"]}}],"collection":[{"href":"https:\/\/destandisticaret.com\/de\/wp-json\/wp\/v2\/product"}],"about":[{"href":"https:\/\/destandisticaret.com\/de\/wp-json\/wp\/v2\/types\/product"}],"replies":[{"embeddable":true,"href":"https:\/\/destandisticaret.com\/de\/wp-json\/wp\/v2\/comments?post=10379"}],"wp:featuredmedia":[{"embeddable":true,"href":"https:\/\/destandisticaret.com\/de\/wp-json\/wp\/v2\/media\/10383"}],"wp:attachment":[{"href":"https:\/\/destandisticaret.com\/de\/wp-json\/wp\/v2\/media?parent=10379"}],"wp:term":[{"taxonomy":"product_brand","embeddable":true,"href":"https:\/\/destandisticaret.com\/de\/wp-json\/wp\/v2\/product_brand?post=10379"},{"taxonomy":"product_cat","embeddable":true,"href":"https:\/\/destandisticaret.com\/de\/wp-json\/wp\/v2\/product_cat?post=10379"},{"taxonomy":"product_tag","embeddable":true,"href":"https:\/\/destandisticaret.com\/de\/wp-json\/wp\/v2\/product_tag?post=10379"}],"curies":[{"name":"wp","href":"https:\/\/api.w.org\/{rel}","templated":true}]}}