{"id":10378,"date":"2025-04-16T07:48:19","date_gmt":"2025-04-16T07:48:19","guid":{"rendered":"https:\/\/destandisticaret.com\/?post_type=product&#038;p=10378"},"modified":"2025-12-30T10:52:45","modified_gmt":"2025-12-30T10:52:45","slug":"preiselbeere-2","status":"publish","type":"product","link":"https:\/\/destandisticaret.com\/de\/produkt\/preiselbeere-2\/","title":{"rendered":"Preiselbeere"},"content":{"rendered":"<p>In der Lebensmittelindustrie auch als \u201cCranberry\u201d bekannt. <strong>Preiselbeere<\/strong>, Mit ihrem einzigartigen, leicht s\u00e4uerlichen Geschmack, ihrer roten Farbe und ihrem hohen N\u00e4hrwert hat sie sich in den letzten Jahren zu einer der beliebtesten Trockenfr\u00fcchte entwickelt. Dieses Produkt findet vielf\u00e4ltige Verwendung, von der Konditorei und Schokoladenherstellung bis hin zur Nussverpackung und Hotelk\u00fcchen., <strong>Cranberries im Gro\u00dfhandel<\/strong> Es bietet Unternehmen gro\u00dfartige M\u00f6glichkeiten bei ihren Beschaffungsvorg\u00e4ngen.<\/p>\n<p>Wenn Sie f\u00fcr Ihr Unternehmen hochwertige, frische und preisg\u00fcnstige Cranberries in gro\u00dfen Mengen suchen, hat der richtige Beschaffungsprozess direkten Einfluss auf die Qualit\u00e4t Ihres Unternehmens.<\/p>\n<hr \/>\n<h2>Warum Cranberries im Gro\u00dfhandel kaufen?<\/h2>\n<p>Statt Einzelhandelspaketen f\u00fcr Unternehmen <strong>Industriegr\u00f6\u00dfe (Sch\u00fcttgut)<\/strong> Der Einkauf ist der effektivste Weg, Kosten zu senken und die Produktqualit\u00e4t zu standardisieren.<\/p>\n<ul>\n<li><strong>Kostenvorteil:<\/strong> Durch Gro\u00dfeink\u00e4ufe sinkt der St\u00fcckpreis pro Kilogramm deutlich.<\/li>\n<li><strong>Nachhaltiger Bestand:<\/strong> Die Aufrechterhaltung eines ausreichenden Lagerbestands ist unerl\u00e4sslich, um Produktunterbrechungen in Ihrer Produktionslinie oder im Regal zu vermeiden.<\/li>\n<li><strong>Diversit\u00e4t:<\/strong> Beim Kauf gr\u00f6\u00dferer Mengen ist es einfacher, auf verschiedene Varianten zuzugreifen, wie zum Beispiel ganze \u00c4pfel, \u00c4pfel in Scheiben geschnitten, \u00c4pfel mit Zuckerzusatz ges\u00fc\u00dft oder \u00c4pfel mit Apfelsaft ges\u00fc\u00dft.<\/li>\n<\/ul>\n<hr \/>\n<h2>Sektorale Anwendungen von Cranberries<\/h2>\n<p><strong>Cranberries im Gro\u00dfhandel<\/strong> Die Nachfrage beschr\u00e4nkt sich nicht allein auf Nussl\u00e4den. Hier sind die Sektoren, in denen dieses Produkt am h\u00e4ufigsten konsumiert wird, und seine Verwendungszwecke:<\/p>\n<h3>1. Konditorei und Backwaren<\/h3>\n<p>Cranberries sind eine moderne und hochwertige Alternative zu Rosinen bei der Herstellung von Kuchen, Keksen, Brot und Muffins. Dank ihrer Hitzebest\u00e4ndigkeit behalten sie beim Backen ihre Form und ihren Geschmack.<\/p>\n<h3>2. Verpackung von N\u00fcssen und Snacks<\/h3>\n<p>Rohe Mandeln, Cashewn\u00fcsse, Haseln\u00fcsse und Waln\u00fcsse sind unverzichtbare Zutaten in \u201cLuxury Cocktail\u201d-Mischungen. Sie verleihen Nussmischungen Farbe und S\u00e4ure und sorgen f\u00fcr ein ausgewogenes Geschmackserlebnis.<\/p>\n<h3>3. Schokoladen- und S\u00fc\u00dfwarenindustrie<\/h3>\n<p>Sie wird zur Herstellung von Dragees oder als F\u00fcllung in Schokoladenriegeln verwendet. Ihr s\u00fc\u00df-saurer Geschmack macht Cranberries f\u00fcr Schokoladenhersteller attraktiv.<\/p>\n<h3>4. HoReCa (Hotel, Restaurant, Caf\u00e9)<\/h3>\n<p>Es ist eine beliebte Zutat unter K\u00f6chen f\u00fcr Fr\u00fchst\u00fccksbuffets, M\u00fcsliriegel, Salatbuffets und die Zubereitung von Spezialsaucen.<\/p>\n<hr \/>\n<h2>Wie erkennt man hochwertige Cranberries?<\/h2>\n<p>Hier sind die Qualit\u00e4tskriterien, die Sie beim Einkauf im Gro\u00dfhandel ber\u00fccksichtigen sollten:<\/p>\n<blockquote><p><strong>Luftfeuchtigkeit:<\/strong> Cranberries sollten aufgrund ihres idealen Feuchtigkeitsgehalts weder zu hart noch zu matschig sein. Sie sollten eine feste, weiche Konsistenz mit einem gewissen Biss haben.<\/p><\/blockquote>\n<blockquote><p><strong>Farbe und Gr\u00f6\u00dfe:<\/strong> Es sollte eine kr\u00e4ftige rot-burgunderfarbene Farbe haben und nicht angelaufen sein. Je nach Verwendungszweck sollten Sie entweder die Variante \u201cganz\u201d oder \u201cgeschnitten\u201d w\u00e4hlen.<\/p><\/blockquote>\n<blockquote><p><strong>Herkunft:<\/strong> Produkte aus den USA, Kanada oder Chile dominieren im Allgemeinen den Markt. Herkunft und Erntejahr des Produkts sind die Hauptfaktoren, die seine Frische bestimmen.<\/p><\/blockquote>\n<hr \/>\n<h2>Ein gesundes Marketinginstrument f\u00fcr Ihr Unternehmen<\/h2>\n<p>Die Verwendung von Cranberries in Ihren Produkten verst\u00e4rkt die Wahrnehmung von \u201cgesunden Produkten\u201d. Sie k\u00f6nnen Ihren Kunden folgende Vorteile hervorheben:<\/p>\n<ul>\n<li>Ein starker <strong>Antioxidans<\/strong> Es ist die Quelle.<\/li>\n<li>Es ist reich an Vitamin C und Ballaststoffen.<\/li>\n<li>Es handelt sich um eine nat\u00fcrliche Energiequelle.<\/li>\n<\/ul>\n<h3>Gro\u00dfhandelsbestellung und Preisgestaltung<\/h3>\n<p><strong>Gro\u00dfhandelspreise f\u00fcr Cranberries<\/strong>; Die Preise variieren je nach Wechselkurs, Herkunft, Gr\u00f6\u00dfe und Bestellmenge (Packungen\/Paletten). Um das f\u00fcr Ihre Bed\u00fcrfnisse am besten geeignete Produkt (geschnitten oder ganz) zu ermitteln und ein aktuelles Preisangebot zu erhalten, empfehlen wir Ihnen, uns zu kontaktieren.<\/p>","protected":false},"excerpt":{"rendered":"<p>Cranberries enthalten die Vitamine A und C, wertvolle Zucker, organische S\u00e4uren, Tannine und Pektin. Sie werden im Juli geerntet und in der Sonne getrocknet.<\/p>\n<p>Getrocknete Cranberries, die von den erfahrenen Experten von \u015e\u00fck\u00fcr Kuruyemi\u015f gepr\u00fcft wurden, werden in unseren Anlagen verpackt und in der gesamten T\u00fcrkei vertrieben.<\/p>","protected":false},"featured_media":10619,"comment_status":"closed","ping_status":"closed","template":"","meta":[],"product_brand":[],"product_cat":[15,92],"product_tag":[99,174,98,97,95,100,173],"class_list":{"0":"post-10378","1":"product","2":"type-product","3":"status-publish","4":"has-post-thumbnail","6":"product_cat-kuruyemisler","7":"product_cat-ithalat-urunleri","8":"product_tag-buruk-meyve","9":"product_tag-cranberry-2","10":"product_tag-eksi-meyve","11":"product_tag-kirmizi-meyve","12":"product_tag-kizilcik","13":"product_tag-orman-meyvesi","14":"product_tag-turna-yemisi","16":"first","17":"instock","18":"shipping-taxable","19":"product-type-simple"},"_links":{"self":[{"href":"https:\/\/destandisticaret.com\/de\/wp-json\/wp\/v2\/product\/10378","targetHints":{"allow":["GET"]}}],"collection":[{"href":"https:\/\/destandisticaret.com\/de\/wp-json\/wp\/v2\/product"}],"about":[{"href":"https:\/\/destandisticaret.com\/de\/wp-json\/wp\/v2\/types\/product"}],"replies":[{"embeddable":true,"href":"https:\/\/destandisticaret.com\/de\/wp-json\/wp\/v2\/comments?post=10378"}],"wp:featuredmedia":[{"embeddable":true,"href":"https:\/\/destandisticaret.com\/de\/wp-json\/wp\/v2\/media\/10619"}],"wp:attachment":[{"href":"https:\/\/destandisticaret.com\/de\/wp-json\/wp\/v2\/media?parent=10378"}],"wp:term":[{"taxonomy":"product_brand","embeddable":true,"href":"https:\/\/destandisticaret.com\/de\/wp-json\/wp\/v2\/product_brand?post=10378"},{"taxonomy":"product_cat","embeddable":true,"href":"https:\/\/destandisticaret.com\/de\/wp-json\/wp\/v2\/product_cat?post=10378"},{"taxonomy":"product_tag","embeddable":true,"href":"https:\/\/destandisticaret.com\/de\/wp-json\/wp\/v2\/product_tag?post=10378"}],"curies":[{"name":"wp","href":"https:\/\/api.w.org\/{rel}","templated":true}]}}