{"id":10372,"date":"2025-04-16T07:42:51","date_gmt":"2025-04-16T07:42:51","guid":{"rendered":"https:\/\/destandisticaret.com\/?post_type=product&#038;p=10372"},"modified":"2025-11-20T05:34:35","modified_gmt":"2025-11-20T05:34:35","slug":"getrocknete-feigen","status":"publish","type":"product","link":"https:\/\/destandisticaret.com\/de\/produkt\/getrocknete-feigen\/","title":{"rendered":"Getrocknete Feigen"},"content":{"rendered":"<p>Feigen sind dank ihres hohen Gehalts an Kalium, Proteinen, Vitaminen und Mineralstoffen ein Lebensmittel, das die Zellerneuerung unterst\u00fctzt. Ihr Vorteil gegen\u00fcber anderen Fr\u00fcchten besteht darin, dass ihr Kalzium- und Magnesiumgehalt dem von Muttermilch \u00e4hnelt.<\/p>\n<p>Mit viel M\u00fche und unerm\u00fcdlicher Hoffnung geerntet, wurde es mit Liebe gepfl\u00fcgt. Geduldig in der \u00e4g\u00e4ischen Sonne getrocknet, hat es Herzen erweicht. Nun ist es bereit, Ihren Gaumen mit seinem hohen N\u00e4hrwert und seinem einzigartigen Geschmack zu verw\u00f6hnen.<\/p>\n<p>Es wird Ihnen in der von Ihnen gew\u00fcnschten Qualit\u00e4t, Kalibrierung und Verpackung angeboten, von 200 g bis 5 kg.<\/p>","protected":false},"excerpt":{"rendered":"<p>Feigen sind dank ihres hohen Gehalts an Kalium, Proteinen, Vitaminen und Mineralstoffen ein Lebensmittel, das die Zellerneuerung unterst\u00fctzt. Ihr Vorteil gegen\u00fcber anderen Fr\u00fcchten besteht darin, dass ihr Kalzium- und Magnesiumgehalt dem von Muttermilch \u00e4hnelt.<\/p>\n<p>Mit viel M\u00fche und unerm\u00fcdlicher Hoffnung geerntet, wurde es mit Liebe gepfl\u00fcgt. Geduldig in der \u00e4g\u00e4ischen Sonne getrocknet, hat es Herzen erweicht. Nun ist es bereit, Ihren Gaumen mit seinem hohen N\u00e4hrwert und seinem einzigartigen Geschmack zu verw\u00f6hnen.<\/p>","protected":false},"featured_media":10412,"comment_status":"closed","ping_status":"closed","template":"","meta":[],"product_brand":[],"product_cat":[91],"product_tag":[113,114,110,107,109,111,112],"class_list":{"0":"post-10372","1":"product","2":"type-product","3":"status-publish","4":"has-post-thumbnail","6":"product_cat-kurutulmus-meyveler","7":"product_tag-dogal-kurutulmus-incir","8":"product_tag-incir-kurusu","9":"product_tag-kuru-incir","10":"product_tag-kuru-meyve","11":"product_tag-kurutulmus-incir","12":"product_tag-tatli-incir","13":"product_tag-yumusak-incir","15":"first","16":"instock","17":"shipping-taxable","18":"product-type-simple"},"_links":{"self":[{"href":"https:\/\/destandisticaret.com\/de\/wp-json\/wp\/v2\/product\/10372","targetHints":{"allow":["GET"]}}],"collection":[{"href":"https:\/\/destandisticaret.com\/de\/wp-json\/wp\/v2\/product"}],"about":[{"href":"https:\/\/destandisticaret.com\/de\/wp-json\/wp\/v2\/types\/product"}],"replies":[{"embeddable":true,"href":"https:\/\/destandisticaret.com\/de\/wp-json\/wp\/v2\/comments?post=10372"}],"wp:featuredmedia":[{"embeddable":true,"href":"https:\/\/destandisticaret.com\/de\/wp-json\/wp\/v2\/media\/10412"}],"wp:attachment":[{"href":"https:\/\/destandisticaret.com\/de\/wp-json\/wp\/v2\/media?parent=10372"}],"wp:term":[{"taxonomy":"product_brand","embeddable":true,"href":"https:\/\/destandisticaret.com\/de\/wp-json\/wp\/v2\/product_brand?post=10372"},{"taxonomy":"product_cat","embeddable":true,"href":"https:\/\/destandisticaret.com\/de\/wp-json\/wp\/v2\/product_cat?post=10372"},{"taxonomy":"product_tag","embeddable":true,"href":"https:\/\/destandisticaret.com\/de\/wp-json\/wp\/v2\/product_tag?post=10372"}],"curies":[{"name":"wp","href":"https:\/\/api.w.org\/{rel}","templated":true}]}}