{"id":10370,"date":"2025-04-16T07:41:17","date_gmt":"2025-04-16T07:41:17","guid":{"rendered":"https:\/\/destandisticaret.com\/?post_type=product&#038;p=10370"},"modified":"2025-11-20T05:34:46","modified_gmt":"2025-11-20T05:34:46","slug":"getrocknete-aprikosen","status":"publish","type":"product","link":"https:\/\/destandisticaret.com\/de\/produkt\/getrocknete-aprikosen\/","title":{"rendered":"Getrocknete Aprikosen"},"content":{"rendered":"<p>Getrocknete Aprikosen sind ein s\u00fc\u00dfes und nahrhaftes Trockenobst, das durch Entsaften frischer Aprikosen gewonnen wird. Sie werden \u00fcblicherweise an der Sonne oder im Backofen getrocknet. Ihre Farbe kann je nach Trocknungsmethode und Aprikosensorte variieren (von hellorange bis dunkelbraun).<\/p>\n<p><strong>N\u00e4hrwerte von getrockneten Aprikosen (pro ca. 30 Gramm):<\/strong><\/p>\n<ul>\n<li><strong>Kalorie:<\/strong> 70-80 kcal<\/li>\n<li><strong>Kohlenhydrat:<\/strong> 18-20 Gramm (gr\u00f6\u00dftenteils nat\u00fcrlicher Zucker)<\/li>\n<li><strong>Faser:<\/strong> 2-3 Gramm<\/li>\n<li><strong>Protein:<\/strong> 1 Gramm<\/li>\n<li><strong>\u00d6l:<\/strong> 0,3 Gramm<\/li>\n<li><strong>Vitamin A (Beta-Carotin):<\/strong> Hohe Menge<\/li>\n<li><strong>Kalium:<\/strong> Hohe Menge<\/li>\n<li><strong>Eisen:<\/strong> M\u00e4\u00dfige Menge<\/li>\n<li><strong>Vitamin E:<\/strong> Ein bisschen<\/li>\n<\/ul>\n<p><strong>Vorteile von getrockneten Aprikosen:<\/strong><\/p>\n<ul>\n<li><strong>Gesundheit des Verdauungssystems:<\/strong> Dank seines hohen Ballaststoffgehalts beugt es Verstopfung vor und reguliert den Stuhlgang.<\/li>\n<li><strong>Augengesundheit:<\/strong> Der Gehalt an Beta-Carotin (einer Vorstufe von Vitamin A) sch\u00fctzt die Augengesundheit und hilft, Nachtblindheit vorzubeugen.<\/li>\n<li><strong>Herzgesundheit:<\/strong> Der Kaliumgehalt tr\u00e4gt zur Regulierung des Blutdrucks bei. Der Ballaststoffgehalt kann den Cholesterinspiegel senken.<\/li>\n<li><strong>Knochengesundheit:<\/strong> Einige der darin enthaltenen Mineralien tragen zur Knochengesundheit bei.<\/li>\n<li><strong>Quelle von Antioxidantien:<\/strong> Die darin enthaltenen Antioxidantien sch\u00fctzen die Zellen vor den sch\u00e4dlichen Auswirkungen freier Radikale.<\/li>\n<li><strong>Gibt Energie:<\/strong> Sein nat\u00fcrlicher Zuckergehalt ist eine schnelle Energiequelle.<\/li>\n<li><strong>Kann bei Eisenmangel hilfreich sein:<\/strong> Der Eisengehalt kann einer An\u00e4mie entgegenwirken.<\/li>\n<\/ul>\n<p><strong>Wie verzehrt man getrocknete Aprikosen?<\/strong><\/p>\n<ul>\n<li><strong>Direkt als Snack.<\/strong><\/li>\n<li><strong>Es kann Fr\u00fchst\u00fccksspeisen (Haferflocken, Joghurt usw.) hinzugef\u00fcgt werden.<\/strong><\/li>\n<li><strong>Es kann Salaten beigemischt werden.<\/strong><\/li>\n<li><strong>Es kann in Desserts (Kompott, Kuchen, Keksen usw.) verwendet werden.<\/strong><\/li>\n<li><strong>Es kann als Sauce zu Fleischgerichten verwendet werden.<\/strong><\/li>\n<li><strong>Es kann durch Einweichen in Wasser weicher gemacht und verzehrt werden.<\/strong><\/li>\n<\/ul>\n<p><strong>Zu beachtende Dinge:<\/strong><\/p>\n<ul>\n<li><strong>Zuckergehalt:<\/strong> Da es von Natur aus Zucker enth\u00e4lt, sollten Diabetiker auf die Portionsgr\u00f6\u00dfe achten.<\/li>\n<li><strong>Schwefeldioxid:<\/strong> Schwefeldioxid wird manchen getrockneten Aprikosen zugesetzt, um deren Farbe zu erhalten und die Haltbarkeit zu verl\u00e4ngern. Menschen mit Schwefelempfindlichkeit sollten dunkle, ungeschwefelte Aprikosen, auch bekannt als \u201csonnengetrocknete\u201d Aprikosen, w\u00e4hlen.<\/li>\n<li><strong>Kalorie:<\/strong> Bei der Portionskontrolle ist darauf zu achten, da der Zucker- und Kaloriengehalt mit zunehmendem Trocknungsprozess steigt.<\/li>\n<\/ul>\n<p><strong>Zusammenfassend l\u00e4sst sich sagen, dass getrocknete Aprikosen ein k\u00f6stlicher und nahrhafter Snack sind, reich an Ballaststoffen, Vitaminen und Mineralstoffen. Es ist jedoch wichtig, beim Verzehr auf die Portionsgr\u00f6\u00dfe zu achten.<\/strong><\/p>","protected":false},"excerpt":{"rendered":"<p>Getrocknete Aprikosen sind ein s\u00fc\u00dfes und nahrhaftes Trockenobst, das durch Entsaften frischer Aprikosen gewonnen wird. Sie werden \u00fcblicherweise an der Sonne oder im Backofen getrocknet. Ihre Farbe kann je nach Trocknungsmethode und Aprikosensorte variieren (von hellorange bis dunkelbraun).<\/p>","protected":false},"featured_media":10393,"comment_status":"closed","ping_status":"closed","template":"","meta":[],"product_brand":[],"product_cat":[91],"product_tag":[133,101,108,134,135,130,107,79,131,132],"class_list":{"0":"post-10370","1":"product","2":"type-product","3":"status-publish","4":"has-post-thumbnail","6":"product_cat-kurutulmus-meyveler","7":"product_tag-dogal-kuru-kayisi","8":"product_tag-gun-kurusu-kayisi","9":"product_tag-kayisi-kurusu","10":"product_tag-kukurtlu-kuru-kayisi","11":"product_tag-kukurtsuz-kuru-kayisi","12":"product_tag-kuru-kayisi","13":"product_tag-kuru-meyve","14":"product_tag-saglikli-atistirmalik","15":"product_tag-tatli-kuru-kayisi","16":"product_tag-yumusak-kuru-kayisi","18":"first","19":"instock","20":"shipping-taxable","21":"product-type-simple"},"_links":{"self":[{"href":"https:\/\/destandisticaret.com\/de\/wp-json\/wp\/v2\/product\/10370","targetHints":{"allow":["GET"]}}],"collection":[{"href":"https:\/\/destandisticaret.com\/de\/wp-json\/wp\/v2\/product"}],"about":[{"href":"https:\/\/destandisticaret.com\/de\/wp-json\/wp\/v2\/types\/product"}],"replies":[{"embeddable":true,"href":"https:\/\/destandisticaret.com\/de\/wp-json\/wp\/v2\/comments?post=10370"}],"wp:featuredmedia":[{"embeddable":true,"href":"https:\/\/destandisticaret.com\/de\/wp-json\/wp\/v2\/media\/10393"}],"wp:attachment":[{"href":"https:\/\/destandisticaret.com\/de\/wp-json\/wp\/v2\/media?parent=10370"}],"wp:term":[{"taxonomy":"product_brand","embeddable":true,"href":"https:\/\/destandisticaret.com\/de\/wp-json\/wp\/v2\/product_brand?post=10370"},{"taxonomy":"product_cat","embeddable":true,"href":"https:\/\/destandisticaret.com\/de\/wp-json\/wp\/v2\/product_cat?post=10370"},{"taxonomy":"product_tag","embeddable":true,"href":"https:\/\/destandisticaret.com\/de\/wp-json\/wp\/v2\/product_tag?post=10370"}],"curies":[{"name":"wp","href":"https:\/\/api.w.org\/{rel}","templated":true}]}}