{"id":10078,"date":"2025-04-09T14:23:53","date_gmt":"2025-04-09T14:23:53","guid":{"rendered":"https:\/\/destandisticaret.com\/?post_type=product&#038;p=10078"},"modified":"2025-11-20T05:34:50","modified_gmt":"2025-11-20T05:34:50","slug":"datum","status":"publish","type":"product","link":"https:\/\/destandisticaret.com\/de\/produkt\/datum\/","title":{"rendered":"Daten"},"content":{"rendered":"<p>Bereichern Sie Ihr Gesch\u00e4ft mit unseren Datteln \u2013 ein Geschenk fruchtbaren Bodens, unvergleichlich s\u00fc\u00df und mit unz\u00e4hligen Vorz\u00fcgen! Unser Gro\u00df- und Einzelhandelsangebot an Datteln bietet Ihnen die ideale Gelegenheit, Ihren Kunden eine nat\u00fcrliche, gesunde und k\u00f6stliche Alternative anzubieten.<\/p>\n<p><strong>Warum sollten Sie sich f\u00fcr unsere Termine entscheiden?<\/strong><\/p>\n<ul>\n<li><strong>Hohe Qualit\u00e4t und Vielfalt:<\/strong> Unsere Datteln, sorgf\u00e4ltig aus den besten Anbaugebieten geerntet, zeichnen sich durch ihre Frische und ihren Geschmack aus. Mit unserer vielf\u00e4ltigen Sortenauswahl, darunter Medjoul, Deglet Nour, Sukkari und Kudri, bieten wir f\u00fcr jeden Geschmack etwas. Individuelle Verpackungs- und Mischungsoptionen sind ebenfalls erh\u00e4ltlich.<\/li>\n<li><strong>Nat\u00fcrlich und frei von Zusatzstoffen:<\/strong> Unsere Datteln sind vollkommen naturbelassen und frei von jeglichen Zusatzstoffen, Konservierungsmitteln oder k\u00fcnstlichen S\u00fc\u00dfungsmitteln. Sie sind eine reine und nahrhafte Option, die einen gesunden Lebensstil unterst\u00fctzt.<\/li>\n<li><strong>Gesundheitsquelle:<\/strong> Datteln sind reich an wichtigen Vitaminen und Mineralstoffen wie Ballaststoffen, Kalium, Magnesium und Eisen und liefern Energie, regulieren die Verdauung, unterst\u00fctzen die Herzgesundheit und st\u00e4rken das Immunsystem.<\/li>\n<li><strong>Breites Anwendungsspektrum:<\/strong> Man kann es pur als Snack genie\u00dfen oder als nat\u00fcrliches S\u00fc\u00dfungsmittel in Desserts, Smoothies, M\u00fcsli und verschiedenen Rezepten verwenden. Es ist ein Muss w\u00e4hrend des Ramadan und eine gesunde Alternative das ganze Jahr \u00fcber.<\/li>\n<li><strong>Wettbewerbsf\u00e4hige Preise:<\/strong> Mit den vorteilhaften Preisen, die wir im Gro\u00dfhandel anbieten, helfen wir Ihnen, Ihre Kosten zu senken und Ihre Gewinnspanne zu erh\u00f6hen.<\/li>\n<li><strong>Zuverl\u00e4ssige Lieferkette:<\/strong> Dank unserer hohen Lagerkapazit\u00e4t und unseres leistungsstarken Logistiknetzwerks liefern wir Ihre Bestellungen p\u00fcnktlich und vollst\u00e4ndig. Wir sind stolz darauf, ein verl\u00e4sslicher und best\u00e4ndiger Lieferpartner zu sein.<\/li>\n<li><strong>Kundenzufriedenheitsorientierter Ansatz:<\/strong> Kundenzufriedenheit ist unsere oberste Priorit\u00e4t. Unser erfahrenes und professionelles Team k\u00fcmmert sich um alle Ihre Fragen und W\u00fcnsche und bietet Ihnen den besten Service.<\/li>\n<\/ul>\n<p><strong>F\u00fcr welche Unternehmen sind unsere Termine geeignet?<\/strong><\/p>\n<ul>\n<li><strong>Nussgesch\u00e4fte und Delikatessenl\u00e4den:<\/strong> Sie k\u00f6nnen Ihr Produktsortiment erweitern, indem Sie Ihren Kunden eine Vielfalt an hochwertigen Datteln anbieten.<\/li>\n<li><strong>Lebensmittell\u00e4den und Superm\u00e4rkte:<\/strong> Unsere Datteln werden einen wichtigen Platz in Ihrem Sortiment an gesunden Snacks einnehmen.<\/li>\n<li><strong>Kr\u00e4uterl\u00e4den und Bio-Produktgesch\u00e4fte:<\/strong> Es ist die ideale Option f\u00fcr Ihre Kunden, die nach nat\u00fcrlichen und gesunden Produkten suchen.<\/li>\n<li><strong>Gesch\u00e4fte, die Souvenirs und lokale Produkte verkaufen:<\/strong> Unsere Datteln bieten mit ihrer besonderen Verpackung eine sinnvolle und gesunde Geschenkalternative.<\/li>\n<li><strong>Catering-Unternehmen und Restaurants:<\/strong> Sie k\u00f6nnen es als nat\u00fcrliches S\u00fc\u00dfungsmittel in Ihren Desserts und Leckereien verwenden.<\/li>\n<li><strong>Online-Verkaufsplattformen:<\/strong> Sie k\u00f6nnen Ihren Dattelabsatz steigern, indem Sie ein gro\u00dfes Publikum erreichen.<\/li>\n<\/ul>\n<p><strong>F\u00fcr Gro\u00dfhandelsbestellungen und detaillierte Informationen:<\/strong><\/p>\n<p>Bitte z\u00f6gern Sie nicht, uns f\u00fcr Gro\u00dfhandelsangebote und detaillierte Informationen \u00fcber die spezifischen Bed\u00fcrfnisse Ihres Unternehmens zu kontaktieren. Unser professionelles Verkaufsteam ist bereit, Ihnen die am besten geeigneten L\u00f6sungen anzubieten.<\/p>\n<p><strong>Bringen Sie Nat\u00fcrlichkeit und Geschmack in Ihr Unternehmen!<\/strong><\/p>\n<p>Wir sind \u00fcberzeugt, dass unsere Gesch\u00e4ftspartnerschaft dank unserer hochwertigen Datteln und der von uns gebotenen Vorteile langfristig und erfolgreich sein wird.<\/p>","protected":false},"excerpt":{"rendered":"<p>F\u00fcr Gro\u00dfhandelspreise und detaillierte Informationen zu Ihrem Bedarf an Datteln und anderen Trockenfr\u00fcchten kontaktieren Sie uns bitte. Unser professionelles Vertriebsteam ber\u00e4t Sie gerne zu den besten L\u00f6sungen.<\/p>","protected":false},"featured_media":10644,"comment_status":"closed","ping_status":"closed","template":"","meta":[],"product_brand":[],"product_cat":[15],"product_tag":[78,90,77,79],"class_list":{"0":"post-10078","1":"product","2":"type-product","3":"status-publish","4":"has-post-thumbnail","6":"product_cat-kuruyemisler","7":"product_tag-cerez","8":"product_tag-hurma","9":"product_tag-kuruyemis","10":"product_tag-saglikli-atistirmalik","12":"first","13":"instock","14":"shipping-taxable","15":"product-type-simple"},"_links":{"self":[{"href":"https:\/\/destandisticaret.com\/de\/wp-json\/wp\/v2\/product\/10078","targetHints":{"allow":["GET"]}}],"collection":[{"href":"https:\/\/destandisticaret.com\/de\/wp-json\/wp\/v2\/product"}],"about":[{"href":"https:\/\/destandisticaret.com\/de\/wp-json\/wp\/v2\/types\/product"}],"replies":[{"embeddable":true,"href":"https:\/\/destandisticaret.com\/de\/wp-json\/wp\/v2\/comments?post=10078"}],"wp:featuredmedia":[{"embeddable":true,"href":"https:\/\/destandisticaret.com\/de\/wp-json\/wp\/v2\/media\/10644"}],"wp:attachment":[{"href":"https:\/\/destandisticaret.com\/de\/wp-json\/wp\/v2\/media?parent=10078"}],"wp:term":[{"taxonomy":"product_brand","embeddable":true,"href":"https:\/\/destandisticaret.com\/de\/wp-json\/wp\/v2\/product_brand?post=10078"},{"taxonomy":"product_cat","embeddable":true,"href":"https:\/\/destandisticaret.com\/de\/wp-json\/wp\/v2\/product_cat?post=10078"},{"taxonomy":"product_tag","embeddable":true,"href":"https:\/\/destandisticaret.com\/de\/wp-json\/wp\/v2\/product_tag?post=10078"}],"curies":[{"name":"wp","href":"https:\/\/api.w.org\/{rel}","templated":true}]}}