{"id":10075,"date":"2025-04-09T14:06:25","date_gmt":"2025-04-09T14:06:25","guid":{"rendered":"https:\/\/destandisticaret.com\/?post_type=product&#038;p=10075"},"modified":"2025-11-20T05:34:54","modified_gmt":"2025-11-20T05:34:54","slug":"gemischte-nusse","status":"publish","type":"product","link":"https:\/\/destandisticaret.com\/de\/produkt\/gemischte-nusse\/","title":{"rendered":"Gemischte N\u00fcsse"},"content":{"rendered":"<p>Gemischte N\u00fcsse sind eine k\u00f6stliche und gesunde Snackoption, die durch die Kombination wertvoller N\u00e4hrstoffquellen entsteht, die uns die Natur bietet. Dank der verschiedenen N\u00fcsse, die sie enth\u00e4lt, bietet sie viele Vitamine, Mineralien, Ballaststoffe und gesunde Fette, die unser K\u00f6rper braucht.<\/p>\n<p><strong>Reichhaltiger Inhalt, verschiedene Vorteile:<\/strong><\/p>\n<p>Gemischte N\u00fcsse enthalten in der Regel N\u00fcsse mit unterschiedlichem Geschmack und unterschiedlicher Beschaffenheit, z. B. Mandeln, Waln\u00fcsse, Haseln\u00fcsse, Cashews, Pistazien, Rosinen und getrocknete Aprikosen. Diese Vielfalt erm\u00f6glicht es, die einzigartigen Vorteile jeder Nuss zu vereinen:<\/p>\n<ul>\n<li><strong>Freundlich f\u00fcr die Herzgesundheit:<\/strong> Die in ihnen enthaltenen gesunden Fette (einfach und mehrfach unges\u00e4ttigte Fetts\u00e4uren) k\u00f6nnen zur Regulierung des Cholesterinspiegels beitragen und das Risiko von Herzkrankheiten verringern. Insbesondere die Omega-3-Fetts\u00e4uren in Waln\u00fcssen spielen dabei eine wichtige Rolle.<\/li>\n<li><strong>Energiequelle:<\/strong> Nat\u00fcrlicher Zucker und gesunde Fette sorgen f\u00fcr schnelle und lang anhaltende Energie. Es ist ein idealer Snack, um tags\u00fcber fit zu bleiben.<\/li>\n<li><strong>Gef\u00fchl der S\u00e4ttigung:<\/strong> Dank seines hohen Ballaststoffgehalts hilft er, lange satt zu bleiben, was die Gewichtskontrolle unterst\u00fctzen kann.<\/li>\n<li><strong>Vitamin- und Mineralstoffdepot:<\/strong> Dank verschiedener Vitamine und Mineralstoffe wie Vitamin E, Magnesium, Kalium, Eisen und Zink st\u00e4rken sie das Immunsystem, unterst\u00fctzen die Knochengesundheit und tragen zum regelm\u00e4\u00dfigen Funktionieren anderer K\u00f6rperfunktionen bei.<\/li>\n<li><strong>Quelle von Antioxidantien:<\/strong> N\u00fcsse sind reich an Antioxidantien, die den K\u00f6rper vor den sch\u00e4dlichen Auswirkungen der freien Radikale sch\u00fctzen. Auf diese Weise k\u00f6nnen sie dazu beitragen, die Zeichen des Alterns zu verlangsamen und das Risiko chronischer Krankheiten zu verringern.<\/li>\n<li><strong>Unterst\u00fctzt die Gehirnfunktionen:<\/strong> N\u00fcsse, insbesondere Waln\u00fcsse und Mandeln, enthalten N\u00e4hrstoffe, die f\u00fcr die Gesundheit des Gehirns wichtig sind und zur Verbesserung von Ged\u00e4chtnis, Konzentration und Lernf\u00e4higkeit beitragen k\u00f6nnen.<\/li>\n<\/ul>\n<p><strong>Wann und wie konsumieren?<\/strong><\/p>\n<p>Gemischte N\u00fcsse k\u00f6nnen als gesunder Snack zu jeder Tageszeit bevorzugt werden:<\/p>\n<ul>\n<li><strong>Imbisse<\/strong> Ideal, um das Hungergef\u00fchl zu unterdr\u00fccken und das Energieniveau aufrechtzuerhalten.<\/li>\n<li><strong>Vor und nach dem Training:<\/strong> Es kann als Energielieferant und zur Wiederherstellung der Muskeln konsumiert werden.<\/li>\n<li><strong>Mit Fr\u00fchst\u00fcck:<\/strong> Er kann Ihre Fr\u00fchst\u00fccksgerichte wie Joghurt, M\u00fcsli oder Haferflocken bereichern.<\/li>\n<li><strong>In Salaten und Gerichten:<\/strong> Er kann verwendet werden, um Salate knackig zu machen oder um den Geschmack einiger Gerichte zu verbessern.<\/li>\n<\/ul>\n<p><strong>Zu beachtende Dinge:<\/strong><\/p>\n<p>Obwohl gesund, sind N\u00fcsse kalorienreiche Lebensmittel. Daher ist es wichtig, auf eine angemessene Portionierung zu achten. In der Regel reicht eine Handvoll (etwa 30-40 Gramm) aus. Zu beachten ist auch, dass sie bei manchen Menschen allergische Reaktionen hervorrufen k\u00f6nnen. F\u00fcr die Gesundheit ist es vorteilhafter, nat\u00fcrliche und unverarbeitete Produkte zu bevorzugen als salzige oder zuckerhaltige Mischungen.<\/p>\n<p><strong>Daher sind gemischte N\u00fcsse ein wertvolles Lebensmittel, das nicht nur lecker ist, sondern auch viele Vorteile f\u00fcr unsere Gesundheit bietet. Wenn Sie sie auf ausgewogene Weise in Ihre t\u00e4gliche Ern\u00e4hrung einbeziehen, k\u00f6nnen Sie viele N\u00e4hrstoffe erhalten, die Ihr K\u00f6rper auf nat\u00fcrliche Weise braucht.<\/strong><\/p>","protected":false},"excerpt":{"rendered":"<p>Bitte z\u00f6gern Sie nicht, uns f\u00fcr Gro\u00dfhandelsangebote und detaillierte Informationen \u00fcber den Bedarf Ihres Unternehmens an gemischten N\u00fcssen und anderen N\u00fcssen zu kontaktieren. Unser professionelles Verkaufsteam ist bereit, Ihnen die am besten geeigneten L\u00f6sungen anzubieten.<\/p>","protected":false},"featured_media":10076,"comment_status":"closed","ping_status":"closed","template":"","meta":[],"product_brand":[],"product_cat":[15],"product_tag":[78,89,77,79],"class_list":{"0":"post-10075","1":"product","2":"type-product","3":"status-publish","4":"has-post-thumbnail","6":"product_cat-kuruyemisler","7":"product_tag-cerez","8":"product_tag-karisik-kuruyemis","9":"product_tag-kuruyemis","10":"product_tag-saglikli-atistirmalik","12":"first","13":"instock","14":"shipping-taxable","15":"product-type-simple"},"_links":{"self":[{"href":"https:\/\/destandisticaret.com\/de\/wp-json\/wp\/v2\/product\/10075","targetHints":{"allow":["GET"]}}],"collection":[{"href":"https:\/\/destandisticaret.com\/de\/wp-json\/wp\/v2\/product"}],"about":[{"href":"https:\/\/destandisticaret.com\/de\/wp-json\/wp\/v2\/types\/product"}],"replies":[{"embeddable":true,"href":"https:\/\/destandisticaret.com\/de\/wp-json\/wp\/v2\/comments?post=10075"}],"wp:featuredmedia":[{"embeddable":true,"href":"https:\/\/destandisticaret.com\/de\/wp-json\/wp\/v2\/media\/10076"}],"wp:attachment":[{"href":"https:\/\/destandisticaret.com\/de\/wp-json\/wp\/v2\/media?parent=10075"}],"wp:term":[{"taxonomy":"product_brand","embeddable":true,"href":"https:\/\/destandisticaret.com\/de\/wp-json\/wp\/v2\/product_brand?post=10075"},{"taxonomy":"product_cat","embeddable":true,"href":"https:\/\/destandisticaret.com\/de\/wp-json\/wp\/v2\/product_cat?post=10075"},{"taxonomy":"product_tag","embeddable":true,"href":"https:\/\/destandisticaret.com\/de\/wp-json\/wp\/v2\/product_tag?post=10075"}],"curies":[{"name":"wp","href":"https:\/\/api.w.org\/{rel}","templated":true}]}}