{"id":10069,"date":"2025-04-09T13:33:17","date_gmt":"2025-04-09T13:33:17","guid":{"rendered":"https:\/\/destandisticaret.com\/?post_type=product&#038;p=10069"},"modified":"2025-11-20T05:35:04","modified_gmt":"2025-11-20T05:35:04","slug":"gerostete-kichererbsen","status":"publish","type":"product","link":"https:\/\/destandisticaret.com\/de\/produkt\/gerostete-kichererbsen\/","title":{"rendered":"Kichererbsen"},"content":{"rendered":"<p>Unser Gro\u00dfhandelsangebot an ger\u00f6steten Kichererbsen ist darauf ausgelegt, die Bed\u00fcrfnisse einer breiten Palette von Unternehmen zu erf\u00fcllen, vom Einzelh\u00e4ndler bis zum Firmenkunden.<\/p>\n<p><strong>Warum sollten Sie sich f\u00fcr unsere Kichererbsen entscheiden?<\/strong><\/p>\n<ul>\n<li><strong>\u00dcberlegenheit:<\/strong> Hergestellt aus frischesten, sorgf\u00e4ltig ausgew\u00e4hlten Kichererbsen, bieten unsere ger\u00f6steten Kichererbsen einen einzigartigen Geschmack und Biss. Durch die Verarbeitung nach traditionellen Methoden bleiben ihr nat\u00fcrlicher Geschmack und N\u00e4hrwert erhalten.<\/li>\n<li><strong>Breite Produktpalette:<\/strong> Wir bieten eine gro\u00dfe Auswahl an ger\u00f6steten Kichererbsen in verschiedenen Geschmacksrichtungen an, darunter Natur, salzig, s\u00fc\u00df, scharf und mehr. So finden Ihre Kunden garantiert das Richtige. Wir bieten au\u00dferdem individuelle Produktions- und Verpackungsoptionen an.<\/li>\n<li><strong>Wettbewerbsf\u00e4hige Preise:<\/strong> Mit den vorteilhaften Preisen, die wir im Gro\u00dfhandel anbieten, helfen wir Ihnen, Ihre Kosten zu senken und Ihre Gewinnspanne zu erh\u00f6hen.<\/li>\n<li><strong>Zuverl\u00e4ssige Versorgung:<\/strong> Dank unserer hohen Produktionskapazit\u00e4t und unseres leistungsstarken Logistiknetzwerks liefern wir Ihre Bestellungen p\u00fcnktlich und vollst\u00e4ndig. Wir unterst\u00fctzen Ihre Gesch\u00e4ftskontinuit\u00e4t durch eine unterbrechungsfreie und zuverl\u00e4ssige Lieferkette.<\/li>\n<li><strong>Lange Haltbarkeitsdauer:<\/strong> Dank unserer speziellen Verpackung behalten unsere ger\u00f6steten Kichererbsen lange ihre Frische, was Ihre Lagerhaltung erleichtert und Ihre Abfallquote reduziert.<\/li>\n<li><strong>Kundenzufriedenheitsorientierter Ansatz:<\/strong> Kundenzufriedenheit steht bei uns an erster Stelle. Unser professionelles und erfahrenes Team bietet Ihnen schnelle und effektive L\u00f6sungen f\u00fcr all Ihre Fragen und Anliegen.<\/li>\n<\/ul>\n<p><strong>F\u00fcr welche Unternehmen sind unsere Kichererbsen ideal?<\/strong><\/p>\n<ul>\n<li><strong>Nussgesch\u00e4fte und Delikatessenl\u00e4den:<\/strong> Sie k\u00f6nnen Ihren Umsatz steigern, indem Sie Ihren Kunden eine Vielzahl hochwertiger ger\u00f6steter Kichererbsen anbieten.<\/li>\n<li><strong>Lebensmittell\u00e4den und Superm\u00e4rkte:<\/strong> Unsere ger\u00f6steten Kichererbsen, die Sie in Ihrem Sortiment f\u00fchren werden, stellen eine attraktive Option f\u00fcr Verbraucher dar, die nach gesunden Snacks suchen.<\/li>\n<li><strong>Hotels, Restaurants und Catering-Unternehmen:<\/strong> Es ist eine k\u00f6stliche und s\u00e4ttigende Alternative, die Sie Ihren G\u00e4sten und Kunden als besondere Leckerei anbieten k\u00f6nnen.<\/li>\n<li><strong>Schulkantinen und Buffets:<\/strong> Es ist ein gesunder und praktischer Snack f\u00fcr Sch\u00fcler und Berufst\u00e4tige.<\/li>\n<li><strong>Gesch\u00e4fte, die Souvenirs und lokale Produkte verkaufen:<\/strong> Unsere ger\u00f6steten Kichererbsen k\u00f6nnen mit unserer speziellen Verpackung als lokale Delikatesse pr\u00e4sentiert werden.<\/li>\n<li><strong>Lebensmittelhersteller:<\/strong> Es handelt sich um eine hochwertige Zutat, die Sie in Ihren Produkten verwenden k\u00f6nnen (z. B. in Nussmischungen, M\u00fcsliriegeln usw.).<\/li>\n<\/ul>\n<p><strong>F\u00fcr Gro\u00dfhandelsbestellungen und detaillierte Informationen:<\/strong><\/p>\n<p>Z\u00f6gern Sie nicht, uns zu kontaktieren, um Gro\u00dfhandelspreise und detaillierte, auf Ihre Gesch\u00e4ftsanforderungen zugeschnittene Informationen zu erhalten. Unser professionelles Vertriebsteam ber\u00e4t Sie gerne zu den besten L\u00f6sungen.<\/p>\n<p><strong>Lasst uns gemeinsam zum Erfolg gehen!<\/strong><\/p>\n<p>Gerne w\u00fcrden wir mit der Qualit\u00e4t unserer ger\u00f6steten Kichererbsen und den von uns gebotenen Vorteilen zum Wachstum Ihres Unternehmens beitragen.<\/p>","protected":false},"excerpt":{"rendered":"<p>Z\u00f6gern Sie nicht, uns zu kontaktieren, um Gro\u00dfhandelspreise und detaillierte, auf Ihre Gesch\u00e4ftsanforderungen zugeschnittene Informationen zu erhalten. Unser professionelles Vertriebsteam ber\u00e4t Sie gerne zu den besten L\u00f6sungen.<\/p>","protected":false},"featured_media":10618,"comment_status":"closed","ping_status":"closed","template":"","meta":[],"product_brand":[],"product_cat":[15],"product_tag":[78,77,87,79],"class_list":{"0":"post-10069","1":"product","2":"type-product","3":"status-publish","4":"has-post-thumbnail","6":"product_cat-kuruyemisler","7":"product_tag-cerez","8":"product_tag-kuruyemis","9":"product_tag-leblebi","10":"product_tag-saglikli-atistirmalik","12":"first","13":"instock","14":"shipping-taxable","15":"product-type-simple"},"_links":{"self":[{"href":"https:\/\/destandisticaret.com\/de\/wp-json\/wp\/v2\/product\/10069","targetHints":{"allow":["GET"]}}],"collection":[{"href":"https:\/\/destandisticaret.com\/de\/wp-json\/wp\/v2\/product"}],"about":[{"href":"https:\/\/destandisticaret.com\/de\/wp-json\/wp\/v2\/types\/product"}],"replies":[{"embeddable":true,"href":"https:\/\/destandisticaret.com\/de\/wp-json\/wp\/v2\/comments?post=10069"}],"wp:featuredmedia":[{"embeddable":true,"href":"https:\/\/destandisticaret.com\/de\/wp-json\/wp\/v2\/media\/10618"}],"wp:attachment":[{"href":"https:\/\/destandisticaret.com\/de\/wp-json\/wp\/v2\/media?parent=10069"}],"wp:term":[{"taxonomy":"product_brand","embeddable":true,"href":"https:\/\/destandisticaret.com\/de\/wp-json\/wp\/v2\/product_brand?post=10069"},{"taxonomy":"product_cat","embeddable":true,"href":"https:\/\/destandisticaret.com\/de\/wp-json\/wp\/v2\/product_cat?post=10069"},{"taxonomy":"product_tag","embeddable":true,"href":"https:\/\/destandisticaret.com\/de\/wp-json\/wp\/v2\/product_tag?post=10069"}],"curies":[{"name":"wp","href":"https:\/\/api.w.org\/{rel}","templated":true}]}}