{"id":10068,"date":"2025-04-09T13:28:28","date_gmt":"2025-04-09T13:28:28","guid":{"rendered":"https:\/\/destandisticaret.com\/?post_type=product&#038;p=10068"},"modified":"2025-11-20T05:35:08","modified_gmt":"2025-11-20T05:35:08","slug":"kurbiskerne","status":"publish","type":"product","link":"https:\/\/destandisticaret.com\/de\/produkt\/kurbiskerne\/","title":{"rendered":"K\u00fcrbiskerne"},"content":{"rendered":"<p>Verfeinern Sie Ihre kulinarischen Kreationen mit unseren hochwertigen K\u00fcrbiskernen; sie sind bekannt f\u00fcr ihren nussigen Geschmack und den angenehmen Biss. Ideal f\u00fcr die Profik\u00fcche verleihen diese Kerne einer Vielzahl von Gerichten Tiefe und Textur, von Salaten und Backwaren bis hin zu herzhaften Gerichten wie gebratenem Gem\u00fcse und Getreideschalen. K\u00f6che sch\u00e4tzen ihre Vielseitigkeit; ob ger\u00f6stet, \u00fcber Gerichte gestreut oder in Saucen und Pestos gemischt,<strong> K\u00fcrbiskerne<\/strong> Es bereichert Rezepte mit einem einzigartigen Geschmack, der sowohl s\u00fc\u00dfe als auch salzige Aromen erg\u00e4nzt.<\/p>\n<p>F\u00fcr Gro\u00dfabnehmer bieten unsere K\u00fcrbiskerne gleichbleibende Qualit\u00e4t und lange Haltbarkeit \u2013 ideal f\u00fcr Gro\u00dfproduktionen. Ihre standardisierte Gr\u00f6\u00dfe und Frische machen sie f\u00fcr den Einsatz in Gro\u00dfk\u00fcchen und Lebensmittelproduktionsprozessen geeignet. Ob Sie Spezialbrote backen, gesundheitsbewusste Snacks kreieren oder sie in M\u00fcsli und Granola verarbeiten \u2013 unsere K\u00fcrbiskerne bieten die Zuverl\u00e4ssigkeit und Qualit\u00e4t, die den Anforderungen der Gro\u00dfproduktion gerecht wird.<\/p>","protected":false},"excerpt":{"rendered":"<p>F\u00fcr Gro\u00dfabnehmer bieten unsere K\u00fcrbiskerne gleichbleibende Qualit\u00e4t und lange Haltbarkeit \u2013 ideal f\u00fcr Gro\u00dfproduktionen. Ihre standardisierte Gr\u00f6\u00dfe und Frische machen sie f\u00fcr den Einsatz in Gro\u00dfk\u00fcchen und Lebensmittelproduktionsprozessen geeignet. Ob Sie Spezialbrote backen, gesundheitsbewusste Snacks kreieren oder sie in M\u00fcsli und Granola verarbeiten \u2013 unsere K\u00fcrbiskerne bieten die Zuverl\u00e4ssigkeit und Qualit\u00e4t, die den Anforderungen der Gro\u00dfproduktion gerecht wird.<\/p>","protected":false},"featured_media":10613,"comment_status":"closed","ping_status":"closed","template":"","meta":[],"product_brand":[],"product_cat":[15],"product_tag":[78,86,77,79],"class_list":{"0":"post-10068","1":"product","2":"type-product","3":"status-publish","4":"has-post-thumbnail","6":"product_cat-kuruyemisler","7":"product_tag-cerez","8":"product_tag-kabak-cekirdegi","9":"product_tag-kuruyemis","10":"product_tag-saglikli-atistirmalik","12":"first","13":"instock","14":"shipping-taxable","15":"product-type-simple"},"_links":{"self":[{"href":"https:\/\/destandisticaret.com\/de\/wp-json\/wp\/v2\/product\/10068","targetHints":{"allow":["GET"]}}],"collection":[{"href":"https:\/\/destandisticaret.com\/de\/wp-json\/wp\/v2\/product"}],"about":[{"href":"https:\/\/destandisticaret.com\/de\/wp-json\/wp\/v2\/types\/product"}],"replies":[{"embeddable":true,"href":"https:\/\/destandisticaret.com\/de\/wp-json\/wp\/v2\/comments?post=10068"}],"wp:featuredmedia":[{"embeddable":true,"href":"https:\/\/destandisticaret.com\/de\/wp-json\/wp\/v2\/media\/10613"}],"wp:attachment":[{"href":"https:\/\/destandisticaret.com\/de\/wp-json\/wp\/v2\/media?parent=10068"}],"wp:term":[{"taxonomy":"product_brand","embeddable":true,"href":"https:\/\/destandisticaret.com\/de\/wp-json\/wp\/v2\/product_brand?post=10068"},{"taxonomy":"product_cat","embeddable":true,"href":"https:\/\/destandisticaret.com\/de\/wp-json\/wp\/v2\/product_cat?post=10068"},{"taxonomy":"product_tag","embeddable":true,"href":"https:\/\/destandisticaret.com\/de\/wp-json\/wp\/v2\/product_tag?post=10068"}],"curies":[{"name":"wp","href":"https:\/\/api.w.org\/{rel}","templated":true}]}}