{"id":10063,"date":"2025-04-09T10:56:43","date_gmt":"2025-04-09T10:56:43","guid":{"rendered":"https:\/\/destandisticaret.com\/?post_type=product&#038;p=10063"},"modified":"2025-11-20T05:35:11","modified_gmt":"2025-11-20T05:35:11","slug":"nussbaum","status":"publish","type":"product","link":"https:\/\/destandisticaret.com\/de\/produkt\/nussbaum\/","title":{"rendered":"Walnuss"},"content":{"rendered":"<p>Verfeinern Sie Ihre kulinarischen Kreationen mit unseren hochwertigen Waln\u00fcssen. Sie sind bekannt f\u00fcr ihr reichhaltiges, buttriges Aroma und ihren knackigen Biss. Ideal f\u00fcr Profik\u00fcchen, verleihen sie einer Vielzahl von Gerichten Tiefe und Textur \u2013 von Salaten und Backwaren bis hin zu herzhaften Hauptgerichten wie Krustentieren oder gebratenem Gem\u00fcse. K\u00f6che sch\u00e4tzen ihre Vielseitigkeit: ob gehackt, ger\u00f6stet oder zu Walnussmehl vermahlen., <strong>Nussbaum<\/strong> Ihre Rezepte sind aufgrund ihrer Raffinesse und ihres N\u00e4hrwertes sehr beliebt.<\/p>\n<p>F\u00fcr Gro\u00dfh\u00e4ndler bieten \u015e\u00fck\u00fcr Kuruyemi\u015f Waln\u00fcsse gleichbleibende Qualit\u00e4t und lange Haltbarkeit und eignen sich daher ideal f\u00fcr den Einsatz in Gro\u00dfk\u00fcchen und Lebensmittelproduktionen. Dank ihrer standardisierten Gr\u00f6\u00dfe und Frische sind sie leicht in der Gro\u00dfk\u00fcche und in der Lebensmittelherstellung zu verwenden. Ob Sie Spezialbrote backen, Gourmet-Pralinen herstellen oder sie in Snackmischungen und M\u00fcsli einarbeiten \u2013 \u015e\u00fck\u00fcr Kuruyemi\u015f Waln\u00fcsse bieten die Zuverl\u00e4ssigkeit und Exzellenz, die den Anforderungen der Gro\u00dfproduktion gerecht werden.<\/p>","protected":false},"excerpt":{"rendered":"<p>F\u00fcr Gro\u00dfh\u00e4ndler bieten \u015e\u00fck\u00fcr Kuruyemi\u015f Waln\u00fcsse gleichbleibende Qualit\u00e4t und lange Haltbarkeit und eignen sich daher ideal f\u00fcr den Einsatz in Gro\u00dfk\u00fcchen und Lebensmittelproduktionen. Dank ihrer standardisierten Gr\u00f6\u00dfe und Frische sind sie leicht in der Gro\u00dfk\u00fcche und in der Lebensmittelherstellung zu verwenden. Ob Sie Spezialbrote backen, Gourmet-Pralinen herstellen oder sie in Snackmischungen und M\u00fcsli einarbeiten \u2013 \u015e\u00fck\u00fcr Kuruyemi\u015f Waln\u00fcsse bieten die Zuverl\u00e4ssigkeit und Exzellenz, die den Anforderungen der Gro\u00dfproduktion gerecht werden.<\/p>","protected":false},"featured_media":10610,"comment_status":"closed","ping_status":"closed","template":"","meta":[],"product_brand":[],"product_cat":[92,15],"product_tag":[78,85,77,79],"class_list":{"0":"post-10063","1":"product","2":"type-product","3":"status-publish","4":"has-post-thumbnail","6":"product_cat-ithalat-urunleri","7":"product_cat-kuruyemisler","8":"product_tag-cerez","9":"product_tag-ceviz","10":"product_tag-kuruyemis","11":"product_tag-saglikli-atistirmalik","13":"first","14":"instock","15":"shipping-taxable","16":"product-type-simple"},"_links":{"self":[{"href":"https:\/\/destandisticaret.com\/de\/wp-json\/wp\/v2\/product\/10063","targetHints":{"allow":["GET"]}}],"collection":[{"href":"https:\/\/destandisticaret.com\/de\/wp-json\/wp\/v2\/product"}],"about":[{"href":"https:\/\/destandisticaret.com\/de\/wp-json\/wp\/v2\/types\/product"}],"replies":[{"embeddable":true,"href":"https:\/\/destandisticaret.com\/de\/wp-json\/wp\/v2\/comments?post=10063"}],"wp:featuredmedia":[{"embeddable":true,"href":"https:\/\/destandisticaret.com\/de\/wp-json\/wp\/v2\/media\/10610"}],"wp:attachment":[{"href":"https:\/\/destandisticaret.com\/de\/wp-json\/wp\/v2\/media?parent=10063"}],"wp:term":[{"taxonomy":"product_brand","embeddable":true,"href":"https:\/\/destandisticaret.com\/de\/wp-json\/wp\/v2\/product_brand?post=10063"},{"taxonomy":"product_cat","embeddable":true,"href":"https:\/\/destandisticaret.com\/de\/wp-json\/wp\/v2\/product_cat?post=10063"},{"taxonomy":"product_tag","embeddable":true,"href":"https:\/\/destandisticaret.com\/de\/wp-json\/wp\/v2\/product_tag?post=10063"}],"curies":[{"name":"wp","href":"https:\/\/api.w.org\/{rel}","templated":true}]}}